{"id":741,"date":"2026-01-24T07:00:56","date_gmt":"2026-01-24T07:00:56","guid":{"rendered":"https:\/\/www.transtoyou.com\/fi\/product\/viagra\/"},"modified":"2026-03-18T11:49:45","modified_gmt":"2026-03-18T11:49:45","slug":"viagra","status":"publish","type":"product","link":"https:\/\/www.transtoyou.com\/fi\/product\/viagra\/","title":{"rendered":"Viagra"},"content":{"rendered":"<p>Viagra on hoito erektioh\u00e4iri\u00f6\u00f6n, joka auttaa miehi\u00e4 saavuttamaan ja yll\u00e4pit\u00e4m\u00e4\u00e4n seksuaaliseen toimintaan sopivaa erektiota. Sen vaikuttava aine, sildenafiili-sitraatti, toimii lis\u00e4\u00e4m\u00e4ll\u00e4 verenkiertoa penikseen, kun mies on seksuaalisesti kiihottunut. T\u00e4m\u00e4 parantaa kehon luonnollista kyky\u00e4 reagoida l\u00e4heisyyteen, tukea vahvempia ja luotettavampia erektioita.<\/p>\n<p>Viagra kuuluu l\u00e4\u00e4keryhm\u00e4\u00e4n, jota kutsutaan PDE5-est\u00e4jiksi, jotka rentouttavat verisuonia peniksess\u00e4, jolloin enemm\u00e4n verta p\u00e4\u00e4see virtaamaan kiihotuksen aikana. Se ei aiheuta erektiota itsess\u00e4\u00e4n, seksuaalinen kiihottuminen on edelleen tarpeen l\u00e4\u00e4kkeen ollessa tehokas. Kun Viagra on aktiivinen kehossa, se alkaa yleens\u00e4 vaikuttaa 30\u201360 minuutin kuluessa, ja sen vaikutukset voivat kest\u00e4\u00e4 noin nelj\u00e4st\u00e4 viiteen tuntiin.<\/p>\n<p>Tavanomainen aloitusannos on 50 mg, otettuna noin tunti ennen seksuaalista toimintaa, vaikka t\u00e4t\u00e4 voidaan s\u00e4\u00e4t\u00e4\u00e4 yksil\u00f6llisen vasteen ja siedett\u00e4vyyden mukaan. Jotkut miehet saattavat hy\u00f6ty\u00e4 alhaisemmasta annoksesta (25 mg), kun taas toiset saattavat tarvita jopa 100 mg. Se otetaan suun kautta ja voidaan k\u00e4ytt\u00e4\u00e4 ruoan kanssa tai ilman, vaikka runsasrasvaiset ateriat saattavat hieman viiv\u00e4stytt\u00e4\u00e4 vaikutuksen alkamista.<\/p>\n<p>Viagraa siedet\u00e4\u00e4n yleens\u00e4 hyvin. Jotkut k\u00e4ytt\u00e4j\u00e4t saattavat kokea haittavaikutuksia, kuten p\u00e4\u00e4ns\u00e4rky\u00e4, kasvojen punoitusta, nen\u00e4n tukkoisuutta, vatsavaivoja tai tilap\u00e4isi\u00e4 n\u00e4\u00f6n muutoksia (kuten sinert\u00e4v\u00e4\u00e4 s\u00e4vy\u00e4). N\u00e4m\u00e4 vaikutukset ovat yleens\u00e4 lievi\u00e4 ja lyhytaikaisia. Sit\u00e4 ei tule k\u00e4ytt\u00e4\u00e4 yhdess\u00e4 nitrojen tai l\u00e4\u00e4kkeiden kanssa, jotka merkitt\u00e4v\u00e4sti laskevat verenpainetta.<\/p>\n","protected":false},"excerpt":{"rendered":"<ul>\n<li>Supports natural sexual response<\/li>\n<li>Improves erectile function<\/li>\n<li>Globally trusted in managing ED<\/li>\n<\/ul>\n","protected":false},"featured_media":743,"comment_status":"open","ping_status":"closed","template":"","meta":[],"product_brand":[],"product_cat":[96],"product_tag":[],"expert":[16],"class_list":{"0":"post-741","1":"product","2":"type-product","3":"status-publish","4":"has-post-thumbnail","6":"product_cat-erektiohairioiden-hoidot","7":"expert-dr-c-alexandru","9":"first","10":"instock","11":"shipping-taxable","12":"purchasable","13":"product-type-variable"},"yoast_head":"<!-- This site is optimized with the Yoast SEO plugin v27.0 - https:\/\/yoast.com\/product\/yoast-seo-wordpress\/ -->\n<title>Viagra | Paranna suorituskyky\u00e4 ja itseluottamusta - Transtoyou<\/title>\n<meta name=\"description\" content=\"L\u00f6yd\u00e4 Viagra Transtoyou: paranna erektiotoimintaa turvallisesti. Kliniikassa todistettu sildenafilipitoisuus. Tilaa nyt!\" \/>\n<meta name=\"robots\" content=\"noindex, follow, max-snippet:-1, max-image-preview:large, max-video-preview:-1\" \/>\n<meta property=\"og:locale\" content=\"fi_FI\" \/>\n<meta property=\"og:type\" content=\"article\" \/>\n<meta property=\"og:title\" content=\"Viagra | Paranna suorituskyky\u00e4 ja itseluottamusta - Transtoyou\" \/>\n<meta property=\"og:description\" content=\"L\u00f6yd\u00e4 Viagra Transtoyou: paranna erektiotoimintaa turvallisesti. Kliniikassa todistettu sildenafilipitoisuus. Tilaa nyt!\" \/>\n<meta property=\"og:url\" content=\"https:\/\/www.transtoyou.com\/fi\/product\/viagra\/\" \/>\n<meta property=\"og:site_name\" content=\"Transtoyou - FI\" \/>\n<meta property=\"article:modified_time\" content=\"2026-03-18T11:49:45+00:00\" \/>\n<meta name=\"twitter:card\" content=\"summary_large_image\" \/>\n<meta name=\"twitter:label1\" content=\"Arvioitu lukuaika\" \/>\n\t<meta name=\"twitter:data1\" content=\"1 minuutti\" \/>\n<script type=\"application\/ld+json\" class=\"yoast-schema-graph\">{\"@context\":\"https:\/\/schema.org\",\"@graph\":[{\"@type\":\"WebPage\",\"@id\":\"https:\/\/www.transtoyou.com\/fi\/product\/viagra\/\",\"url\":\"https:\/\/www.transtoyou.com\/fi\/product\/viagra\/\",\"name\":\"Viagra | Paranna suorituskyky\u00e4 ja itseluottamusta - Transtoyou\",\"isPartOf\":{\"@id\":\"https:\/\/www.transtoyou.com\/fi\/#website\"},\"primaryImageOfPage\":{\"@id\":\"https:\/\/www.transtoyou.com\/fi\/product\/viagra\/#primaryimage\"},\"image\":{\"@id\":\"https:\/\/www.transtoyou.com\/fi\/product\/viagra\/#primaryimage\"},\"thumbnailUrl\":\"https:\/\/www.transtoyou.com\/fi\/wp-content\/uploads\/sites\/16\/2026\/01\/tty-no-product-image-87.webp\",\"datePublished\":\"2026-01-24T07:00:56+00:00\",\"dateModified\":\"2026-03-18T11:49:45+00:00\",\"description\":\"L\u00f6yd\u00e4 Viagra Transtoyou: paranna erektiotoimintaa turvallisesti. Kliniikassa todistettu sildenafilipitoisuus. Tilaa nyt!\",\"breadcrumb\":{\"@id\":\"https:\/\/www.transtoyou.com\/fi\/product\/viagra\/#breadcrumb\"},\"inLanguage\":\"fi\",\"potentialAction\":[{\"@type\":\"ReadAction\",\"target\":[\"https:\/\/www.transtoyou.com\/fi\/product\/viagra\/\"]}]},{\"@type\":\"ImageObject\",\"inLanguage\":\"fi\",\"@id\":\"https:\/\/www.transtoyou.com\/fi\/product\/viagra\/#primaryimage\",\"url\":\"https:\/\/www.transtoyou.com\/fi\/wp-content\/uploads\/sites\/16\/2026\/01\/tty-no-product-image-87.webp\",\"contentUrl\":\"https:\/\/www.transtoyou.com\/fi\/wp-content\/uploads\/sites\/16\/2026\/01\/tty-no-product-image-87.webp\",\"width\":1000,\"height\":1000,\"caption\":\"Oletusarvoinen tuotekuva\"},{\"@type\":\"WebSite\",\"@id\":\"https:\/\/www.transtoyou.com\/fi\/#website\",\"url\":\"https:\/\/www.transtoyou.com\/fi\/\",\"name\":\"Transtoyou - FI\",\"description\":\"\",\"publisher\":{\"@id\":\"https:\/\/www.transtoyou.com\/fi\/#organization\"},\"potentialAction\":[{\"@type\":\"SearchAction\",\"target\":{\"@type\":\"EntryPoint\",\"urlTemplate\":\"https:\/\/www.transtoyou.com\/fi\/?s={search_term_string}\"},\"query-input\":{\"@type\":\"PropertyValueSpecification\",\"valueRequired\":true,\"valueName\":\"search_term_string\"}}],\"inLanguage\":\"fi\"},{\"@type\":\"Organization\",\"@id\":\"https:\/\/www.transtoyou.com\/fi\/#organization\",\"name\":\"Transtoyou - FI\",\"url\":\"https:\/\/www.transtoyou.com\/fi\/\",\"logo\":{\"@type\":\"ImageObject\",\"inLanguage\":\"fi\",\"@id\":\"https:\/\/www.transtoyou.com\/fi\/#\/schema\/logo\/image\/\",\"url\":\"https:\/\/www.transtoyou.com\/fi\/wp-content\/uploads\/sites\/16\/2026\/01\/logo-tty-menu-bar-300x87-1.webp\",\"contentUrl\":\"https:\/\/www.transtoyou.com\/fi\/wp-content\/uploads\/sites\/16\/2026\/01\/logo-tty-menu-bar-300x87-1.webp\",\"width\":300,\"height\":87,\"caption\":\"Transtoyou - FI\"},\"image\":{\"@id\":\"https:\/\/www.transtoyou.com\/fi\/#\/schema\/logo\/image\/\"}}]}<\/script>\n<!-- \/ Yoast SEO plugin. -->","yoast_head_json":{"title":"Viagra | Paranna suorituskyky\u00e4 ja itseluottamusta - Transtoyou","description":"L\u00f6yd\u00e4 Viagra Transtoyou: paranna erektiotoimintaa turvallisesti. Kliniikassa todistettu sildenafilipitoisuus. Tilaa nyt!","robots":{"index":"noindex","follow":"follow","max-snippet":"max-snippet:-1","max-image-preview":"max-image-preview:large","max-video-preview":"max-video-preview:-1"},"og_locale":"fi_FI","og_type":"article","og_title":"Viagra | Paranna suorituskyky\u00e4 ja itseluottamusta - Transtoyou","og_description":"L\u00f6yd\u00e4 Viagra Transtoyou: paranna erektiotoimintaa turvallisesti. Kliniikassa todistettu sildenafilipitoisuus. Tilaa nyt!","og_url":"https:\/\/www.transtoyou.com\/fi\/product\/viagra\/","og_site_name":"Transtoyou - FI","article_modified_time":"2026-03-18T11:49:45+00:00","twitter_card":"summary_large_image","twitter_misc":{"Arvioitu lukuaika":"1 minuutti"},"schema":{"@context":"https:\/\/schema.org","@graph":[{"@type":"WebPage","@id":"https:\/\/www.transtoyou.com\/fi\/product\/viagra\/","url":"https:\/\/www.transtoyou.com\/fi\/product\/viagra\/","name":"Viagra | Paranna suorituskyky\u00e4 ja itseluottamusta - Transtoyou","isPartOf":{"@id":"https:\/\/www.transtoyou.com\/fi\/#website"},"primaryImageOfPage":{"@id":"https:\/\/www.transtoyou.com\/fi\/product\/viagra\/#primaryimage"},"image":{"@id":"https:\/\/www.transtoyou.com\/fi\/product\/viagra\/#primaryimage"},"thumbnailUrl":"https:\/\/www.transtoyou.com\/fi\/wp-content\/uploads\/sites\/16\/2026\/01\/tty-no-product-image-87.webp","datePublished":"2026-01-24T07:00:56+00:00","dateModified":"2026-03-18T11:49:45+00:00","description":"L\u00f6yd\u00e4 Viagra Transtoyou: paranna erektiotoimintaa turvallisesti. Kliniikassa todistettu sildenafilipitoisuus. Tilaa nyt!","breadcrumb":{"@id":"https:\/\/www.transtoyou.com\/fi\/product\/viagra\/#breadcrumb"},"inLanguage":"fi","potentialAction":[{"@type":"ReadAction","target":["https:\/\/www.transtoyou.com\/fi\/product\/viagra\/"]}]},{"@type":"ImageObject","inLanguage":"fi","@id":"https:\/\/www.transtoyou.com\/fi\/product\/viagra\/#primaryimage","url":"https:\/\/www.transtoyou.com\/fi\/wp-content\/uploads\/sites\/16\/2026\/01\/tty-no-product-image-87.webp","contentUrl":"https:\/\/www.transtoyou.com\/fi\/wp-content\/uploads\/sites\/16\/2026\/01\/tty-no-product-image-87.webp","width":1000,"height":1000,"caption":"Oletusarvoinen tuotekuva"},{"@type":"WebSite","@id":"https:\/\/www.transtoyou.com\/fi\/#website","url":"https:\/\/www.transtoyou.com\/fi\/","name":"Transtoyou - FI","description":"","publisher":{"@id":"https:\/\/www.transtoyou.com\/fi\/#organization"},"potentialAction":[{"@type":"SearchAction","target":{"@type":"EntryPoint","urlTemplate":"https:\/\/www.transtoyou.com\/fi\/?s={search_term_string}"},"query-input":{"@type":"PropertyValueSpecification","valueRequired":true,"valueName":"search_term_string"}}],"inLanguage":"fi"},{"@type":"Organization","@id":"https:\/\/www.transtoyou.com\/fi\/#organization","name":"Transtoyou - FI","url":"https:\/\/www.transtoyou.com\/fi\/","logo":{"@type":"ImageObject","inLanguage":"fi","@id":"https:\/\/www.transtoyou.com\/fi\/#\/schema\/logo\/image\/","url":"https:\/\/www.transtoyou.com\/fi\/wp-content\/uploads\/sites\/16\/2026\/01\/logo-tty-menu-bar-300x87-1.webp","contentUrl":"https:\/\/www.transtoyou.com\/fi\/wp-content\/uploads\/sites\/16\/2026\/01\/logo-tty-menu-bar-300x87-1.webp","width":300,"height":87,"caption":"Transtoyou - FI"},"image":{"@id":"https:\/\/www.transtoyou.com\/fi\/#\/schema\/logo\/image\/"}}]}},"_links":{"self":[{"href":"https:\/\/www.transtoyou.com\/fi\/wp-json\/wp\/v2\/product\/741","targetHints":{"allow":["GET"]}}],"collection":[{"href":"https:\/\/www.transtoyou.com\/fi\/wp-json\/wp\/v2\/product"}],"about":[{"href":"https:\/\/www.transtoyou.com\/fi\/wp-json\/wp\/v2\/types\/product"}],"replies":[{"embeddable":true,"href":"https:\/\/www.transtoyou.com\/fi\/wp-json\/wp\/v2\/comments?post=741"}],"wp:featuredmedia":[{"embeddable":true,"href":"https:\/\/www.transtoyou.com\/fi\/wp-json\/wp\/v2\/media\/743"}],"wp:attachment":[{"href":"https:\/\/www.transtoyou.com\/fi\/wp-json\/wp\/v2\/media?parent=741"}],"wp:term":[{"taxonomy":"product_brand","embeddable":true,"href":"https:\/\/www.transtoyou.com\/fi\/wp-json\/wp\/v2\/product_brand?post=741"},{"taxonomy":"product_cat","embeddable":true,"href":"https:\/\/www.transtoyou.com\/fi\/wp-json\/wp\/v2\/product_cat?post=741"},{"taxonomy":"product_tag","embeddable":true,"href":"https:\/\/www.transtoyou.com\/fi\/wp-json\/wp\/v2\/product_tag?post=741"},{"taxonomy":"expert","embeddable":true,"href":"https:\/\/www.transtoyou.com\/fi\/wp-json\/wp\/v2\/expert?post=741"}],"curies":[{"name":"wp","href":"https:\/\/api.w.org\/{rel}","templated":true}]}}