{"id":744,"date":"2026-01-24T07:16:39","date_gmt":"2026-01-24T07:16:39","guid":{"rendered":"https:\/\/www.transtoyou.com\/fi\/product\/tadalafil\/"},"modified":"2026-03-05T15:37:04","modified_gmt":"2026-03-05T15:37:04","slug":"tadalafil","status":"publish","type":"product","link":"https:\/\/www.transtoyou.com\/fi\/product\/tadalafil\/","title":{"rendered":"Tadalafil"},"content":{"rendered":"<p>Tadalafil on l\u00e4\u00e4ke erektioh\u00e4iri\u00f6iden hoitoon, joka tukee miehi\u00e4 saavuttamaan ja yll\u00e4pit\u00e4m\u00e4\u00e4n riitt\u00e4v\u00e4n erektion seksuaalista toimintaa varten. Se kuuluu PDE5-inhibiittoreiksi kutsuttujen l\u00e4\u00e4kkeiden luokkaan, jotka parantavat verenkiertoa penikseen rentouttamalla verisuonten sein\u00e4mien sileit\u00e4 lihaksia.<\/p>\n<p>Mik\u00e4 erottaa Tadalafilin muista ED-hoidoista, on sen pitk\u00e4 vaikutusaika. Yhden annoksen j\u00e4lkeen vaikutukset voivat kest\u00e4\u00e4 jopa 36 tuntia, tarjoten joustavamman ja luonnollisemman kokemuksen intiimiyden ymp\u00e4rill\u00e4. T\u00e4m\u00e4 pidennetty aika on ansainnut Tadalafille maineen &#8221;viikonloppupillerein\u00e4&#8221;, jolloin miehet ja heid\u00e4n kumppaninsa voivat harrastaa seksuaalista toimintaa ilman tarkkojen aikarajojen painetta.<\/p>\n<p>Tadalafilia voidaan ottaa kahdella tavalla.<\/p>\n<ol>\n<li>Ensimm\u00e4inen on tarpeen mukaan, tyypillisesti 10 mg tai 20 mg annoksena, otettuna noin 30 minuuttia ennen suunniteltua seksuaalista toimintaa.<\/li>\n<li>Toinen on kerran p\u00e4iv\u00e4ss\u00e4, paljon pienemm\u00e4ll\u00e4 annoksella (2,5 mg tai 5 mg), mik\u00e4 yll\u00e4pit\u00e4\u00e4 l\u00e4\u00e4kkeen tasaista tasoa kehossa. T\u00e4m\u00e4 p\u00e4ivitt\u00e4inen l\u00e4hestymistapa on ihanteellinen miehille, jotka haluavat olla valmiita milloin tahansa ilman ennakkosuunnittelua.<\/li>\n<\/ol>\n<p>L\u00e4\u00e4ke otetaan suun kautta ja sit\u00e4 voidaan k\u00e4ytt\u00e4\u00e4 ruoan kanssa tai ilman. Sen vaikutusaika on yleens\u00e4 30\u201360 minuuttia. Useimmat k\u00e4ytt\u00e4j\u00e4t siet\u00e4v\u00e4t sit\u00e4 hyvin, vaikka jotkut saattavat kokea lievi\u00e4 haittavaikutuksia, kuten p\u00e4\u00e4ns\u00e4rky\u00e4, lihaskipuja, ruoansulatush\u00e4iri\u00f6it\u00e4 tai nen\u00e4n tukkoisuutta. Tadalafilia ei tule ottaa yhdess\u00e4 nitrojen tai tiettyjen verenpainel\u00e4\u00e4kkeiden kanssa, koska se voi aiheuttaa vakavia verenpaineen laskuja.<\/p>\n","protected":false},"excerpt":{"rendered":"<ul>\n<li>Kest\u00e4v\u00e4\u00e4 erektioh\u00e4iri\u00f6iden hoitoa: jopa 36 tuntia tehoa<\/li>\n<li>My\u00f6s tukee BPH:hen liittyvi\u00e4 virtsaoireita<\/li>\n<li>Vaihtoehto p\u00e4ivitt\u00e4iselle tai tarpeen mukaan annostelulle<\/li>\n<\/ul>\n","protected":false},"featured_media":746,"comment_status":"open","ping_status":"closed","template":"","meta":[],"product_brand":[],"product_cat":[96],"product_tag":[],"expert":[16],"class_list":{"0":"post-744","1":"product","2":"type-product","3":"status-publish","4":"has-post-thumbnail","6":"product_cat-erektiohairioiden-hoidot","7":"expert-dr-c-alexandru","9":"first","10":"instock","11":"shipping-taxable","12":"product-type-variable"},"yoast_head":"<!-- This site is optimized with the Yoast SEO plugin v27.0 - https:\/\/yoast.com\/product\/yoast-seo-wordpress\/ -->\n<title>Tadalafil | Pitk\u00e4kestoinen Erektioh\u00e4iri\u00f6ratkaisu - Transtoyou<\/title>\n<meta name=\"description\" content=\"Tadalafil, pitk\u00e4vaikutteinen hoito erektioh\u00e4iri\u00f6ihin, parantaa verenkiertoa jopa 36 tunniksi. L\u00f6yd\u00e4 joustavuus ja parempi intiimiys. Lue lis\u00e4\u00e4!\" \/>\n<meta name=\"robots\" content=\"noindex, follow, max-snippet:-1, max-image-preview:large, max-video-preview:-1\" \/>\n<meta property=\"og:locale\" content=\"fi_FI\" \/>\n<meta property=\"og:type\" content=\"article\" \/>\n<meta property=\"og:title\" content=\"Tadalafil | Pitk\u00e4kestoinen Erektioh\u00e4iri\u00f6ratkaisu - Transtoyou\" \/>\n<meta property=\"og:description\" content=\"Tadalafil, pitk\u00e4vaikutteinen hoito erektioh\u00e4iri\u00f6ihin, parantaa verenkiertoa jopa 36 tunniksi. L\u00f6yd\u00e4 joustavuus ja parempi intiimiys. Lue lis\u00e4\u00e4!\" \/>\n<meta property=\"og:url\" content=\"https:\/\/www.transtoyou.com\/fi\/product\/tadalafil\/\" \/>\n<meta property=\"og:site_name\" content=\"Transtoyou - FI\" \/>\n<meta property=\"article:modified_time\" content=\"2026-03-05T15:37:04+00:00\" \/>\n<meta name=\"twitter:card\" content=\"summary_large_image\" \/>\n<meta name=\"twitter:label1\" content=\"Arvioitu lukuaika\" \/>\n\t<meta name=\"twitter:data1\" content=\"1 minuutti\" \/>\n<script type=\"application\/ld+json\" class=\"yoast-schema-graph\">{\"@context\":\"https:\/\/schema.org\",\"@graph\":[{\"@type\":\"WebPage\",\"@id\":\"https:\/\/www.transtoyou.com\/fi\/product\/tadalafil\/\",\"url\":\"https:\/\/www.transtoyou.com\/fi\/product\/tadalafil\/\",\"name\":\"Tadalafil | Pitk\u00e4kestoinen Erektioh\u00e4iri\u00f6ratkaisu - Transtoyou\",\"isPartOf\":{\"@id\":\"https:\/\/www.transtoyou.com\/fi\/#website\"},\"primaryImageOfPage\":{\"@id\":\"https:\/\/www.transtoyou.com\/fi\/product\/tadalafil\/#primaryimage\"},\"image\":{\"@id\":\"https:\/\/www.transtoyou.com\/fi\/product\/tadalafil\/#primaryimage\"},\"thumbnailUrl\":\"https:\/\/www.transtoyou.com\/fi\/wp-content\/uploads\/sites\/16\/2026\/01\/tty-no-product-image-88.webp\",\"datePublished\":\"2026-01-24T07:16:39+00:00\",\"dateModified\":\"2026-03-05T15:37:04+00:00\",\"description\":\"Tadalafil, pitk\u00e4vaikutteinen hoito erektioh\u00e4iri\u00f6ihin, parantaa verenkiertoa jopa 36 tunniksi. L\u00f6yd\u00e4 joustavuus ja parempi intiimiys. Lue lis\u00e4\u00e4!\",\"breadcrumb\":{\"@id\":\"https:\/\/www.transtoyou.com\/fi\/product\/tadalafil\/#breadcrumb\"},\"inLanguage\":\"fi\",\"potentialAction\":[{\"@type\":\"ReadAction\",\"target\":[\"https:\/\/www.transtoyou.com\/fi\/product\/tadalafil\/\"]}]},{\"@type\":\"ImageObject\",\"inLanguage\":\"fi\",\"@id\":\"https:\/\/www.transtoyou.com\/fi\/product\/tadalafil\/#primaryimage\",\"url\":\"https:\/\/www.transtoyou.com\/fi\/wp-content\/uploads\/sites\/16\/2026\/01\/tty-no-product-image-88.webp\",\"contentUrl\":\"https:\/\/www.transtoyou.com\/fi\/wp-content\/uploads\/sites\/16\/2026\/01\/tty-no-product-image-88.webp\",\"width\":1000,\"height\":1000,\"caption\":\"Oletusarvoinen tuotekuva\"},{\"@type\":\"WebSite\",\"@id\":\"https:\/\/www.transtoyou.com\/fi\/#website\",\"url\":\"https:\/\/www.transtoyou.com\/fi\/\",\"name\":\"Transtoyou - FI\",\"description\":\"\",\"publisher\":{\"@id\":\"https:\/\/www.transtoyou.com\/fi\/#organization\"},\"potentialAction\":[{\"@type\":\"SearchAction\",\"target\":{\"@type\":\"EntryPoint\",\"urlTemplate\":\"https:\/\/www.transtoyou.com\/fi\/?s={search_term_string}\"},\"query-input\":{\"@type\":\"PropertyValueSpecification\",\"valueRequired\":true,\"valueName\":\"search_term_string\"}}],\"inLanguage\":\"fi\"},{\"@type\":\"Organization\",\"@id\":\"https:\/\/www.transtoyou.com\/fi\/#organization\",\"name\":\"Transtoyou - FI\",\"url\":\"https:\/\/www.transtoyou.com\/fi\/\",\"logo\":{\"@type\":\"ImageObject\",\"inLanguage\":\"fi\",\"@id\":\"https:\/\/www.transtoyou.com\/fi\/#\/schema\/logo\/image\/\",\"url\":\"https:\/\/www.transtoyou.com\/fi\/wp-content\/uploads\/sites\/16\/2026\/01\/logo-tty-menu-bar-300x87-1.webp\",\"contentUrl\":\"https:\/\/www.transtoyou.com\/fi\/wp-content\/uploads\/sites\/16\/2026\/01\/logo-tty-menu-bar-300x87-1.webp\",\"width\":300,\"height\":87,\"caption\":\"Transtoyou - FI\"},\"image\":{\"@id\":\"https:\/\/www.transtoyou.com\/fi\/#\/schema\/logo\/image\/\"}}]}<\/script>\n<!-- \/ Yoast SEO plugin. -->","yoast_head_json":{"title":"Tadalafil | Pitk\u00e4kestoinen Erektioh\u00e4iri\u00f6ratkaisu - Transtoyou","description":"Tadalafil, pitk\u00e4vaikutteinen hoito erektioh\u00e4iri\u00f6ihin, parantaa verenkiertoa jopa 36 tunniksi. L\u00f6yd\u00e4 joustavuus ja parempi intiimiys. Lue lis\u00e4\u00e4!","robots":{"index":"noindex","follow":"follow","max-snippet":"max-snippet:-1","max-image-preview":"max-image-preview:large","max-video-preview":"max-video-preview:-1"},"og_locale":"fi_FI","og_type":"article","og_title":"Tadalafil | Pitk\u00e4kestoinen Erektioh\u00e4iri\u00f6ratkaisu - Transtoyou","og_description":"Tadalafil, pitk\u00e4vaikutteinen hoito erektioh\u00e4iri\u00f6ihin, parantaa verenkiertoa jopa 36 tunniksi. L\u00f6yd\u00e4 joustavuus ja parempi intiimiys. Lue lis\u00e4\u00e4!","og_url":"https:\/\/www.transtoyou.com\/fi\/product\/tadalafil\/","og_site_name":"Transtoyou - FI","article_modified_time":"2026-03-05T15:37:04+00:00","twitter_card":"summary_large_image","twitter_misc":{"Arvioitu lukuaika":"1 minuutti"},"schema":{"@context":"https:\/\/schema.org","@graph":[{"@type":"WebPage","@id":"https:\/\/www.transtoyou.com\/fi\/product\/tadalafil\/","url":"https:\/\/www.transtoyou.com\/fi\/product\/tadalafil\/","name":"Tadalafil | Pitk\u00e4kestoinen Erektioh\u00e4iri\u00f6ratkaisu - Transtoyou","isPartOf":{"@id":"https:\/\/www.transtoyou.com\/fi\/#website"},"primaryImageOfPage":{"@id":"https:\/\/www.transtoyou.com\/fi\/product\/tadalafil\/#primaryimage"},"image":{"@id":"https:\/\/www.transtoyou.com\/fi\/product\/tadalafil\/#primaryimage"},"thumbnailUrl":"https:\/\/www.transtoyou.com\/fi\/wp-content\/uploads\/sites\/16\/2026\/01\/tty-no-product-image-88.webp","datePublished":"2026-01-24T07:16:39+00:00","dateModified":"2026-03-05T15:37:04+00:00","description":"Tadalafil, pitk\u00e4vaikutteinen hoito erektioh\u00e4iri\u00f6ihin, parantaa verenkiertoa jopa 36 tunniksi. L\u00f6yd\u00e4 joustavuus ja parempi intiimiys. Lue lis\u00e4\u00e4!","breadcrumb":{"@id":"https:\/\/www.transtoyou.com\/fi\/product\/tadalafil\/#breadcrumb"},"inLanguage":"fi","potentialAction":[{"@type":"ReadAction","target":["https:\/\/www.transtoyou.com\/fi\/product\/tadalafil\/"]}]},{"@type":"ImageObject","inLanguage":"fi","@id":"https:\/\/www.transtoyou.com\/fi\/product\/tadalafil\/#primaryimage","url":"https:\/\/www.transtoyou.com\/fi\/wp-content\/uploads\/sites\/16\/2026\/01\/tty-no-product-image-88.webp","contentUrl":"https:\/\/www.transtoyou.com\/fi\/wp-content\/uploads\/sites\/16\/2026\/01\/tty-no-product-image-88.webp","width":1000,"height":1000,"caption":"Oletusarvoinen tuotekuva"},{"@type":"WebSite","@id":"https:\/\/www.transtoyou.com\/fi\/#website","url":"https:\/\/www.transtoyou.com\/fi\/","name":"Transtoyou - FI","description":"","publisher":{"@id":"https:\/\/www.transtoyou.com\/fi\/#organization"},"potentialAction":[{"@type":"SearchAction","target":{"@type":"EntryPoint","urlTemplate":"https:\/\/www.transtoyou.com\/fi\/?s={search_term_string}"},"query-input":{"@type":"PropertyValueSpecification","valueRequired":true,"valueName":"search_term_string"}}],"inLanguage":"fi"},{"@type":"Organization","@id":"https:\/\/www.transtoyou.com\/fi\/#organization","name":"Transtoyou - FI","url":"https:\/\/www.transtoyou.com\/fi\/","logo":{"@type":"ImageObject","inLanguage":"fi","@id":"https:\/\/www.transtoyou.com\/fi\/#\/schema\/logo\/image\/","url":"https:\/\/www.transtoyou.com\/fi\/wp-content\/uploads\/sites\/16\/2026\/01\/logo-tty-menu-bar-300x87-1.webp","contentUrl":"https:\/\/www.transtoyou.com\/fi\/wp-content\/uploads\/sites\/16\/2026\/01\/logo-tty-menu-bar-300x87-1.webp","width":300,"height":87,"caption":"Transtoyou - FI"},"image":{"@id":"https:\/\/www.transtoyou.com\/fi\/#\/schema\/logo\/image\/"}}]}},"_links":{"self":[{"href":"https:\/\/www.transtoyou.com\/fi\/wp-json\/wp\/v2\/product\/744","targetHints":{"allow":["GET"]}}],"collection":[{"href":"https:\/\/www.transtoyou.com\/fi\/wp-json\/wp\/v2\/product"}],"about":[{"href":"https:\/\/www.transtoyou.com\/fi\/wp-json\/wp\/v2\/types\/product"}],"replies":[{"embeddable":true,"href":"https:\/\/www.transtoyou.com\/fi\/wp-json\/wp\/v2\/comments?post=744"}],"wp:featuredmedia":[{"embeddable":true,"href":"https:\/\/www.transtoyou.com\/fi\/wp-json\/wp\/v2\/media\/746"}],"wp:attachment":[{"href":"https:\/\/www.transtoyou.com\/fi\/wp-json\/wp\/v2\/media?parent=744"}],"wp:term":[{"taxonomy":"product_brand","embeddable":true,"href":"https:\/\/www.transtoyou.com\/fi\/wp-json\/wp\/v2\/product_brand?post=744"},{"taxonomy":"product_cat","embeddable":true,"href":"https:\/\/www.transtoyou.com\/fi\/wp-json\/wp\/v2\/product_cat?post=744"},{"taxonomy":"product_tag","embeddable":true,"href":"https:\/\/www.transtoyou.com\/fi\/wp-json\/wp\/v2\/product_tag?post=744"},{"taxonomy":"expert","embeddable":true,"href":"https:\/\/www.transtoyou.com\/fi\/wp-json\/wp\/v2\/expert?post=744"}],"curies":[{"name":"wp","href":"https:\/\/api.w.org\/{rel}","templated":true}]}}