{"id":750,"date":"2026-01-24T07:47:15","date_gmt":"2026-01-24T07:47:15","guid":{"rendered":"https:\/\/www.transtoyou.com\/fi\/product\/viagra-connect\/"},"modified":"2026-01-24T07:48:08","modified_gmt":"2026-01-24T07:48:08","slug":"viagra-yhteys","status":"publish","type":"product","link":"https:\/\/www.transtoyou.com\/fi\/product\/viagra-yhteys\/","title":{"rendered":"Viagra Connect"},"content":{"rendered":"<p>Viagra Connect on k\u00e4sikauppal\u00e4\u00e4ke, jota k\u00e4ytet\u00e4\u00e4n erektioh\u00e4iri\u00f6iden (ED) hoitoon aikuisilla miehill\u00e4. Se sis\u00e4lt\u00e4\u00e4 50 mg sildenafiilisitraattia, joka kuuluu fosfodiesteraasi tyyppi 5 (PDE5) est\u00e4jien l\u00e4\u00e4keryhm\u00e4\u00e4n.<\/p>\n<p>L\u00e4\u00e4ke toimii parantamalla verenkiertoa penikseen seksuaalisen kiihottumisen aikana. Se est\u00e4\u00e4 PDE5-entsyymi\u00e4, joka hajottaa syklist\u00e4 guanosiinimonofosfaattia (cGMP). T\u00e4m\u00e4 kemikaali on vastuussa sile\u00e4n lihaksen rentouttamisesta ja lis\u00e4\u00e4ntyneen verenkierron mahdollistamisesta erektiokudoksessa. Seksuaalisen stimulaation my\u00f6t\u00e4 t\u00e4m\u00e4 prosessi auttaa saavuttamaan ja yll\u00e4pit\u00e4m\u00e4\u00e4n erektiota.<\/p>\n<p>Viagra Connectia k\u00e4ytet\u00e4\u00e4n erektioh\u00e4iri\u00f6iden hoitoon, tilaan, jossa miehell\u00e4 on vaikeuksia saavuttaa tai yll\u00e4pit\u00e4\u00e4 seksuaaliseen toimintaan sopivaa erektiota. Sit\u00e4 ei ole tarkoitettu k\u00e4ytett\u00e4v\u00e4ksi henkil\u00f6ill\u00e4, joilla ei ole ED:t\u00e4 tai virkistysk\u00e4ytt\u00f6\u00f6n.<\/p>\n<p>Vaikutukset alkavat yleens\u00e4 30\u201360 minuutin kuluttua tabletin ottamisesta, ja hy\u00f6dyt voivat kest\u00e4\u00e4 jopa 4 tuntia, riippuen yksil\u00f6llisest\u00e4 vasteesta ja ulkoisista tekij\u00f6ist\u00e4, kuten ruoan saannista.<\/p>\n<p>Viagra Connectin etuja ovat nopea vaikutus, helppo saatavuus ilman resepti\u00e4 ja hyvin todettu turvallisuusprofiili. Se tarjoaa luotettavan ja k\u00e4tev\u00e4n ratkaisun miehille, joilla on liev\u00e4st\u00e4 kohtalaiseen ED:hen, erityisesti k\u00e4ytett\u00e4v\u00e4ksi asianmukaisen l\u00e4\u00e4k\u00e4rin ohjauksessa.<\/p>\n<p>Huomaa, ett\u00e4 vaikka l\u00e4\u00e4ke ei aiheuta erektiota itsest\u00e4\u00e4n, se tukee luonnollisia fysiologisia reaktioita seksuaaliseen kiihottumiseen.<\/p>\n","protected":false},"excerpt":{"rendered":"<ul>\n<li>Nopeasti vaikuttava erektioh\u00e4iri\u00f6iden hoito<\/li>\n<li>Tehokas jopa 4 tuntia<\/li>\n<li>Saatavilla ilman resepti\u00e4<\/li>\n<\/ul>\n","protected":false},"featured_media":752,"comment_status":"open","ping_status":"closed","template":"","meta":[],"product_brand":[],"product_cat":[96],"product_tag":[],"expert":[19],"class_list":{"0":"post-750","1":"product","2":"type-product","3":"status-publish","4":"has-post-thumbnail","6":"product_cat-erektiohairioiden-hoidot","7":"expert-dr-j-vazquez","9":"first","10":"instock","11":"shipping-taxable","12":"product-type-variable"},"yoast_head":"<!-- This site is optimized with the Yoast SEO plugin v27.0 - https:\/\/yoast.com\/product\/yoast-seo-wordpress\/ -->\n<title>Viagra Connect | Paranna Verenkiertoa Luonnollisesti - Transtoyou<\/title>\n<meta name=\"description\" content=\"Viagra Connect, saatavilla t\u00e4\u00e4lt\u00e4, auttaa hoitamaan erektioh\u00e4iri\u00f6it\u00e4 parantamalla verenkiertoa. Osta nyt tehokasta, reseptivapaata apua.\" \/>\n<meta name=\"robots\" content=\"noindex, follow, max-snippet:-1, max-image-preview:large, max-video-preview:-1\" \/>\n<meta property=\"og:locale\" content=\"fi_FI\" \/>\n<meta property=\"og:type\" content=\"article\" \/>\n<meta property=\"og:title\" content=\"Viagra Connect | Paranna Verenkiertoa Luonnollisesti - Transtoyou\" \/>\n<meta property=\"og:description\" content=\"Viagra Connect, saatavilla t\u00e4\u00e4lt\u00e4, auttaa hoitamaan erektioh\u00e4iri\u00f6it\u00e4 parantamalla verenkiertoa. Osta nyt tehokasta, reseptivapaata apua.\" \/>\n<meta property=\"og:url\" content=\"https:\/\/www.transtoyou.com\/fi\/product\/viagra-connect\/\" \/>\n<meta property=\"og:site_name\" content=\"Transtoyou - FI\" \/>\n<meta property=\"article:modified_time\" content=\"2026-01-24T07:48:08+00:00\" \/>\n<meta name=\"twitter:card\" content=\"summary_large_image\" \/>\n<meta name=\"twitter:label1\" content=\"Arvioitu lukuaika\" \/>\n\t<meta name=\"twitter:data1\" content=\"1 minuutti\" \/>\n<script type=\"application\/ld+json\" class=\"yoast-schema-graph\">{\"@context\":\"https:\/\/schema.org\",\"@graph\":[{\"@type\":\"WebPage\",\"@id\":\"https:\/\/www.transtoyou.com\/fi\/product\/viagra-connect\/\",\"url\":\"https:\/\/www.transtoyou.com\/fi\/product\/viagra-connect\/\",\"name\":\"Viagra Connect | Paranna Verenkiertoa Luonnollisesti - Transtoyou\",\"isPartOf\":{\"@id\":\"https:\/\/www.transtoyou.com\/fi\/#website\"},\"primaryImageOfPage\":{\"@id\":\"https:\/\/www.transtoyou.com\/fi\/product\/viagra-connect\/#primaryimage\"},\"image\":{\"@id\":\"https:\/\/www.transtoyou.com\/fi\/product\/viagra-connect\/#primaryimage\"},\"thumbnailUrl\":\"https:\/\/www.transtoyou.com\/fi\/wp-content\/uploads\/sites\/16\/2026\/01\/tty-no-product-image-90.webp\",\"datePublished\":\"2026-01-24T07:47:15+00:00\",\"dateModified\":\"2026-01-24T07:48:08+00:00\",\"description\":\"Viagra Connect, saatavilla t\u00e4\u00e4lt\u00e4, auttaa hoitamaan erektioh\u00e4iri\u00f6it\u00e4 parantamalla verenkiertoa. Osta nyt tehokasta, reseptivapaata apua.\",\"breadcrumb\":{\"@id\":\"https:\/\/www.transtoyou.com\/fi\/product\/viagra-connect\/#breadcrumb\"},\"inLanguage\":\"fi\",\"potentialAction\":[{\"@type\":\"ReadAction\",\"target\":[\"https:\/\/www.transtoyou.com\/fi\/product\/viagra-connect\/\"]}]},{\"@type\":\"ImageObject\",\"inLanguage\":\"fi\",\"@id\":\"https:\/\/www.transtoyou.com\/fi\/product\/viagra-connect\/#primaryimage\",\"url\":\"https:\/\/www.transtoyou.com\/fi\/wp-content\/uploads\/sites\/16\/2026\/01\/tty-no-product-image-90.webp\",\"contentUrl\":\"https:\/\/www.transtoyou.com\/fi\/wp-content\/uploads\/sites\/16\/2026\/01\/tty-no-product-image-90.webp\",\"width\":1000,\"height\":1000,\"caption\":\"Oletusarvoinen tuotekuva\"},{\"@type\":\"WebSite\",\"@id\":\"https:\/\/www.transtoyou.com\/fi\/#website\",\"url\":\"https:\/\/www.transtoyou.com\/fi\/\",\"name\":\"Transtoyou - FI\",\"description\":\"\",\"publisher\":{\"@id\":\"https:\/\/www.transtoyou.com\/fi\/#organization\"},\"potentialAction\":[{\"@type\":\"SearchAction\",\"target\":{\"@type\":\"EntryPoint\",\"urlTemplate\":\"https:\/\/www.transtoyou.com\/fi\/?s={search_term_string}\"},\"query-input\":{\"@type\":\"PropertyValueSpecification\",\"valueRequired\":true,\"valueName\":\"search_term_string\"}}],\"inLanguage\":\"fi\"},{\"@type\":\"Organization\",\"@id\":\"https:\/\/www.transtoyou.com\/fi\/#organization\",\"name\":\"Transtoyou - FI\",\"url\":\"https:\/\/www.transtoyou.com\/fi\/\",\"logo\":{\"@type\":\"ImageObject\",\"inLanguage\":\"fi\",\"@id\":\"https:\/\/www.transtoyou.com\/fi\/#\/schema\/logo\/image\/\",\"url\":\"https:\/\/www.transtoyou.com\/fi\/wp-content\/uploads\/sites\/16\/2026\/01\/logo-tty-menu-bar-300x87-1.webp\",\"contentUrl\":\"https:\/\/www.transtoyou.com\/fi\/wp-content\/uploads\/sites\/16\/2026\/01\/logo-tty-menu-bar-300x87-1.webp\",\"width\":300,\"height\":87,\"caption\":\"Transtoyou - FI\"},\"image\":{\"@id\":\"https:\/\/www.transtoyou.com\/fi\/#\/schema\/logo\/image\/\"}}]}<\/script>\n<!-- \/ Yoast SEO plugin. -->","yoast_head_json":{"title":"Viagra Connect | Paranna Verenkiertoa Luonnollisesti - Transtoyou","description":"Viagra Connect, saatavilla t\u00e4\u00e4lt\u00e4, auttaa hoitamaan erektioh\u00e4iri\u00f6it\u00e4 parantamalla verenkiertoa. Osta nyt tehokasta, reseptivapaata apua.","robots":{"index":"noindex","follow":"follow","max-snippet":"max-snippet:-1","max-image-preview":"max-image-preview:large","max-video-preview":"max-video-preview:-1"},"og_locale":"fi_FI","og_type":"article","og_title":"Viagra Connect | Paranna Verenkiertoa Luonnollisesti - Transtoyou","og_description":"Viagra Connect, saatavilla t\u00e4\u00e4lt\u00e4, auttaa hoitamaan erektioh\u00e4iri\u00f6it\u00e4 parantamalla verenkiertoa. Osta nyt tehokasta, reseptivapaata apua.","og_url":"https:\/\/www.transtoyou.com\/fi\/product\/viagra-connect\/","og_site_name":"Transtoyou - FI","article_modified_time":"2026-01-24T07:48:08+00:00","twitter_card":"summary_large_image","twitter_misc":{"Arvioitu lukuaika":"1 minuutti"},"schema":{"@context":"https:\/\/schema.org","@graph":[{"@type":"WebPage","@id":"https:\/\/www.transtoyou.com\/fi\/product\/viagra-connect\/","url":"https:\/\/www.transtoyou.com\/fi\/product\/viagra-connect\/","name":"Viagra Connect | Paranna Verenkiertoa Luonnollisesti - Transtoyou","isPartOf":{"@id":"https:\/\/www.transtoyou.com\/fi\/#website"},"primaryImageOfPage":{"@id":"https:\/\/www.transtoyou.com\/fi\/product\/viagra-connect\/#primaryimage"},"image":{"@id":"https:\/\/www.transtoyou.com\/fi\/product\/viagra-connect\/#primaryimage"},"thumbnailUrl":"https:\/\/www.transtoyou.com\/fi\/wp-content\/uploads\/sites\/16\/2026\/01\/tty-no-product-image-90.webp","datePublished":"2026-01-24T07:47:15+00:00","dateModified":"2026-01-24T07:48:08+00:00","description":"Viagra Connect, saatavilla t\u00e4\u00e4lt\u00e4, auttaa hoitamaan erektioh\u00e4iri\u00f6it\u00e4 parantamalla verenkiertoa. Osta nyt tehokasta, reseptivapaata apua.","breadcrumb":{"@id":"https:\/\/www.transtoyou.com\/fi\/product\/viagra-connect\/#breadcrumb"},"inLanguage":"fi","potentialAction":[{"@type":"ReadAction","target":["https:\/\/www.transtoyou.com\/fi\/product\/viagra-connect\/"]}]},{"@type":"ImageObject","inLanguage":"fi","@id":"https:\/\/www.transtoyou.com\/fi\/product\/viagra-connect\/#primaryimage","url":"https:\/\/www.transtoyou.com\/fi\/wp-content\/uploads\/sites\/16\/2026\/01\/tty-no-product-image-90.webp","contentUrl":"https:\/\/www.transtoyou.com\/fi\/wp-content\/uploads\/sites\/16\/2026\/01\/tty-no-product-image-90.webp","width":1000,"height":1000,"caption":"Oletusarvoinen tuotekuva"},{"@type":"WebSite","@id":"https:\/\/www.transtoyou.com\/fi\/#website","url":"https:\/\/www.transtoyou.com\/fi\/","name":"Transtoyou - FI","description":"","publisher":{"@id":"https:\/\/www.transtoyou.com\/fi\/#organization"},"potentialAction":[{"@type":"SearchAction","target":{"@type":"EntryPoint","urlTemplate":"https:\/\/www.transtoyou.com\/fi\/?s={search_term_string}"},"query-input":{"@type":"PropertyValueSpecification","valueRequired":true,"valueName":"search_term_string"}}],"inLanguage":"fi"},{"@type":"Organization","@id":"https:\/\/www.transtoyou.com\/fi\/#organization","name":"Transtoyou - FI","url":"https:\/\/www.transtoyou.com\/fi\/","logo":{"@type":"ImageObject","inLanguage":"fi","@id":"https:\/\/www.transtoyou.com\/fi\/#\/schema\/logo\/image\/","url":"https:\/\/www.transtoyou.com\/fi\/wp-content\/uploads\/sites\/16\/2026\/01\/logo-tty-menu-bar-300x87-1.webp","contentUrl":"https:\/\/www.transtoyou.com\/fi\/wp-content\/uploads\/sites\/16\/2026\/01\/logo-tty-menu-bar-300x87-1.webp","width":300,"height":87,"caption":"Transtoyou - FI"},"image":{"@id":"https:\/\/www.transtoyou.com\/fi\/#\/schema\/logo\/image\/"}}]}},"_links":{"self":[{"href":"https:\/\/www.transtoyou.com\/fi\/wp-json\/wp\/v2\/product\/750","targetHints":{"allow":["GET"]}}],"collection":[{"href":"https:\/\/www.transtoyou.com\/fi\/wp-json\/wp\/v2\/product"}],"about":[{"href":"https:\/\/www.transtoyou.com\/fi\/wp-json\/wp\/v2\/types\/product"}],"replies":[{"embeddable":true,"href":"https:\/\/www.transtoyou.com\/fi\/wp-json\/wp\/v2\/comments?post=750"}],"wp:featuredmedia":[{"embeddable":true,"href":"https:\/\/www.transtoyou.com\/fi\/wp-json\/wp\/v2\/media\/752"}],"wp:attachment":[{"href":"https:\/\/www.transtoyou.com\/fi\/wp-json\/wp\/v2\/media?parent=750"}],"wp:term":[{"taxonomy":"product_brand","embeddable":true,"href":"https:\/\/www.transtoyou.com\/fi\/wp-json\/wp\/v2\/product_brand?post=750"},{"taxonomy":"product_cat","embeddable":true,"href":"https:\/\/www.transtoyou.com\/fi\/wp-json\/wp\/v2\/product_cat?post=750"},{"taxonomy":"product_tag","embeddable":true,"href":"https:\/\/www.transtoyou.com\/fi\/wp-json\/wp\/v2\/product_tag?post=750"},{"taxonomy":"expert","embeddable":true,"href":"https:\/\/www.transtoyou.com\/fi\/wp-json\/wp\/v2\/expert?post=750"}],"curies":[{"name":"wp","href":"https:\/\/api.w.org\/{rel}","templated":true}]}}