{"id":766,"date":"2026-01-24T09:16:55","date_gmt":"2026-01-24T09:16:55","guid":{"rendered":"https:\/\/www.transtoyou.com\/fi\/product\/cialis\/"},"modified":"2026-01-24T09:18:11","modified_gmt":"2026-01-24T09:18:11","slug":"cialis","status":"publish","type":"product","link":"https:\/\/www.transtoyou.com\/fi\/product\/cialis\/","title":{"rendered":"Cialis"},"content":{"rendered":"<p>Cialis on l\u00e4\u00e4kitys erektioh\u00e4iri\u00f6n (ED) hoitoon. Sen vaikuttava aine, tadalafiili, parantaa verenkiertoa penikseen, mik\u00e4 auttaa miehi\u00e4 saavuttamaan ja yll\u00e4pit\u00e4m\u00e4\u00e4n erektion seksuaalisen stimulaation aikana. Cialisia erottavat muista ED-hoidoista sen joustavuus; sit\u00e4 voidaan ottaa tarpeen mukaan ennen seksuaalista toimintaa tai matalatehoisena p\u00e4ivitt\u00e4isen\u00e4 tablettina k\u00e4ytt\u00e4j\u00e4n el\u00e4m\u00e4ntavan ja mieltymysten mukaan.<\/p>\n<p>Miehille, jotka arvostavat spontaaneutta, Cialis on saatavilla tavallisena vahvuutena, 10 &#8211; 20 mg, jota voidaan ottaa tarpeen mukaan noin 30 minuuttia ennen intiimi\u00e4 hetke\u00e4. Sen vaikutukset voivat kest\u00e4\u00e4 jopa 36 tuntia, mik\u00e4 antaa runsaasti aikaa luonnolliselle ja paineettomalle seksuaaliselle toiminnalle.<\/p>\n<p>T\u00e4t\u00e4 pidemp\u00e4\u00e4 kestoa arvostavat usein parit, jotka arvostavat intiimiytt\u00e4 ilman tiukkoja aikarajoja. Vaihtoehtoisesti Cialisia voidaan my\u00f6s m\u00e4\u00e4r\u00e4t\u00e4 kerran p\u00e4iv\u00e4ss\u00e4 otettavaksi tabletiksi, matalammalla annoksella (2,5 &#8211; 5 mg) joka p\u00e4iv\u00e4, riippumatta siit\u00e4, milloin seksuaalinen toiminta on suunniteltu. T\u00e4m\u00e4 vaihtoehto tarjoaa jatkuvaa tukea ja poistaa tarpeen ajoittaa l\u00e4\u00e4kityst\u00e4.<\/p>\n<p>Se on erityisen hy\u00f6dyllinen miehille, joilla on s\u00e4\u00e4nn\u00f6llist\u00e4 seksuaalista toimintaa tai jotka haluavat olla valmiita milloin tahansa ilman ennakkosuunnittelua. Cialis otetaan suun kautta ja sit\u00e4 voidaan k\u00e4ytt\u00e4\u00e4 ruoan kanssa tai ilman. Se alkaa vaikuttaa 30\u201360 minuutissa useimmilla k\u00e4ytt\u00e4jill\u00e4.<\/p>\n<p>Mahdollisia haittavaikutuksia ovat p\u00e4\u00e4ns\u00e4rky, ruoansulatush\u00e4iri\u00f6t, lihaskivut tai kasvojen punoitus, vaikka useimmat niist\u00e4 ovat lievi\u00e4 ja tilap\u00e4isi\u00e4. Cialisia ei tule yhdist\u00e4\u00e4 nitraattien tai tiettyjen verenpainel\u00e4\u00e4kkeiden kanssa.<\/p>\n","protected":false},"excerpt":{"rendered":"<ul>\n<li>Kest\u00e4v\u00e4t vaikutukset jopa 36 tuntia<\/li>\n<li>Hoitaa erektioh\u00e4iri\u00f6it\u00e4 ja hyv\u00e4nlaatuista eturauhasen suurentumista (BPH)<\/li>\n<li>Nopeasti vaikuttava, toimii 30 minuutin sis\u00e4ll\u00e4<\/li>\n<\/ul>\n","protected":false},"featured_media":768,"comment_status":"open","ping_status":"closed","template":"","meta":[],"product_brand":[],"product_cat":[96],"product_tag":[],"expert":[18],"class_list":{"0":"post-766","1":"product","2":"type-product","3":"status-publish","4":"has-post-thumbnail","6":"product_cat-erektiohairioiden-hoidot","7":"expert-dr-g-varbanov","9":"first","10":"instock","11":"shipping-taxable","12":"product-type-variable"},"yoast_head":"<!-- This site is optimized with the Yoast SEO plugin v27.0 - https:\/\/yoast.com\/product\/yoast-seo-wordpress\/ -->\n<title>Cialis - Transtoyou - FI<\/title>\n<meta name=\"robots\" content=\"noindex, follow, max-snippet:-1, max-image-preview:large, max-video-preview:-1\" \/>\n<meta property=\"og:locale\" content=\"fi_FI\" \/>\n<meta property=\"og:type\" content=\"article\" \/>\n<meta property=\"og:title\" content=\"Cialis - Transtoyou - FI\" \/>\n<meta property=\"og:description\" content=\"Kest\u00e4v\u00e4t vaikutukset jopa 36 tuntia  Hoitaa erektioh\u00e4iri\u00f6it\u00e4 ja hyv\u00e4nlaatuista eturauhasen suurentumista (BPH)  Nopeasti vaikuttava, toimii 30 minuutin sis\u00e4ll\u00e4\" \/>\n<meta property=\"og:url\" content=\"https:\/\/www.transtoyou.com\/fi\/product\/cialis\/\" \/>\n<meta property=\"og:site_name\" content=\"Transtoyou - FI\" \/>\n<meta property=\"article:modified_time\" content=\"2026-01-24T09:18:11+00:00\" \/>\n<meta property=\"og:image\" content=\"https:\/\/www.transtoyou.com\/fi\/wp-content\/uploads\/sites\/16\/2026\/01\/tty-no-product-image-96.webp\" \/>\n\t<meta property=\"og:image:width\" content=\"1000\" \/>\n\t<meta property=\"og:image:height\" content=\"1000\" \/>\n\t<meta property=\"og:image:type\" content=\"image\/webp\" \/>\n<meta name=\"twitter:card\" content=\"summary_large_image\" \/>\n<meta name=\"twitter:label1\" content=\"Arvioitu lukuaika\" \/>\n\t<meta name=\"twitter:data1\" content=\"1 minuutti\" \/>\n<script type=\"application\/ld+json\" class=\"yoast-schema-graph\">{\"@context\":\"https:\/\/schema.org\",\"@graph\":[{\"@type\":\"WebPage\",\"@id\":\"https:\/\/www.transtoyou.com\/fi\/product\/cialis\/\",\"url\":\"https:\/\/www.transtoyou.com\/fi\/product\/cialis\/\",\"name\":\"Cialis - Transtoyou - FI\",\"isPartOf\":{\"@id\":\"https:\/\/www.transtoyou.com\/fi\/#website\"},\"primaryImageOfPage\":{\"@id\":\"https:\/\/www.transtoyou.com\/fi\/product\/cialis\/#primaryimage\"},\"image\":{\"@id\":\"https:\/\/www.transtoyou.com\/fi\/product\/cialis\/#primaryimage\"},\"thumbnailUrl\":\"https:\/\/www.transtoyou.com\/fi\/wp-content\/uploads\/sites\/16\/2026\/01\/tty-no-product-image-96.webp\",\"datePublished\":\"2026-01-24T09:16:55+00:00\",\"dateModified\":\"2026-01-24T09:18:11+00:00\",\"breadcrumb\":{\"@id\":\"https:\/\/www.transtoyou.com\/fi\/product\/cialis\/#breadcrumb\"},\"inLanguage\":\"fi\",\"potentialAction\":[{\"@type\":\"ReadAction\",\"target\":[\"https:\/\/www.transtoyou.com\/fi\/product\/cialis\/\"]}]},{\"@type\":\"ImageObject\",\"inLanguage\":\"fi\",\"@id\":\"https:\/\/www.transtoyou.com\/fi\/product\/cialis\/#primaryimage\",\"url\":\"https:\/\/www.transtoyou.com\/fi\/wp-content\/uploads\/sites\/16\/2026\/01\/tty-no-product-image-96.webp\",\"contentUrl\":\"https:\/\/www.transtoyou.com\/fi\/wp-content\/uploads\/sites\/16\/2026\/01\/tty-no-product-image-96.webp\",\"width\":1000,\"height\":1000,\"caption\":\"Oletusarvoinen tuotekuva\"},{\"@type\":\"WebSite\",\"@id\":\"https:\/\/www.transtoyou.com\/fi\/#website\",\"url\":\"https:\/\/www.transtoyou.com\/fi\/\",\"name\":\"Transtoyou - FI\",\"description\":\"\",\"publisher\":{\"@id\":\"https:\/\/www.transtoyou.com\/fi\/#organization\"},\"potentialAction\":[{\"@type\":\"SearchAction\",\"target\":{\"@type\":\"EntryPoint\",\"urlTemplate\":\"https:\/\/www.transtoyou.com\/fi\/?s={search_term_string}\"},\"query-input\":{\"@type\":\"PropertyValueSpecification\",\"valueRequired\":true,\"valueName\":\"search_term_string\"}}],\"inLanguage\":\"fi\"},{\"@type\":\"Organization\",\"@id\":\"https:\/\/www.transtoyou.com\/fi\/#organization\",\"name\":\"Transtoyou - FI\",\"url\":\"https:\/\/www.transtoyou.com\/fi\/\",\"logo\":{\"@type\":\"ImageObject\",\"inLanguage\":\"fi\",\"@id\":\"https:\/\/www.transtoyou.com\/fi\/#\/schema\/logo\/image\/\",\"url\":\"https:\/\/www.transtoyou.com\/fi\/wp-content\/uploads\/sites\/16\/2026\/01\/logo-tty-menu-bar-300x87-1.webp\",\"contentUrl\":\"https:\/\/www.transtoyou.com\/fi\/wp-content\/uploads\/sites\/16\/2026\/01\/logo-tty-menu-bar-300x87-1.webp\",\"width\":300,\"height\":87,\"caption\":\"Transtoyou - FI\"},\"image\":{\"@id\":\"https:\/\/www.transtoyou.com\/fi\/#\/schema\/logo\/image\/\"}}]}<\/script>\n<!-- \/ Yoast SEO plugin. -->","yoast_head_json":{"title":"Cialis - Transtoyou - FI","robots":{"index":"noindex","follow":"follow","max-snippet":"max-snippet:-1","max-image-preview":"max-image-preview:large","max-video-preview":"max-video-preview:-1"},"og_locale":"fi_FI","og_type":"article","og_title":"Cialis - Transtoyou - FI","og_description":"Kest\u00e4v\u00e4t vaikutukset jopa 36 tuntia  Hoitaa erektioh\u00e4iri\u00f6it\u00e4 ja hyv\u00e4nlaatuista eturauhasen suurentumista (BPH)  Nopeasti vaikuttava, toimii 30 minuutin sis\u00e4ll\u00e4","og_url":"https:\/\/www.transtoyou.com\/fi\/product\/cialis\/","og_site_name":"Transtoyou - FI","article_modified_time":"2026-01-24T09:18:11+00:00","og_image":[{"width":1000,"height":1000,"url":"https:\/\/www.transtoyou.com\/fi\/wp-content\/uploads\/sites\/16\/2026\/01\/tty-no-product-image-96.webp","type":"image\/webp"}],"twitter_card":"summary_large_image","twitter_misc":{"Arvioitu lukuaika":"1 minuutti"},"schema":{"@context":"https:\/\/schema.org","@graph":[{"@type":"WebPage","@id":"https:\/\/www.transtoyou.com\/fi\/product\/cialis\/","url":"https:\/\/www.transtoyou.com\/fi\/product\/cialis\/","name":"Cialis - Transtoyou - FI","isPartOf":{"@id":"https:\/\/www.transtoyou.com\/fi\/#website"},"primaryImageOfPage":{"@id":"https:\/\/www.transtoyou.com\/fi\/product\/cialis\/#primaryimage"},"image":{"@id":"https:\/\/www.transtoyou.com\/fi\/product\/cialis\/#primaryimage"},"thumbnailUrl":"https:\/\/www.transtoyou.com\/fi\/wp-content\/uploads\/sites\/16\/2026\/01\/tty-no-product-image-96.webp","datePublished":"2026-01-24T09:16:55+00:00","dateModified":"2026-01-24T09:18:11+00:00","breadcrumb":{"@id":"https:\/\/www.transtoyou.com\/fi\/product\/cialis\/#breadcrumb"},"inLanguage":"fi","potentialAction":[{"@type":"ReadAction","target":["https:\/\/www.transtoyou.com\/fi\/product\/cialis\/"]}]},{"@type":"ImageObject","inLanguage":"fi","@id":"https:\/\/www.transtoyou.com\/fi\/product\/cialis\/#primaryimage","url":"https:\/\/www.transtoyou.com\/fi\/wp-content\/uploads\/sites\/16\/2026\/01\/tty-no-product-image-96.webp","contentUrl":"https:\/\/www.transtoyou.com\/fi\/wp-content\/uploads\/sites\/16\/2026\/01\/tty-no-product-image-96.webp","width":1000,"height":1000,"caption":"Oletusarvoinen tuotekuva"},{"@type":"WebSite","@id":"https:\/\/www.transtoyou.com\/fi\/#website","url":"https:\/\/www.transtoyou.com\/fi\/","name":"Transtoyou - FI","description":"","publisher":{"@id":"https:\/\/www.transtoyou.com\/fi\/#organization"},"potentialAction":[{"@type":"SearchAction","target":{"@type":"EntryPoint","urlTemplate":"https:\/\/www.transtoyou.com\/fi\/?s={search_term_string}"},"query-input":{"@type":"PropertyValueSpecification","valueRequired":true,"valueName":"search_term_string"}}],"inLanguage":"fi"},{"@type":"Organization","@id":"https:\/\/www.transtoyou.com\/fi\/#organization","name":"Transtoyou - FI","url":"https:\/\/www.transtoyou.com\/fi\/","logo":{"@type":"ImageObject","inLanguage":"fi","@id":"https:\/\/www.transtoyou.com\/fi\/#\/schema\/logo\/image\/","url":"https:\/\/www.transtoyou.com\/fi\/wp-content\/uploads\/sites\/16\/2026\/01\/logo-tty-menu-bar-300x87-1.webp","contentUrl":"https:\/\/www.transtoyou.com\/fi\/wp-content\/uploads\/sites\/16\/2026\/01\/logo-tty-menu-bar-300x87-1.webp","width":300,"height":87,"caption":"Transtoyou - FI"},"image":{"@id":"https:\/\/www.transtoyou.com\/fi\/#\/schema\/logo\/image\/"}}]}},"_links":{"self":[{"href":"https:\/\/www.transtoyou.com\/fi\/wp-json\/wp\/v2\/product\/766","targetHints":{"allow":["GET"]}}],"collection":[{"href":"https:\/\/www.transtoyou.com\/fi\/wp-json\/wp\/v2\/product"}],"about":[{"href":"https:\/\/www.transtoyou.com\/fi\/wp-json\/wp\/v2\/types\/product"}],"replies":[{"embeddable":true,"href":"https:\/\/www.transtoyou.com\/fi\/wp-json\/wp\/v2\/comments?post=766"}],"wp:featuredmedia":[{"embeddable":true,"href":"https:\/\/www.transtoyou.com\/fi\/wp-json\/wp\/v2\/media\/768"}],"wp:attachment":[{"href":"https:\/\/www.transtoyou.com\/fi\/wp-json\/wp\/v2\/media?parent=766"}],"wp:term":[{"taxonomy":"product_brand","embeddable":true,"href":"https:\/\/www.transtoyou.com\/fi\/wp-json\/wp\/v2\/product_brand?post=766"},{"taxonomy":"product_cat","embeddable":true,"href":"https:\/\/www.transtoyou.com\/fi\/wp-json\/wp\/v2\/product_cat?post=766"},{"taxonomy":"product_tag","embeddable":true,"href":"https:\/\/www.transtoyou.com\/fi\/wp-json\/wp\/v2\/product_tag?post=766"},{"taxonomy":"expert","embeddable":true,"href":"https:\/\/www.transtoyou.com\/fi\/wp-json\/wp\/v2\/expert?post=766"}],"curies":[{"name":"wp","href":"https:\/\/api.w.org\/{rel}","templated":true}]}}