{"id":769,"date":"2026-01-24T09:32:53","date_gmt":"2026-01-24T09:32:53","guid":{"rendered":"https:\/\/www.transtoyou.com\/fi\/product\/caverject-alprostadil\/"},"modified":"2026-01-24T09:34:05","modified_gmt":"2026-01-24T09:34:05","slug":"caverject-alprostadil","status":"publish","type":"product","link":"https:\/\/www.transtoyou.com\/fi\/product\/caverject-alprostadil\/","title":{"rendered":"Caverject (Alprostadil)"},"content":{"rendered":"<p>Caverject on reseptil\u00e4\u00e4ke, jota k\u00e4ytet\u00e4\u00e4n erektioh\u00e4iri\u00f6n (ED) hoitoon aikuisilla miehill\u00e4. Se sis\u00e4lt\u00e4\u00e4 alprostadilia, luonnollista ainetta, joka auttaa lis\u00e4\u00e4m\u00e4\u00e4n verenkiertoa penikseen.<\/p>\n<p>Kun se injektoidaan suoraan erektiokudokseen, se toimii rentouttamalla verisuonia ja lihaksia peniksess\u00e4, jolloin veri p\u00e4\u00e4see virtaamaan sis\u00e4\u00e4n ja tuottamaan riitt\u00e4v\u00e4n tukevan erektion seksuaalista toimintaa varten.<\/p>\n<p>Toisin kuin suun kautta otettavat ED-l\u00e4\u00e4kkeet, Caverject vaikuttaa paikallisesti eik\u00e4 se riipu seksuaalisesta stimulaatiosta toimiakseen. Sen vaikutukset tuntuvat tyypillisesti 5\u201320 minuutin kuluttua injektiosta ja voivat kest\u00e4\u00e4 noin 30\u201360 minuuttia, vaikka tarkka kesto vaihtelee yksil\u00f6itt\u00e4in. T\u00e4m\u00e4 tekee siit\u00e4 luotettavan vaihtoehdon miehille, jotka eiv\u00e4t ole reagoineet hyvin suun kautta otettaviin hoitoihin tai jotka eiv\u00e4t voi ottaa niit\u00e4 muiden terveydentilojen tai l\u00e4\u00e4kitysten vuoksi.<\/p>\n<p>Caverject toimitetaan jauheena ja liuottimena, jotka sekoitetaan ennen k\u00e4ytt\u00f6\u00e4, ja se tulee eritt\u00e4in ohuen neulan kanssa itse-injektointia varten peniksen sivulle. On t\u00e4rke\u00e4\u00e4 noudattaa ohjeita huolellisesti komplikaatioiden v\u00e4ltt\u00e4miseksi ja vaihdella injektiopaikkoja kudosvaurioiden est\u00e4miseksi.<\/p>\n<p>Yleisimm\u00e4t haittavaikutukset voivat sis\u00e4lt\u00e4\u00e4 liev\u00e4\u00e4 kipua injektiokohdassa, t\u00e4ytel\u00e4isyyden tunnetta peniksess\u00e4 tai liev\u00e4\u00e4 mustelmaa. Harvinaisia mutta vakavia haittavaikutuksia ovat pitkittynyt erektio (priapismi) tai peniksen fibroosi (arpituminen). Caverjectia ei tulisi k\u00e4ytt\u00e4\u00e4 useammin kuin kerran 24 tunnin aikana, eik\u00e4 enemp\u00e4\u00e4 kuin kolme kertaa viikossa.<\/p>\n","protected":false},"excerpt":{"rendered":"<ul>\n<li>Nopea ja luotettava erektiotuki<\/li>\n<li>Toimii, kun suun kautta otettavat tabletit ep\u00e4onnistuvat<\/li>\n<li>Paikallinen vaikutus, minimaalinen sivuvaikutus<\/li>\n<\/ul>\n","protected":false},"featured_media":771,"comment_status":"open","ping_status":"closed","template":"","meta":[],"product_brand":[],"product_cat":[96],"product_tag":[],"expert":[18],"class_list":{"0":"post-769","1":"product","2":"type-product","3":"status-publish","4":"has-post-thumbnail","6":"product_cat-erektiohairioiden-hoidot","7":"expert-dr-g-varbanov","9":"first","10":"instock","11":"shipping-taxable","12":"product-type-variable"},"yoast_head":"<!-- This site is optimized with the Yoast SEO plugin v27.0 - https:\/\/yoast.com\/product\/yoast-seo-wordpress\/ -->\n<title>Caverject (Alprostadil) | Nopea ratkaisu erektioh\u00e4iri\u00f6ihin - Transtoyou<\/title>\n<meta name=\"description\" content=\"Caverject (Alprostadil) hoitaa erektioh\u00e4iri\u00f6it\u00e4 tehokkaasti parantamalla verenkiertoa paikallisesti. Saatavilla Transtoyou, t\u00e4ydellinen suun kautta otettaville l\u00e4\u00e4kkeille reagoimattomille.\" \/>\n<meta name=\"robots\" content=\"noindex, follow, max-snippet:-1, max-image-preview:large, max-video-preview:-1\" \/>\n<meta property=\"og:locale\" content=\"fi_FI\" \/>\n<meta property=\"og:type\" content=\"article\" \/>\n<meta property=\"og:title\" content=\"Caverject (Alprostadil) | Nopea ratkaisu erektioh\u00e4iri\u00f6ihin - Transtoyou\" \/>\n<meta property=\"og:description\" content=\"Caverject (Alprostadil) hoitaa erektioh\u00e4iri\u00f6it\u00e4 tehokkaasti parantamalla verenkiertoa paikallisesti. Saatavilla Transtoyou, t\u00e4ydellinen suun kautta otettaville l\u00e4\u00e4kkeille reagoimattomille.\" \/>\n<meta property=\"og:url\" content=\"https:\/\/www.transtoyou.com\/fi\/product\/caverject-alprostadil\/\" \/>\n<meta property=\"og:site_name\" content=\"Transtoyou - FI\" \/>\n<meta property=\"article:modified_time\" content=\"2026-01-24T09:34:05+00:00\" \/>\n<meta name=\"twitter:card\" content=\"summary_large_image\" \/>\n<meta name=\"twitter:label1\" content=\"Arvioitu lukuaika\" \/>\n\t<meta name=\"twitter:data1\" content=\"1 minuutti\" \/>\n<script type=\"application\/ld+json\" class=\"yoast-schema-graph\">{\"@context\":\"https:\/\/schema.org\",\"@graph\":[{\"@type\":\"WebPage\",\"@id\":\"https:\/\/www.transtoyou.com\/fi\/product\/caverject-alprostadil\/\",\"url\":\"https:\/\/www.transtoyou.com\/fi\/product\/caverject-alprostadil\/\",\"name\":\"Caverject (Alprostadil) | Nopea ratkaisu erektioh\u00e4iri\u00f6ihin - Transtoyou\",\"isPartOf\":{\"@id\":\"https:\/\/www.transtoyou.com\/fi\/#website\"},\"primaryImageOfPage\":{\"@id\":\"https:\/\/www.transtoyou.com\/fi\/product\/caverject-alprostadil\/#primaryimage\"},\"image\":{\"@id\":\"https:\/\/www.transtoyou.com\/fi\/product\/caverject-alprostadil\/#primaryimage\"},\"thumbnailUrl\":\"https:\/\/www.transtoyou.com\/fi\/wp-content\/uploads\/sites\/16\/2026\/01\/tty-no-product-image-97.webp\",\"datePublished\":\"2026-01-24T09:32:53+00:00\",\"dateModified\":\"2026-01-24T09:34:05+00:00\",\"description\":\"Caverject (Alprostadil) hoitaa erektioh\u00e4iri\u00f6it\u00e4 tehokkaasti parantamalla verenkiertoa paikallisesti. Saatavilla Transtoyou, t\u00e4ydellinen suun kautta otettaville l\u00e4\u00e4kkeille reagoimattomille.\",\"breadcrumb\":{\"@id\":\"https:\/\/www.transtoyou.com\/fi\/product\/caverject-alprostadil\/#breadcrumb\"},\"inLanguage\":\"fi\",\"potentialAction\":[{\"@type\":\"ReadAction\",\"target\":[\"https:\/\/www.transtoyou.com\/fi\/product\/caverject-alprostadil\/\"]}]},{\"@type\":\"ImageObject\",\"inLanguage\":\"fi\",\"@id\":\"https:\/\/www.transtoyou.com\/fi\/product\/caverject-alprostadil\/#primaryimage\",\"url\":\"https:\/\/www.transtoyou.com\/fi\/wp-content\/uploads\/sites\/16\/2026\/01\/tty-no-product-image-97.webp\",\"contentUrl\":\"https:\/\/www.transtoyou.com\/fi\/wp-content\/uploads\/sites\/16\/2026\/01\/tty-no-product-image-97.webp\",\"width\":1000,\"height\":1000,\"caption\":\"Oletusarvoinen tuotekuva\"},{\"@type\":\"WebSite\",\"@id\":\"https:\/\/www.transtoyou.com\/fi\/#website\",\"url\":\"https:\/\/www.transtoyou.com\/fi\/\",\"name\":\"Transtoyou - FI\",\"description\":\"\",\"publisher\":{\"@id\":\"https:\/\/www.transtoyou.com\/fi\/#organization\"},\"potentialAction\":[{\"@type\":\"SearchAction\",\"target\":{\"@type\":\"EntryPoint\",\"urlTemplate\":\"https:\/\/www.transtoyou.com\/fi\/?s={search_term_string}\"},\"query-input\":{\"@type\":\"PropertyValueSpecification\",\"valueRequired\":true,\"valueName\":\"search_term_string\"}}],\"inLanguage\":\"fi\"},{\"@type\":\"Organization\",\"@id\":\"https:\/\/www.transtoyou.com\/fi\/#organization\",\"name\":\"Transtoyou - FI\",\"url\":\"https:\/\/www.transtoyou.com\/fi\/\",\"logo\":{\"@type\":\"ImageObject\",\"inLanguage\":\"fi\",\"@id\":\"https:\/\/www.transtoyou.com\/fi\/#\/schema\/logo\/image\/\",\"url\":\"https:\/\/www.transtoyou.com\/fi\/wp-content\/uploads\/sites\/16\/2026\/01\/logo-tty-menu-bar-300x87-1.webp\",\"contentUrl\":\"https:\/\/www.transtoyou.com\/fi\/wp-content\/uploads\/sites\/16\/2026\/01\/logo-tty-menu-bar-300x87-1.webp\",\"width\":300,\"height\":87,\"caption\":\"Transtoyou - FI\"},\"image\":{\"@id\":\"https:\/\/www.transtoyou.com\/fi\/#\/schema\/logo\/image\/\"}}]}<\/script>\n<!-- \/ Yoast SEO plugin. -->","yoast_head_json":{"title":"Caverject (Alprostadil) | Nopea ratkaisu erektioh\u00e4iri\u00f6ihin - Transtoyou","description":"Caverject (Alprostadil) hoitaa erektioh\u00e4iri\u00f6it\u00e4 tehokkaasti parantamalla verenkiertoa paikallisesti. Saatavilla Transtoyou, t\u00e4ydellinen suun kautta otettaville l\u00e4\u00e4kkeille reagoimattomille.","robots":{"index":"noindex","follow":"follow","max-snippet":"max-snippet:-1","max-image-preview":"max-image-preview:large","max-video-preview":"max-video-preview:-1"},"og_locale":"fi_FI","og_type":"article","og_title":"Caverject (Alprostadil) | Nopea ratkaisu erektioh\u00e4iri\u00f6ihin - Transtoyou","og_description":"Caverject (Alprostadil) hoitaa erektioh\u00e4iri\u00f6it\u00e4 tehokkaasti parantamalla verenkiertoa paikallisesti. Saatavilla Transtoyou, t\u00e4ydellinen suun kautta otettaville l\u00e4\u00e4kkeille reagoimattomille.","og_url":"https:\/\/www.transtoyou.com\/fi\/product\/caverject-alprostadil\/","og_site_name":"Transtoyou - FI","article_modified_time":"2026-01-24T09:34:05+00:00","twitter_card":"summary_large_image","twitter_misc":{"Arvioitu lukuaika":"1 minuutti"},"schema":{"@context":"https:\/\/schema.org","@graph":[{"@type":"WebPage","@id":"https:\/\/www.transtoyou.com\/fi\/product\/caverject-alprostadil\/","url":"https:\/\/www.transtoyou.com\/fi\/product\/caverject-alprostadil\/","name":"Caverject (Alprostadil) | Nopea ratkaisu erektioh\u00e4iri\u00f6ihin - Transtoyou","isPartOf":{"@id":"https:\/\/www.transtoyou.com\/fi\/#website"},"primaryImageOfPage":{"@id":"https:\/\/www.transtoyou.com\/fi\/product\/caverject-alprostadil\/#primaryimage"},"image":{"@id":"https:\/\/www.transtoyou.com\/fi\/product\/caverject-alprostadil\/#primaryimage"},"thumbnailUrl":"https:\/\/www.transtoyou.com\/fi\/wp-content\/uploads\/sites\/16\/2026\/01\/tty-no-product-image-97.webp","datePublished":"2026-01-24T09:32:53+00:00","dateModified":"2026-01-24T09:34:05+00:00","description":"Caverject (Alprostadil) hoitaa erektioh\u00e4iri\u00f6it\u00e4 tehokkaasti parantamalla verenkiertoa paikallisesti. Saatavilla Transtoyou, t\u00e4ydellinen suun kautta otettaville l\u00e4\u00e4kkeille reagoimattomille.","breadcrumb":{"@id":"https:\/\/www.transtoyou.com\/fi\/product\/caverject-alprostadil\/#breadcrumb"},"inLanguage":"fi","potentialAction":[{"@type":"ReadAction","target":["https:\/\/www.transtoyou.com\/fi\/product\/caverject-alprostadil\/"]}]},{"@type":"ImageObject","inLanguage":"fi","@id":"https:\/\/www.transtoyou.com\/fi\/product\/caverject-alprostadil\/#primaryimage","url":"https:\/\/www.transtoyou.com\/fi\/wp-content\/uploads\/sites\/16\/2026\/01\/tty-no-product-image-97.webp","contentUrl":"https:\/\/www.transtoyou.com\/fi\/wp-content\/uploads\/sites\/16\/2026\/01\/tty-no-product-image-97.webp","width":1000,"height":1000,"caption":"Oletusarvoinen tuotekuva"},{"@type":"WebSite","@id":"https:\/\/www.transtoyou.com\/fi\/#website","url":"https:\/\/www.transtoyou.com\/fi\/","name":"Transtoyou - FI","description":"","publisher":{"@id":"https:\/\/www.transtoyou.com\/fi\/#organization"},"potentialAction":[{"@type":"SearchAction","target":{"@type":"EntryPoint","urlTemplate":"https:\/\/www.transtoyou.com\/fi\/?s={search_term_string}"},"query-input":{"@type":"PropertyValueSpecification","valueRequired":true,"valueName":"search_term_string"}}],"inLanguage":"fi"},{"@type":"Organization","@id":"https:\/\/www.transtoyou.com\/fi\/#organization","name":"Transtoyou - FI","url":"https:\/\/www.transtoyou.com\/fi\/","logo":{"@type":"ImageObject","inLanguage":"fi","@id":"https:\/\/www.transtoyou.com\/fi\/#\/schema\/logo\/image\/","url":"https:\/\/www.transtoyou.com\/fi\/wp-content\/uploads\/sites\/16\/2026\/01\/logo-tty-menu-bar-300x87-1.webp","contentUrl":"https:\/\/www.transtoyou.com\/fi\/wp-content\/uploads\/sites\/16\/2026\/01\/logo-tty-menu-bar-300x87-1.webp","width":300,"height":87,"caption":"Transtoyou - FI"},"image":{"@id":"https:\/\/www.transtoyou.com\/fi\/#\/schema\/logo\/image\/"}}]}},"_links":{"self":[{"href":"https:\/\/www.transtoyou.com\/fi\/wp-json\/wp\/v2\/product\/769","targetHints":{"allow":["GET"]}}],"collection":[{"href":"https:\/\/www.transtoyou.com\/fi\/wp-json\/wp\/v2\/product"}],"about":[{"href":"https:\/\/www.transtoyou.com\/fi\/wp-json\/wp\/v2\/types\/product"}],"replies":[{"embeddable":true,"href":"https:\/\/www.transtoyou.com\/fi\/wp-json\/wp\/v2\/comments?post=769"}],"wp:featuredmedia":[{"embeddable":true,"href":"https:\/\/www.transtoyou.com\/fi\/wp-json\/wp\/v2\/media\/771"}],"wp:attachment":[{"href":"https:\/\/www.transtoyou.com\/fi\/wp-json\/wp\/v2\/media?parent=769"}],"wp:term":[{"taxonomy":"product_brand","embeddable":true,"href":"https:\/\/www.transtoyou.com\/fi\/wp-json\/wp\/v2\/product_brand?post=769"},{"taxonomy":"product_cat","embeddable":true,"href":"https:\/\/www.transtoyou.com\/fi\/wp-json\/wp\/v2\/product_cat?post=769"},{"taxonomy":"product_tag","embeddable":true,"href":"https:\/\/www.transtoyou.com\/fi\/wp-json\/wp\/v2\/product_tag?post=769"},{"taxonomy":"expert","embeddable":true,"href":"https:\/\/www.transtoyou.com\/fi\/wp-json\/wp\/v2\/expert?post=769"}],"curies":[{"name":"wp","href":"https:\/\/api.w.org\/{rel}","templated":true}]}}