{"id":777,"date":"2026-01-24T10:22:03","date_gmt":"2026-01-24T10:22:03","guid":{"rendered":"https:\/\/www.transtoyou.com\/fi\/product\/primolut-n\/"},"modified":"2026-03-01T12:15:12","modified_gmt":"2026-03-01T12:15:12","slug":"primolut-n","status":"publish","type":"product","link":"https:\/\/www.transtoyou.com\/fi\/product\/primolut-n\/","title":{"rendered":"Primolut N"},"content":{"rendered":"<p>Primolut N on tabletti, joka sis\u00e4lt\u00e4\u00e4 norethisteronia, synteettist\u00e4 progestogeeni\u00e4, jota k\u00e4ytet\u00e4\u00e4n kuukautiskierron hallintaan ja manipulointiin. Sit\u00e4 m\u00e4\u00e4r\u00e4t\u00e4\u00e4n yleisesti kuukautisten viiv\u00e4stytt\u00e4miseen lyhytaikaisista syist\u00e4, kuten matkustamisesta, urheilusta tai erityistapahtumista, ja sit\u00e4 k\u00e4ytet\u00e4\u00e4n my\u00f6s kuukautisten tukahduttamiseen ep\u00e4s\u00e4\u00e4nn\u00f6llisiss\u00e4, runsasverisiss\u00e4 tai kivuliaissa kuukautisissa.<\/p>\n<p>Primolut N toimii yll\u00e4pit\u00e4m\u00e4ll\u00e4 korkeita progestogeeni-tasoja kehossa, mik\u00e4 est\u00e4\u00e4 hormonaalisen laskun, joka normaalisti laukaisee kuukautiset. Kun tabletit lopetetaan, hormonitasot laskevat ja vieroitusvuoto tapahtuu, mik\u00e4 on samanlaista kuin luonnollinen kuukautisvuoto. T\u00e4m\u00e4 mekanismi mahdollistaa k\u00e4ytt\u00e4jien hallita, milloin heid\u00e4n kuukautisensa alkaa.<\/p>\n<p>Primolut N sopii henkil\u00f6ille, jotka suosivat lyhytaikaista ja estrogeenitonta tapaa hallita kuukautiskiertoaan. Sit\u00e4 aloitetaan yleens\u00e4 muutama p\u00e4iv\u00e4 ennen odotettuja kuukautisia ja sit\u00e4 otetaan niin kauan kuin viiv\u00e4styst\u00e4 halutaan. L\u00e4\u00e4kinn\u00e4llisiin tarkoituksiin sit\u00e4 voidaan my\u00f6s k\u00e4ytt\u00e4\u00e4 pidemmiss\u00e4 hoito-ohjelmissa l\u00e4\u00e4k\u00e4rin valvonnassa.<\/p>\n<p>Tabletti on helppok\u00e4ytt\u00f6inen ja suurin osa siet\u00e4\u00e4 sit\u00e4 hyvin. Se ei tarjoa ehk\u00e4isy\u00e4, joten lis\u00e4suojausta tarvitaan, jos raskauden v\u00e4ltt\u00e4minen on my\u00f6s huolenaihe. Kun k\u00e4ytt\u00f6 lopetetaan, luonnollinen kierto yleens\u00e4 palautuu nopeasti.<\/p>\n","protected":false},"excerpt":{"rendered":"<ul>\n<li>Viiv\u00e4stytt\u00e4\u00e4 kuukautisia<\/li>\n<li>Pelkk\u00e4 progesteronitabletti<\/li>\n<li>Sopii lyhytaikaiseen k\u00e4ytt\u00f6\u00f6n<\/li>\n<\/ul>\n","protected":false},"featured_media":779,"comment_status":"open","ping_status":"closed","template":"","meta":[],"product_brand":[],"product_cat":[130,129],"product_tag":[],"expert":[21],"class_list":{"0":"post-777","1":"product","2":"type-product","3":"status-publish","4":"has-post-thumbnail","6":"product_cat-menstruation-viivastys","7":"product_cat-menstruationin-estaminen","8":"expert-dr-m-sharoyko","10":"first","11":"instock","12":"shipping-taxable","13":"product-type-variable"},"yoast_head":"<!-- This site is optimized with the Yoast SEO plugin v27.0 - https:\/\/yoast.com\/product\/yoast-seo-wordpress\/ -->\n<title>Primolut N | Hormonitasapainon Tuki - Transtoyou<\/title>\n<meta name=\"description\" content=\"L\u00f6yd\u00e4 Primolut N Transtoyousta, nyt saatavilla. Hallitse kuukautiskiertoasi luotettavasti. Osta t\u00e4n\u00e4\u00e4n huoletta!\" \/>\n<meta name=\"robots\" content=\"noindex, follow, max-snippet:-1, max-image-preview:large, max-video-preview:-1\" \/>\n<meta property=\"og:locale\" content=\"fi_FI\" \/>\n<meta property=\"og:type\" content=\"article\" \/>\n<meta property=\"og:title\" content=\"Primolut N | Hormonitasapainon Tuki - Transtoyou\" \/>\n<meta property=\"og:description\" content=\"L\u00f6yd\u00e4 Primolut N Transtoyousta, nyt saatavilla. Hallitse kuukautiskiertoasi luotettavasti. Osta t\u00e4n\u00e4\u00e4n huoletta!\" \/>\n<meta property=\"og:url\" content=\"https:\/\/www.transtoyou.com\/fi\/product\/primolut-n\/\" \/>\n<meta property=\"og:site_name\" content=\"Transtoyou - FI\" \/>\n<meta property=\"article:modified_time\" content=\"2026-03-01T12:15:12+00:00\" \/>\n<meta name=\"twitter:card\" content=\"summary_large_image\" \/>\n<meta name=\"twitter:label1\" content=\"Arvioitu lukuaika\" \/>\n\t<meta name=\"twitter:data1\" content=\"1 minuutti\" \/>\n<script type=\"application\/ld+json\" class=\"yoast-schema-graph\">{\"@context\":\"https:\/\/schema.org\",\"@graph\":[{\"@type\":\"WebPage\",\"@id\":\"https:\/\/www.transtoyou.com\/fi\/product\/primolut-n\/\",\"url\":\"https:\/\/www.transtoyou.com\/fi\/product\/primolut-n\/\",\"name\":\"Primolut N | Hormonitasapainon Tuki - Transtoyou\",\"isPartOf\":{\"@id\":\"https:\/\/www.transtoyou.com\/fi\/#website\"},\"primaryImageOfPage\":{\"@id\":\"https:\/\/www.transtoyou.com\/fi\/product\/primolut-n\/#primaryimage\"},\"image\":{\"@id\":\"https:\/\/www.transtoyou.com\/fi\/product\/primolut-n\/#primaryimage\"},\"thumbnailUrl\":\"https:\/\/www.transtoyou.com\/fi\/wp-content\/uploads\/sites\/16\/2026\/01\/tty-no-product-image-100.webp\",\"datePublished\":\"2026-01-24T10:22:03+00:00\",\"dateModified\":\"2026-03-01T12:15:12+00:00\",\"description\":\"L\u00f6yd\u00e4 Primolut N Transtoyousta, nyt saatavilla. Hallitse kuukautiskiertoasi luotettavasti. Osta t\u00e4n\u00e4\u00e4n huoletta!\",\"breadcrumb\":{\"@id\":\"https:\/\/www.transtoyou.com\/fi\/product\/primolut-n\/#breadcrumb\"},\"inLanguage\":\"fi\",\"potentialAction\":[{\"@type\":\"ReadAction\",\"target\":[\"https:\/\/www.transtoyou.com\/fi\/product\/primolut-n\/\"]}]},{\"@type\":\"ImageObject\",\"inLanguage\":\"fi\",\"@id\":\"https:\/\/www.transtoyou.com\/fi\/product\/primolut-n\/#primaryimage\",\"url\":\"https:\/\/www.transtoyou.com\/fi\/wp-content\/uploads\/sites\/16\/2026\/01\/tty-no-product-image-100.webp\",\"contentUrl\":\"https:\/\/www.transtoyou.com\/fi\/wp-content\/uploads\/sites\/16\/2026\/01\/tty-no-product-image-100.webp\",\"width\":1000,\"height\":1000,\"caption\":\"Oletusarvoinen tuotekuva\"},{\"@type\":\"WebSite\",\"@id\":\"https:\/\/www.transtoyou.com\/fi\/#website\",\"url\":\"https:\/\/www.transtoyou.com\/fi\/\",\"name\":\"Transtoyou - FI\",\"description\":\"\",\"publisher\":{\"@id\":\"https:\/\/www.transtoyou.com\/fi\/#organization\"},\"potentialAction\":[{\"@type\":\"SearchAction\",\"target\":{\"@type\":\"EntryPoint\",\"urlTemplate\":\"https:\/\/www.transtoyou.com\/fi\/?s={search_term_string}\"},\"query-input\":{\"@type\":\"PropertyValueSpecification\",\"valueRequired\":true,\"valueName\":\"search_term_string\"}}],\"inLanguage\":\"fi\"},{\"@type\":\"Organization\",\"@id\":\"https:\/\/www.transtoyou.com\/fi\/#organization\",\"name\":\"Transtoyou - FI\",\"url\":\"https:\/\/www.transtoyou.com\/fi\/\",\"logo\":{\"@type\":\"ImageObject\",\"inLanguage\":\"fi\",\"@id\":\"https:\/\/www.transtoyou.com\/fi\/#\/schema\/logo\/image\/\",\"url\":\"https:\/\/www.transtoyou.com\/fi\/wp-content\/uploads\/sites\/16\/2026\/01\/logo-tty-menu-bar-300x87-1.webp\",\"contentUrl\":\"https:\/\/www.transtoyou.com\/fi\/wp-content\/uploads\/sites\/16\/2026\/01\/logo-tty-menu-bar-300x87-1.webp\",\"width\":300,\"height\":87,\"caption\":\"Transtoyou - FI\"},\"image\":{\"@id\":\"https:\/\/www.transtoyou.com\/fi\/#\/schema\/logo\/image\/\"}}]}<\/script>\n<!-- \/ Yoast SEO plugin. -->","yoast_head_json":{"title":"Primolut N | Hormonitasapainon Tuki - Transtoyou","description":"L\u00f6yd\u00e4 Primolut N Transtoyousta, nyt saatavilla. Hallitse kuukautiskiertoasi luotettavasti. Osta t\u00e4n\u00e4\u00e4n huoletta!","robots":{"index":"noindex","follow":"follow","max-snippet":"max-snippet:-1","max-image-preview":"max-image-preview:large","max-video-preview":"max-video-preview:-1"},"og_locale":"fi_FI","og_type":"article","og_title":"Primolut N | Hormonitasapainon Tuki - Transtoyou","og_description":"L\u00f6yd\u00e4 Primolut N Transtoyousta, nyt saatavilla. Hallitse kuukautiskiertoasi luotettavasti. Osta t\u00e4n\u00e4\u00e4n huoletta!","og_url":"https:\/\/www.transtoyou.com\/fi\/product\/primolut-n\/","og_site_name":"Transtoyou - FI","article_modified_time":"2026-03-01T12:15:12+00:00","twitter_card":"summary_large_image","twitter_misc":{"Arvioitu lukuaika":"1 minuutti"},"schema":{"@context":"https:\/\/schema.org","@graph":[{"@type":"WebPage","@id":"https:\/\/www.transtoyou.com\/fi\/product\/primolut-n\/","url":"https:\/\/www.transtoyou.com\/fi\/product\/primolut-n\/","name":"Primolut N | Hormonitasapainon Tuki - Transtoyou","isPartOf":{"@id":"https:\/\/www.transtoyou.com\/fi\/#website"},"primaryImageOfPage":{"@id":"https:\/\/www.transtoyou.com\/fi\/product\/primolut-n\/#primaryimage"},"image":{"@id":"https:\/\/www.transtoyou.com\/fi\/product\/primolut-n\/#primaryimage"},"thumbnailUrl":"https:\/\/www.transtoyou.com\/fi\/wp-content\/uploads\/sites\/16\/2026\/01\/tty-no-product-image-100.webp","datePublished":"2026-01-24T10:22:03+00:00","dateModified":"2026-03-01T12:15:12+00:00","description":"L\u00f6yd\u00e4 Primolut N Transtoyousta, nyt saatavilla. Hallitse kuukautiskiertoasi luotettavasti. Osta t\u00e4n\u00e4\u00e4n huoletta!","breadcrumb":{"@id":"https:\/\/www.transtoyou.com\/fi\/product\/primolut-n\/#breadcrumb"},"inLanguage":"fi","potentialAction":[{"@type":"ReadAction","target":["https:\/\/www.transtoyou.com\/fi\/product\/primolut-n\/"]}]},{"@type":"ImageObject","inLanguage":"fi","@id":"https:\/\/www.transtoyou.com\/fi\/product\/primolut-n\/#primaryimage","url":"https:\/\/www.transtoyou.com\/fi\/wp-content\/uploads\/sites\/16\/2026\/01\/tty-no-product-image-100.webp","contentUrl":"https:\/\/www.transtoyou.com\/fi\/wp-content\/uploads\/sites\/16\/2026\/01\/tty-no-product-image-100.webp","width":1000,"height":1000,"caption":"Oletusarvoinen tuotekuva"},{"@type":"WebSite","@id":"https:\/\/www.transtoyou.com\/fi\/#website","url":"https:\/\/www.transtoyou.com\/fi\/","name":"Transtoyou - FI","description":"","publisher":{"@id":"https:\/\/www.transtoyou.com\/fi\/#organization"},"potentialAction":[{"@type":"SearchAction","target":{"@type":"EntryPoint","urlTemplate":"https:\/\/www.transtoyou.com\/fi\/?s={search_term_string}"},"query-input":{"@type":"PropertyValueSpecification","valueRequired":true,"valueName":"search_term_string"}}],"inLanguage":"fi"},{"@type":"Organization","@id":"https:\/\/www.transtoyou.com\/fi\/#organization","name":"Transtoyou - FI","url":"https:\/\/www.transtoyou.com\/fi\/","logo":{"@type":"ImageObject","inLanguage":"fi","@id":"https:\/\/www.transtoyou.com\/fi\/#\/schema\/logo\/image\/","url":"https:\/\/www.transtoyou.com\/fi\/wp-content\/uploads\/sites\/16\/2026\/01\/logo-tty-menu-bar-300x87-1.webp","contentUrl":"https:\/\/www.transtoyou.com\/fi\/wp-content\/uploads\/sites\/16\/2026\/01\/logo-tty-menu-bar-300x87-1.webp","width":300,"height":87,"caption":"Transtoyou - FI"},"image":{"@id":"https:\/\/www.transtoyou.com\/fi\/#\/schema\/logo\/image\/"}}]}},"_links":{"self":[{"href":"https:\/\/www.transtoyou.com\/fi\/wp-json\/wp\/v2\/product\/777","targetHints":{"allow":["GET"]}}],"collection":[{"href":"https:\/\/www.transtoyou.com\/fi\/wp-json\/wp\/v2\/product"}],"about":[{"href":"https:\/\/www.transtoyou.com\/fi\/wp-json\/wp\/v2\/types\/product"}],"replies":[{"embeddable":true,"href":"https:\/\/www.transtoyou.com\/fi\/wp-json\/wp\/v2\/comments?post=777"}],"wp:featuredmedia":[{"embeddable":true,"href":"https:\/\/www.transtoyou.com\/fi\/wp-json\/wp\/v2\/media\/779"}],"wp:attachment":[{"href":"https:\/\/www.transtoyou.com\/fi\/wp-json\/wp\/v2\/media?parent=777"}],"wp:term":[{"taxonomy":"product_brand","embeddable":true,"href":"https:\/\/www.transtoyou.com\/fi\/wp-json\/wp\/v2\/product_brand?post=777"},{"taxonomy":"product_cat","embeddable":true,"href":"https:\/\/www.transtoyou.com\/fi\/wp-json\/wp\/v2\/product_cat?post=777"},{"taxonomy":"product_tag","embeddable":true,"href":"https:\/\/www.transtoyou.com\/fi\/wp-json\/wp\/v2\/product_tag?post=777"},{"taxonomy":"expert","embeddable":true,"href":"https:\/\/www.transtoyou.com\/fi\/wp-json\/wp\/v2\/expert?post=777"}],"curies":[{"name":"wp","href":"https:\/\/api.w.org\/{rel}","templated":true}]}}