{"id":780,"date":"2026-01-24T10:35:41","date_gmt":"2026-01-24T10:35:41","guid":{"rendered":"https:\/\/www.transtoyou.com\/fi\/product\/cerazette\/"},"modified":"2026-01-24T10:36:41","modified_gmt":"2026-01-24T10:36:41","slug":"cerazette","status":"publish","type":"product","link":"https:\/\/www.transtoyou.com\/fi\/product\/cerazette\/","title":{"rendered":"Cerazette"},"content":{"rendered":"<p>Cerazette on progestiinipohjainen suun kautta otettava ehk\u00e4isyvalmiste, joka tunnetaan my\u00f6s nimell\u00e4 mini-pilleri. Se sis\u00e4lt\u00e4\u00e4 desogestreeli\u00e4, joka est\u00e4\u00e4 raskautta est\u00e4m\u00e4ll\u00e4 ovulaation, paksuntamalla kohdunkaulan limaa ja muuttamalla kohdun limakalvoa v\u00e4hent\u00e4\u00e4kseen kiinnittymisen todenn\u00e4k\u00f6isyytt\u00e4. Toisin kuin yhdistelm\u00e4pillerit, Cerazette ei sis\u00e4ll\u00e4 estrogeenia, mik\u00e4 tekee siit\u00e4 sopivan henkil\u00f6ille, jotka ovat herkki\u00e4 tai joilla on vasta-aiheita estrogeenia sis\u00e4lt\u00e4v\u00e4lle ehk\u00e4isylle.<\/p>\n<p>Ehk\u00e4isyvaikutustensa lis\u00e4ksi Cerazettea k\u00e4ytet\u00e4\u00e4n usein kuukautisten tukahduttamiseen. Monet k\u00e4ytt\u00e4j\u00e4t kokevat kevyempi\u00e4 kuukautisia, ep\u00e4s\u00e4\u00e4nn\u00f6llist\u00e4 vuotoa tai amenorreaa (kuukautisten puuttumista) k\u00e4ytt\u00e4ess\u00e4\u00e4n Cerazettea. T\u00e4m\u00e4 voi olla hy\u00f6dyllist\u00e4 henkil\u00f6ille, joilla on runsaat tai kivuliaat kuukautiset tai jotka etsiv\u00e4t pitk\u00e4aikaista kuukautiskontrollia.<\/p>\n<p>Cerazette otetaan kerran p\u00e4iv\u00e4ss\u00e4 samaan aikaan joka p\u00e4iv\u00e4 ilman taukoja pakkausten v\u00e4lill\u00e4. On t\u00e4rke\u00e4\u00e4 pit\u00e4\u00e4 kiinni s\u00e4\u00e4nn\u00f6llisest\u00e4 ajasta, sill\u00e4 yli 12 tunnin annoksen unohtaminen voi v\u00e4hent\u00e4\u00e4 ehk\u00e4isytehoa. Ehk\u00e4isy suoja alkaa 48 tuntia ensimm\u00e4isen tabletin ottamisen j\u00e4lkeen (jos ei oteta kuukautiskierron ensimm\u00e4isen\u00e4 p\u00e4iv\u00e4n\u00e4), ja Cerazettea pidet\u00e4\u00e4n turvallisena k\u00e4ytett\u00e4v\u00e4ksi imetyksen aikana.<\/p>\n<p>Cerazette tarjoaa yksinkertaisen, estrogeenittoman vaihtoehdon luotettavalle ehk\u00e4isylle ja kuukautisten tukahduttamiselle p\u00e4ivitt\u00e4isen tabletin k\u00e4tevyyden avulla.<\/p>\n","protected":false},"excerpt":{"rendered":"<ul>\n<li>Progestogeeniin perustuva p\u00e4ivitt\u00e4inen ehk\u00e4isyvalmiste<\/li>\n<li>Sopii estrogeenille herkille k\u00e4ytt\u00e4jille<\/li>\n<li>Auttaa tukahduttamaan kuukautiset<\/li>\n<\/ul>\n","protected":false},"featured_media":782,"comment_status":"open","ping_status":"closed","template":"","meta":[],"product_brand":[],"product_cat":[129,133],"product_tag":[],"expert":[21],"class_list":{"0":"post-780","1":"product","2":"type-product","3":"status-publish","4":"has-post-thumbnail","6":"product_cat-menstruationin-estaminen","7":"product_cat-mini-pilleri","8":"expert-dr-m-sharoyko","10":"first","11":"instock","12":"shipping-taxable","13":"product-type-variable"},"yoast_head":"<!-- This site is optimized with the Yoast SEO plugin v27.0 - https:\/\/yoast.com\/product\/yoast-seo-wordpress\/ -->\n<title>Cerazette | Tehokas ehk\u00e4isyratkaisu - Transtoyou<\/title>\n<meta name=\"description\" content=\"Tutustu Cerazetteen, saatavilla Transtoyousta. Hy\u00f6dynn\u00e4 luotettavaa ehk\u00e4isy suojaa. Osta nyt k\u00e4tev\u00e4sti luotettaviin terveydenhuoltoratkaisuihin.\" \/>\n<meta name=\"robots\" content=\"noindex, follow, max-snippet:-1, max-image-preview:large, max-video-preview:-1\" \/>\n<meta property=\"og:locale\" content=\"fi_FI\" \/>\n<meta property=\"og:type\" content=\"article\" \/>\n<meta property=\"og:title\" content=\"Cerazette | Tehokas ehk\u00e4isyratkaisu - Transtoyou\" \/>\n<meta property=\"og:description\" content=\"Tutustu Cerazetteen, saatavilla Transtoyousta. Hy\u00f6dynn\u00e4 luotettavaa ehk\u00e4isy suojaa. Osta nyt k\u00e4tev\u00e4sti luotettaviin terveydenhuoltoratkaisuihin.\" \/>\n<meta property=\"og:url\" content=\"https:\/\/www.transtoyou.com\/fi\/product\/cerazette\/\" \/>\n<meta property=\"og:site_name\" content=\"Transtoyou - FI\" \/>\n<meta property=\"article:modified_time\" content=\"2026-01-24T10:36:41+00:00\" \/>\n<meta name=\"twitter:card\" content=\"summary_large_image\" \/>\n<meta name=\"twitter:label1\" content=\"Arvioitu lukuaika\" \/>\n\t<meta name=\"twitter:data1\" content=\"1 minuutti\" \/>\n<script type=\"application\/ld+json\" class=\"yoast-schema-graph\">{\"@context\":\"https:\/\/schema.org\",\"@graph\":[{\"@type\":\"WebPage\",\"@id\":\"https:\/\/www.transtoyou.com\/fi\/product\/cerazette\/\",\"url\":\"https:\/\/www.transtoyou.com\/fi\/product\/cerazette\/\",\"name\":\"Cerazette | Tehokas ehk\u00e4isyratkaisu - Transtoyou\",\"isPartOf\":{\"@id\":\"https:\/\/www.transtoyou.com\/fi\/#website\"},\"primaryImageOfPage\":{\"@id\":\"https:\/\/www.transtoyou.com\/fi\/product\/cerazette\/#primaryimage\"},\"image\":{\"@id\":\"https:\/\/www.transtoyou.com\/fi\/product\/cerazette\/#primaryimage\"},\"thumbnailUrl\":\"https:\/\/www.transtoyou.com\/fi\/wp-content\/uploads\/sites\/16\/2026\/01\/tty-no-product-image-101.webp\",\"datePublished\":\"2026-01-24T10:35:41+00:00\",\"dateModified\":\"2026-01-24T10:36:41+00:00\",\"description\":\"Tutustu Cerazetteen, saatavilla Transtoyousta. Hy\u00f6dynn\u00e4 luotettavaa ehk\u00e4isy suojaa. Osta nyt k\u00e4tev\u00e4sti luotettaviin terveydenhuoltoratkaisuihin.\",\"breadcrumb\":{\"@id\":\"https:\/\/www.transtoyou.com\/fi\/product\/cerazette\/#breadcrumb\"},\"inLanguage\":\"fi\",\"potentialAction\":[{\"@type\":\"ReadAction\",\"target\":[\"https:\/\/www.transtoyou.com\/fi\/product\/cerazette\/\"]}]},{\"@type\":\"ImageObject\",\"inLanguage\":\"fi\",\"@id\":\"https:\/\/www.transtoyou.com\/fi\/product\/cerazette\/#primaryimage\",\"url\":\"https:\/\/www.transtoyou.com\/fi\/wp-content\/uploads\/sites\/16\/2026\/01\/tty-no-product-image-101.webp\",\"contentUrl\":\"https:\/\/www.transtoyou.com\/fi\/wp-content\/uploads\/sites\/16\/2026\/01\/tty-no-product-image-101.webp\",\"width\":1000,\"height\":1000,\"caption\":\"Oletusarvoinen tuotekuva\"},{\"@type\":\"WebSite\",\"@id\":\"https:\/\/www.transtoyou.com\/fi\/#website\",\"url\":\"https:\/\/www.transtoyou.com\/fi\/\",\"name\":\"Transtoyou - FI\",\"description\":\"\",\"publisher\":{\"@id\":\"https:\/\/www.transtoyou.com\/fi\/#organization\"},\"potentialAction\":[{\"@type\":\"SearchAction\",\"target\":{\"@type\":\"EntryPoint\",\"urlTemplate\":\"https:\/\/www.transtoyou.com\/fi\/?s={search_term_string}\"},\"query-input\":{\"@type\":\"PropertyValueSpecification\",\"valueRequired\":true,\"valueName\":\"search_term_string\"}}],\"inLanguage\":\"fi\"},{\"@type\":\"Organization\",\"@id\":\"https:\/\/www.transtoyou.com\/fi\/#organization\",\"name\":\"Transtoyou - FI\",\"url\":\"https:\/\/www.transtoyou.com\/fi\/\",\"logo\":{\"@type\":\"ImageObject\",\"inLanguage\":\"fi\",\"@id\":\"https:\/\/www.transtoyou.com\/fi\/#\/schema\/logo\/image\/\",\"url\":\"https:\/\/www.transtoyou.com\/fi\/wp-content\/uploads\/sites\/16\/2026\/01\/logo-tty-menu-bar-300x87-1.webp\",\"contentUrl\":\"https:\/\/www.transtoyou.com\/fi\/wp-content\/uploads\/sites\/16\/2026\/01\/logo-tty-menu-bar-300x87-1.webp\",\"width\":300,\"height\":87,\"caption\":\"Transtoyou - FI\"},\"image\":{\"@id\":\"https:\/\/www.transtoyou.com\/fi\/#\/schema\/logo\/image\/\"}}]}<\/script>\n<!-- \/ Yoast SEO plugin. -->","yoast_head_json":{"title":"Cerazette | Tehokas ehk\u00e4isyratkaisu - Transtoyou","description":"Tutustu Cerazetteen, saatavilla Transtoyousta. Hy\u00f6dynn\u00e4 luotettavaa ehk\u00e4isy suojaa. Osta nyt k\u00e4tev\u00e4sti luotettaviin terveydenhuoltoratkaisuihin.","robots":{"index":"noindex","follow":"follow","max-snippet":"max-snippet:-1","max-image-preview":"max-image-preview:large","max-video-preview":"max-video-preview:-1"},"og_locale":"fi_FI","og_type":"article","og_title":"Cerazette | Tehokas ehk\u00e4isyratkaisu - Transtoyou","og_description":"Tutustu Cerazetteen, saatavilla Transtoyousta. Hy\u00f6dynn\u00e4 luotettavaa ehk\u00e4isy suojaa. Osta nyt k\u00e4tev\u00e4sti luotettaviin terveydenhuoltoratkaisuihin.","og_url":"https:\/\/www.transtoyou.com\/fi\/product\/cerazette\/","og_site_name":"Transtoyou - FI","article_modified_time":"2026-01-24T10:36:41+00:00","twitter_card":"summary_large_image","twitter_misc":{"Arvioitu lukuaika":"1 minuutti"},"schema":{"@context":"https:\/\/schema.org","@graph":[{"@type":"WebPage","@id":"https:\/\/www.transtoyou.com\/fi\/product\/cerazette\/","url":"https:\/\/www.transtoyou.com\/fi\/product\/cerazette\/","name":"Cerazette | Tehokas ehk\u00e4isyratkaisu - Transtoyou","isPartOf":{"@id":"https:\/\/www.transtoyou.com\/fi\/#website"},"primaryImageOfPage":{"@id":"https:\/\/www.transtoyou.com\/fi\/product\/cerazette\/#primaryimage"},"image":{"@id":"https:\/\/www.transtoyou.com\/fi\/product\/cerazette\/#primaryimage"},"thumbnailUrl":"https:\/\/www.transtoyou.com\/fi\/wp-content\/uploads\/sites\/16\/2026\/01\/tty-no-product-image-101.webp","datePublished":"2026-01-24T10:35:41+00:00","dateModified":"2026-01-24T10:36:41+00:00","description":"Tutustu Cerazetteen, saatavilla Transtoyousta. Hy\u00f6dynn\u00e4 luotettavaa ehk\u00e4isy suojaa. Osta nyt k\u00e4tev\u00e4sti luotettaviin terveydenhuoltoratkaisuihin.","breadcrumb":{"@id":"https:\/\/www.transtoyou.com\/fi\/product\/cerazette\/#breadcrumb"},"inLanguage":"fi","potentialAction":[{"@type":"ReadAction","target":["https:\/\/www.transtoyou.com\/fi\/product\/cerazette\/"]}]},{"@type":"ImageObject","inLanguage":"fi","@id":"https:\/\/www.transtoyou.com\/fi\/product\/cerazette\/#primaryimage","url":"https:\/\/www.transtoyou.com\/fi\/wp-content\/uploads\/sites\/16\/2026\/01\/tty-no-product-image-101.webp","contentUrl":"https:\/\/www.transtoyou.com\/fi\/wp-content\/uploads\/sites\/16\/2026\/01\/tty-no-product-image-101.webp","width":1000,"height":1000,"caption":"Oletusarvoinen tuotekuva"},{"@type":"WebSite","@id":"https:\/\/www.transtoyou.com\/fi\/#website","url":"https:\/\/www.transtoyou.com\/fi\/","name":"Transtoyou - FI","description":"","publisher":{"@id":"https:\/\/www.transtoyou.com\/fi\/#organization"},"potentialAction":[{"@type":"SearchAction","target":{"@type":"EntryPoint","urlTemplate":"https:\/\/www.transtoyou.com\/fi\/?s={search_term_string}"},"query-input":{"@type":"PropertyValueSpecification","valueRequired":true,"valueName":"search_term_string"}}],"inLanguage":"fi"},{"@type":"Organization","@id":"https:\/\/www.transtoyou.com\/fi\/#organization","name":"Transtoyou - FI","url":"https:\/\/www.transtoyou.com\/fi\/","logo":{"@type":"ImageObject","inLanguage":"fi","@id":"https:\/\/www.transtoyou.com\/fi\/#\/schema\/logo\/image\/","url":"https:\/\/www.transtoyou.com\/fi\/wp-content\/uploads\/sites\/16\/2026\/01\/logo-tty-menu-bar-300x87-1.webp","contentUrl":"https:\/\/www.transtoyou.com\/fi\/wp-content\/uploads\/sites\/16\/2026\/01\/logo-tty-menu-bar-300x87-1.webp","width":300,"height":87,"caption":"Transtoyou - FI"},"image":{"@id":"https:\/\/www.transtoyou.com\/fi\/#\/schema\/logo\/image\/"}}]}},"_links":{"self":[{"href":"https:\/\/www.transtoyou.com\/fi\/wp-json\/wp\/v2\/product\/780","targetHints":{"allow":["GET"]}}],"collection":[{"href":"https:\/\/www.transtoyou.com\/fi\/wp-json\/wp\/v2\/product"}],"about":[{"href":"https:\/\/www.transtoyou.com\/fi\/wp-json\/wp\/v2\/types\/product"}],"replies":[{"embeddable":true,"href":"https:\/\/www.transtoyou.com\/fi\/wp-json\/wp\/v2\/comments?post=780"}],"wp:featuredmedia":[{"embeddable":true,"href":"https:\/\/www.transtoyou.com\/fi\/wp-json\/wp\/v2\/media\/782"}],"wp:attachment":[{"href":"https:\/\/www.transtoyou.com\/fi\/wp-json\/wp\/v2\/media?parent=780"}],"wp:term":[{"taxonomy":"product_brand","embeddable":true,"href":"https:\/\/www.transtoyou.com\/fi\/wp-json\/wp\/v2\/product_brand?post=780"},{"taxonomy":"product_cat","embeddable":true,"href":"https:\/\/www.transtoyou.com\/fi\/wp-json\/wp\/v2\/product_cat?post=780"},{"taxonomy":"product_tag","embeddable":true,"href":"https:\/\/www.transtoyou.com\/fi\/wp-json\/wp\/v2\/product_tag?post=780"},{"taxonomy":"expert","embeddable":true,"href":"https:\/\/www.transtoyou.com\/fi\/wp-json\/wp\/v2\/expert?post=780"}],"curies":[{"name":"wp","href":"https:\/\/api.w.org\/{rel}","templated":true}]}}