{"id":786,"date":"2026-01-24T17:41:47","date_gmt":"2026-01-24T17:41:47","guid":{"rendered":"https:\/\/www.transtoyou.com\/fi\/product\/evista\/"},"modified":"2026-01-24T17:43:02","modified_gmt":"2026-01-24T17:43:02","slug":"evista","status":"publish","type":"product","link":"https:\/\/www.transtoyou.com\/fi\/product\/evista\/","title":{"rendered":"Evista"},"content":{"rendered":"<p>Evista on l\u00e4\u00e4kitys, jota k\u00e4ytet\u00e4\u00e4n osteoporoosin ehk\u00e4isyyn ja hoitoon vaihdevuosi-ik\u00e4isill\u00e4 naisilla. Se sis\u00e4lt\u00e4\u00e4 raloksifeeni\u00e4, joka kuuluu selektiivisten estrogeenireseptori-modulaattoreiden (SERM) l\u00e4\u00e4keryhm\u00e4\u00e4n. Toisin kuin estrogeeni, Evista j\u00e4ljittelee sen suojaavia vaikutuksia luihin ilman, ett\u00e4 se stimuloi rinta- tai kohdun kudosta. T\u00e4m\u00e4 tekee siit\u00e4 arvokkaan hoitovaihtoehdon naisille, jotka tarvitsevat tukea luustolle, mutta eiv\u00e4t vaadi t\u00e4ydellist\u00e4 hormonikorvaushoitoa.<\/p>\n<p>Osteoporoosi aiheuttaa luiden ohentumista, heikentymist\u00e4 ja lis\u00e4\u00e4 murtumariski\u00e4. Evista auttaa v\u00e4hent\u00e4m\u00e4\u00e4n selk\u00e4rankamurtumien riski\u00e4 hidastamalla luun hajoamista ja auttamalla kehoa yll\u00e4pit\u00e4m\u00e4\u00e4n tai palauttamaan luuntiheytt\u00e4. Vaikka sit\u00e4 ei k\u00e4ytet\u00e4 vaihdevuosioireiden, kuten kuumien aaltojen, hoitoon, se tarjoaa pitk\u00e4aikaista tukea luuston terveydelle naisille, jotka eiv\u00e4t en\u00e4\u00e4 tuota luonnollista estrogeenia.<\/p>\n<p>P\u00e4ivitt\u00e4isen\u00e4 tablettina otettuna Evista on usein osa laajempaa luuston terveyden suunnitelmaa, joka sis\u00e4lt\u00e4\u00e4 riitt\u00e4v\u00e4n kalsiumin ja D-vitamiinin saannin. Sen kerran p\u00e4iv\u00e4ss\u00e4 otettava annostus ja ei-hormonaalinen vaikutus tekev\u00e4t siit\u00e4 k\u00e4tev\u00e4n ja hyvin siedetyn vaihtoehdon pitk\u00e4aikaiseen k\u00e4ytt\u00f6\u00f6n. Vaikka jotkut naiset kokevat lievi\u00e4 haittavaikutuksia, kuten jalkakramppeja tai kuumia aaltoja, useimmat kokevat hoidon hallittavaksi ja tehokkaaksi murtumariski\u00e4 v\u00e4hent\u00e4ess\u00e4.<\/p>\n<p>Evista ei ole tarkoitettu k\u00e4ytett\u00e4v\u00e4ksi miehill\u00e4 tai vaihdevuosi-ik\u00e4isill\u00e4 naisilla. Se ei my\u00f6sk\u00e4\u00e4n sovellu henkil\u00f6ille, joilla on ollut veritulppia tai tiettyj\u00e4 syd\u00e4n- ja verisuonisairauksia. S\u00e4\u00e4nn\u00f6llisell\u00e4 k\u00e4yt\u00f6ll\u00e4 Evista auttaa yll\u00e4pit\u00e4m\u00e4\u00e4n vahvempia luita ja tukee aktiivista el\u00e4m\u00e4ntapaa my\u00f6hemmiss\u00e4 vuosissa.<\/p>\n","protected":false},"excerpt":{"rendered":"<ul>\n<li>Ei-hormonaalinen osteoporoosin ehk\u00e4isy<\/li>\n<li>Suojaa selk\u00e4rankaa murtumilta<\/li>\n<li>Otettava kerran p\u00e4iv\u00e4ss\u00e4<\/li>\n<\/ul>\n","protected":false},"featured_media":788,"comment_status":"open","ping_status":"closed","template":"","meta":[],"product_brand":[],"product_cat":[135],"product_tag":[],"expert":[18],"class_list":{"0":"post-786","1":"product","2":"type-product","3":"status-publish","4":"has-post-thumbnail","6":"product_cat-osteoporoosi","7":"expert-dr-g-varbanov","9":"first","10":"instock","11":"shipping-taxable","12":"product-type-variable"},"yoast_head":"<!-- This site is optimized with the Yoast SEO plugin v27.0 - https:\/\/yoast.com\/product\/yoast-seo-wordpress\/ -->\n<title>Evista | Luuston Tuki - Transtoyou<\/title>\n<meta name=\"description\" content=\"L\u00f6yd\u00e4 Evista Transtoyou&#039;sta, luotettava l\u00e4hteesi laadukkaille terveys tuotteille. Osta nyt tehokasta osteoporoosin hoitoa ja tukea.\" \/>\n<meta name=\"robots\" content=\"noindex, follow, max-snippet:-1, max-image-preview:large, max-video-preview:-1\" \/>\n<meta property=\"og:locale\" content=\"fi_FI\" \/>\n<meta property=\"og:type\" content=\"article\" \/>\n<meta property=\"og:title\" content=\"Evista | Luuston Tuki - Transtoyou\" \/>\n<meta property=\"og:description\" content=\"L\u00f6yd\u00e4 Evista Transtoyou&#039;sta, luotettava l\u00e4hteesi laadukkaille terveys tuotteille. Osta nyt tehokasta osteoporoosin hoitoa ja tukea.\" \/>\n<meta property=\"og:url\" content=\"https:\/\/www.transtoyou.com\/fi\/product\/evista\/\" \/>\n<meta property=\"og:site_name\" content=\"Transtoyou - FI\" \/>\n<meta property=\"article:modified_time\" content=\"2026-01-24T17:43:02+00:00\" \/>\n<meta name=\"twitter:card\" content=\"summary_large_image\" \/>\n<meta name=\"twitter:label1\" content=\"Arvioitu lukuaika\" \/>\n\t<meta name=\"twitter:data1\" content=\"1 minuutti\" \/>\n<script type=\"application\/ld+json\" class=\"yoast-schema-graph\">{\"@context\":\"https:\/\/schema.org\",\"@graph\":[{\"@type\":\"WebPage\",\"@id\":\"https:\/\/www.transtoyou.com\/fi\/product\/evista\/\",\"url\":\"https:\/\/www.transtoyou.com\/fi\/product\/evista\/\",\"name\":\"Evista | Luuston Tuki - Transtoyou\",\"isPartOf\":{\"@id\":\"https:\/\/www.transtoyou.com\/fi\/#website\"},\"primaryImageOfPage\":{\"@id\":\"https:\/\/www.transtoyou.com\/fi\/product\/evista\/#primaryimage\"},\"image\":{\"@id\":\"https:\/\/www.transtoyou.com\/fi\/product\/evista\/#primaryimage\"},\"thumbnailUrl\":\"https:\/\/www.transtoyou.com\/fi\/wp-content\/uploads\/sites\/16\/2026\/01\/tty-no-product-image-103.webp\",\"datePublished\":\"2026-01-24T17:41:47+00:00\",\"dateModified\":\"2026-01-24T17:43:02+00:00\",\"description\":\"L\u00f6yd\u00e4 Evista Transtoyou'sta, luotettava l\u00e4hteesi laadukkaille terveys tuotteille. Osta nyt tehokasta osteoporoosin hoitoa ja tukea.\",\"breadcrumb\":{\"@id\":\"https:\/\/www.transtoyou.com\/fi\/product\/evista\/#breadcrumb\"},\"inLanguage\":\"fi\",\"potentialAction\":[{\"@type\":\"ReadAction\",\"target\":[\"https:\/\/www.transtoyou.com\/fi\/product\/evista\/\"]}]},{\"@type\":\"ImageObject\",\"inLanguage\":\"fi\",\"@id\":\"https:\/\/www.transtoyou.com\/fi\/product\/evista\/#primaryimage\",\"url\":\"https:\/\/www.transtoyou.com\/fi\/wp-content\/uploads\/sites\/16\/2026\/01\/tty-no-product-image-103.webp\",\"contentUrl\":\"https:\/\/www.transtoyou.com\/fi\/wp-content\/uploads\/sites\/16\/2026\/01\/tty-no-product-image-103.webp\",\"width\":1000,\"height\":1000,\"caption\":\"Oletusarvoinen tuotekuva\"},{\"@type\":\"WebSite\",\"@id\":\"https:\/\/www.transtoyou.com\/fi\/#website\",\"url\":\"https:\/\/www.transtoyou.com\/fi\/\",\"name\":\"Transtoyou - FI\",\"description\":\"\",\"publisher\":{\"@id\":\"https:\/\/www.transtoyou.com\/fi\/#organization\"},\"potentialAction\":[{\"@type\":\"SearchAction\",\"target\":{\"@type\":\"EntryPoint\",\"urlTemplate\":\"https:\/\/www.transtoyou.com\/fi\/?s={search_term_string}\"},\"query-input\":{\"@type\":\"PropertyValueSpecification\",\"valueRequired\":true,\"valueName\":\"search_term_string\"}}],\"inLanguage\":\"fi\"},{\"@type\":\"Organization\",\"@id\":\"https:\/\/www.transtoyou.com\/fi\/#organization\",\"name\":\"Transtoyou - FI\",\"url\":\"https:\/\/www.transtoyou.com\/fi\/\",\"logo\":{\"@type\":\"ImageObject\",\"inLanguage\":\"fi\",\"@id\":\"https:\/\/www.transtoyou.com\/fi\/#\/schema\/logo\/image\/\",\"url\":\"https:\/\/www.transtoyou.com\/fi\/wp-content\/uploads\/sites\/16\/2026\/01\/logo-tty-menu-bar-300x87-1.webp\",\"contentUrl\":\"https:\/\/www.transtoyou.com\/fi\/wp-content\/uploads\/sites\/16\/2026\/01\/logo-tty-menu-bar-300x87-1.webp\",\"width\":300,\"height\":87,\"caption\":\"Transtoyou - FI\"},\"image\":{\"@id\":\"https:\/\/www.transtoyou.com\/fi\/#\/schema\/logo\/image\/\"}}]}<\/script>\n<!-- \/ Yoast SEO plugin. -->","yoast_head_json":{"title":"Evista | Luuston Tuki - Transtoyou","description":"L\u00f6yd\u00e4 Evista Transtoyou'sta, luotettava l\u00e4hteesi laadukkaille terveys tuotteille. Osta nyt tehokasta osteoporoosin hoitoa ja tukea.","robots":{"index":"noindex","follow":"follow","max-snippet":"max-snippet:-1","max-image-preview":"max-image-preview:large","max-video-preview":"max-video-preview:-1"},"og_locale":"fi_FI","og_type":"article","og_title":"Evista | Luuston Tuki - Transtoyou","og_description":"L\u00f6yd\u00e4 Evista Transtoyou'sta, luotettava l\u00e4hteesi laadukkaille terveys tuotteille. Osta nyt tehokasta osteoporoosin hoitoa ja tukea.","og_url":"https:\/\/www.transtoyou.com\/fi\/product\/evista\/","og_site_name":"Transtoyou - FI","article_modified_time":"2026-01-24T17:43:02+00:00","twitter_card":"summary_large_image","twitter_misc":{"Arvioitu lukuaika":"1 minuutti"},"schema":{"@context":"https:\/\/schema.org","@graph":[{"@type":"WebPage","@id":"https:\/\/www.transtoyou.com\/fi\/product\/evista\/","url":"https:\/\/www.transtoyou.com\/fi\/product\/evista\/","name":"Evista | Luuston Tuki - Transtoyou","isPartOf":{"@id":"https:\/\/www.transtoyou.com\/fi\/#website"},"primaryImageOfPage":{"@id":"https:\/\/www.transtoyou.com\/fi\/product\/evista\/#primaryimage"},"image":{"@id":"https:\/\/www.transtoyou.com\/fi\/product\/evista\/#primaryimage"},"thumbnailUrl":"https:\/\/www.transtoyou.com\/fi\/wp-content\/uploads\/sites\/16\/2026\/01\/tty-no-product-image-103.webp","datePublished":"2026-01-24T17:41:47+00:00","dateModified":"2026-01-24T17:43:02+00:00","description":"L\u00f6yd\u00e4 Evista Transtoyou'sta, luotettava l\u00e4hteesi laadukkaille terveys tuotteille. Osta nyt tehokasta osteoporoosin hoitoa ja tukea.","breadcrumb":{"@id":"https:\/\/www.transtoyou.com\/fi\/product\/evista\/#breadcrumb"},"inLanguage":"fi","potentialAction":[{"@type":"ReadAction","target":["https:\/\/www.transtoyou.com\/fi\/product\/evista\/"]}]},{"@type":"ImageObject","inLanguage":"fi","@id":"https:\/\/www.transtoyou.com\/fi\/product\/evista\/#primaryimage","url":"https:\/\/www.transtoyou.com\/fi\/wp-content\/uploads\/sites\/16\/2026\/01\/tty-no-product-image-103.webp","contentUrl":"https:\/\/www.transtoyou.com\/fi\/wp-content\/uploads\/sites\/16\/2026\/01\/tty-no-product-image-103.webp","width":1000,"height":1000,"caption":"Oletusarvoinen tuotekuva"},{"@type":"WebSite","@id":"https:\/\/www.transtoyou.com\/fi\/#website","url":"https:\/\/www.transtoyou.com\/fi\/","name":"Transtoyou - FI","description":"","publisher":{"@id":"https:\/\/www.transtoyou.com\/fi\/#organization"},"potentialAction":[{"@type":"SearchAction","target":{"@type":"EntryPoint","urlTemplate":"https:\/\/www.transtoyou.com\/fi\/?s={search_term_string}"},"query-input":{"@type":"PropertyValueSpecification","valueRequired":true,"valueName":"search_term_string"}}],"inLanguage":"fi"},{"@type":"Organization","@id":"https:\/\/www.transtoyou.com\/fi\/#organization","name":"Transtoyou - FI","url":"https:\/\/www.transtoyou.com\/fi\/","logo":{"@type":"ImageObject","inLanguage":"fi","@id":"https:\/\/www.transtoyou.com\/fi\/#\/schema\/logo\/image\/","url":"https:\/\/www.transtoyou.com\/fi\/wp-content\/uploads\/sites\/16\/2026\/01\/logo-tty-menu-bar-300x87-1.webp","contentUrl":"https:\/\/www.transtoyou.com\/fi\/wp-content\/uploads\/sites\/16\/2026\/01\/logo-tty-menu-bar-300x87-1.webp","width":300,"height":87,"caption":"Transtoyou - FI"},"image":{"@id":"https:\/\/www.transtoyou.com\/fi\/#\/schema\/logo\/image\/"}}]}},"_links":{"self":[{"href":"https:\/\/www.transtoyou.com\/fi\/wp-json\/wp\/v2\/product\/786","targetHints":{"allow":["GET"]}}],"collection":[{"href":"https:\/\/www.transtoyou.com\/fi\/wp-json\/wp\/v2\/product"}],"about":[{"href":"https:\/\/www.transtoyou.com\/fi\/wp-json\/wp\/v2\/types\/product"}],"replies":[{"embeddable":true,"href":"https:\/\/www.transtoyou.com\/fi\/wp-json\/wp\/v2\/comments?post=786"}],"wp:featuredmedia":[{"embeddable":true,"href":"https:\/\/www.transtoyou.com\/fi\/wp-json\/wp\/v2\/media\/788"}],"wp:attachment":[{"href":"https:\/\/www.transtoyou.com\/fi\/wp-json\/wp\/v2\/media?parent=786"}],"wp:term":[{"taxonomy":"product_brand","embeddable":true,"href":"https:\/\/www.transtoyou.com\/fi\/wp-json\/wp\/v2\/product_brand?post=786"},{"taxonomy":"product_cat","embeddable":true,"href":"https:\/\/www.transtoyou.com\/fi\/wp-json\/wp\/v2\/product_cat?post=786"},{"taxonomy":"product_tag","embeddable":true,"href":"https:\/\/www.transtoyou.com\/fi\/wp-json\/wp\/v2\/product_tag?post=786"},{"taxonomy":"expert","embeddable":true,"href":"https:\/\/www.transtoyou.com\/fi\/wp-json\/wp\/v2\/expert?post=786"}],"curies":[{"name":"wp","href":"https:\/\/api.w.org\/{rel}","templated":true}]}}