{"id":789,"date":"2026-01-24T17:58:30","date_gmt":"2026-01-24T17:58:30","guid":{"rendered":"https:\/\/www.transtoyou.com\/fi\/product\/proscar\/"},"modified":"2026-03-02T11:32:52","modified_gmt":"2026-03-02T11:32:52","slug":"proscar","status":"publish","type":"product","link":"https:\/\/www.transtoyou.com\/fi\/product\/proscar\/","title":{"rendered":"Proscar"},"content":{"rendered":"<p>Proscar on reseptil\u00e4\u00e4ke, jota k\u00e4ytet\u00e4\u00e4n hyv\u00e4nlaatuiseen eturauhasen liikakasvuun, jota kutsutaan yleisesti suurentuneeksi eturauhaiseksi. Se sis\u00e4lt\u00e4\u00e4 finasteridia, joka on 5-alfa-reduktaasin est\u00e4j\u00e4 ja toimii alentamalla dihydrotestosteronitasoja, hormonia, joka saa eturauhasen kasvamaan. Hormonaalisten tasojen alentamisen avulla Proscar auttaa pienent\u00e4m\u00e4\u00e4n eturauhasta, parantamaan virtsavirtaa ja lievitt\u00e4m\u00e4\u00e4n siihen liittyvi\u00e4 oireita.<\/p>\n<p>Suurentunut eturauhanen voi johtaa usein virtsaamiseen, heikkoon virtsasuihkuun, vaikeuksiin virtsaamisen aloittamisessa tai lopettamisessa sek\u00e4 keskeytyneeseen uneen y\u00f6n aikana tapahtuvan virtsaamisen vuoksi. Proscar k\u00e4sittelee n\u00e4it\u00e4 ongelmia v\u00e4hitellen pienent\u00e4m\u00e4ll\u00e4 eturauhasen kokoa ja helpottamalla painetta virtsaputkessa. T\u00e4m\u00e4 prosessi kest\u00e4\u00e4 usein useita kuukausia, mutta voi merkitt\u00e4v\u00e4sti parantaa mukavuutta ja el\u00e4m\u00e4nlaatua ajan my\u00f6t\u00e4.<\/p>\n<p>Proscar otetaan kerran p\u00e4iv\u00e4ss\u00e4 tabletin muodossa ja sit\u00e4 m\u00e4\u00e4r\u00e4t\u00e4\u00e4n tyypillisesti pitk\u00e4aikaiseen k\u00e4ytt\u00f6\u00f6n. Sit\u00e4 voidaan k\u00e4ytt\u00e4\u00e4 yksin\u00e4\u00e4n tai yhdess\u00e4 muiden l\u00e4\u00e4kkeiden, kuten alfa-salpaajien, kanssa miehille, joilla on vakavampia oireita. Vaikka jotkut k\u00e4ytt\u00e4j\u00e4t kokevat lievi\u00e4 haittavaikutuksia, kuten v\u00e4hentynytt\u00e4 libidoa tai muutoksia ejakulaatiossa, n\u00e4m\u00e4 vaikutukset ovat usein tilap\u00e4isi\u00e4 ja v\u00e4henev\u00e4t jatkuvalla k\u00e4yt\u00f6ll\u00e4.<\/p>\n<p>On t\u00e4rke\u00e4\u00e4 huomata, ett\u00e4 Proscar alentaa eturauhasen spesifisen antigeenin (PSA) tasoja, joita mitataan eturauhassy\u00f6v\u00e4n seulonnassa. Terveydenhuollon ammattilaiset ottavat t\u00e4m\u00e4n huomioon tuloksia tulkitessaan.<\/p>\n","protected":false},"excerpt":{"rendered":"<ul>\n<li>Hoitaa suurentunutta eturauhasta<\/li>\n<li>Parantaa virtsavirtaa<\/li>\n<li>P\u00e4ivitt\u00e4inen suun kautta otettava tabletti<\/li>\n<\/ul>\n","protected":false},"featured_media":791,"comment_status":"open","ping_status":"closed","template":"","meta":[],"product_brand":[],"product_cat":[139],"product_tag":[],"expert":[18],"class_list":{"0":"post-789","1":"product","2":"type-product","3":"status-publish","4":"has-post-thumbnail","6":"product_cat-eturauhasterveys","7":"expert-dr-g-varbanov","9":"first","10":"instock","11":"shipping-taxable","12":"product-type-variable"},"yoast_head":"<!-- This site is optimized with the Yoast SEO plugin v27.0 - https:\/\/yoast.com\/product\/yoast-seo-wordpress\/ -->\n<title>Proscar | Tehokas hoito eturauhassairauksiin - Transtoyou<\/title>\n<meta name=\"description\" content=\"Proscar hoitaa suurentunutta eturauhasta, helpottaa oireita ja parantaa el\u00e4m\u00e4nlaatuasi. Saatavilla nyt Transtoyou.\" \/>\n<meta name=\"robots\" content=\"noindex, follow, max-snippet:-1, max-image-preview:large, max-video-preview:-1\" \/>\n<meta property=\"og:locale\" content=\"fi_FI\" \/>\n<meta property=\"og:type\" content=\"article\" \/>\n<meta property=\"og:title\" content=\"Proscar | Tehokas hoito eturauhassairauksiin - Transtoyou\" \/>\n<meta property=\"og:description\" content=\"Proscar hoitaa suurentunutta eturauhasta, helpottaa oireita ja parantaa el\u00e4m\u00e4nlaatuasi. Saatavilla nyt Transtoyou.\" \/>\n<meta property=\"og:url\" content=\"https:\/\/www.transtoyou.com\/fi\/product\/proscar\/\" \/>\n<meta property=\"og:site_name\" content=\"Transtoyou - FI\" \/>\n<meta property=\"article:modified_time\" content=\"2026-03-02T11:32:52+00:00\" \/>\n<meta name=\"twitter:card\" content=\"summary_large_image\" \/>\n<meta name=\"twitter:label1\" content=\"Arvioitu lukuaika\" \/>\n\t<meta name=\"twitter:data1\" content=\"1 minuutti\" \/>\n<script type=\"application\/ld+json\" class=\"yoast-schema-graph\">{\"@context\":\"https:\/\/schema.org\",\"@graph\":[{\"@type\":\"WebPage\",\"@id\":\"https:\/\/www.transtoyou.com\/fi\/product\/proscar\/\",\"url\":\"https:\/\/www.transtoyou.com\/fi\/product\/proscar\/\",\"name\":\"Proscar | Tehokas hoito eturauhassairauksiin - Transtoyou\",\"isPartOf\":{\"@id\":\"https:\/\/www.transtoyou.com\/fi\/#website\"},\"primaryImageOfPage\":{\"@id\":\"https:\/\/www.transtoyou.com\/fi\/product\/proscar\/#primaryimage\"},\"image\":{\"@id\":\"https:\/\/www.transtoyou.com\/fi\/product\/proscar\/#primaryimage\"},\"thumbnailUrl\":\"https:\/\/www.transtoyou.com\/fi\/wp-content\/uploads\/sites\/16\/2026\/01\/tty-no-product-image-104.webp\",\"datePublished\":\"2026-01-24T17:58:30+00:00\",\"dateModified\":\"2026-03-02T11:32:52+00:00\",\"description\":\"Proscar hoitaa suurentunutta eturauhasta, helpottaa oireita ja parantaa el\u00e4m\u00e4nlaatuasi. Saatavilla nyt Transtoyou.\",\"breadcrumb\":{\"@id\":\"https:\/\/www.transtoyou.com\/fi\/product\/proscar\/#breadcrumb\"},\"inLanguage\":\"fi\",\"potentialAction\":[{\"@type\":\"ReadAction\",\"target\":[\"https:\/\/www.transtoyou.com\/fi\/product\/proscar\/\"]}]},{\"@type\":\"ImageObject\",\"inLanguage\":\"fi\",\"@id\":\"https:\/\/www.transtoyou.com\/fi\/product\/proscar\/#primaryimage\",\"url\":\"https:\/\/www.transtoyou.com\/fi\/wp-content\/uploads\/sites\/16\/2026\/01\/tty-no-product-image-104.webp\",\"contentUrl\":\"https:\/\/www.transtoyou.com\/fi\/wp-content\/uploads\/sites\/16\/2026\/01\/tty-no-product-image-104.webp\",\"width\":1000,\"height\":1000,\"caption\":\"Oletusarvoinen tuotekuva\"},{\"@type\":\"WebSite\",\"@id\":\"https:\/\/www.transtoyou.com\/fi\/#website\",\"url\":\"https:\/\/www.transtoyou.com\/fi\/\",\"name\":\"Transtoyou - FI\",\"description\":\"\",\"publisher\":{\"@id\":\"https:\/\/www.transtoyou.com\/fi\/#organization\"},\"potentialAction\":[{\"@type\":\"SearchAction\",\"target\":{\"@type\":\"EntryPoint\",\"urlTemplate\":\"https:\/\/www.transtoyou.com\/fi\/?s={search_term_string}\"},\"query-input\":{\"@type\":\"PropertyValueSpecification\",\"valueRequired\":true,\"valueName\":\"search_term_string\"}}],\"inLanguage\":\"fi\"},{\"@type\":\"Organization\",\"@id\":\"https:\/\/www.transtoyou.com\/fi\/#organization\",\"name\":\"Transtoyou - FI\",\"url\":\"https:\/\/www.transtoyou.com\/fi\/\",\"logo\":{\"@type\":\"ImageObject\",\"inLanguage\":\"fi\",\"@id\":\"https:\/\/www.transtoyou.com\/fi\/#\/schema\/logo\/image\/\",\"url\":\"https:\/\/www.transtoyou.com\/fi\/wp-content\/uploads\/sites\/16\/2026\/01\/logo-tty-menu-bar-300x87-1.webp\",\"contentUrl\":\"https:\/\/www.transtoyou.com\/fi\/wp-content\/uploads\/sites\/16\/2026\/01\/logo-tty-menu-bar-300x87-1.webp\",\"width\":300,\"height\":87,\"caption\":\"Transtoyou - FI\"},\"image\":{\"@id\":\"https:\/\/www.transtoyou.com\/fi\/#\/schema\/logo\/image\/\"}}]}<\/script>\n<!-- \/ Yoast SEO plugin. -->","yoast_head_json":{"title":"Proscar | Tehokas hoito eturauhassairauksiin - Transtoyou","description":"Proscar hoitaa suurentunutta eturauhasta, helpottaa oireita ja parantaa el\u00e4m\u00e4nlaatuasi. Saatavilla nyt Transtoyou.","robots":{"index":"noindex","follow":"follow","max-snippet":"max-snippet:-1","max-image-preview":"max-image-preview:large","max-video-preview":"max-video-preview:-1"},"og_locale":"fi_FI","og_type":"article","og_title":"Proscar | Tehokas hoito eturauhassairauksiin - Transtoyou","og_description":"Proscar hoitaa suurentunutta eturauhasta, helpottaa oireita ja parantaa el\u00e4m\u00e4nlaatuasi. Saatavilla nyt Transtoyou.","og_url":"https:\/\/www.transtoyou.com\/fi\/product\/proscar\/","og_site_name":"Transtoyou - FI","article_modified_time":"2026-03-02T11:32:52+00:00","twitter_card":"summary_large_image","twitter_misc":{"Arvioitu lukuaika":"1 minuutti"},"schema":{"@context":"https:\/\/schema.org","@graph":[{"@type":"WebPage","@id":"https:\/\/www.transtoyou.com\/fi\/product\/proscar\/","url":"https:\/\/www.transtoyou.com\/fi\/product\/proscar\/","name":"Proscar | Tehokas hoito eturauhassairauksiin - Transtoyou","isPartOf":{"@id":"https:\/\/www.transtoyou.com\/fi\/#website"},"primaryImageOfPage":{"@id":"https:\/\/www.transtoyou.com\/fi\/product\/proscar\/#primaryimage"},"image":{"@id":"https:\/\/www.transtoyou.com\/fi\/product\/proscar\/#primaryimage"},"thumbnailUrl":"https:\/\/www.transtoyou.com\/fi\/wp-content\/uploads\/sites\/16\/2026\/01\/tty-no-product-image-104.webp","datePublished":"2026-01-24T17:58:30+00:00","dateModified":"2026-03-02T11:32:52+00:00","description":"Proscar hoitaa suurentunutta eturauhasta, helpottaa oireita ja parantaa el\u00e4m\u00e4nlaatuasi. Saatavilla nyt Transtoyou.","breadcrumb":{"@id":"https:\/\/www.transtoyou.com\/fi\/product\/proscar\/#breadcrumb"},"inLanguage":"fi","potentialAction":[{"@type":"ReadAction","target":["https:\/\/www.transtoyou.com\/fi\/product\/proscar\/"]}]},{"@type":"ImageObject","inLanguage":"fi","@id":"https:\/\/www.transtoyou.com\/fi\/product\/proscar\/#primaryimage","url":"https:\/\/www.transtoyou.com\/fi\/wp-content\/uploads\/sites\/16\/2026\/01\/tty-no-product-image-104.webp","contentUrl":"https:\/\/www.transtoyou.com\/fi\/wp-content\/uploads\/sites\/16\/2026\/01\/tty-no-product-image-104.webp","width":1000,"height":1000,"caption":"Oletusarvoinen tuotekuva"},{"@type":"WebSite","@id":"https:\/\/www.transtoyou.com\/fi\/#website","url":"https:\/\/www.transtoyou.com\/fi\/","name":"Transtoyou - FI","description":"","publisher":{"@id":"https:\/\/www.transtoyou.com\/fi\/#organization"},"potentialAction":[{"@type":"SearchAction","target":{"@type":"EntryPoint","urlTemplate":"https:\/\/www.transtoyou.com\/fi\/?s={search_term_string}"},"query-input":{"@type":"PropertyValueSpecification","valueRequired":true,"valueName":"search_term_string"}}],"inLanguage":"fi"},{"@type":"Organization","@id":"https:\/\/www.transtoyou.com\/fi\/#organization","name":"Transtoyou - FI","url":"https:\/\/www.transtoyou.com\/fi\/","logo":{"@type":"ImageObject","inLanguage":"fi","@id":"https:\/\/www.transtoyou.com\/fi\/#\/schema\/logo\/image\/","url":"https:\/\/www.transtoyou.com\/fi\/wp-content\/uploads\/sites\/16\/2026\/01\/logo-tty-menu-bar-300x87-1.webp","contentUrl":"https:\/\/www.transtoyou.com\/fi\/wp-content\/uploads\/sites\/16\/2026\/01\/logo-tty-menu-bar-300x87-1.webp","width":300,"height":87,"caption":"Transtoyou - FI"},"image":{"@id":"https:\/\/www.transtoyou.com\/fi\/#\/schema\/logo\/image\/"}}]}},"_links":{"self":[{"href":"https:\/\/www.transtoyou.com\/fi\/wp-json\/wp\/v2\/product\/789","targetHints":{"allow":["GET"]}}],"collection":[{"href":"https:\/\/www.transtoyou.com\/fi\/wp-json\/wp\/v2\/product"}],"about":[{"href":"https:\/\/www.transtoyou.com\/fi\/wp-json\/wp\/v2\/types\/product"}],"replies":[{"embeddable":true,"href":"https:\/\/www.transtoyou.com\/fi\/wp-json\/wp\/v2\/comments?post=789"}],"wp:featuredmedia":[{"embeddable":true,"href":"https:\/\/www.transtoyou.com\/fi\/wp-json\/wp\/v2\/media\/791"}],"wp:attachment":[{"href":"https:\/\/www.transtoyou.com\/fi\/wp-json\/wp\/v2\/media?parent=789"}],"wp:term":[{"taxonomy":"product_brand","embeddable":true,"href":"https:\/\/www.transtoyou.com\/fi\/wp-json\/wp\/v2\/product_brand?post=789"},{"taxonomy":"product_cat","embeddable":true,"href":"https:\/\/www.transtoyou.com\/fi\/wp-json\/wp\/v2\/product_cat?post=789"},{"taxonomy":"product_tag","embeddable":true,"href":"https:\/\/www.transtoyou.com\/fi\/wp-json\/wp\/v2\/product_tag?post=789"},{"taxonomy":"expert","embeddable":true,"href":"https:\/\/www.transtoyou.com\/fi\/wp-json\/wp\/v2\/expert?post=789"}],"curies":[{"name":"wp","href":"https:\/\/api.w.org\/{rel}","templated":true}]}}