{"id":792,"date":"2026-01-24T18:16:36","date_gmt":"2026-01-24T18:16:36","guid":{"rendered":"https:\/\/www.transtoyou.com\/fi\/product\/efracea-oracea\/"},"modified":"2026-01-24T18:17:37","modified_gmt":"2026-01-24T18:17:37","slug":"efracea-oracea","status":"publish","type":"product","link":"https:\/\/www.transtoyou.com\/fi\/product\/efracea-oracea\/","title":{"rendered":"Efracea (Oracea)"},"content":{"rendered":"<p>Efracea, joka tunnetaan my\u00f6s kansainv\u00e4lisell\u00e4 nimell\u00e4\u00e4n Oracea, on kerran p\u00e4iv\u00e4ss\u00e4 otettava suun kautta annettava hoito, jota k\u00e4ytet\u00e4\u00e4n ruusufinnin tulehduksellisten vaurioiden ja pahenemisvaiheiden hallintaan. Se sis\u00e4lt\u00e4\u00e4 doksisykliini\u00e4 alhaisessa, kontrolloidussa vapautumisannoksessa. Toisin kuin infektojen torjumiseen k\u00e4ytett\u00e4v\u00e4t antibiootit, Efracea luokitellaan ei-antimikrobiseksi tulehduskipul\u00e4\u00e4kkeeksi, mik\u00e4 tarkoittaa, ett\u00e4 se kohdistuu ihon tulehdukseen ilman, ett\u00e4 se edist\u00e4\u00e4 bakteeriresistenssi\u00e4.<\/p>\n<p>Ruusufinni on krooninen ihosairaus, joka aiheuttaa punoitusta, n\u00e4kyvi\u00e4 verisuonia ja joskus aknen kaltaisia n\u00e4ppyl\u00f6it\u00e4 erityisesti keskell\u00e4 kasvoja. Efracea auttaa v\u00e4hent\u00e4m\u00e4\u00e4n n\u00e4it\u00e4 n\u00e4ppyl\u00f6it\u00e4 ja pustuleita tukahduttamalla ihon tulehdusreaktion. Ajan my\u00f6t\u00e4 s\u00e4\u00e4nn\u00f6llinen k\u00e4ytt\u00f6 voi johtaa kirkkaampaan ihoon, harvempiin pahenemisvaiheisiin ja ep\u00e4mukavuuden v\u00e4henemiseen.<\/p>\n<p>T\u00e4m\u00e4 alhaisen annoksen valmiste on erityisesti suunniteltu pitk\u00e4aikaiseen k\u00e4ytt\u00f6\u00f6n eik\u00e4 se toimi kuten tyypillinen antibiootti. Se vaikuttaa v\u00e4hitellen, ja n\u00e4kyvi\u00e4 parannuksia ilmenee usein nelj\u00e4n kuuden viikon kuluessa. Koska se ei perustu antibakteeriseen vaikutukseensa, Efracea on v\u00e4hemm\u00e4n todenn\u00e4k\u00f6isesti h\u00e4iritsem\u00e4ss\u00e4 kehon luonnollista mikroflooraa eik\u00e4 sit\u00e4 ole tarkoitettu bakteeri-infektioiden hoitoon.<\/p>\n<p>Efracea on yleens\u00e4 hyvin siedetty, mutta jotkut k\u00e4ytt\u00e4j\u00e4t saattavat kokea ruoansulatush\u00e4iri\u00f6it\u00e4, auringonvalolle herkkyytt\u00e4 tai suun kuivumista. Sit\u00e4 ei tulisi ottaa maidon tai antasidejen kanssa, koska n\u00e4m\u00e4 voivat h\u00e4irit\u00e4 imeytymist\u00e4. T\u00e4t\u00e4 l\u00e4\u00e4kett\u00e4 ei ole tarkoitettu k\u00e4ytett\u00e4v\u00e4ksi raskauden aikana tai imetyksen aikana.<\/p>\n","protected":false},"excerpt":{"rendered":"<ul>\n<li>Kerran p\u00e4iv\u00e4ss\u00e4 otettava suun kautta annettava hoito<\/li>\n<li>V\u00e4hent\u00e4\u00e4 ruusufinnin tulehdusta<\/li>\n<li>Ei-antibakteerinen vaikutus alhaisella annoksella<\/li>\n<\/ul>\n","protected":false},"featured_media":794,"comment_status":"open","ping_status":"closed","template":"","meta":[],"product_brand":[],"product_cat":[141],"product_tag":[],"expert":[18],"class_list":{"0":"post-792","1":"product","2":"type-product","3":"status-publish","4":"has-post-thumbnail","6":"product_cat-rosacea","7":"expert-dr-g-varbanov","9":"first","10":"instock","11":"shipping-taxable","12":"product-type-variable"},"yoast_head":"<!-- This site is optimized with the Yoast SEO plugin v27.0 - https:\/\/yoast.com\/product\/yoast-seo-wordpress\/ -->\n<title>Efracea (Oracea) | Kirkkaampi iho, tulehdusta ehk\u00e4isev\u00e4 - Transtoyou<\/title>\n<meta name=\"description\" content=\"Tutustu Efraceaan, suun kautta otettavaan hoitoon rosacean puhkeamisille. Nauti kirkkaammasta ihosta sen tulehdusta ehk\u00e4isevien hy\u00f6tyjen avulla. Saatavilla nyt Transtoyou.\" \/>\n<meta name=\"robots\" content=\"noindex, follow, max-snippet:-1, max-image-preview:large, max-video-preview:-1\" \/>\n<meta property=\"og:locale\" content=\"fi_FI\" \/>\n<meta property=\"og:type\" content=\"article\" \/>\n<meta property=\"og:title\" content=\"Efracea (Oracea) | Kirkkaampi iho, tulehdusta ehk\u00e4isev\u00e4 - Transtoyou\" \/>\n<meta property=\"og:description\" content=\"Tutustu Efraceaan, suun kautta otettavaan hoitoon rosacean puhkeamisille. Nauti kirkkaammasta ihosta sen tulehdusta ehk\u00e4isevien hy\u00f6tyjen avulla. Saatavilla nyt Transtoyou.\" \/>\n<meta property=\"og:url\" content=\"https:\/\/www.transtoyou.com\/fi\/product\/efracea-oracea\/\" \/>\n<meta property=\"og:site_name\" content=\"Transtoyou - FI\" \/>\n<meta property=\"article:modified_time\" content=\"2026-01-24T18:17:37+00:00\" \/>\n<meta name=\"twitter:card\" content=\"summary_large_image\" \/>\n<meta name=\"twitter:label1\" content=\"Arvioitu lukuaika\" \/>\n\t<meta name=\"twitter:data1\" content=\"1 minuutti\" \/>\n<script type=\"application\/ld+json\" class=\"yoast-schema-graph\">{\"@context\":\"https:\/\/schema.org\",\"@graph\":[{\"@type\":\"WebPage\",\"@id\":\"https:\/\/www.transtoyou.com\/fi\/product\/efracea-oracea\/\",\"url\":\"https:\/\/www.transtoyou.com\/fi\/product\/efracea-oracea\/\",\"name\":\"Efracea (Oracea) | Kirkkaampi iho, tulehdusta ehk\u00e4isev\u00e4 - Transtoyou\",\"isPartOf\":{\"@id\":\"https:\/\/www.transtoyou.com\/fi\/#website\"},\"primaryImageOfPage\":{\"@id\":\"https:\/\/www.transtoyou.com\/fi\/product\/efracea-oracea\/#primaryimage\"},\"image\":{\"@id\":\"https:\/\/www.transtoyou.com\/fi\/product\/efracea-oracea\/#primaryimage\"},\"thumbnailUrl\":\"https:\/\/www.transtoyou.com\/fi\/wp-content\/uploads\/sites\/16\/2026\/01\/tty-no-product-image-105.webp\",\"datePublished\":\"2026-01-24T18:16:36+00:00\",\"dateModified\":\"2026-01-24T18:17:37+00:00\",\"description\":\"Tutustu Efraceaan, suun kautta otettavaan hoitoon rosacean puhkeamisille. Nauti kirkkaammasta ihosta sen tulehdusta ehk\u00e4isevien hy\u00f6tyjen avulla. Saatavilla nyt Transtoyou.\",\"breadcrumb\":{\"@id\":\"https:\/\/www.transtoyou.com\/fi\/product\/efracea-oracea\/#breadcrumb\"},\"inLanguage\":\"fi\",\"potentialAction\":[{\"@type\":\"ReadAction\",\"target\":[\"https:\/\/www.transtoyou.com\/fi\/product\/efracea-oracea\/\"]}]},{\"@type\":\"ImageObject\",\"inLanguage\":\"fi\",\"@id\":\"https:\/\/www.transtoyou.com\/fi\/product\/efracea-oracea\/#primaryimage\",\"url\":\"https:\/\/www.transtoyou.com\/fi\/wp-content\/uploads\/sites\/16\/2026\/01\/tty-no-product-image-105.webp\",\"contentUrl\":\"https:\/\/www.transtoyou.com\/fi\/wp-content\/uploads\/sites\/16\/2026\/01\/tty-no-product-image-105.webp\",\"width\":1000,\"height\":1000,\"caption\":\"Oletusarvoinen tuotekuva\"},{\"@type\":\"WebSite\",\"@id\":\"https:\/\/www.transtoyou.com\/fi\/#website\",\"url\":\"https:\/\/www.transtoyou.com\/fi\/\",\"name\":\"Transtoyou - FI\",\"description\":\"\",\"publisher\":{\"@id\":\"https:\/\/www.transtoyou.com\/fi\/#organization\"},\"potentialAction\":[{\"@type\":\"SearchAction\",\"target\":{\"@type\":\"EntryPoint\",\"urlTemplate\":\"https:\/\/www.transtoyou.com\/fi\/?s={search_term_string}\"},\"query-input\":{\"@type\":\"PropertyValueSpecification\",\"valueRequired\":true,\"valueName\":\"search_term_string\"}}],\"inLanguage\":\"fi\"},{\"@type\":\"Organization\",\"@id\":\"https:\/\/www.transtoyou.com\/fi\/#organization\",\"name\":\"Transtoyou - FI\",\"url\":\"https:\/\/www.transtoyou.com\/fi\/\",\"logo\":{\"@type\":\"ImageObject\",\"inLanguage\":\"fi\",\"@id\":\"https:\/\/www.transtoyou.com\/fi\/#\/schema\/logo\/image\/\",\"url\":\"https:\/\/www.transtoyou.com\/fi\/wp-content\/uploads\/sites\/16\/2026\/01\/logo-tty-menu-bar-300x87-1.webp\",\"contentUrl\":\"https:\/\/www.transtoyou.com\/fi\/wp-content\/uploads\/sites\/16\/2026\/01\/logo-tty-menu-bar-300x87-1.webp\",\"width\":300,\"height\":87,\"caption\":\"Transtoyou - FI\"},\"image\":{\"@id\":\"https:\/\/www.transtoyou.com\/fi\/#\/schema\/logo\/image\/\"}}]}<\/script>\n<!-- \/ Yoast SEO plugin. -->","yoast_head_json":{"title":"Efracea (Oracea) | Kirkkaampi iho, tulehdusta ehk\u00e4isev\u00e4 - Transtoyou","description":"Tutustu Efraceaan, suun kautta otettavaan hoitoon rosacean puhkeamisille. Nauti kirkkaammasta ihosta sen tulehdusta ehk\u00e4isevien hy\u00f6tyjen avulla. Saatavilla nyt Transtoyou.","robots":{"index":"noindex","follow":"follow","max-snippet":"max-snippet:-1","max-image-preview":"max-image-preview:large","max-video-preview":"max-video-preview:-1"},"og_locale":"fi_FI","og_type":"article","og_title":"Efracea (Oracea) | Kirkkaampi iho, tulehdusta ehk\u00e4isev\u00e4 - Transtoyou","og_description":"Tutustu Efraceaan, suun kautta otettavaan hoitoon rosacean puhkeamisille. Nauti kirkkaammasta ihosta sen tulehdusta ehk\u00e4isevien hy\u00f6tyjen avulla. Saatavilla nyt Transtoyou.","og_url":"https:\/\/www.transtoyou.com\/fi\/product\/efracea-oracea\/","og_site_name":"Transtoyou - FI","article_modified_time":"2026-01-24T18:17:37+00:00","twitter_card":"summary_large_image","twitter_misc":{"Arvioitu lukuaika":"1 minuutti"},"schema":{"@context":"https:\/\/schema.org","@graph":[{"@type":"WebPage","@id":"https:\/\/www.transtoyou.com\/fi\/product\/efracea-oracea\/","url":"https:\/\/www.transtoyou.com\/fi\/product\/efracea-oracea\/","name":"Efracea (Oracea) | Kirkkaampi iho, tulehdusta ehk\u00e4isev\u00e4 - Transtoyou","isPartOf":{"@id":"https:\/\/www.transtoyou.com\/fi\/#website"},"primaryImageOfPage":{"@id":"https:\/\/www.transtoyou.com\/fi\/product\/efracea-oracea\/#primaryimage"},"image":{"@id":"https:\/\/www.transtoyou.com\/fi\/product\/efracea-oracea\/#primaryimage"},"thumbnailUrl":"https:\/\/www.transtoyou.com\/fi\/wp-content\/uploads\/sites\/16\/2026\/01\/tty-no-product-image-105.webp","datePublished":"2026-01-24T18:16:36+00:00","dateModified":"2026-01-24T18:17:37+00:00","description":"Tutustu Efraceaan, suun kautta otettavaan hoitoon rosacean puhkeamisille. Nauti kirkkaammasta ihosta sen tulehdusta ehk\u00e4isevien hy\u00f6tyjen avulla. Saatavilla nyt Transtoyou.","breadcrumb":{"@id":"https:\/\/www.transtoyou.com\/fi\/product\/efracea-oracea\/#breadcrumb"},"inLanguage":"fi","potentialAction":[{"@type":"ReadAction","target":["https:\/\/www.transtoyou.com\/fi\/product\/efracea-oracea\/"]}]},{"@type":"ImageObject","inLanguage":"fi","@id":"https:\/\/www.transtoyou.com\/fi\/product\/efracea-oracea\/#primaryimage","url":"https:\/\/www.transtoyou.com\/fi\/wp-content\/uploads\/sites\/16\/2026\/01\/tty-no-product-image-105.webp","contentUrl":"https:\/\/www.transtoyou.com\/fi\/wp-content\/uploads\/sites\/16\/2026\/01\/tty-no-product-image-105.webp","width":1000,"height":1000,"caption":"Oletusarvoinen tuotekuva"},{"@type":"WebSite","@id":"https:\/\/www.transtoyou.com\/fi\/#website","url":"https:\/\/www.transtoyou.com\/fi\/","name":"Transtoyou - FI","description":"","publisher":{"@id":"https:\/\/www.transtoyou.com\/fi\/#organization"},"potentialAction":[{"@type":"SearchAction","target":{"@type":"EntryPoint","urlTemplate":"https:\/\/www.transtoyou.com\/fi\/?s={search_term_string}"},"query-input":{"@type":"PropertyValueSpecification","valueRequired":true,"valueName":"search_term_string"}}],"inLanguage":"fi"},{"@type":"Organization","@id":"https:\/\/www.transtoyou.com\/fi\/#organization","name":"Transtoyou - FI","url":"https:\/\/www.transtoyou.com\/fi\/","logo":{"@type":"ImageObject","inLanguage":"fi","@id":"https:\/\/www.transtoyou.com\/fi\/#\/schema\/logo\/image\/","url":"https:\/\/www.transtoyou.com\/fi\/wp-content\/uploads\/sites\/16\/2026\/01\/logo-tty-menu-bar-300x87-1.webp","contentUrl":"https:\/\/www.transtoyou.com\/fi\/wp-content\/uploads\/sites\/16\/2026\/01\/logo-tty-menu-bar-300x87-1.webp","width":300,"height":87,"caption":"Transtoyou - FI"},"image":{"@id":"https:\/\/www.transtoyou.com\/fi\/#\/schema\/logo\/image\/"}}]}},"_links":{"self":[{"href":"https:\/\/www.transtoyou.com\/fi\/wp-json\/wp\/v2\/product\/792","targetHints":{"allow":["GET"]}}],"collection":[{"href":"https:\/\/www.transtoyou.com\/fi\/wp-json\/wp\/v2\/product"}],"about":[{"href":"https:\/\/www.transtoyou.com\/fi\/wp-json\/wp\/v2\/types\/product"}],"replies":[{"embeddable":true,"href":"https:\/\/www.transtoyou.com\/fi\/wp-json\/wp\/v2\/comments?post=792"}],"wp:featuredmedia":[{"embeddable":true,"href":"https:\/\/www.transtoyou.com\/fi\/wp-json\/wp\/v2\/media\/794"}],"wp:attachment":[{"href":"https:\/\/www.transtoyou.com\/fi\/wp-json\/wp\/v2\/media?parent=792"}],"wp:term":[{"taxonomy":"product_brand","embeddable":true,"href":"https:\/\/www.transtoyou.com\/fi\/wp-json\/wp\/v2\/product_brand?post=792"},{"taxonomy":"product_cat","embeddable":true,"href":"https:\/\/www.transtoyou.com\/fi\/wp-json\/wp\/v2\/product_cat?post=792"},{"taxonomy":"product_tag","embeddable":true,"href":"https:\/\/www.transtoyou.com\/fi\/wp-json\/wp\/v2\/product_tag?post=792"},{"taxonomy":"expert","embeddable":true,"href":"https:\/\/www.transtoyou.com\/fi\/wp-json\/wp\/v2\/expert?post=792"}],"curies":[{"name":"wp","href":"https:\/\/api.w.org\/{rel}","templated":true}]}}