{"id":810,"date":"2026-01-24T19:57:41","date_gmt":"2026-01-24T19:57:41","guid":{"rendered":"https:\/\/www.transtoyou.com\/fi\/product\/zolpidem\/"},"modified":"2026-03-08T11:31:02","modified_gmt":"2026-03-08T11:31:02","slug":"zolpidemi","status":"publish","type":"product","link":"https:\/\/www.transtoyou.com\/fi\/product\/zolpidemi\/","title":{"rendered":"Zolpidemi"},"content":{"rendered":"<p>Zolpidemi on reseptil\u00e4\u00e4ke, jota k\u00e4ytet\u00e4\u00e4n lyhytaikaisen unettomuuden hoitoon. Se kuuluu ei-bentsodiatsepiinisten unil\u00e4\u00e4kkeiden luokkaan ja on suunniteltu auttamaan ihmisi\u00e4 nukahtamaan nopeasti. Zolpidemia m\u00e4\u00e4r\u00e4t\u00e4\u00e4n yleisesti, kun nukahtamisvaikeudet h\u00e4iritsev\u00e4t p\u00e4ivitt\u00e4ist\u00e4 toimintaa, vaikka sit\u00e4 ei ole tarkoitettu pitk\u00e4aikaiseen k\u00e4ytt\u00f6\u00f6n.<\/p>\n<p>L\u00e4\u00e4ke vaikuttaa aivojen reseptoreihin, jotka s\u00e4\u00e4telev\u00e4t unta, auttaen k\u00e4ynnist\u00e4m\u00e4\u00e4n luonnollisen unisyklin tehokkaammin. Toisin kuin vanhemmat unil\u00e4\u00e4kkeet, Zolpidemilla on yleens\u00e4 v\u00e4hemm\u00e4n sivuvaikutuksia, jotka liittyv\u00e4t p\u00e4ivitt\u00e4iseen raukeuteen tai uneliaisuuteen, kun sit\u00e4 k\u00e4ytet\u00e4\u00e4n ohjeiden mukaan. Se on saatavilla nopeassa vapautumisessa ja pitk\u00e4vaikutteisessa muodossa, riippuen siit\u00e4, onko tavoitteena nukahtaa nopeammin vai pysy\u00e4 unessa pidemp\u00e4\u00e4n.<\/p>\n<p>Zolpidemia otetaan yleens\u00e4 juuri ennen nukkumaanmenoa, ja se alkaa vaikuttaa 15\u201330 minuutissa. Koska se vaikuttaa nopeasti, k\u00e4ytt\u00e4jien tulisi varmistaa, ett\u00e4 he ovat valmiita nukkumaan v\u00e4hint\u00e4\u00e4n seitsem\u00e4n tai kahdeksan tuntia sen ottamisen j\u00e4lkeen v\u00e4ltt\u00e4\u00e4kseen seuraavan p\u00e4iv\u00e4n uneliaisuutta. On t\u00e4rke\u00e4\u00e4 v\u00e4ltt\u00e4\u00e4 valppautta vaativia aktiviteetteja, kuten ajamista, Zolpidemin ottamisen j\u00e4lkeen.<\/p>\n<p>T\u00e4t\u00e4 l\u00e4\u00e4kett\u00e4 ei tule k\u00e4ytt\u00e4\u00e4 alkoholin tai muiden rauhoittavien aineiden kanssa, sill\u00e4 n\u00e4m\u00e4 yhdistelm\u00e4t lis\u00e4\u00e4v\u00e4t vaarallisten sivuvaikutusten riski\u00e4. Jotkut ihmiset saattavat kokea ep\u00e4tavallisia unik\u00e4ytt\u00e4ytymisi\u00e4, kuten unissak\u00e4vely\u00e4, sy\u00f6mist\u00e4 tai ajamista ilman t\u00e4ytt\u00e4 tietoisuutta. N\u00e4m\u00e4 k\u00e4ytt\u00e4ytymiset ovat harvinaisia, mutta ne tulisi ilmoittaa v\u00e4litt\u00f6m\u00e4sti, jos niit\u00e4 esiintyy.<\/p>\n<p>Zolpidemia m\u00e4\u00e4r\u00e4t\u00e4\u00e4n yleens\u00e4 lyhyiksi ajoiksi riippuvuuden tai toleranssin v\u00e4ltt\u00e4miseksi.<\/p>\n","protected":false},"excerpt":{"rendered":"<ul>\n<li>Lyhytaikaisen unettomuuden hoito<\/li>\n<li>Nopea nukahtamisen tuki<\/li>\n<li>Vain reseptill\u00e4 saatava unil\u00e4\u00e4ke<\/li>\n<\/ul>\n","protected":false},"featured_media":812,"comment_status":"open","ping_status":"closed","template":"","meta":[],"product_brand":[],"product_cat":[145],"product_tag":[],"expert":[16],"class_list":{"0":"post-810","1":"product","2":"type-product","3":"status-publish","4":"has-post-thumbnail","6":"product_cat-unihairiot","7":"expert-dr-c-alexandru","9":"first","10":"instock","11":"shipping-taxable","12":"product-type-variable"},"yoast_head":"<!-- This site is optimized with the Yoast SEO plugin v27.0 - https:\/\/yoast.com\/product\/yoast-seo-wordpress\/ -->\n<title>Zolpidem | Nopea Unil\u00e4\u00e4ke - Transtoyou<\/title>\n<meta name=\"description\" content=\"L\u00f6yd\u00e4 Zolpidem lyhytaikaiseen unettomuuteen l\u00e4\u00e4k\u00e4rin reseptill\u00e4. Saat nopeaa tukea parempaan uneen asiantuntevien ohjeiden avulla.\" \/>\n<meta name=\"robots\" content=\"noindex, follow, max-snippet:-1, max-image-preview:large, max-video-preview:-1\" \/>\n<meta property=\"og:locale\" content=\"fi_FI\" \/>\n<meta property=\"og:type\" content=\"article\" \/>\n<meta property=\"og:title\" content=\"Zolpidem | Nopea Unil\u00e4\u00e4ke - Transtoyou\" \/>\n<meta property=\"og:description\" content=\"L\u00f6yd\u00e4 Zolpidem lyhytaikaiseen unettomuuteen l\u00e4\u00e4k\u00e4rin reseptill\u00e4. Saat nopeaa tukea parempaan uneen asiantuntevien ohjeiden avulla.\" \/>\n<meta property=\"og:url\" content=\"https:\/\/www.transtoyou.com\/fi\/product\/zolpidem\/\" \/>\n<meta property=\"og:site_name\" content=\"Transtoyou - FI\" \/>\n<meta property=\"article:modified_time\" content=\"2026-03-08T11:31:02+00:00\" \/>\n<meta name=\"twitter:card\" content=\"summary_large_image\" \/>\n<meta name=\"twitter:label1\" content=\"Arvioitu lukuaika\" \/>\n\t<meta name=\"twitter:data1\" content=\"1 minuutti\" \/>\n<script type=\"application\/ld+json\" class=\"yoast-schema-graph\">{\"@context\":\"https:\/\/schema.org\",\"@graph\":[{\"@type\":\"WebPage\",\"@id\":\"https:\/\/www.transtoyou.com\/fi\/product\/zolpidem\/\",\"url\":\"https:\/\/www.transtoyou.com\/fi\/product\/zolpidem\/\",\"name\":\"Zolpidem | Nopea Unil\u00e4\u00e4ke - Transtoyou\",\"isPartOf\":{\"@id\":\"https:\/\/www.transtoyou.com\/fi\/#website\"},\"primaryImageOfPage\":{\"@id\":\"https:\/\/www.transtoyou.com\/fi\/product\/zolpidem\/#primaryimage\"},\"image\":{\"@id\":\"https:\/\/www.transtoyou.com\/fi\/product\/zolpidem\/#primaryimage\"},\"thumbnailUrl\":\"https:\/\/www.transtoyou.com\/fi\/wp-content\/uploads\/sites\/16\/2026\/01\/tty-no-product-image-111.webp\",\"datePublished\":\"2026-01-24T19:57:41+00:00\",\"dateModified\":\"2026-03-08T11:31:02+00:00\",\"description\":\"L\u00f6yd\u00e4 Zolpidem lyhytaikaiseen unettomuuteen l\u00e4\u00e4k\u00e4rin reseptill\u00e4. Saat nopeaa tukea parempaan uneen asiantuntevien ohjeiden avulla.\",\"breadcrumb\":{\"@id\":\"https:\/\/www.transtoyou.com\/fi\/product\/zolpidem\/#breadcrumb\"},\"inLanguage\":\"fi\",\"potentialAction\":[{\"@type\":\"ReadAction\",\"target\":[\"https:\/\/www.transtoyou.com\/fi\/product\/zolpidem\/\"]}]},{\"@type\":\"ImageObject\",\"inLanguage\":\"fi\",\"@id\":\"https:\/\/www.transtoyou.com\/fi\/product\/zolpidem\/#primaryimage\",\"url\":\"https:\/\/www.transtoyou.com\/fi\/wp-content\/uploads\/sites\/16\/2026\/01\/tty-no-product-image-111.webp\",\"contentUrl\":\"https:\/\/www.transtoyou.com\/fi\/wp-content\/uploads\/sites\/16\/2026\/01\/tty-no-product-image-111.webp\",\"width\":1000,\"height\":1000,\"caption\":\"Oletusarvoinen tuotekuva\"},{\"@type\":\"WebSite\",\"@id\":\"https:\/\/www.transtoyou.com\/fi\/#website\",\"url\":\"https:\/\/www.transtoyou.com\/fi\/\",\"name\":\"Transtoyou - FI\",\"description\":\"\",\"publisher\":{\"@id\":\"https:\/\/www.transtoyou.com\/fi\/#organization\"},\"potentialAction\":[{\"@type\":\"SearchAction\",\"target\":{\"@type\":\"EntryPoint\",\"urlTemplate\":\"https:\/\/www.transtoyou.com\/fi\/?s={search_term_string}\"},\"query-input\":{\"@type\":\"PropertyValueSpecification\",\"valueRequired\":true,\"valueName\":\"search_term_string\"}}],\"inLanguage\":\"fi\"},{\"@type\":\"Organization\",\"@id\":\"https:\/\/www.transtoyou.com\/fi\/#organization\",\"name\":\"Transtoyou - FI\",\"url\":\"https:\/\/www.transtoyou.com\/fi\/\",\"logo\":{\"@type\":\"ImageObject\",\"inLanguage\":\"fi\",\"@id\":\"https:\/\/www.transtoyou.com\/fi\/#\/schema\/logo\/image\/\",\"url\":\"https:\/\/www.transtoyou.com\/fi\/wp-content\/uploads\/sites\/16\/2026\/01\/logo-tty-menu-bar-300x87-1.webp\",\"contentUrl\":\"https:\/\/www.transtoyou.com\/fi\/wp-content\/uploads\/sites\/16\/2026\/01\/logo-tty-menu-bar-300x87-1.webp\",\"width\":300,\"height\":87,\"caption\":\"Transtoyou - FI\"},\"image\":{\"@id\":\"https:\/\/www.transtoyou.com\/fi\/#\/schema\/logo\/image\/\"}}]}<\/script>\n<!-- \/ Yoast SEO plugin. -->","yoast_head_json":{"title":"Zolpidem | Nopea Unil\u00e4\u00e4ke - Transtoyou","description":"L\u00f6yd\u00e4 Zolpidem lyhytaikaiseen unettomuuteen l\u00e4\u00e4k\u00e4rin reseptill\u00e4. Saat nopeaa tukea parempaan uneen asiantuntevien ohjeiden avulla.","robots":{"index":"noindex","follow":"follow","max-snippet":"max-snippet:-1","max-image-preview":"max-image-preview:large","max-video-preview":"max-video-preview:-1"},"og_locale":"fi_FI","og_type":"article","og_title":"Zolpidem | Nopea Unil\u00e4\u00e4ke - Transtoyou","og_description":"L\u00f6yd\u00e4 Zolpidem lyhytaikaiseen unettomuuteen l\u00e4\u00e4k\u00e4rin reseptill\u00e4. Saat nopeaa tukea parempaan uneen asiantuntevien ohjeiden avulla.","og_url":"https:\/\/www.transtoyou.com\/fi\/product\/zolpidem\/","og_site_name":"Transtoyou - FI","article_modified_time":"2026-03-08T11:31:02+00:00","twitter_card":"summary_large_image","twitter_misc":{"Arvioitu lukuaika":"1 minuutti"},"schema":{"@context":"https:\/\/schema.org","@graph":[{"@type":"WebPage","@id":"https:\/\/www.transtoyou.com\/fi\/product\/zolpidem\/","url":"https:\/\/www.transtoyou.com\/fi\/product\/zolpidem\/","name":"Zolpidem | Nopea Unil\u00e4\u00e4ke - Transtoyou","isPartOf":{"@id":"https:\/\/www.transtoyou.com\/fi\/#website"},"primaryImageOfPage":{"@id":"https:\/\/www.transtoyou.com\/fi\/product\/zolpidem\/#primaryimage"},"image":{"@id":"https:\/\/www.transtoyou.com\/fi\/product\/zolpidem\/#primaryimage"},"thumbnailUrl":"https:\/\/www.transtoyou.com\/fi\/wp-content\/uploads\/sites\/16\/2026\/01\/tty-no-product-image-111.webp","datePublished":"2026-01-24T19:57:41+00:00","dateModified":"2026-03-08T11:31:02+00:00","description":"L\u00f6yd\u00e4 Zolpidem lyhytaikaiseen unettomuuteen l\u00e4\u00e4k\u00e4rin reseptill\u00e4. Saat nopeaa tukea parempaan uneen asiantuntevien ohjeiden avulla.","breadcrumb":{"@id":"https:\/\/www.transtoyou.com\/fi\/product\/zolpidem\/#breadcrumb"},"inLanguage":"fi","potentialAction":[{"@type":"ReadAction","target":["https:\/\/www.transtoyou.com\/fi\/product\/zolpidem\/"]}]},{"@type":"ImageObject","inLanguage":"fi","@id":"https:\/\/www.transtoyou.com\/fi\/product\/zolpidem\/#primaryimage","url":"https:\/\/www.transtoyou.com\/fi\/wp-content\/uploads\/sites\/16\/2026\/01\/tty-no-product-image-111.webp","contentUrl":"https:\/\/www.transtoyou.com\/fi\/wp-content\/uploads\/sites\/16\/2026\/01\/tty-no-product-image-111.webp","width":1000,"height":1000,"caption":"Oletusarvoinen tuotekuva"},{"@type":"WebSite","@id":"https:\/\/www.transtoyou.com\/fi\/#website","url":"https:\/\/www.transtoyou.com\/fi\/","name":"Transtoyou - FI","description":"","publisher":{"@id":"https:\/\/www.transtoyou.com\/fi\/#organization"},"potentialAction":[{"@type":"SearchAction","target":{"@type":"EntryPoint","urlTemplate":"https:\/\/www.transtoyou.com\/fi\/?s={search_term_string}"},"query-input":{"@type":"PropertyValueSpecification","valueRequired":true,"valueName":"search_term_string"}}],"inLanguage":"fi"},{"@type":"Organization","@id":"https:\/\/www.transtoyou.com\/fi\/#organization","name":"Transtoyou - FI","url":"https:\/\/www.transtoyou.com\/fi\/","logo":{"@type":"ImageObject","inLanguage":"fi","@id":"https:\/\/www.transtoyou.com\/fi\/#\/schema\/logo\/image\/","url":"https:\/\/www.transtoyou.com\/fi\/wp-content\/uploads\/sites\/16\/2026\/01\/logo-tty-menu-bar-300x87-1.webp","contentUrl":"https:\/\/www.transtoyou.com\/fi\/wp-content\/uploads\/sites\/16\/2026\/01\/logo-tty-menu-bar-300x87-1.webp","width":300,"height":87,"caption":"Transtoyou - FI"},"image":{"@id":"https:\/\/www.transtoyou.com\/fi\/#\/schema\/logo\/image\/"}}]}},"_links":{"self":[{"href":"https:\/\/www.transtoyou.com\/fi\/wp-json\/wp\/v2\/product\/810","targetHints":{"allow":["GET"]}}],"collection":[{"href":"https:\/\/www.transtoyou.com\/fi\/wp-json\/wp\/v2\/product"}],"about":[{"href":"https:\/\/www.transtoyou.com\/fi\/wp-json\/wp\/v2\/types\/product"}],"replies":[{"embeddable":true,"href":"https:\/\/www.transtoyou.com\/fi\/wp-json\/wp\/v2\/comments?post=810"}],"wp:featuredmedia":[{"embeddable":true,"href":"https:\/\/www.transtoyou.com\/fi\/wp-json\/wp\/v2\/media\/812"}],"wp:attachment":[{"href":"https:\/\/www.transtoyou.com\/fi\/wp-json\/wp\/v2\/media?parent=810"}],"wp:term":[{"taxonomy":"product_brand","embeddable":true,"href":"https:\/\/www.transtoyou.com\/fi\/wp-json\/wp\/v2\/product_brand?post=810"},{"taxonomy":"product_cat","embeddable":true,"href":"https:\/\/www.transtoyou.com\/fi\/wp-json\/wp\/v2\/product_cat?post=810"},{"taxonomy":"product_tag","embeddable":true,"href":"https:\/\/www.transtoyou.com\/fi\/wp-json\/wp\/v2\/product_tag?post=810"},{"taxonomy":"expert","embeddable":true,"href":"https:\/\/www.transtoyou.com\/fi\/wp-json\/wp\/v2\/expert?post=810"}],"curies":[{"name":"wp","href":"https:\/\/api.w.org\/{rel}","templated":true}]}}