{"id":816,"date":"2026-01-24T20:30:07","date_gmt":"2026-01-24T20:30:07","guid":{"rendered":"https:\/\/www.transtoyou.com\/fi\/product\/invicorp\/"},"modified":"2026-01-24T20:31:04","modified_gmt":"2026-01-24T20:31:04","slug":"invicorp","status":"publish","type":"product","link":"https:\/\/www.transtoyou.com\/fi\/product\/invicorp\/","title":{"rendered":"Invicorp"},"content":{"rendered":"<p>Invicorp on l\u00e4\u00e4kitys, jota k\u00e4ytet\u00e4\u00e4n erektioh\u00e4iri\u00f6n (ED) hoitoon. Se sis\u00e4lt\u00e4\u00e4 kahta vaikuttavaa ainetta: aviptadilia ja fentolamiinia, jotka yhdess\u00e4 parantavat verenkiertoa penikseen ja v\u00e4hent\u00e4v\u00e4t veren virtausta pois. T\u00e4m\u00e4 kaksoistoiminta mahdollistaa tukevan erektion, joka sopii seksuaaliseen toimintaan.<\/p>\n<p>Aviptadilia on synteettinen versio verisuonia aktivoivasta suolistopeptidist\u00e4 (VIP), joka auttaa rentouttamaan sileit\u00e4 lihaksia ja v\u00e4hent\u00e4m\u00e4\u00e4n veren virtausta pois peniksest\u00e4. Fentolamiini on alfa-salpaaja, joka lis\u00e4\u00e4 verenkiertoa peniksen kudoksessa laajentamalla verisuonia. Yhdess\u00e4 ne auttavat saavuttamaan ja yll\u00e4pit\u00e4m\u00e4\u00e4n erektiota palauttamalla verenkierron luonnollisen tasapainon peniksen sis\u00e4\u00e4n ja ulos.<\/p>\n<p>Invicorpia k\u00e4ytet\u00e4\u00e4n miehille, joilla on erektioh\u00e4iri\u00f6, erityisesti niille, joille muut hoidot, kuten suun kautta otettavat l\u00e4\u00e4kkeet, eiv\u00e4t ole tehokkaita tai eiv\u00e4t ole suositeltavia. Se injektoidaan suoraan corpora cavernosaan (pehme\u00e4 kudos peniksen varren kummallakin puolella). Vaikutukset alkavat yleens\u00e4 pian injektion j\u00e4lkeen ja kest\u00e4v\u00e4t tyypillisesti enint\u00e4\u00e4n tunnin.<\/p>\n","protected":false},"excerpt":{"rendered":"<ul>\n<li>Nopea ja luotettava erektion tuki<\/li>\n<li>Toimii, kun suun kautta otettavat ED-l\u00e4\u00e4kkeet ep\u00e4onnistuvat<\/li>\n<li>Ruiskutetaan suoraan penikseen<\/li>\n<\/ul>\n","protected":false},"featured_media":818,"comment_status":"open","ping_status":"closed","template":"","meta":[],"product_brand":[],"product_cat":[96],"product_tag":[],"expert":[17],"class_list":{"0":"post-816","1":"product","2":"type-product","3":"status-publish","4":"has-post-thumbnail","6":"product_cat-erektiohairioiden-hoidot","7":"expert-dr-c-munoz-parada","9":"first","10":"instock","11":"shipping-taxable","12":"product-type-variable"},"yoast_head":"<!-- This site is optimized with the Yoast SEO plugin v27.0 - https:\/\/yoast.com\/product\/yoast-seo-wordpress\/ -->\n<title>Invicorp | Paranna Verenkiertoa ED-oireiden Helpottamiseksi - Transtoyou<\/title>\n<meta name=\"description\" content=\"Tutustu Invicorpiin Transtoyou&#039;ssa, joka parantaa suorituskyky\u00e4 ja itseluottamusta. Osta nyt tehokas ratkaisu terveyden tavoitteidesi tueksi.\" \/>\n<meta name=\"robots\" content=\"noindex, follow, max-snippet:-1, max-image-preview:large, max-video-preview:-1\" \/>\n<meta property=\"og:locale\" content=\"fi_FI\" \/>\n<meta property=\"og:type\" content=\"article\" \/>\n<meta property=\"og:title\" content=\"Invicorp | Paranna Verenkiertoa ED-oireiden Helpottamiseksi - Transtoyou\" \/>\n<meta property=\"og:description\" content=\"Tutustu Invicorpiin Transtoyou&#039;ssa, joka parantaa suorituskyky\u00e4 ja itseluottamusta. Osta nyt tehokas ratkaisu terveyden tavoitteidesi tueksi.\" \/>\n<meta property=\"og:url\" content=\"https:\/\/www.transtoyou.com\/fi\/product\/invicorp\/\" \/>\n<meta property=\"og:site_name\" content=\"Transtoyou - FI\" \/>\n<meta property=\"article:modified_time\" content=\"2026-01-24T20:31:04+00:00\" \/>\n<meta name=\"twitter:card\" content=\"summary_large_image\" \/>\n<meta name=\"twitter:label1\" content=\"Arvioitu lukuaika\" \/>\n\t<meta name=\"twitter:data1\" content=\"1 minuutti\" \/>\n<script type=\"application\/ld+json\" class=\"yoast-schema-graph\">{\"@context\":\"https:\/\/schema.org\",\"@graph\":[{\"@type\":\"WebPage\",\"@id\":\"https:\/\/www.transtoyou.com\/fi\/product\/invicorp\/\",\"url\":\"https:\/\/www.transtoyou.com\/fi\/product\/invicorp\/\",\"name\":\"Invicorp | Paranna Verenkiertoa ED-oireiden Helpottamiseksi - Transtoyou\",\"isPartOf\":{\"@id\":\"https:\/\/www.transtoyou.com\/fi\/#website\"},\"primaryImageOfPage\":{\"@id\":\"https:\/\/www.transtoyou.com\/fi\/product\/invicorp\/#primaryimage\"},\"image\":{\"@id\":\"https:\/\/www.transtoyou.com\/fi\/product\/invicorp\/#primaryimage\"},\"thumbnailUrl\":\"https:\/\/www.transtoyou.com\/fi\/wp-content\/uploads\/sites\/16\/2026\/01\/tty-no-product-image-113.webp\",\"datePublished\":\"2026-01-24T20:30:07+00:00\",\"dateModified\":\"2026-01-24T20:31:04+00:00\",\"description\":\"Tutustu Invicorpiin Transtoyou'ssa, joka parantaa suorituskyky\u00e4 ja itseluottamusta. Osta nyt tehokas ratkaisu terveyden tavoitteidesi tueksi.\",\"breadcrumb\":{\"@id\":\"https:\/\/www.transtoyou.com\/fi\/product\/invicorp\/#breadcrumb\"},\"inLanguage\":\"fi\",\"potentialAction\":[{\"@type\":\"ReadAction\",\"target\":[\"https:\/\/www.transtoyou.com\/fi\/product\/invicorp\/\"]}]},{\"@type\":\"ImageObject\",\"inLanguage\":\"fi\",\"@id\":\"https:\/\/www.transtoyou.com\/fi\/product\/invicorp\/#primaryimage\",\"url\":\"https:\/\/www.transtoyou.com\/fi\/wp-content\/uploads\/sites\/16\/2026\/01\/tty-no-product-image-113.webp\",\"contentUrl\":\"https:\/\/www.transtoyou.com\/fi\/wp-content\/uploads\/sites\/16\/2026\/01\/tty-no-product-image-113.webp\",\"width\":1000,\"height\":1000,\"caption\":\"Oletusarvoinen tuotekuva\"},{\"@type\":\"WebSite\",\"@id\":\"https:\/\/www.transtoyou.com\/fi\/#website\",\"url\":\"https:\/\/www.transtoyou.com\/fi\/\",\"name\":\"Transtoyou - FI\",\"description\":\"\",\"publisher\":{\"@id\":\"https:\/\/www.transtoyou.com\/fi\/#organization\"},\"potentialAction\":[{\"@type\":\"SearchAction\",\"target\":{\"@type\":\"EntryPoint\",\"urlTemplate\":\"https:\/\/www.transtoyou.com\/fi\/?s={search_term_string}\"},\"query-input\":{\"@type\":\"PropertyValueSpecification\",\"valueRequired\":true,\"valueName\":\"search_term_string\"}}],\"inLanguage\":\"fi\"},{\"@type\":\"Organization\",\"@id\":\"https:\/\/www.transtoyou.com\/fi\/#organization\",\"name\":\"Transtoyou - FI\",\"url\":\"https:\/\/www.transtoyou.com\/fi\/\",\"logo\":{\"@type\":\"ImageObject\",\"inLanguage\":\"fi\",\"@id\":\"https:\/\/www.transtoyou.com\/fi\/#\/schema\/logo\/image\/\",\"url\":\"https:\/\/www.transtoyou.com\/fi\/wp-content\/uploads\/sites\/16\/2026\/01\/logo-tty-menu-bar-300x87-1.webp\",\"contentUrl\":\"https:\/\/www.transtoyou.com\/fi\/wp-content\/uploads\/sites\/16\/2026\/01\/logo-tty-menu-bar-300x87-1.webp\",\"width\":300,\"height\":87,\"caption\":\"Transtoyou - FI\"},\"image\":{\"@id\":\"https:\/\/www.transtoyou.com\/fi\/#\/schema\/logo\/image\/\"}}]}<\/script>\n<!-- \/ Yoast SEO plugin. -->","yoast_head_json":{"title":"Invicorp | Paranna Verenkiertoa ED-oireiden Helpottamiseksi - Transtoyou","description":"Tutustu Invicorpiin Transtoyou'ssa, joka parantaa suorituskyky\u00e4 ja itseluottamusta. Osta nyt tehokas ratkaisu terveyden tavoitteidesi tueksi.","robots":{"index":"noindex","follow":"follow","max-snippet":"max-snippet:-1","max-image-preview":"max-image-preview:large","max-video-preview":"max-video-preview:-1"},"og_locale":"fi_FI","og_type":"article","og_title":"Invicorp | Paranna Verenkiertoa ED-oireiden Helpottamiseksi - Transtoyou","og_description":"Tutustu Invicorpiin Transtoyou'ssa, joka parantaa suorituskyky\u00e4 ja itseluottamusta. Osta nyt tehokas ratkaisu terveyden tavoitteidesi tueksi.","og_url":"https:\/\/www.transtoyou.com\/fi\/product\/invicorp\/","og_site_name":"Transtoyou - FI","article_modified_time":"2026-01-24T20:31:04+00:00","twitter_card":"summary_large_image","twitter_misc":{"Arvioitu lukuaika":"1 minuutti"},"schema":{"@context":"https:\/\/schema.org","@graph":[{"@type":"WebPage","@id":"https:\/\/www.transtoyou.com\/fi\/product\/invicorp\/","url":"https:\/\/www.transtoyou.com\/fi\/product\/invicorp\/","name":"Invicorp | Paranna Verenkiertoa ED-oireiden Helpottamiseksi - Transtoyou","isPartOf":{"@id":"https:\/\/www.transtoyou.com\/fi\/#website"},"primaryImageOfPage":{"@id":"https:\/\/www.transtoyou.com\/fi\/product\/invicorp\/#primaryimage"},"image":{"@id":"https:\/\/www.transtoyou.com\/fi\/product\/invicorp\/#primaryimage"},"thumbnailUrl":"https:\/\/www.transtoyou.com\/fi\/wp-content\/uploads\/sites\/16\/2026\/01\/tty-no-product-image-113.webp","datePublished":"2026-01-24T20:30:07+00:00","dateModified":"2026-01-24T20:31:04+00:00","description":"Tutustu Invicorpiin Transtoyou'ssa, joka parantaa suorituskyky\u00e4 ja itseluottamusta. Osta nyt tehokas ratkaisu terveyden tavoitteidesi tueksi.","breadcrumb":{"@id":"https:\/\/www.transtoyou.com\/fi\/product\/invicorp\/#breadcrumb"},"inLanguage":"fi","potentialAction":[{"@type":"ReadAction","target":["https:\/\/www.transtoyou.com\/fi\/product\/invicorp\/"]}]},{"@type":"ImageObject","inLanguage":"fi","@id":"https:\/\/www.transtoyou.com\/fi\/product\/invicorp\/#primaryimage","url":"https:\/\/www.transtoyou.com\/fi\/wp-content\/uploads\/sites\/16\/2026\/01\/tty-no-product-image-113.webp","contentUrl":"https:\/\/www.transtoyou.com\/fi\/wp-content\/uploads\/sites\/16\/2026\/01\/tty-no-product-image-113.webp","width":1000,"height":1000,"caption":"Oletusarvoinen tuotekuva"},{"@type":"WebSite","@id":"https:\/\/www.transtoyou.com\/fi\/#website","url":"https:\/\/www.transtoyou.com\/fi\/","name":"Transtoyou - FI","description":"","publisher":{"@id":"https:\/\/www.transtoyou.com\/fi\/#organization"},"potentialAction":[{"@type":"SearchAction","target":{"@type":"EntryPoint","urlTemplate":"https:\/\/www.transtoyou.com\/fi\/?s={search_term_string}"},"query-input":{"@type":"PropertyValueSpecification","valueRequired":true,"valueName":"search_term_string"}}],"inLanguage":"fi"},{"@type":"Organization","@id":"https:\/\/www.transtoyou.com\/fi\/#organization","name":"Transtoyou - FI","url":"https:\/\/www.transtoyou.com\/fi\/","logo":{"@type":"ImageObject","inLanguage":"fi","@id":"https:\/\/www.transtoyou.com\/fi\/#\/schema\/logo\/image\/","url":"https:\/\/www.transtoyou.com\/fi\/wp-content\/uploads\/sites\/16\/2026\/01\/logo-tty-menu-bar-300x87-1.webp","contentUrl":"https:\/\/www.transtoyou.com\/fi\/wp-content\/uploads\/sites\/16\/2026\/01\/logo-tty-menu-bar-300x87-1.webp","width":300,"height":87,"caption":"Transtoyou - FI"},"image":{"@id":"https:\/\/www.transtoyou.com\/fi\/#\/schema\/logo\/image\/"}}]}},"_links":{"self":[{"href":"https:\/\/www.transtoyou.com\/fi\/wp-json\/wp\/v2\/product\/816","targetHints":{"allow":["GET"]}}],"collection":[{"href":"https:\/\/www.transtoyou.com\/fi\/wp-json\/wp\/v2\/product"}],"about":[{"href":"https:\/\/www.transtoyou.com\/fi\/wp-json\/wp\/v2\/types\/product"}],"replies":[{"embeddable":true,"href":"https:\/\/www.transtoyou.com\/fi\/wp-json\/wp\/v2\/comments?post=816"}],"wp:featuredmedia":[{"embeddable":true,"href":"https:\/\/www.transtoyou.com\/fi\/wp-json\/wp\/v2\/media\/818"}],"wp:attachment":[{"href":"https:\/\/www.transtoyou.com\/fi\/wp-json\/wp\/v2\/media?parent=816"}],"wp:term":[{"taxonomy":"product_brand","embeddable":true,"href":"https:\/\/www.transtoyou.com\/fi\/wp-json\/wp\/v2\/product_brand?post=816"},{"taxonomy":"product_cat","embeddable":true,"href":"https:\/\/www.transtoyou.com\/fi\/wp-json\/wp\/v2\/product_cat?post=816"},{"taxonomy":"product_tag","embeddable":true,"href":"https:\/\/www.transtoyou.com\/fi\/wp-json\/wp\/v2\/product_tag?post=816"},{"taxonomy":"expert","embeddable":true,"href":"https:\/\/www.transtoyou.com\/fi\/wp-json\/wp\/v2\/expert?post=816"}],"curies":[{"name":"wp","href":"https:\/\/api.w.org\/{rel}","templated":true}]}}