{"id":822,"date":"2026-01-24T21:02:08","date_gmt":"2026-01-24T21:02:08","guid":{"rendered":"https:\/\/www.transtoyou.com\/fi\/product\/priligy\/"},"modified":"2026-03-01T12:07:28","modified_gmt":"2026-03-01T12:07:28","slug":"priligy","status":"publish","type":"product","link":"https:\/\/www.transtoyou.com\/fi\/product\/priligy\/","title":{"rendered":"Priligy"},"content":{"rendered":"<p>Priligy sis\u00e4lt\u00e4\u00e4 dapoksetiinia, nopeasti vaikuttavaa l\u00e4\u00e4kett\u00e4, jota k\u00e4ytet\u00e4\u00e4n aikaisessa siemensy\u00f6ksess\u00e4 aikuisilla miehill\u00e4. Se kuuluu selektiivisten serotoniinin takaisinoton est\u00e4jien (SSRI) l\u00e4\u00e4keryhm\u00e4\u00e4n, mutta se on suunniteltu erityisesti tarpeen mukaan k\u00e4ytett\u00e4v\u00e4ksi, ei p\u00e4ivitt\u00e4iseen k\u00e4ytt\u00f6\u00f6n. Lis\u00e4\u00e4m\u00e4ll\u00e4 serotoniinin aktiivisuutta hermostossa, Priligy auttaa viiv\u00e4stytt\u00e4m\u00e4\u00e4n siemensy\u00f6ksy\u00e4, parantamaan hallintaa ja v\u00e4hent\u00e4m\u00e4\u00e4n tilaan liittyv\u00e4\u00e4 ahdistusta.<\/p>\n<p>Aikainen siemensy\u00f6ksy on yksi yleisimmist\u00e4 miesten seksuaalisista huolista. Se voi vaikuttaa itsetuntoon ja l\u00e4heisyyteen, jopa terveiss\u00e4 suhteissa. Priligy tarjoaa ratkaisun, joka sopii joustavaan rutiiniin, sill\u00e4 sit\u00e4 otetaan vain tarvittaessa, noin yksi tai kolme tuntia ennen seksuaalista toimintaa. L\u00e4\u00e4ke imeytyy nopeasti ja alkaa vaikuttaa 30\u201360 minuutissa useimmilla k\u00e4ytt\u00e4jill\u00e4.<\/p>\n<p>Toisin kuin monet hoidot, jotka vaativat jatkuvaa k\u00e4ytt\u00f6\u00e4, Priligyn lyhyt vaikutusaika ja nopea poistuminen kehosta tekev\u00e4t siit\u00e4 k\u00e4tev\u00e4n valinnan niille, jotka eiv\u00e4t halua k\u00e4ytt\u00e4\u00e4 p\u00e4ivitt\u00e4ist\u00e4 l\u00e4\u00e4kityst\u00e4. Useimmat k\u00e4ytt\u00e4j\u00e4t raportoivat lis\u00e4\u00e4ntyneest\u00e4 tyytyv\u00e4isyydest\u00e4 seksuaaliseen suorituskykyyn ja paremmasta hallinnasta siemensy\u00f6ksyn suhteen Priligyn aloittamisen j\u00e4lkeen.<\/p>\n<p>Priligy on yleisesti hyvin siedetty. Jotkut miehet kokevat pahoinvointia, huimausta tai p\u00e4\u00e4ns\u00e4rky\u00e4, erityisesti l\u00e4\u00e4kkeen ensimm\u00e4isten k\u00e4ytt\u00f6kertojen aikana. Alkoholin nauttiminen voi lis\u00e4t\u00e4 n\u00e4it\u00e4 vaikutuksia, joten on suositeltavaa v\u00e4ltt\u00e4\u00e4 alkoholia l\u00e4hell\u00e4 k\u00e4ytt\u00f6aikaa. T\u00e4m\u00e4 l\u00e4\u00e4ke ei ole tarkoitettu syd\u00e4nongelmista k\u00e4rsiville miehille tai niille, jotka k\u00e4ytt\u00e4v\u00e4t l\u00e4\u00e4kkeit\u00e4, jotka vaikuttavat verenpaineeseen tai serotoniinitasoihin.<\/p>\n","protected":false},"excerpt":{"rendered":"<ul>\n<li>K\u00e4ytett\u00e4viss\u00e4 oleva suun kautta otettava l\u00e4\u00e4kitys ennenaikaiseen siemensy\u00f6ksyyn<\/li>\n<li>Sis\u00e4lt\u00e4\u00e4 dapoksetiinia, lyhytvaikutteista SSRI:t\u00e4<\/li>\n<li>Parantaa hallintaa ja v\u00e4hent\u00e4\u00e4 seksuaalista ahdistusta<\/li>\n<\/ul>\n","protected":false},"featured_media":824,"comment_status":"open","ping_status":"closed","template":"","meta":[],"product_brand":[],"product_cat":[138],"product_tag":[],"expert":[16],"class_list":{"0":"post-822","1":"product","2":"type-product","3":"status-publish","4":"has-post-thumbnail","6":"product_cat-ennenaikaisen-ejakulaation-ratkaisut","7":"expert-dr-c-alexandru","9":"first","10":"instock","11":"shipping-taxable","12":"product-type-variable"},"yoast_head":"<!-- This site is optimized with the Yoast SEO plugin v27.0 - https:\/\/yoast.com\/product\/yoast-seo-wordpress\/ -->\n<title>Priligy | Paranna elinvoimaa ja kest\u00e4vyytt\u00e4 - Transtoyou<\/title>\n<meta name=\"description\" content=\"Priligy saatavilla Transtoyou: ainutlaatuisia etuja ennenaikaisen siemensy\u00f6ksyn hallintaan. Osta nyt ja saa k\u00e4tev\u00e4sti t\u00e4m\u00e4 tehokas ratkaisu.\" \/>\n<meta name=\"robots\" content=\"noindex, follow, max-snippet:-1, max-image-preview:large, max-video-preview:-1\" \/>\n<meta property=\"og:locale\" content=\"fi_FI\" \/>\n<meta property=\"og:type\" content=\"article\" \/>\n<meta property=\"og:title\" content=\"Priligy | Paranna elinvoimaa ja kest\u00e4vyytt\u00e4 - Transtoyou\" \/>\n<meta property=\"og:description\" content=\"Priligy saatavilla Transtoyou: ainutlaatuisia etuja ennenaikaisen siemensy\u00f6ksyn hallintaan. Osta nyt ja saa k\u00e4tev\u00e4sti t\u00e4m\u00e4 tehokas ratkaisu.\" \/>\n<meta property=\"og:url\" content=\"https:\/\/www.transtoyou.com\/fi\/product\/priligy\/\" \/>\n<meta property=\"og:site_name\" content=\"Transtoyou - FI\" \/>\n<meta property=\"article:modified_time\" content=\"2026-03-01T12:07:28+00:00\" \/>\n<meta name=\"twitter:card\" content=\"summary_large_image\" \/>\n<meta name=\"twitter:label1\" content=\"Arvioitu lukuaika\" \/>\n\t<meta name=\"twitter:data1\" content=\"1 minuutti\" \/>\n<script type=\"application\/ld+json\" class=\"yoast-schema-graph\">{\"@context\":\"https:\/\/schema.org\",\"@graph\":[{\"@type\":\"WebPage\",\"@id\":\"https:\/\/www.transtoyou.com\/fi\/product\/priligy\/\",\"url\":\"https:\/\/www.transtoyou.com\/fi\/product\/priligy\/\",\"name\":\"Priligy | Paranna elinvoimaa ja kest\u00e4vyytt\u00e4 - Transtoyou\",\"isPartOf\":{\"@id\":\"https:\/\/www.transtoyou.com\/fi\/#website\"},\"primaryImageOfPage\":{\"@id\":\"https:\/\/www.transtoyou.com\/fi\/product\/priligy\/#primaryimage\"},\"image\":{\"@id\":\"https:\/\/www.transtoyou.com\/fi\/product\/priligy\/#primaryimage\"},\"thumbnailUrl\":\"https:\/\/www.transtoyou.com\/fi\/wp-content\/uploads\/sites\/16\/2026\/01\/tty-no-product-image-115.webp\",\"datePublished\":\"2026-01-24T21:02:08+00:00\",\"dateModified\":\"2026-03-01T12:07:28+00:00\",\"description\":\"Priligy saatavilla Transtoyou: ainutlaatuisia etuja ennenaikaisen siemensy\u00f6ksyn hallintaan. Osta nyt ja saa k\u00e4tev\u00e4sti t\u00e4m\u00e4 tehokas ratkaisu.\",\"breadcrumb\":{\"@id\":\"https:\/\/www.transtoyou.com\/fi\/product\/priligy\/#breadcrumb\"},\"inLanguage\":\"fi\",\"potentialAction\":[{\"@type\":\"ReadAction\",\"target\":[\"https:\/\/www.transtoyou.com\/fi\/product\/priligy\/\"]}]},{\"@type\":\"ImageObject\",\"inLanguage\":\"fi\",\"@id\":\"https:\/\/www.transtoyou.com\/fi\/product\/priligy\/#primaryimage\",\"url\":\"https:\/\/www.transtoyou.com\/fi\/wp-content\/uploads\/sites\/16\/2026\/01\/tty-no-product-image-115.webp\",\"contentUrl\":\"https:\/\/www.transtoyou.com\/fi\/wp-content\/uploads\/sites\/16\/2026\/01\/tty-no-product-image-115.webp\",\"width\":1000,\"height\":1000,\"caption\":\"Oletusarvoinen tuotekuva\"},{\"@type\":\"WebSite\",\"@id\":\"https:\/\/www.transtoyou.com\/fi\/#website\",\"url\":\"https:\/\/www.transtoyou.com\/fi\/\",\"name\":\"Transtoyou - FI\",\"description\":\"\",\"publisher\":{\"@id\":\"https:\/\/www.transtoyou.com\/fi\/#organization\"},\"potentialAction\":[{\"@type\":\"SearchAction\",\"target\":{\"@type\":\"EntryPoint\",\"urlTemplate\":\"https:\/\/www.transtoyou.com\/fi\/?s={search_term_string}\"},\"query-input\":{\"@type\":\"PropertyValueSpecification\",\"valueRequired\":true,\"valueName\":\"search_term_string\"}}],\"inLanguage\":\"fi\"},{\"@type\":\"Organization\",\"@id\":\"https:\/\/www.transtoyou.com\/fi\/#organization\",\"name\":\"Transtoyou - FI\",\"url\":\"https:\/\/www.transtoyou.com\/fi\/\",\"logo\":{\"@type\":\"ImageObject\",\"inLanguage\":\"fi\",\"@id\":\"https:\/\/www.transtoyou.com\/fi\/#\/schema\/logo\/image\/\",\"url\":\"https:\/\/www.transtoyou.com\/fi\/wp-content\/uploads\/sites\/16\/2026\/01\/logo-tty-menu-bar-300x87-1.webp\",\"contentUrl\":\"https:\/\/www.transtoyou.com\/fi\/wp-content\/uploads\/sites\/16\/2026\/01\/logo-tty-menu-bar-300x87-1.webp\",\"width\":300,\"height\":87,\"caption\":\"Transtoyou - FI\"},\"image\":{\"@id\":\"https:\/\/www.transtoyou.com\/fi\/#\/schema\/logo\/image\/\"}}]}<\/script>\n<!-- \/ Yoast SEO plugin. -->","yoast_head_json":{"title":"Priligy | Paranna elinvoimaa ja kest\u00e4vyytt\u00e4 - Transtoyou","description":"Priligy saatavilla Transtoyou: ainutlaatuisia etuja ennenaikaisen siemensy\u00f6ksyn hallintaan. Osta nyt ja saa k\u00e4tev\u00e4sti t\u00e4m\u00e4 tehokas ratkaisu.","robots":{"index":"noindex","follow":"follow","max-snippet":"max-snippet:-1","max-image-preview":"max-image-preview:large","max-video-preview":"max-video-preview:-1"},"og_locale":"fi_FI","og_type":"article","og_title":"Priligy | Paranna elinvoimaa ja kest\u00e4vyytt\u00e4 - Transtoyou","og_description":"Priligy saatavilla Transtoyou: ainutlaatuisia etuja ennenaikaisen siemensy\u00f6ksyn hallintaan. Osta nyt ja saa k\u00e4tev\u00e4sti t\u00e4m\u00e4 tehokas ratkaisu.","og_url":"https:\/\/www.transtoyou.com\/fi\/product\/priligy\/","og_site_name":"Transtoyou - FI","article_modified_time":"2026-03-01T12:07:28+00:00","twitter_card":"summary_large_image","twitter_misc":{"Arvioitu lukuaika":"1 minuutti"},"schema":{"@context":"https:\/\/schema.org","@graph":[{"@type":"WebPage","@id":"https:\/\/www.transtoyou.com\/fi\/product\/priligy\/","url":"https:\/\/www.transtoyou.com\/fi\/product\/priligy\/","name":"Priligy | Paranna elinvoimaa ja kest\u00e4vyytt\u00e4 - Transtoyou","isPartOf":{"@id":"https:\/\/www.transtoyou.com\/fi\/#website"},"primaryImageOfPage":{"@id":"https:\/\/www.transtoyou.com\/fi\/product\/priligy\/#primaryimage"},"image":{"@id":"https:\/\/www.transtoyou.com\/fi\/product\/priligy\/#primaryimage"},"thumbnailUrl":"https:\/\/www.transtoyou.com\/fi\/wp-content\/uploads\/sites\/16\/2026\/01\/tty-no-product-image-115.webp","datePublished":"2026-01-24T21:02:08+00:00","dateModified":"2026-03-01T12:07:28+00:00","description":"Priligy saatavilla Transtoyou: ainutlaatuisia etuja ennenaikaisen siemensy\u00f6ksyn hallintaan. Osta nyt ja saa k\u00e4tev\u00e4sti t\u00e4m\u00e4 tehokas ratkaisu.","breadcrumb":{"@id":"https:\/\/www.transtoyou.com\/fi\/product\/priligy\/#breadcrumb"},"inLanguage":"fi","potentialAction":[{"@type":"ReadAction","target":["https:\/\/www.transtoyou.com\/fi\/product\/priligy\/"]}]},{"@type":"ImageObject","inLanguage":"fi","@id":"https:\/\/www.transtoyou.com\/fi\/product\/priligy\/#primaryimage","url":"https:\/\/www.transtoyou.com\/fi\/wp-content\/uploads\/sites\/16\/2026\/01\/tty-no-product-image-115.webp","contentUrl":"https:\/\/www.transtoyou.com\/fi\/wp-content\/uploads\/sites\/16\/2026\/01\/tty-no-product-image-115.webp","width":1000,"height":1000,"caption":"Oletusarvoinen tuotekuva"},{"@type":"WebSite","@id":"https:\/\/www.transtoyou.com\/fi\/#website","url":"https:\/\/www.transtoyou.com\/fi\/","name":"Transtoyou - FI","description":"","publisher":{"@id":"https:\/\/www.transtoyou.com\/fi\/#organization"},"potentialAction":[{"@type":"SearchAction","target":{"@type":"EntryPoint","urlTemplate":"https:\/\/www.transtoyou.com\/fi\/?s={search_term_string}"},"query-input":{"@type":"PropertyValueSpecification","valueRequired":true,"valueName":"search_term_string"}}],"inLanguage":"fi"},{"@type":"Organization","@id":"https:\/\/www.transtoyou.com\/fi\/#organization","name":"Transtoyou - FI","url":"https:\/\/www.transtoyou.com\/fi\/","logo":{"@type":"ImageObject","inLanguage":"fi","@id":"https:\/\/www.transtoyou.com\/fi\/#\/schema\/logo\/image\/","url":"https:\/\/www.transtoyou.com\/fi\/wp-content\/uploads\/sites\/16\/2026\/01\/logo-tty-menu-bar-300x87-1.webp","contentUrl":"https:\/\/www.transtoyou.com\/fi\/wp-content\/uploads\/sites\/16\/2026\/01\/logo-tty-menu-bar-300x87-1.webp","width":300,"height":87,"caption":"Transtoyou - FI"},"image":{"@id":"https:\/\/www.transtoyou.com\/fi\/#\/schema\/logo\/image\/"}}]}},"_links":{"self":[{"href":"https:\/\/www.transtoyou.com\/fi\/wp-json\/wp\/v2\/product\/822","targetHints":{"allow":["GET"]}}],"collection":[{"href":"https:\/\/www.transtoyou.com\/fi\/wp-json\/wp\/v2\/product"}],"about":[{"href":"https:\/\/www.transtoyou.com\/fi\/wp-json\/wp\/v2\/types\/product"}],"replies":[{"embeddable":true,"href":"https:\/\/www.transtoyou.com\/fi\/wp-json\/wp\/v2\/comments?post=822"}],"wp:featuredmedia":[{"embeddable":true,"href":"https:\/\/www.transtoyou.com\/fi\/wp-json\/wp\/v2\/media\/824"}],"wp:attachment":[{"href":"https:\/\/www.transtoyou.com\/fi\/wp-json\/wp\/v2\/media?parent=822"}],"wp:term":[{"taxonomy":"product_brand","embeddable":true,"href":"https:\/\/www.transtoyou.com\/fi\/wp-json\/wp\/v2\/product_brand?post=822"},{"taxonomy":"product_cat","embeddable":true,"href":"https:\/\/www.transtoyou.com\/fi\/wp-json\/wp\/v2\/product_cat?post=822"},{"taxonomy":"product_tag","embeddable":true,"href":"https:\/\/www.transtoyou.com\/fi\/wp-json\/wp\/v2\/product_tag?post=822"},{"taxonomy":"expert","embeddable":true,"href":"https:\/\/www.transtoyou.com\/fi\/wp-json\/wp\/v2\/expert?post=822"}],"curies":[{"name":"wp","href":"https:\/\/api.w.org\/{rel}","templated":true}]}}