{"id":828,"date":"2026-01-24T21:37:29","date_gmt":"2026-01-24T21:37:29","guid":{"rendered":"https:\/\/www.transtoyou.com\/fi\/product\/diamicron\/"},"modified":"2026-01-24T21:38:47","modified_gmt":"2026-01-24T21:38:47","slug":"diamicron","status":"publish","type":"product","link":"https:\/\/www.transtoyou.com\/fi\/product\/diamicron\/","title":{"rendered":"Diamicron"},"content":{"rendered":"<p>Diamicron on suun kautta otettava l\u00e4\u00e4ke, joka kuuluu sulfonyyliurealuokan l\u00e4\u00e4kkeisiin. Se auttaa hallitsemaan verensokeritasoja tyypin 2 diabetesta sairastavilla ihmisill\u00e4. Diamicron toimii stimuloimalla haimaa vapauttamaan enemm\u00e4n insuliinia, hormonia, joka auttaa alentamaan glukoositasoja veress\u00e4. T\u00e4m\u00e4 tekee siit\u00e4 erityisen hy\u00f6dyllisen ihmisille, joiden keho tuottaa edelleen insuliinia, mutta ei reagoi siihen tehokkaasti.<\/p>\n<p>Tyypin 2 diabeteksessa keho tulee insuliiniresistentiksi tai ei tuota tarpeeksi insuliinia verensokerin hallitsemiseksi. Diamicron ratkaisee t\u00e4m\u00e4n kannustamalla luonnollisempaa insuliinin vapautumista aterioiden yhteydess\u00e4, mik\u00e4 auttaa v\u00e4hent\u00e4m\u00e4\u00e4n verensokerin nousuja sy\u00f6misen j\u00e4lkeen. T\u00e4m\u00e4n seurauksena se auttaa yll\u00e4pit\u00e4m\u00e4\u00e4n tasaisia verensokeritasoja koko p\u00e4iv\u00e4n ajan.<\/p>\n<p>Diamicronia otetaan tyypillisesti kerran p\u00e4iv\u00e4ss\u00e4, usein aamiaisella. Vaikka se on tehokas, Diamicron voi joskus aiheuttaa matalaa verensokeria (hypoglykemia), erityisesti jos aterioita j\u00e4tet\u00e4\u00e4n v\u00e4liin tai fyysinen aktiivisuus lis\u00e4\u00e4ntyy odottamatta. T\u00e4st\u00e4 syyst\u00e4 on t\u00e4rke\u00e4\u00e4 seurata glukoositasoja s\u00e4\u00e4nn\u00f6llisesti ja olla tietoinen oireista, kuten vapinasta, hikoilusta, huimauksesta tai sekavuudesta. Muita mahdollisia haittavaikutuksia ovat liev\u00e4 ruoansulatush\u00e4iri\u00f6 tai painonnousu.<\/p>\n","protected":false},"excerpt":{"rendered":"<ul>\n<li>Kerran p\u00e4iv\u00e4ss\u00e4 otettava muunneltu vapautusgliclatsidi tasaiselle sokerin hallinnalle<\/li>\n<li>Laskee HbA1c-arvoja ja suojaa hermoja, silmi\u00e4 ja munuaisia<\/li>\n<li>Todistettu turvallisuusprofiili yli 30 vuoden k\u00e4yt\u00f6n j\u00e4lkeen<\/li>\n<\/ul>\n","protected":false},"featured_media":830,"comment_status":"open","ping_status":"closed","template":"","meta":[],"product_brand":[],"product_cat":[84],"product_tag":[],"expert":[21],"class_list":{"0":"post-828","1":"product","2":"type-product","3":"status-publish","4":"has-post-thumbnail","6":"product_cat-diabetes","7":"expert-dr-m-sharoyko","9":"first","10":"instock","11":"shipping-taxable","12":"product-type-variable"},"yoast_head":"<!-- This site is optimized with the Yoast SEO plugin v27.0 - https:\/\/yoast.com\/product\/yoast-seo-wordpress\/ -->\n<title>Diamicron | Hallitse Verensokeria Tehokkaasti - Transtoyou<\/title>\n<meta name=\"description\" content=\"Hallinnoi tyypin 2 diabetesta Diamicronilla, saatavilla Transtoyou&#039;sta. Tukee insuliinin vapautumista tasaiselle verensokerille. Osta nyt tehokasta hallintaa varten.\" \/>\n<meta name=\"robots\" content=\"noindex, follow, max-snippet:-1, max-image-preview:large, max-video-preview:-1\" \/>\n<meta property=\"og:locale\" content=\"fi_FI\" \/>\n<meta property=\"og:type\" content=\"article\" \/>\n<meta property=\"og:title\" content=\"Diamicron | Hallitse Verensokeria Tehokkaasti - Transtoyou\" \/>\n<meta property=\"og:description\" content=\"Hallinnoi tyypin 2 diabetesta Diamicronilla, saatavilla Transtoyou&#039;sta. Tukee insuliinin vapautumista tasaiselle verensokerille. Osta nyt tehokasta hallintaa varten.\" \/>\n<meta property=\"og:url\" content=\"https:\/\/www.transtoyou.com\/fi\/product\/diamicron\/\" \/>\n<meta property=\"og:site_name\" content=\"Transtoyou - FI\" \/>\n<meta property=\"article:modified_time\" content=\"2026-01-24T21:38:47+00:00\" \/>\n<meta name=\"twitter:card\" content=\"summary_large_image\" \/>\n<meta name=\"twitter:label1\" content=\"Arvioitu lukuaika\" \/>\n\t<meta name=\"twitter:data1\" content=\"1 minuutti\" \/>\n<script type=\"application\/ld+json\" class=\"yoast-schema-graph\">{\"@context\":\"https:\/\/schema.org\",\"@graph\":[{\"@type\":\"WebPage\",\"@id\":\"https:\/\/www.transtoyou.com\/fi\/product\/diamicron\/\",\"url\":\"https:\/\/www.transtoyou.com\/fi\/product\/diamicron\/\",\"name\":\"Diamicron | Hallitse Verensokeria Tehokkaasti - Transtoyou\",\"isPartOf\":{\"@id\":\"https:\/\/www.transtoyou.com\/fi\/#website\"},\"primaryImageOfPage\":{\"@id\":\"https:\/\/www.transtoyou.com\/fi\/product\/diamicron\/#primaryimage\"},\"image\":{\"@id\":\"https:\/\/www.transtoyou.com\/fi\/product\/diamicron\/#primaryimage\"},\"thumbnailUrl\":\"https:\/\/www.transtoyou.com\/fi\/wp-content\/uploads\/sites\/16\/2026\/01\/tty-no-product-image-117.webp\",\"datePublished\":\"2026-01-24T21:37:29+00:00\",\"dateModified\":\"2026-01-24T21:38:47+00:00\",\"description\":\"Hallinnoi tyypin 2 diabetesta Diamicronilla, saatavilla Transtoyou'sta. Tukee insuliinin vapautumista tasaiselle verensokerille. Osta nyt tehokasta hallintaa varten.\",\"breadcrumb\":{\"@id\":\"https:\/\/www.transtoyou.com\/fi\/product\/diamicron\/#breadcrumb\"},\"inLanguage\":\"fi\",\"potentialAction\":[{\"@type\":\"ReadAction\",\"target\":[\"https:\/\/www.transtoyou.com\/fi\/product\/diamicron\/\"]}]},{\"@type\":\"ImageObject\",\"inLanguage\":\"fi\",\"@id\":\"https:\/\/www.transtoyou.com\/fi\/product\/diamicron\/#primaryimage\",\"url\":\"https:\/\/www.transtoyou.com\/fi\/wp-content\/uploads\/sites\/16\/2026\/01\/tty-no-product-image-117.webp\",\"contentUrl\":\"https:\/\/www.transtoyou.com\/fi\/wp-content\/uploads\/sites\/16\/2026\/01\/tty-no-product-image-117.webp\",\"width\":1000,\"height\":1000,\"caption\":\"Oletusarvoinen tuotekuva\"},{\"@type\":\"WebSite\",\"@id\":\"https:\/\/www.transtoyou.com\/fi\/#website\",\"url\":\"https:\/\/www.transtoyou.com\/fi\/\",\"name\":\"Transtoyou - FI\",\"description\":\"\",\"publisher\":{\"@id\":\"https:\/\/www.transtoyou.com\/fi\/#organization\"},\"potentialAction\":[{\"@type\":\"SearchAction\",\"target\":{\"@type\":\"EntryPoint\",\"urlTemplate\":\"https:\/\/www.transtoyou.com\/fi\/?s={search_term_string}\"},\"query-input\":{\"@type\":\"PropertyValueSpecification\",\"valueRequired\":true,\"valueName\":\"search_term_string\"}}],\"inLanguage\":\"fi\"},{\"@type\":\"Organization\",\"@id\":\"https:\/\/www.transtoyou.com\/fi\/#organization\",\"name\":\"Transtoyou - FI\",\"url\":\"https:\/\/www.transtoyou.com\/fi\/\",\"logo\":{\"@type\":\"ImageObject\",\"inLanguage\":\"fi\",\"@id\":\"https:\/\/www.transtoyou.com\/fi\/#\/schema\/logo\/image\/\",\"url\":\"https:\/\/www.transtoyou.com\/fi\/wp-content\/uploads\/sites\/16\/2026\/01\/logo-tty-menu-bar-300x87-1.webp\",\"contentUrl\":\"https:\/\/www.transtoyou.com\/fi\/wp-content\/uploads\/sites\/16\/2026\/01\/logo-tty-menu-bar-300x87-1.webp\",\"width\":300,\"height\":87,\"caption\":\"Transtoyou - FI\"},\"image\":{\"@id\":\"https:\/\/www.transtoyou.com\/fi\/#\/schema\/logo\/image\/\"}}]}<\/script>\n<!-- \/ Yoast SEO plugin. -->","yoast_head_json":{"title":"Diamicron | Hallitse Verensokeria Tehokkaasti - Transtoyou","description":"Hallinnoi tyypin 2 diabetesta Diamicronilla, saatavilla Transtoyou'sta. Tukee insuliinin vapautumista tasaiselle verensokerille. Osta nyt tehokasta hallintaa varten.","robots":{"index":"noindex","follow":"follow","max-snippet":"max-snippet:-1","max-image-preview":"max-image-preview:large","max-video-preview":"max-video-preview:-1"},"og_locale":"fi_FI","og_type":"article","og_title":"Diamicron | Hallitse Verensokeria Tehokkaasti - Transtoyou","og_description":"Hallinnoi tyypin 2 diabetesta Diamicronilla, saatavilla Transtoyou'sta. Tukee insuliinin vapautumista tasaiselle verensokerille. Osta nyt tehokasta hallintaa varten.","og_url":"https:\/\/www.transtoyou.com\/fi\/product\/diamicron\/","og_site_name":"Transtoyou - FI","article_modified_time":"2026-01-24T21:38:47+00:00","twitter_card":"summary_large_image","twitter_misc":{"Arvioitu lukuaika":"1 minuutti"},"schema":{"@context":"https:\/\/schema.org","@graph":[{"@type":"WebPage","@id":"https:\/\/www.transtoyou.com\/fi\/product\/diamicron\/","url":"https:\/\/www.transtoyou.com\/fi\/product\/diamicron\/","name":"Diamicron | Hallitse Verensokeria Tehokkaasti - Transtoyou","isPartOf":{"@id":"https:\/\/www.transtoyou.com\/fi\/#website"},"primaryImageOfPage":{"@id":"https:\/\/www.transtoyou.com\/fi\/product\/diamicron\/#primaryimage"},"image":{"@id":"https:\/\/www.transtoyou.com\/fi\/product\/diamicron\/#primaryimage"},"thumbnailUrl":"https:\/\/www.transtoyou.com\/fi\/wp-content\/uploads\/sites\/16\/2026\/01\/tty-no-product-image-117.webp","datePublished":"2026-01-24T21:37:29+00:00","dateModified":"2026-01-24T21:38:47+00:00","description":"Hallinnoi tyypin 2 diabetesta Diamicronilla, saatavilla Transtoyou'sta. Tukee insuliinin vapautumista tasaiselle verensokerille. Osta nyt tehokasta hallintaa varten.","breadcrumb":{"@id":"https:\/\/www.transtoyou.com\/fi\/product\/diamicron\/#breadcrumb"},"inLanguage":"fi","potentialAction":[{"@type":"ReadAction","target":["https:\/\/www.transtoyou.com\/fi\/product\/diamicron\/"]}]},{"@type":"ImageObject","inLanguage":"fi","@id":"https:\/\/www.transtoyou.com\/fi\/product\/diamicron\/#primaryimage","url":"https:\/\/www.transtoyou.com\/fi\/wp-content\/uploads\/sites\/16\/2026\/01\/tty-no-product-image-117.webp","contentUrl":"https:\/\/www.transtoyou.com\/fi\/wp-content\/uploads\/sites\/16\/2026\/01\/tty-no-product-image-117.webp","width":1000,"height":1000,"caption":"Oletusarvoinen tuotekuva"},{"@type":"WebSite","@id":"https:\/\/www.transtoyou.com\/fi\/#website","url":"https:\/\/www.transtoyou.com\/fi\/","name":"Transtoyou - FI","description":"","publisher":{"@id":"https:\/\/www.transtoyou.com\/fi\/#organization"},"potentialAction":[{"@type":"SearchAction","target":{"@type":"EntryPoint","urlTemplate":"https:\/\/www.transtoyou.com\/fi\/?s={search_term_string}"},"query-input":{"@type":"PropertyValueSpecification","valueRequired":true,"valueName":"search_term_string"}}],"inLanguage":"fi"},{"@type":"Organization","@id":"https:\/\/www.transtoyou.com\/fi\/#organization","name":"Transtoyou - FI","url":"https:\/\/www.transtoyou.com\/fi\/","logo":{"@type":"ImageObject","inLanguage":"fi","@id":"https:\/\/www.transtoyou.com\/fi\/#\/schema\/logo\/image\/","url":"https:\/\/www.transtoyou.com\/fi\/wp-content\/uploads\/sites\/16\/2026\/01\/logo-tty-menu-bar-300x87-1.webp","contentUrl":"https:\/\/www.transtoyou.com\/fi\/wp-content\/uploads\/sites\/16\/2026\/01\/logo-tty-menu-bar-300x87-1.webp","width":300,"height":87,"caption":"Transtoyou - FI"},"image":{"@id":"https:\/\/www.transtoyou.com\/fi\/#\/schema\/logo\/image\/"}}]}},"_links":{"self":[{"href":"https:\/\/www.transtoyou.com\/fi\/wp-json\/wp\/v2\/product\/828","targetHints":{"allow":["GET"]}}],"collection":[{"href":"https:\/\/www.transtoyou.com\/fi\/wp-json\/wp\/v2\/product"}],"about":[{"href":"https:\/\/www.transtoyou.com\/fi\/wp-json\/wp\/v2\/types\/product"}],"replies":[{"embeddable":true,"href":"https:\/\/www.transtoyou.com\/fi\/wp-json\/wp\/v2\/comments?post=828"}],"wp:featuredmedia":[{"embeddable":true,"href":"https:\/\/www.transtoyou.com\/fi\/wp-json\/wp\/v2\/media\/830"}],"wp:attachment":[{"href":"https:\/\/www.transtoyou.com\/fi\/wp-json\/wp\/v2\/media?parent=828"}],"wp:term":[{"taxonomy":"product_brand","embeddable":true,"href":"https:\/\/www.transtoyou.com\/fi\/wp-json\/wp\/v2\/product_brand?post=828"},{"taxonomy":"product_cat","embeddable":true,"href":"https:\/\/www.transtoyou.com\/fi\/wp-json\/wp\/v2\/product_cat?post=828"},{"taxonomy":"product_tag","embeddable":true,"href":"https:\/\/www.transtoyou.com\/fi\/wp-json\/wp\/v2\/product_tag?post=828"},{"taxonomy":"expert","embeddable":true,"href":"https:\/\/www.transtoyou.com\/fi\/wp-json\/wp\/v2\/expert?post=828"}],"curies":[{"name":"wp","href":"https:\/\/api.w.org\/{rel}","templated":true}]}}