{"id":834,"date":"2026-01-24T22:13:58","date_gmt":"2026-01-24T22:13:58","guid":{"rendered":"https:\/\/www.transtoyou.com\/fi\/product\/ozempic\/"},"modified":"2026-03-01T10:17:03","modified_gmt":"2026-03-01T10:17:03","slug":"ozempic","status":"publish","type":"product","link":"https:\/\/www.transtoyou.com\/fi\/product\/ozempic\/","title":{"rendered":"Ozempic"},"content":{"rendered":"<p>Ozempic on kerran viikossa annettava injektoitava l\u00e4\u00e4ke, jota k\u00e4ytet\u00e4\u00e4n tyypin 2 diabeteksen hallintaan ja pitk\u00e4aikaisen verensokerin s\u00e4\u00e4telyn tukemiseen. Se sis\u00e4lt\u00e4\u00e4 semaglutidia, yhdistett\u00e4, joka j\u00e4ljittelee luonnollisesti esiintyv\u00e4\u00e4 hormonia nimelt\u00e4 GLP-1 (glukagonin kaltaiset peptidit-1). T\u00e4m\u00e4 hormoni auttaa s\u00e4\u00e4telem\u00e4\u00e4n verensokeritasoja lis\u00e4\u00e4m\u00e4ll\u00e4 insuliinin erityst\u00e4, tukahduttamalla maksan glukoosituotantoa ja viivytt\u00e4m\u00e4ll\u00e4 mahalaukun tyhjentymist\u00e4.<\/p>\n<p>Tyypin 2 diabetesta sairastaville Ozempic tarjoaa ratkaisun verensokerin s\u00e4\u00e4telemiseen samalla kun se edist\u00e4\u00e4 painonpudotusta. Toisin kuin insuliini, joka laskee verensokeria suoraan, Ozempic toimii yhteisty\u00f6ss\u00e4 kehon omien j\u00e4rjestelmien kanssa auttaen sit\u00e4 reagoimaan tehokkaammin ruoan saantiin ja hallitsemaan glukoositasoja johdonmukaisemmin koko p\u00e4iv\u00e4n ajan.<\/p>\n<p>Ozempic annetaan pienen\u00e4 injektiona ihon alle, tyypillisesti kerran viikossa. Useimmat ihmiset aloittavat hoidon alhaisella annoksella, jota nostetaan v\u00e4hitellen, jotta mahdolliset ruoansulatuskanavan haittavaikutukset, kuten pahoinvointi, turvotus tai ummetus, minimoitaisiin.<\/p>\n<p>Ozempic ei ainoastaan laske HbA1c-tasoja, vaan auttaa my\u00f6s v\u00e4hent\u00e4m\u00e4\u00e4n ruokahalua ja kehon painoa monilla potilailla. N\u00e4m\u00e4 lis\u00e4edut tekev\u00e4t siit\u00e4 arvokkaan vaihtoehdon henkil\u00f6ille, jotka hallitsevat sek\u00e4 tyypin 2 diabetesta ett\u00e4 liikalihavuutta.<\/p>\n","protected":false},"excerpt":{"rendered":"<ul>\n<li>Injektio, joka annetaan kerran viikossa tyypin 2 diabetekseen<\/li>\n<li>Stimuloidaan insuliinin erityst\u00e4 ja kontrolloidaan glukoosin vapautumista maksasta<\/li>\n<li>Voi tukea painonhallintaa tietyill\u00e4 potilailla<\/li>\n<\/ul>\n","protected":false},"featured_media":836,"comment_status":"open","ping_status":"closed","template":"","meta":[],"product_brand":[],"product_cat":[84],"product_tag":[],"expert":[21],"class_list":{"0":"post-834","1":"product","2":"type-product","3":"status-publish","4":"has-post-thumbnail","6":"product_cat-diabetes","7":"expert-dr-m-sharoyko","9":"first","10":"instock","11":"shipping-taxable","12":"product-type-variable"},"yoast_head":"<!-- This site is optimized with the Yoast SEO plugin v27.0 - https:\/\/yoast.com\/product\/yoast-seo-wordpress\/ -->\n<title>Ozempic | Hallitse diabetesta ja paranna terveytt\u00e4 - Transtoyou<\/title>\n<meta name=\"description\" content=\"L\u00f6yd\u00e4 Ozempic Transtoyou&#039;sta, viikoittain injektoitava l\u00e4\u00e4kitys tyypin 2 diabeteksen hallintaan. S\u00e4\u00e4d\u00e4 verensokeria ja pudota painoa. Osta nyt.\" \/>\n<meta name=\"robots\" content=\"noindex, follow, max-snippet:-1, max-image-preview:large, max-video-preview:-1\" \/>\n<meta property=\"og:locale\" content=\"fi_FI\" \/>\n<meta property=\"og:type\" content=\"article\" \/>\n<meta property=\"og:title\" content=\"Ozempic | Hallitse diabetesta ja paranna terveytt\u00e4 - Transtoyou\" \/>\n<meta property=\"og:description\" content=\"L\u00f6yd\u00e4 Ozempic Transtoyou&#039;sta, viikoittain injektoitava l\u00e4\u00e4kitys tyypin 2 diabeteksen hallintaan. S\u00e4\u00e4d\u00e4 verensokeria ja pudota painoa. Osta nyt.\" \/>\n<meta property=\"og:url\" content=\"https:\/\/www.transtoyou.com\/fi\/product\/ozempic\/\" \/>\n<meta property=\"og:site_name\" content=\"Transtoyou - FI\" \/>\n<meta property=\"article:modified_time\" content=\"2026-03-01T10:17:03+00:00\" \/>\n<meta name=\"twitter:card\" content=\"summary_large_image\" \/>\n<meta name=\"twitter:label1\" content=\"Arvioitu lukuaika\" \/>\n\t<meta name=\"twitter:data1\" content=\"1 minuutti\" \/>\n<script type=\"application\/ld+json\" class=\"yoast-schema-graph\">{\"@context\":\"https:\/\/schema.org\",\"@graph\":[{\"@type\":\"WebPage\",\"@id\":\"https:\/\/www.transtoyou.com\/fi\/product\/ozempic\/\",\"url\":\"https:\/\/www.transtoyou.com\/fi\/product\/ozempic\/\",\"name\":\"Ozempic | Hallitse diabetesta ja paranna terveytt\u00e4 - Transtoyou\",\"isPartOf\":{\"@id\":\"https:\/\/www.transtoyou.com\/fi\/#website\"},\"primaryImageOfPage\":{\"@id\":\"https:\/\/www.transtoyou.com\/fi\/product\/ozempic\/#primaryimage\"},\"image\":{\"@id\":\"https:\/\/www.transtoyou.com\/fi\/product\/ozempic\/#primaryimage\"},\"thumbnailUrl\":\"https:\/\/www.transtoyou.com\/fi\/wp-content\/uploads\/sites\/16\/2026\/01\/tty-no-product-image-119.webp\",\"datePublished\":\"2026-01-24T22:13:58+00:00\",\"dateModified\":\"2026-03-01T10:17:03+00:00\",\"description\":\"L\u00f6yd\u00e4 Ozempic Transtoyou'sta, viikoittain injektoitava l\u00e4\u00e4kitys tyypin 2 diabeteksen hallintaan. S\u00e4\u00e4d\u00e4 verensokeria ja pudota painoa. Osta nyt.\",\"breadcrumb\":{\"@id\":\"https:\/\/www.transtoyou.com\/fi\/product\/ozempic\/#breadcrumb\"},\"inLanguage\":\"fi\",\"potentialAction\":[{\"@type\":\"ReadAction\",\"target\":[\"https:\/\/www.transtoyou.com\/fi\/product\/ozempic\/\"]}]},{\"@type\":\"ImageObject\",\"inLanguage\":\"fi\",\"@id\":\"https:\/\/www.transtoyou.com\/fi\/product\/ozempic\/#primaryimage\",\"url\":\"https:\/\/www.transtoyou.com\/fi\/wp-content\/uploads\/sites\/16\/2026\/01\/tty-no-product-image-119.webp\",\"contentUrl\":\"https:\/\/www.transtoyou.com\/fi\/wp-content\/uploads\/sites\/16\/2026\/01\/tty-no-product-image-119.webp\",\"width\":1000,\"height\":1000,\"caption\":\"Oletusarvoinen tuotekuva\"},{\"@type\":\"WebSite\",\"@id\":\"https:\/\/www.transtoyou.com\/fi\/#website\",\"url\":\"https:\/\/www.transtoyou.com\/fi\/\",\"name\":\"Transtoyou - FI\",\"description\":\"\",\"publisher\":{\"@id\":\"https:\/\/www.transtoyou.com\/fi\/#organization\"},\"potentialAction\":[{\"@type\":\"SearchAction\",\"target\":{\"@type\":\"EntryPoint\",\"urlTemplate\":\"https:\/\/www.transtoyou.com\/fi\/?s={search_term_string}\"},\"query-input\":{\"@type\":\"PropertyValueSpecification\",\"valueRequired\":true,\"valueName\":\"search_term_string\"}}],\"inLanguage\":\"fi\"},{\"@type\":\"Organization\",\"@id\":\"https:\/\/www.transtoyou.com\/fi\/#organization\",\"name\":\"Transtoyou - FI\",\"url\":\"https:\/\/www.transtoyou.com\/fi\/\",\"logo\":{\"@type\":\"ImageObject\",\"inLanguage\":\"fi\",\"@id\":\"https:\/\/www.transtoyou.com\/fi\/#\/schema\/logo\/image\/\",\"url\":\"https:\/\/www.transtoyou.com\/fi\/wp-content\/uploads\/sites\/16\/2026\/01\/logo-tty-menu-bar-300x87-1.webp\",\"contentUrl\":\"https:\/\/www.transtoyou.com\/fi\/wp-content\/uploads\/sites\/16\/2026\/01\/logo-tty-menu-bar-300x87-1.webp\",\"width\":300,\"height\":87,\"caption\":\"Transtoyou - FI\"},\"image\":{\"@id\":\"https:\/\/www.transtoyou.com\/fi\/#\/schema\/logo\/image\/\"}}]}<\/script>\n<!-- \/ Yoast SEO plugin. -->","yoast_head_json":{"title":"Ozempic | Hallitse diabetesta ja paranna terveytt\u00e4 - Transtoyou","description":"L\u00f6yd\u00e4 Ozempic Transtoyou'sta, viikoittain injektoitava l\u00e4\u00e4kitys tyypin 2 diabeteksen hallintaan. S\u00e4\u00e4d\u00e4 verensokeria ja pudota painoa. Osta nyt.","robots":{"index":"noindex","follow":"follow","max-snippet":"max-snippet:-1","max-image-preview":"max-image-preview:large","max-video-preview":"max-video-preview:-1"},"og_locale":"fi_FI","og_type":"article","og_title":"Ozempic | Hallitse diabetesta ja paranna terveytt\u00e4 - Transtoyou","og_description":"L\u00f6yd\u00e4 Ozempic Transtoyou'sta, viikoittain injektoitava l\u00e4\u00e4kitys tyypin 2 diabeteksen hallintaan. S\u00e4\u00e4d\u00e4 verensokeria ja pudota painoa. Osta nyt.","og_url":"https:\/\/www.transtoyou.com\/fi\/product\/ozempic\/","og_site_name":"Transtoyou - FI","article_modified_time":"2026-03-01T10:17:03+00:00","twitter_card":"summary_large_image","twitter_misc":{"Arvioitu lukuaika":"1 minuutti"},"schema":{"@context":"https:\/\/schema.org","@graph":[{"@type":"WebPage","@id":"https:\/\/www.transtoyou.com\/fi\/product\/ozempic\/","url":"https:\/\/www.transtoyou.com\/fi\/product\/ozempic\/","name":"Ozempic | Hallitse diabetesta ja paranna terveytt\u00e4 - Transtoyou","isPartOf":{"@id":"https:\/\/www.transtoyou.com\/fi\/#website"},"primaryImageOfPage":{"@id":"https:\/\/www.transtoyou.com\/fi\/product\/ozempic\/#primaryimage"},"image":{"@id":"https:\/\/www.transtoyou.com\/fi\/product\/ozempic\/#primaryimage"},"thumbnailUrl":"https:\/\/www.transtoyou.com\/fi\/wp-content\/uploads\/sites\/16\/2026\/01\/tty-no-product-image-119.webp","datePublished":"2026-01-24T22:13:58+00:00","dateModified":"2026-03-01T10:17:03+00:00","description":"L\u00f6yd\u00e4 Ozempic Transtoyou'sta, viikoittain injektoitava l\u00e4\u00e4kitys tyypin 2 diabeteksen hallintaan. S\u00e4\u00e4d\u00e4 verensokeria ja pudota painoa. Osta nyt.","breadcrumb":{"@id":"https:\/\/www.transtoyou.com\/fi\/product\/ozempic\/#breadcrumb"},"inLanguage":"fi","potentialAction":[{"@type":"ReadAction","target":["https:\/\/www.transtoyou.com\/fi\/product\/ozempic\/"]}]},{"@type":"ImageObject","inLanguage":"fi","@id":"https:\/\/www.transtoyou.com\/fi\/product\/ozempic\/#primaryimage","url":"https:\/\/www.transtoyou.com\/fi\/wp-content\/uploads\/sites\/16\/2026\/01\/tty-no-product-image-119.webp","contentUrl":"https:\/\/www.transtoyou.com\/fi\/wp-content\/uploads\/sites\/16\/2026\/01\/tty-no-product-image-119.webp","width":1000,"height":1000,"caption":"Oletusarvoinen tuotekuva"},{"@type":"WebSite","@id":"https:\/\/www.transtoyou.com\/fi\/#website","url":"https:\/\/www.transtoyou.com\/fi\/","name":"Transtoyou - FI","description":"","publisher":{"@id":"https:\/\/www.transtoyou.com\/fi\/#organization"},"potentialAction":[{"@type":"SearchAction","target":{"@type":"EntryPoint","urlTemplate":"https:\/\/www.transtoyou.com\/fi\/?s={search_term_string}"},"query-input":{"@type":"PropertyValueSpecification","valueRequired":true,"valueName":"search_term_string"}}],"inLanguage":"fi"},{"@type":"Organization","@id":"https:\/\/www.transtoyou.com\/fi\/#organization","name":"Transtoyou - FI","url":"https:\/\/www.transtoyou.com\/fi\/","logo":{"@type":"ImageObject","inLanguage":"fi","@id":"https:\/\/www.transtoyou.com\/fi\/#\/schema\/logo\/image\/","url":"https:\/\/www.transtoyou.com\/fi\/wp-content\/uploads\/sites\/16\/2026\/01\/logo-tty-menu-bar-300x87-1.webp","contentUrl":"https:\/\/www.transtoyou.com\/fi\/wp-content\/uploads\/sites\/16\/2026\/01\/logo-tty-menu-bar-300x87-1.webp","width":300,"height":87,"caption":"Transtoyou - FI"},"image":{"@id":"https:\/\/www.transtoyou.com\/fi\/#\/schema\/logo\/image\/"}}]}},"_links":{"self":[{"href":"https:\/\/www.transtoyou.com\/fi\/wp-json\/wp\/v2\/product\/834","targetHints":{"allow":["GET"]}}],"collection":[{"href":"https:\/\/www.transtoyou.com\/fi\/wp-json\/wp\/v2\/product"}],"about":[{"href":"https:\/\/www.transtoyou.com\/fi\/wp-json\/wp\/v2\/types\/product"}],"replies":[{"embeddable":true,"href":"https:\/\/www.transtoyou.com\/fi\/wp-json\/wp\/v2\/comments?post=834"}],"wp:featuredmedia":[{"embeddable":true,"href":"https:\/\/www.transtoyou.com\/fi\/wp-json\/wp\/v2\/media\/836"}],"wp:attachment":[{"href":"https:\/\/www.transtoyou.com\/fi\/wp-json\/wp\/v2\/media?parent=834"}],"wp:term":[{"taxonomy":"product_brand","embeddable":true,"href":"https:\/\/www.transtoyou.com\/fi\/wp-json\/wp\/v2\/product_brand?post=834"},{"taxonomy":"product_cat","embeddable":true,"href":"https:\/\/www.transtoyou.com\/fi\/wp-json\/wp\/v2\/product_cat?post=834"},{"taxonomy":"product_tag","embeddable":true,"href":"https:\/\/www.transtoyou.com\/fi\/wp-json\/wp\/v2\/product_tag?post=834"},{"taxonomy":"expert","embeddable":true,"href":"https:\/\/www.transtoyou.com\/fi\/wp-json\/wp\/v2\/expert?post=834"}],"curies":[{"name":"wp","href":"https:\/\/api.w.org\/{rel}","templated":true}]}}