{"id":840,"date":"2026-01-24T22:51:51","date_gmt":"2026-01-24T22:51:51","guid":{"rendered":"https:\/\/www.transtoyou.com\/fi\/product\/rifaximin-xifaxan\/"},"modified":"2026-03-02T15:44:34","modified_gmt":"2026-03-02T15:44:34","slug":"rifaksimiinixifaxan","status":"publish","type":"product","link":"https:\/\/www.transtoyou.com\/fi\/product\/rifaksimiinixifaxan\/","title":{"rendered":"Rifaximiini (Xifaxan)"},"content":{"rendered":"<p>Rifaximiini, tunnetaan yleisesti br\u00e4ndinimen Xifaxan alla, on antibiootti, jota k\u00e4ytet\u00e4\u00e4n erilaisten ruoansulatuskanavan infektioiden hoitoon, erityisesti matkailijoiden ripulin aiheuttamiin erityisiin bakteereihin. Rifaximiinin ainutlaatuisuus on siin\u00e4, ett\u00e4 se vaikuttaa l\u00e4hes yksinomaan ruoansulatuskanavassa, mik\u00e4 tarkoittaa, ett\u00e4 vain hyvin v\u00e4h\u00e4n l\u00e4\u00e4kkeest\u00e4 imeytyy verenkiertoon. T\u00e4m\u00e4 paikallinen vaikutus auttaa kohdistamaan infektion sen alkuper\u00e4\u00e4n samalla kun se minimoi vaikutukset muualla kehossa.<\/p>\n<p>L\u00e4\u00e4kitys on erityisen hy\u00f6dyllinen lyhytaikaiseen helpotukseen ripulista, jota aiheuttaa Escherichia Coli, yleinen bakteeri, joka on vastuussa matkailijoiden ripulista. Toisin kuin jotkut laajemman spektrin antibiootit, Rifaximiini on v\u00e4hemm\u00e4n todenn\u00e4k\u00f6ist\u00e4 h\u00e4irit\u00e4 suoliston mikrobiston tasapainoa, mik\u00e4 voi auttaa v\u00e4hent\u00e4m\u00e4\u00e4n riski\u00e4 lis\u00e4 ruoansulatusongelmille. Sit\u00e4 otetaan usein muutaman p\u00e4iv\u00e4n ajan, tyypillisesti tablettimuodossa, ja k\u00e4ytt\u00e4j\u00e4t saattavat huomata parannusta 24\u201348 tunnin kuluessa hoidon aloittamisesta.<\/p>\n<p>Se on yleens\u00e4 hyvin siedetty, vaikka lievi\u00e4 haittavaikutuksia, kuten p\u00e4\u00e4ns\u00e4rky\u00e4, pahoinvointia tai vatsakramppeja, saattaa esiinty\u00e4. Rifaximiini\u00e4 k\u00e4ytet\u00e4\u00e4n my\u00f6s muihin tiloihin, kuten \u00e4rtyv\u00e4n suolen oireyhtym\u00e4\u00e4n ripulin kanssa (IBS-D) ja joissakin tapauksissa maksasairauksien komplikaatioiden riskin v\u00e4hent\u00e4miseksi, vaikka n\u00e4m\u00e4 k\u00e4ytt\u00f6tarkoitukset ovat erikoistuneempia.<\/p>\n","protected":false},"excerpt":{"rendered":"<ul>\n<li>Kohdistuu bakteeriper\u00e4iseen ripuliin l\u00e4hteell\u00e4<\/li>\n<li>V\u00e4h\u00e4inen imeytyminen elimist\u00f6ss\u00e4<\/li>\n<li>Nopea helpotus matkustajaripuliin<\/li>\n<\/ul>\n","protected":false},"featured_media":842,"comment_status":"open","ping_status":"closed","template":"","meta":[],"product_brand":[],"product_cat":[88],"product_tag":[],"expert":[16],"class_list":{"0":"post-840","1":"product","2":"type-product","3":"status-publish","4":"has-post-thumbnail","6":"product_cat-ripuli","7":"expert-dr-c-alexandru","9":"first","10":"instock","11":"shipping-taxable","12":"product-type-variable"},"yoast_head":"<!-- This site is optimized with the Yoast SEO plugin v27.0 - https:\/\/yoast.com\/product\/yoast-seo-wordpress\/ -->\n<title>Rifaximiini (Xifaxan) | Kohdennettu suoliston helpotus - Transtoyou<\/title>\n<meta name=\"description\" content=\"Rifaximiini (Xifaxan) kohdistuu suoliston bakteereihin tehokkaasti ripulin oireiden helpottamiseksi. L\u00f6yd\u00e4 k\u00e4tev\u00e4 ratkaisu ruoansulatusongelmiin t\u00e4\u00e4lt\u00e4.\" \/>\n<meta name=\"robots\" content=\"noindex, follow, max-snippet:-1, max-image-preview:large, max-video-preview:-1\" \/>\n<meta property=\"og:locale\" content=\"fi_FI\" \/>\n<meta property=\"og:type\" content=\"article\" \/>\n<meta property=\"og:title\" content=\"Rifaximiini (Xifaxan) | Kohdennettu suoliston helpotus - Transtoyou\" \/>\n<meta property=\"og:description\" content=\"Rifaximiini (Xifaxan) kohdistuu suoliston bakteereihin tehokkaasti ripulin oireiden helpottamiseksi. L\u00f6yd\u00e4 k\u00e4tev\u00e4 ratkaisu ruoansulatusongelmiin t\u00e4\u00e4lt\u00e4.\" \/>\n<meta property=\"og:url\" content=\"https:\/\/www.transtoyou.com\/fi\/product\/rifaximin-xifaxan\/\" \/>\n<meta property=\"og:site_name\" content=\"Transtoyou - FI\" \/>\n<meta property=\"article:modified_time\" content=\"2026-03-02T15:44:34+00:00\" \/>\n<meta name=\"twitter:card\" content=\"summary_large_image\" \/>\n<meta name=\"twitter:label1\" content=\"Arvioitu lukuaika\" \/>\n\t<meta name=\"twitter:data1\" content=\"1 minuutti\" \/>\n<script type=\"application\/ld+json\" class=\"yoast-schema-graph\">{\"@context\":\"https:\/\/schema.org\",\"@graph\":[{\"@type\":\"WebPage\",\"@id\":\"https:\/\/www.transtoyou.com\/fi\/product\/rifaximin-xifaxan\/\",\"url\":\"https:\/\/www.transtoyou.com\/fi\/product\/rifaximin-xifaxan\/\",\"name\":\"Rifaximiini (Xifaxan) | Kohdennettu suoliston helpotus - Transtoyou\",\"isPartOf\":{\"@id\":\"https:\/\/www.transtoyou.com\/fi\/#website\"},\"primaryImageOfPage\":{\"@id\":\"https:\/\/www.transtoyou.com\/fi\/product\/rifaximin-xifaxan\/#primaryimage\"},\"image\":{\"@id\":\"https:\/\/www.transtoyou.com\/fi\/product\/rifaximin-xifaxan\/#primaryimage\"},\"thumbnailUrl\":\"https:\/\/www.transtoyou.com\/fi\/wp-content\/uploads\/sites\/16\/2026\/01\/tty-no-product-image-121.webp\",\"datePublished\":\"2026-01-24T22:51:51+00:00\",\"dateModified\":\"2026-03-02T15:44:34+00:00\",\"description\":\"Rifaximiini (Xifaxan) kohdistuu suoliston bakteereihin tehokkaasti ripulin oireiden helpottamiseksi. L\u00f6yd\u00e4 k\u00e4tev\u00e4 ratkaisu ruoansulatusongelmiin t\u00e4\u00e4lt\u00e4.\",\"breadcrumb\":{\"@id\":\"https:\/\/www.transtoyou.com\/fi\/product\/rifaximin-xifaxan\/#breadcrumb\"},\"inLanguage\":\"fi\",\"potentialAction\":[{\"@type\":\"ReadAction\",\"target\":[\"https:\/\/www.transtoyou.com\/fi\/product\/rifaximin-xifaxan\/\"]}]},{\"@type\":\"ImageObject\",\"inLanguage\":\"fi\",\"@id\":\"https:\/\/www.transtoyou.com\/fi\/product\/rifaximin-xifaxan\/#primaryimage\",\"url\":\"https:\/\/www.transtoyou.com\/fi\/wp-content\/uploads\/sites\/16\/2026\/01\/tty-no-product-image-121.webp\",\"contentUrl\":\"https:\/\/www.transtoyou.com\/fi\/wp-content\/uploads\/sites\/16\/2026\/01\/tty-no-product-image-121.webp\",\"width\":1000,\"height\":1000,\"caption\":\"Oletusarvoinen tuotekuva\"},{\"@type\":\"WebSite\",\"@id\":\"https:\/\/www.transtoyou.com\/fi\/#website\",\"url\":\"https:\/\/www.transtoyou.com\/fi\/\",\"name\":\"Transtoyou - FI\",\"description\":\"\",\"publisher\":{\"@id\":\"https:\/\/www.transtoyou.com\/fi\/#organization\"},\"potentialAction\":[{\"@type\":\"SearchAction\",\"target\":{\"@type\":\"EntryPoint\",\"urlTemplate\":\"https:\/\/www.transtoyou.com\/fi\/?s={search_term_string}\"},\"query-input\":{\"@type\":\"PropertyValueSpecification\",\"valueRequired\":true,\"valueName\":\"search_term_string\"}}],\"inLanguage\":\"fi\"},{\"@type\":\"Organization\",\"@id\":\"https:\/\/www.transtoyou.com\/fi\/#organization\",\"name\":\"Transtoyou - FI\",\"url\":\"https:\/\/www.transtoyou.com\/fi\/\",\"logo\":{\"@type\":\"ImageObject\",\"inLanguage\":\"fi\",\"@id\":\"https:\/\/www.transtoyou.com\/fi\/#\/schema\/logo\/image\/\",\"url\":\"https:\/\/www.transtoyou.com\/fi\/wp-content\/uploads\/sites\/16\/2026\/01\/logo-tty-menu-bar-300x87-1.webp\",\"contentUrl\":\"https:\/\/www.transtoyou.com\/fi\/wp-content\/uploads\/sites\/16\/2026\/01\/logo-tty-menu-bar-300x87-1.webp\",\"width\":300,\"height\":87,\"caption\":\"Transtoyou - FI\"},\"image\":{\"@id\":\"https:\/\/www.transtoyou.com\/fi\/#\/schema\/logo\/image\/\"}}]}<\/script>\n<!-- \/ Yoast SEO plugin. -->","yoast_head_json":{"title":"Rifaximiini (Xifaxan) | Kohdennettu suoliston helpotus - Transtoyou","description":"Rifaximiini (Xifaxan) kohdistuu suoliston bakteereihin tehokkaasti ripulin oireiden helpottamiseksi. L\u00f6yd\u00e4 k\u00e4tev\u00e4 ratkaisu ruoansulatusongelmiin t\u00e4\u00e4lt\u00e4.","robots":{"index":"noindex","follow":"follow","max-snippet":"max-snippet:-1","max-image-preview":"max-image-preview:large","max-video-preview":"max-video-preview:-1"},"og_locale":"fi_FI","og_type":"article","og_title":"Rifaximiini (Xifaxan) | Kohdennettu suoliston helpotus - Transtoyou","og_description":"Rifaximiini (Xifaxan) kohdistuu suoliston bakteereihin tehokkaasti ripulin oireiden helpottamiseksi. L\u00f6yd\u00e4 k\u00e4tev\u00e4 ratkaisu ruoansulatusongelmiin t\u00e4\u00e4lt\u00e4.","og_url":"https:\/\/www.transtoyou.com\/fi\/product\/rifaximin-xifaxan\/","og_site_name":"Transtoyou - FI","article_modified_time":"2026-03-02T15:44:34+00:00","twitter_card":"summary_large_image","twitter_misc":{"Arvioitu lukuaika":"1 minuutti"},"schema":{"@context":"https:\/\/schema.org","@graph":[{"@type":"WebPage","@id":"https:\/\/www.transtoyou.com\/fi\/product\/rifaximin-xifaxan\/","url":"https:\/\/www.transtoyou.com\/fi\/product\/rifaximin-xifaxan\/","name":"Rifaximiini (Xifaxan) | Kohdennettu suoliston helpotus - Transtoyou","isPartOf":{"@id":"https:\/\/www.transtoyou.com\/fi\/#website"},"primaryImageOfPage":{"@id":"https:\/\/www.transtoyou.com\/fi\/product\/rifaximin-xifaxan\/#primaryimage"},"image":{"@id":"https:\/\/www.transtoyou.com\/fi\/product\/rifaximin-xifaxan\/#primaryimage"},"thumbnailUrl":"https:\/\/www.transtoyou.com\/fi\/wp-content\/uploads\/sites\/16\/2026\/01\/tty-no-product-image-121.webp","datePublished":"2026-01-24T22:51:51+00:00","dateModified":"2026-03-02T15:44:34+00:00","description":"Rifaximiini (Xifaxan) kohdistuu suoliston bakteereihin tehokkaasti ripulin oireiden helpottamiseksi. L\u00f6yd\u00e4 k\u00e4tev\u00e4 ratkaisu ruoansulatusongelmiin t\u00e4\u00e4lt\u00e4.","breadcrumb":{"@id":"https:\/\/www.transtoyou.com\/fi\/product\/rifaximin-xifaxan\/#breadcrumb"},"inLanguage":"fi","potentialAction":[{"@type":"ReadAction","target":["https:\/\/www.transtoyou.com\/fi\/product\/rifaximin-xifaxan\/"]}]},{"@type":"ImageObject","inLanguage":"fi","@id":"https:\/\/www.transtoyou.com\/fi\/product\/rifaximin-xifaxan\/#primaryimage","url":"https:\/\/www.transtoyou.com\/fi\/wp-content\/uploads\/sites\/16\/2026\/01\/tty-no-product-image-121.webp","contentUrl":"https:\/\/www.transtoyou.com\/fi\/wp-content\/uploads\/sites\/16\/2026\/01\/tty-no-product-image-121.webp","width":1000,"height":1000,"caption":"Oletusarvoinen tuotekuva"},{"@type":"WebSite","@id":"https:\/\/www.transtoyou.com\/fi\/#website","url":"https:\/\/www.transtoyou.com\/fi\/","name":"Transtoyou - FI","description":"","publisher":{"@id":"https:\/\/www.transtoyou.com\/fi\/#organization"},"potentialAction":[{"@type":"SearchAction","target":{"@type":"EntryPoint","urlTemplate":"https:\/\/www.transtoyou.com\/fi\/?s={search_term_string}"},"query-input":{"@type":"PropertyValueSpecification","valueRequired":true,"valueName":"search_term_string"}}],"inLanguage":"fi"},{"@type":"Organization","@id":"https:\/\/www.transtoyou.com\/fi\/#organization","name":"Transtoyou - FI","url":"https:\/\/www.transtoyou.com\/fi\/","logo":{"@type":"ImageObject","inLanguage":"fi","@id":"https:\/\/www.transtoyou.com\/fi\/#\/schema\/logo\/image\/","url":"https:\/\/www.transtoyou.com\/fi\/wp-content\/uploads\/sites\/16\/2026\/01\/logo-tty-menu-bar-300x87-1.webp","contentUrl":"https:\/\/www.transtoyou.com\/fi\/wp-content\/uploads\/sites\/16\/2026\/01\/logo-tty-menu-bar-300x87-1.webp","width":300,"height":87,"caption":"Transtoyou - FI"},"image":{"@id":"https:\/\/www.transtoyou.com\/fi\/#\/schema\/logo\/image\/"}}]}},"_links":{"self":[{"href":"https:\/\/www.transtoyou.com\/fi\/wp-json\/wp\/v2\/product\/840","targetHints":{"allow":["GET"]}}],"collection":[{"href":"https:\/\/www.transtoyou.com\/fi\/wp-json\/wp\/v2\/product"}],"about":[{"href":"https:\/\/www.transtoyou.com\/fi\/wp-json\/wp\/v2\/types\/product"}],"replies":[{"embeddable":true,"href":"https:\/\/www.transtoyou.com\/fi\/wp-json\/wp\/v2\/comments?post=840"}],"wp:featuredmedia":[{"embeddable":true,"href":"https:\/\/www.transtoyou.com\/fi\/wp-json\/wp\/v2\/media\/842"}],"wp:attachment":[{"href":"https:\/\/www.transtoyou.com\/fi\/wp-json\/wp\/v2\/media?parent=840"}],"wp:term":[{"taxonomy":"product_brand","embeddable":true,"href":"https:\/\/www.transtoyou.com\/fi\/wp-json\/wp\/v2\/product_brand?post=840"},{"taxonomy":"product_cat","embeddable":true,"href":"https:\/\/www.transtoyou.com\/fi\/wp-json\/wp\/v2\/product_cat?post=840"},{"taxonomy":"product_tag","embeddable":true,"href":"https:\/\/www.transtoyou.com\/fi\/wp-json\/wp\/v2\/product_tag?post=840"},{"taxonomy":"expert","embeddable":true,"href":"https:\/\/www.transtoyou.com\/fi\/wp-json\/wp\/v2\/expert?post=840"}],"curies":[{"name":"wp","href":"https:\/\/api.w.org\/{rel}","templated":true}]}}