{"id":843,"date":"2026-01-24T23:08:56","date_gmt":"2026-01-24T23:08:56","guid":{"rendered":"https:\/\/www.transtoyou.com\/fi\/product\/norlevo-levonelle\/"},"modified":"2026-01-24T23:09:58","modified_gmt":"2026-01-24T23:09:58","slug":"norlevo-levonelle","status":"publish","type":"product","link":"https:\/\/www.transtoyou.com\/fi\/product\/norlevo-levonelle\/","title":{"rendered":"Norlevo (Levonelle)"},"content":{"rendered":"<p>Norlevo, joka tunnetaan my\u00f6s nimell\u00e4 Levonelle, on h\u00e4t\u00e4ehk\u00e4isytabletti (ECP), joka on suunniteltu est\u00e4m\u00e4\u00e4n raskaus suojaamattoman seksuaalisen kanssak\u00e4ymisen tai ehk\u00e4isykeinon ep\u00e4onnistumisen (esim. rikkoutunut kondomi tai unohtunut pilleri) j\u00e4lkeen. Se sis\u00e4lt\u00e4\u00e4 levonorgestreeli\u00e4, synteettist\u00e4 progestogeenihormonia, joka j\u00e4ljittelee kehon luonnollista progesteronia.<\/p>\n<p>Norlevo toimii p\u00e4\u00e4asiassa viiv\u00e4stytt\u00e4m\u00e4ll\u00e4 tai est\u00e4m\u00e4ll\u00e4 ovulaatiota, mik\u00e4 tarkoittaa, ett\u00e4 se est\u00e4\u00e4 munan vapautumisen munasarjasta. Ilman munaa hedelm\u00f6itys ei voi tapahtua. Se voi my\u00f6s muuttaa kohdunkaulan limaa ja kohdun limakalvoa, mik\u00e4 vaikeuttaa siitti\u00f6iden p\u00e4\u00e4sy\u00e4 munaan tai hedelm\u00f6itetyn munan kiinnittymist\u00e4, vaikka t\u00e4m\u00e4 on toissijainen mekanismi ja v\u00e4hemm\u00e4n hyvin todettu.<\/p>\n<p>Se on tehokkaimmillaan, kun se otetaan mahdollisimman pian, ihanteellisesti 12 tunnin sis\u00e4ll\u00e4, mutta sit\u00e4 voidaan ottaa jopa 72 tuntia (3 p\u00e4iv\u00e4\u00e4) suojaamattoman seksin j\u00e4lkeen. Sen tehokkuus heikkenee viiv\u00e4styksen pituuden my\u00f6t\u00e4.<\/p>\n<p>Norlevo ei keskeyt\u00e4 olemassa olevaa raskautta eik\u00e4 sit\u00e4 ole tarkoitettu s\u00e4\u00e4nn\u00f6lliseen ehk\u00e4isyyn. Se ei ole tehokas, jos ovulaatio on jo tapahtunut. Se ei my\u00f6sk\u00e4\u00e4n suojaa sukupuolitautien tartunnalta.<\/p>\n<p>Hy\u00f6tyj\u00e4 ovat laaja saatavuus, helppok\u00e4ytt\u00f6isyys ja hyv\u00e4 siedett\u00e4vyys, erityisesti kun se otetaan nopeasti. Haittavaikutukset ovat yleens\u00e4 lievi\u00e4 ja tilap\u00e4isi\u00e4, kuten pahoinvointi, p\u00e4\u00e4ns\u00e4rky, rinnankipu, huimaus tai muutokset kuukautiskierrossa.<\/p>\n","protected":false},"excerpt":{"rendered":"<ul>\n<li>Ota 72 tunnin sis\u00e4ll\u00e4<\/li>\n<li>Viiv\u00e4stytt\u00e4\u00e4 ovulaatiota<\/li>\n<li>H\u00e4t\u00e4ehk\u00e4isy<\/li>\n<\/ul>\n","protected":false},"featured_media":844,"comment_status":"open","ping_status":"closed","template":"","meta":[],"product_brand":[],"product_cat":[91],"product_tag":[],"expert":[19],"class_list":{"0":"post-843","1":"product","2":"type-product","3":"status-publish","4":"has-post-thumbnail","6":"product_cat-hataehkaisy","7":"expert-dr-j-vazquez","9":"first","10":"instock","11":"shipping-taxable","12":"product-type-simple"},"yoast_head":"<!-- This site is optimized with the Yoast SEO plugin v27.0 - https:\/\/yoast.com\/product\/yoast-seo-wordpress\/ -->\n<title>Norlevo (Levonelle) | Nopeasti vaikuttava ECP - Transtoyou<\/title>\n<meta name=\"description\" content=\"Norlevo (Levonelle) ECP est\u00e4\u00e4 raskauden suojaamattoman seksin j\u00e4lkeen. Saatavilla nopeasti. Tehokas jopa 72 tuntia. Osta nyt Transtoyousta.\" \/>\n<meta name=\"robots\" content=\"noindex, follow, max-snippet:-1, max-image-preview:large, max-video-preview:-1\" \/>\n<meta property=\"og:locale\" content=\"fi_FI\" \/>\n<meta property=\"og:type\" content=\"article\" \/>\n<meta property=\"og:title\" content=\"Norlevo (Levonelle) | Nopeasti vaikuttava ECP - Transtoyou\" \/>\n<meta property=\"og:description\" content=\"Norlevo (Levonelle) ECP est\u00e4\u00e4 raskauden suojaamattoman seksin j\u00e4lkeen. Saatavilla nopeasti. Tehokas jopa 72 tuntia. Osta nyt Transtoyousta.\" \/>\n<meta property=\"og:url\" content=\"https:\/\/www.transtoyou.com\/fi\/product\/norlevo-levonelle\/\" \/>\n<meta property=\"og:site_name\" content=\"Transtoyou - FI\" \/>\n<meta property=\"article:modified_time\" content=\"2026-01-24T23:09:58+00:00\" \/>\n<meta name=\"twitter:card\" content=\"summary_large_image\" \/>\n<meta name=\"twitter:label1\" content=\"Arvioitu lukuaika\" \/>\n\t<meta name=\"twitter:data1\" content=\"1 minuutti\" \/>\n<script type=\"application\/ld+json\" class=\"yoast-schema-graph\">{\"@context\":\"https:\/\/schema.org\",\"@graph\":[{\"@type\":\"WebPage\",\"@id\":\"https:\/\/www.transtoyou.com\/fi\/product\/norlevo-levonelle\/\",\"url\":\"https:\/\/www.transtoyou.com\/fi\/product\/norlevo-levonelle\/\",\"name\":\"Norlevo (Levonelle) | Nopeasti vaikuttava ECP - Transtoyou\",\"isPartOf\":{\"@id\":\"https:\/\/www.transtoyou.com\/fi\/#website\"},\"primaryImageOfPage\":{\"@id\":\"https:\/\/www.transtoyou.com\/fi\/product\/norlevo-levonelle\/#primaryimage\"},\"image\":{\"@id\":\"https:\/\/www.transtoyou.com\/fi\/product\/norlevo-levonelle\/#primaryimage\"},\"thumbnailUrl\":\"https:\/\/www.transtoyou.com\/fi\/wp-content\/uploads\/sites\/16\/2026\/01\/tty-no-product-image-122.webp\",\"datePublished\":\"2026-01-24T23:08:56+00:00\",\"dateModified\":\"2026-01-24T23:09:58+00:00\",\"description\":\"Norlevo (Levonelle) ECP est\u00e4\u00e4 raskauden suojaamattoman seksin j\u00e4lkeen. Saatavilla nopeasti. Tehokas jopa 72 tuntia. Osta nyt Transtoyousta.\",\"breadcrumb\":{\"@id\":\"https:\/\/www.transtoyou.com\/fi\/product\/norlevo-levonelle\/#breadcrumb\"},\"inLanguage\":\"fi\",\"potentialAction\":[{\"@type\":\"ReadAction\",\"target\":[\"https:\/\/www.transtoyou.com\/fi\/product\/norlevo-levonelle\/\"]}]},{\"@type\":\"ImageObject\",\"inLanguage\":\"fi\",\"@id\":\"https:\/\/www.transtoyou.com\/fi\/product\/norlevo-levonelle\/#primaryimage\",\"url\":\"https:\/\/www.transtoyou.com\/fi\/wp-content\/uploads\/sites\/16\/2026\/01\/tty-no-product-image-122.webp\",\"contentUrl\":\"https:\/\/www.transtoyou.com\/fi\/wp-content\/uploads\/sites\/16\/2026\/01\/tty-no-product-image-122.webp\",\"width\":1000,\"height\":1000,\"caption\":\"Oletusarvoinen tuotekuva\"},{\"@type\":\"WebSite\",\"@id\":\"https:\/\/www.transtoyou.com\/fi\/#website\",\"url\":\"https:\/\/www.transtoyou.com\/fi\/\",\"name\":\"Transtoyou - FI\",\"description\":\"\",\"publisher\":{\"@id\":\"https:\/\/www.transtoyou.com\/fi\/#organization\"},\"potentialAction\":[{\"@type\":\"SearchAction\",\"target\":{\"@type\":\"EntryPoint\",\"urlTemplate\":\"https:\/\/www.transtoyou.com\/fi\/?s={search_term_string}\"},\"query-input\":{\"@type\":\"PropertyValueSpecification\",\"valueRequired\":true,\"valueName\":\"search_term_string\"}}],\"inLanguage\":\"fi\"},{\"@type\":\"Organization\",\"@id\":\"https:\/\/www.transtoyou.com\/fi\/#organization\",\"name\":\"Transtoyou - FI\",\"url\":\"https:\/\/www.transtoyou.com\/fi\/\",\"logo\":{\"@type\":\"ImageObject\",\"inLanguage\":\"fi\",\"@id\":\"https:\/\/www.transtoyou.com\/fi\/#\/schema\/logo\/image\/\",\"url\":\"https:\/\/www.transtoyou.com\/fi\/wp-content\/uploads\/sites\/16\/2026\/01\/logo-tty-menu-bar-300x87-1.webp\",\"contentUrl\":\"https:\/\/www.transtoyou.com\/fi\/wp-content\/uploads\/sites\/16\/2026\/01\/logo-tty-menu-bar-300x87-1.webp\",\"width\":300,\"height\":87,\"caption\":\"Transtoyou - FI\"},\"image\":{\"@id\":\"https:\/\/www.transtoyou.com\/fi\/#\/schema\/logo\/image\/\"}}]}<\/script>\n<!-- \/ Yoast SEO plugin. -->","yoast_head_json":{"title":"Norlevo (Levonelle) | Nopeasti vaikuttava ECP - Transtoyou","description":"Norlevo (Levonelle) ECP est\u00e4\u00e4 raskauden suojaamattoman seksin j\u00e4lkeen. Saatavilla nopeasti. Tehokas jopa 72 tuntia. Osta nyt Transtoyousta.","robots":{"index":"noindex","follow":"follow","max-snippet":"max-snippet:-1","max-image-preview":"max-image-preview:large","max-video-preview":"max-video-preview:-1"},"og_locale":"fi_FI","og_type":"article","og_title":"Norlevo (Levonelle) | Nopeasti vaikuttava ECP - Transtoyou","og_description":"Norlevo (Levonelle) ECP est\u00e4\u00e4 raskauden suojaamattoman seksin j\u00e4lkeen. Saatavilla nopeasti. Tehokas jopa 72 tuntia. Osta nyt Transtoyousta.","og_url":"https:\/\/www.transtoyou.com\/fi\/product\/norlevo-levonelle\/","og_site_name":"Transtoyou - FI","article_modified_time":"2026-01-24T23:09:58+00:00","twitter_card":"summary_large_image","twitter_misc":{"Arvioitu lukuaika":"1 minuutti"},"schema":{"@context":"https:\/\/schema.org","@graph":[{"@type":"WebPage","@id":"https:\/\/www.transtoyou.com\/fi\/product\/norlevo-levonelle\/","url":"https:\/\/www.transtoyou.com\/fi\/product\/norlevo-levonelle\/","name":"Norlevo (Levonelle) | Nopeasti vaikuttava ECP - Transtoyou","isPartOf":{"@id":"https:\/\/www.transtoyou.com\/fi\/#website"},"primaryImageOfPage":{"@id":"https:\/\/www.transtoyou.com\/fi\/product\/norlevo-levonelle\/#primaryimage"},"image":{"@id":"https:\/\/www.transtoyou.com\/fi\/product\/norlevo-levonelle\/#primaryimage"},"thumbnailUrl":"https:\/\/www.transtoyou.com\/fi\/wp-content\/uploads\/sites\/16\/2026\/01\/tty-no-product-image-122.webp","datePublished":"2026-01-24T23:08:56+00:00","dateModified":"2026-01-24T23:09:58+00:00","description":"Norlevo (Levonelle) ECP est\u00e4\u00e4 raskauden suojaamattoman seksin j\u00e4lkeen. Saatavilla nopeasti. Tehokas jopa 72 tuntia. Osta nyt Transtoyousta.","breadcrumb":{"@id":"https:\/\/www.transtoyou.com\/fi\/product\/norlevo-levonelle\/#breadcrumb"},"inLanguage":"fi","potentialAction":[{"@type":"ReadAction","target":["https:\/\/www.transtoyou.com\/fi\/product\/norlevo-levonelle\/"]}]},{"@type":"ImageObject","inLanguage":"fi","@id":"https:\/\/www.transtoyou.com\/fi\/product\/norlevo-levonelle\/#primaryimage","url":"https:\/\/www.transtoyou.com\/fi\/wp-content\/uploads\/sites\/16\/2026\/01\/tty-no-product-image-122.webp","contentUrl":"https:\/\/www.transtoyou.com\/fi\/wp-content\/uploads\/sites\/16\/2026\/01\/tty-no-product-image-122.webp","width":1000,"height":1000,"caption":"Oletusarvoinen tuotekuva"},{"@type":"WebSite","@id":"https:\/\/www.transtoyou.com\/fi\/#website","url":"https:\/\/www.transtoyou.com\/fi\/","name":"Transtoyou - FI","description":"","publisher":{"@id":"https:\/\/www.transtoyou.com\/fi\/#organization"},"potentialAction":[{"@type":"SearchAction","target":{"@type":"EntryPoint","urlTemplate":"https:\/\/www.transtoyou.com\/fi\/?s={search_term_string}"},"query-input":{"@type":"PropertyValueSpecification","valueRequired":true,"valueName":"search_term_string"}}],"inLanguage":"fi"},{"@type":"Organization","@id":"https:\/\/www.transtoyou.com\/fi\/#organization","name":"Transtoyou - FI","url":"https:\/\/www.transtoyou.com\/fi\/","logo":{"@type":"ImageObject","inLanguage":"fi","@id":"https:\/\/www.transtoyou.com\/fi\/#\/schema\/logo\/image\/","url":"https:\/\/www.transtoyou.com\/fi\/wp-content\/uploads\/sites\/16\/2026\/01\/logo-tty-menu-bar-300x87-1.webp","contentUrl":"https:\/\/www.transtoyou.com\/fi\/wp-content\/uploads\/sites\/16\/2026\/01\/logo-tty-menu-bar-300x87-1.webp","width":300,"height":87,"caption":"Transtoyou - FI"},"image":{"@id":"https:\/\/www.transtoyou.com\/fi\/#\/schema\/logo\/image\/"}}]}},"_links":{"self":[{"href":"https:\/\/www.transtoyou.com\/fi\/wp-json\/wp\/v2\/product\/843","targetHints":{"allow":["GET"]}}],"collection":[{"href":"https:\/\/www.transtoyou.com\/fi\/wp-json\/wp\/v2\/product"}],"about":[{"href":"https:\/\/www.transtoyou.com\/fi\/wp-json\/wp\/v2\/types\/product"}],"replies":[{"embeddable":true,"href":"https:\/\/www.transtoyou.com\/fi\/wp-json\/wp\/v2\/comments?post=843"}],"wp:featuredmedia":[{"embeddable":true,"href":"https:\/\/www.transtoyou.com\/fi\/wp-json\/wp\/v2\/media\/844"}],"wp:attachment":[{"href":"https:\/\/www.transtoyou.com\/fi\/wp-json\/wp\/v2\/media?parent=843"}],"wp:term":[{"taxonomy":"product_brand","embeddable":true,"href":"https:\/\/www.transtoyou.com\/fi\/wp-json\/wp\/v2\/product_brand?post=843"},{"taxonomy":"product_cat","embeddable":true,"href":"https:\/\/www.transtoyou.com\/fi\/wp-json\/wp\/v2\/product_cat?post=843"},{"taxonomy":"product_tag","embeddable":true,"href":"https:\/\/www.transtoyou.com\/fi\/wp-json\/wp\/v2\/product_tag?post=843"},{"taxonomy":"expert","embeddable":true,"href":"https:\/\/www.transtoyou.com\/fi\/wp-json\/wp\/v2\/expert?post=843"}],"curies":[{"name":"wp","href":"https:\/\/api.w.org\/{rel}","templated":true}]}}