{"id":845,"date":"2026-01-24T23:25:09","date_gmt":"2026-01-24T23:25:09","guid":{"rendered":"https:\/\/www.transtoyou.com\/fi\/product\/ellaone\/"},"modified":"2026-01-24T23:26:07","modified_gmt":"2026-01-24T23:26:07","slug":"ellaone","status":"publish","type":"product","link":"https:\/\/www.transtoyou.com\/fi\/product\/ellaone\/","title":{"rendered":"EllaOne"},"content":{"rendered":"<p>EllaOne on hormonepohjainen h\u00e4t\u00e4ehk\u00e4isyvalmiste, jota k\u00e4ytet\u00e4\u00e4n est\u00e4m\u00e4\u00e4n ei-toivottu raskaus suojaamattoman seksin tai ehk\u00e4isykeinon ep\u00e4onnistumisen (esim. kondomin rikkoutuminen tai unohtuneet ehk\u00e4isytabletit) j\u00e4lkeen. Se sis\u00e4lt\u00e4\u00e4 ulipristalaatti, selektiivisen progesteronireseptorin modulaattorin (SPRM).<\/p>\n<p>EllaOne toimii ensisijaisesti viiv\u00e4stytt\u00e4m\u00e4ll\u00e4 tai est\u00e4m\u00e4ll\u00e4 ovulaatiota, munasolun vapautumista munasarjasta. Jos ovulaatio on jo tapahtunut, se ei ehk\u00e4 ole tehokas, eik\u00e4 se keskeyt\u00e4 olemassa olevaa raskautta. Ulipristalaatti sitoutuu progesteronireseptoreihin est\u00e4en luonnollisen hormonin progesteronin, joka on tarpeen ovulaation tapahtumiseksi.<\/p>\n<p>EllaOne on tehokkaimmillaan, kun se otetaan mahdollisimman pian suojaamattoman yhdynn\u00e4n j\u00e4lkeen, ihanteellisesti 24 tunnin sis\u00e4ll\u00e4, mutta sit\u00e4 voidaan ottaa jopa 120 tuntia (5 p\u00e4iv\u00e4\u00e4) sen j\u00e4lkeen. Kliiniset tutkimukset osoittavat, ett\u00e4 se on tehokkaampi 5 p\u00e4iv\u00e4n aikarajalla kuin levonorgestreeliin perustuvat h\u00e4t\u00e4ehk\u00e4isyvalmisteet.<\/p>\n<p>EllaOne ei ole tarkoitettu s\u00e4\u00e4nn\u00f6lliseen ehk\u00e4isyk\u00e4ytt\u00f6\u00f6n, eik\u00e4 sit\u00e4 tulisi k\u00e4ytt\u00e4\u00e4 useammin kuin kerran saman kuukautiskierron aikana. Se ei suojaa sukupuolitaudeilta (STI). EllaOnen etuja ovat pidempi tehoikkuna kuin muilla h\u00e4t\u00e4ehk\u00e4isyvalmisteilla, korkea tehokkuus, kun se otetaan nopeasti, ja hyvin siedetty turvallisuusprofiili.<\/p>\n<p>Yleisi\u00e4 haittavaikutuksia voivat olla p\u00e4\u00e4ns\u00e4rky, pahoinvointi, vatsakipu, kuukautiskierron ep\u00e4s\u00e4\u00e4nn\u00f6llisyydet ja v\u00e4symys. Sit\u00e4 ei tulisi k\u00e4ytt\u00e4\u00e4 naisilla, jotka ovat jo raskaana, ja varovaisuutta suositellaan hormonaalisia ehk\u00e4isyvalmisteita k\u00e4ytt\u00e4ville, sill\u00e4 niiden teho voi olla tilap\u00e4isesti heikentynyt EllaOnen j\u00e4lkeen.<\/p>\n","protected":false},"excerpt":{"rendered":"<ul>\n<li>Tehokas jopa 5 p\u00e4iv\u00e4\u00e4<\/li>\n<li>Viiv\u00e4stytt\u00e4\u00e4 ovulaatiota<\/li>\n<li>H\u00e4t\u00e4ehk\u00e4isyyn<\/li>\n<\/ul>\n","protected":false},"featured_media":846,"comment_status":"open","ping_status":"closed","template":"","meta":[],"product_brand":[],"product_cat":[91],"product_tag":[],"expert":[19],"class_list":{"0":"post-845","1":"product","2":"type-product","3":"status-publish","4":"has-post-thumbnail","6":"product_cat-hataehkaisy","7":"expert-dr-j-vazquez","9":"first","10":"instock","11":"shipping-taxable","12":"product-type-simple"},"yoast_head":"<!-- This site is optimized with the Yoast SEO plugin v27.0 - https:\/\/yoast.com\/product\/yoast-seo-wordpress\/ -->\n<title>EllaOne | Nopea H\u00e4t\u00e4ehk\u00e4isy - Transtoyou<\/title>\n<meta name=\"description\" content=\"Osta EllaOne, hormonipohjainen h\u00e4t\u00e4ehk\u00e4isytabletti, joka est\u00e4\u00e4 ei-toivotun raskauden. Tehokas 5 p\u00e4iv\u00e4n sis\u00e4ll\u00e4 yhdynn\u00e4st\u00e4. Saatavilla nyt.\" \/>\n<meta name=\"robots\" content=\"noindex, follow, max-snippet:-1, max-image-preview:large, max-video-preview:-1\" \/>\n<meta property=\"og:locale\" content=\"fi_FI\" \/>\n<meta property=\"og:type\" content=\"article\" \/>\n<meta property=\"og:title\" content=\"EllaOne | Nopea H\u00e4t\u00e4ehk\u00e4isy - Transtoyou\" \/>\n<meta property=\"og:description\" content=\"Osta EllaOne, hormonipohjainen h\u00e4t\u00e4ehk\u00e4isytabletti, joka est\u00e4\u00e4 ei-toivotun raskauden. Tehokas 5 p\u00e4iv\u00e4n sis\u00e4ll\u00e4 yhdynn\u00e4st\u00e4. Saatavilla nyt.\" \/>\n<meta property=\"og:url\" content=\"https:\/\/www.transtoyou.com\/fi\/product\/ellaone\/\" \/>\n<meta property=\"og:site_name\" content=\"Transtoyou - FI\" \/>\n<meta property=\"article:modified_time\" content=\"2026-01-24T23:26:07+00:00\" \/>\n<meta name=\"twitter:card\" content=\"summary_large_image\" \/>\n<meta name=\"twitter:label1\" content=\"Arvioitu lukuaika\" \/>\n\t<meta name=\"twitter:data1\" content=\"1 minuutti\" \/>\n<script type=\"application\/ld+json\" class=\"yoast-schema-graph\">{\"@context\":\"https:\/\/schema.org\",\"@graph\":[{\"@type\":\"WebPage\",\"@id\":\"https:\/\/www.transtoyou.com\/fi\/product\/ellaone\/\",\"url\":\"https:\/\/www.transtoyou.com\/fi\/product\/ellaone\/\",\"name\":\"EllaOne | Nopea H\u00e4t\u00e4ehk\u00e4isy - Transtoyou\",\"isPartOf\":{\"@id\":\"https:\/\/www.transtoyou.com\/fi\/#website\"},\"primaryImageOfPage\":{\"@id\":\"https:\/\/www.transtoyou.com\/fi\/product\/ellaone\/#primaryimage\"},\"image\":{\"@id\":\"https:\/\/www.transtoyou.com\/fi\/product\/ellaone\/#primaryimage\"},\"thumbnailUrl\":\"https:\/\/www.transtoyou.com\/fi\/wp-content\/uploads\/sites\/16\/2026\/01\/tty-no-product-image-123.webp\",\"datePublished\":\"2026-01-24T23:25:09+00:00\",\"dateModified\":\"2026-01-24T23:26:07+00:00\",\"description\":\"Osta EllaOne, hormonipohjainen h\u00e4t\u00e4ehk\u00e4isytabletti, joka est\u00e4\u00e4 ei-toivotun raskauden. Tehokas 5 p\u00e4iv\u00e4n sis\u00e4ll\u00e4 yhdynn\u00e4st\u00e4. Saatavilla nyt.\",\"breadcrumb\":{\"@id\":\"https:\/\/www.transtoyou.com\/fi\/product\/ellaone\/#breadcrumb\"},\"inLanguage\":\"fi\",\"potentialAction\":[{\"@type\":\"ReadAction\",\"target\":[\"https:\/\/www.transtoyou.com\/fi\/product\/ellaone\/\"]}]},{\"@type\":\"ImageObject\",\"inLanguage\":\"fi\",\"@id\":\"https:\/\/www.transtoyou.com\/fi\/product\/ellaone\/#primaryimage\",\"url\":\"https:\/\/www.transtoyou.com\/fi\/wp-content\/uploads\/sites\/16\/2026\/01\/tty-no-product-image-123.webp\",\"contentUrl\":\"https:\/\/www.transtoyou.com\/fi\/wp-content\/uploads\/sites\/16\/2026\/01\/tty-no-product-image-123.webp\",\"width\":1000,\"height\":1000,\"caption\":\"Oletusarvoinen tuotekuva\"},{\"@type\":\"WebSite\",\"@id\":\"https:\/\/www.transtoyou.com\/fi\/#website\",\"url\":\"https:\/\/www.transtoyou.com\/fi\/\",\"name\":\"Transtoyou - FI\",\"description\":\"\",\"publisher\":{\"@id\":\"https:\/\/www.transtoyou.com\/fi\/#organization\"},\"potentialAction\":[{\"@type\":\"SearchAction\",\"target\":{\"@type\":\"EntryPoint\",\"urlTemplate\":\"https:\/\/www.transtoyou.com\/fi\/?s={search_term_string}\"},\"query-input\":{\"@type\":\"PropertyValueSpecification\",\"valueRequired\":true,\"valueName\":\"search_term_string\"}}],\"inLanguage\":\"fi\"},{\"@type\":\"Organization\",\"@id\":\"https:\/\/www.transtoyou.com\/fi\/#organization\",\"name\":\"Transtoyou - FI\",\"url\":\"https:\/\/www.transtoyou.com\/fi\/\",\"logo\":{\"@type\":\"ImageObject\",\"inLanguage\":\"fi\",\"@id\":\"https:\/\/www.transtoyou.com\/fi\/#\/schema\/logo\/image\/\",\"url\":\"https:\/\/www.transtoyou.com\/fi\/wp-content\/uploads\/sites\/16\/2026\/01\/logo-tty-menu-bar-300x87-1.webp\",\"contentUrl\":\"https:\/\/www.transtoyou.com\/fi\/wp-content\/uploads\/sites\/16\/2026\/01\/logo-tty-menu-bar-300x87-1.webp\",\"width\":300,\"height\":87,\"caption\":\"Transtoyou - FI\"},\"image\":{\"@id\":\"https:\/\/www.transtoyou.com\/fi\/#\/schema\/logo\/image\/\"}}]}<\/script>\n<!-- \/ Yoast SEO plugin. -->","yoast_head_json":{"title":"EllaOne | Nopea H\u00e4t\u00e4ehk\u00e4isy - Transtoyou","description":"Osta EllaOne, hormonipohjainen h\u00e4t\u00e4ehk\u00e4isytabletti, joka est\u00e4\u00e4 ei-toivotun raskauden. Tehokas 5 p\u00e4iv\u00e4n sis\u00e4ll\u00e4 yhdynn\u00e4st\u00e4. Saatavilla nyt.","robots":{"index":"noindex","follow":"follow","max-snippet":"max-snippet:-1","max-image-preview":"max-image-preview:large","max-video-preview":"max-video-preview:-1"},"og_locale":"fi_FI","og_type":"article","og_title":"EllaOne | Nopea H\u00e4t\u00e4ehk\u00e4isy - Transtoyou","og_description":"Osta EllaOne, hormonipohjainen h\u00e4t\u00e4ehk\u00e4isytabletti, joka est\u00e4\u00e4 ei-toivotun raskauden. Tehokas 5 p\u00e4iv\u00e4n sis\u00e4ll\u00e4 yhdynn\u00e4st\u00e4. Saatavilla nyt.","og_url":"https:\/\/www.transtoyou.com\/fi\/product\/ellaone\/","og_site_name":"Transtoyou - FI","article_modified_time":"2026-01-24T23:26:07+00:00","twitter_card":"summary_large_image","twitter_misc":{"Arvioitu lukuaika":"1 minuutti"},"schema":{"@context":"https:\/\/schema.org","@graph":[{"@type":"WebPage","@id":"https:\/\/www.transtoyou.com\/fi\/product\/ellaone\/","url":"https:\/\/www.transtoyou.com\/fi\/product\/ellaone\/","name":"EllaOne | Nopea H\u00e4t\u00e4ehk\u00e4isy - Transtoyou","isPartOf":{"@id":"https:\/\/www.transtoyou.com\/fi\/#website"},"primaryImageOfPage":{"@id":"https:\/\/www.transtoyou.com\/fi\/product\/ellaone\/#primaryimage"},"image":{"@id":"https:\/\/www.transtoyou.com\/fi\/product\/ellaone\/#primaryimage"},"thumbnailUrl":"https:\/\/www.transtoyou.com\/fi\/wp-content\/uploads\/sites\/16\/2026\/01\/tty-no-product-image-123.webp","datePublished":"2026-01-24T23:25:09+00:00","dateModified":"2026-01-24T23:26:07+00:00","description":"Osta EllaOne, hormonipohjainen h\u00e4t\u00e4ehk\u00e4isytabletti, joka est\u00e4\u00e4 ei-toivotun raskauden. Tehokas 5 p\u00e4iv\u00e4n sis\u00e4ll\u00e4 yhdynn\u00e4st\u00e4. Saatavilla nyt.","breadcrumb":{"@id":"https:\/\/www.transtoyou.com\/fi\/product\/ellaone\/#breadcrumb"},"inLanguage":"fi","potentialAction":[{"@type":"ReadAction","target":["https:\/\/www.transtoyou.com\/fi\/product\/ellaone\/"]}]},{"@type":"ImageObject","inLanguage":"fi","@id":"https:\/\/www.transtoyou.com\/fi\/product\/ellaone\/#primaryimage","url":"https:\/\/www.transtoyou.com\/fi\/wp-content\/uploads\/sites\/16\/2026\/01\/tty-no-product-image-123.webp","contentUrl":"https:\/\/www.transtoyou.com\/fi\/wp-content\/uploads\/sites\/16\/2026\/01\/tty-no-product-image-123.webp","width":1000,"height":1000,"caption":"Oletusarvoinen tuotekuva"},{"@type":"WebSite","@id":"https:\/\/www.transtoyou.com\/fi\/#website","url":"https:\/\/www.transtoyou.com\/fi\/","name":"Transtoyou - FI","description":"","publisher":{"@id":"https:\/\/www.transtoyou.com\/fi\/#organization"},"potentialAction":[{"@type":"SearchAction","target":{"@type":"EntryPoint","urlTemplate":"https:\/\/www.transtoyou.com\/fi\/?s={search_term_string}"},"query-input":{"@type":"PropertyValueSpecification","valueRequired":true,"valueName":"search_term_string"}}],"inLanguage":"fi"},{"@type":"Organization","@id":"https:\/\/www.transtoyou.com\/fi\/#organization","name":"Transtoyou - FI","url":"https:\/\/www.transtoyou.com\/fi\/","logo":{"@type":"ImageObject","inLanguage":"fi","@id":"https:\/\/www.transtoyou.com\/fi\/#\/schema\/logo\/image\/","url":"https:\/\/www.transtoyou.com\/fi\/wp-content\/uploads\/sites\/16\/2026\/01\/logo-tty-menu-bar-300x87-1.webp","contentUrl":"https:\/\/www.transtoyou.com\/fi\/wp-content\/uploads\/sites\/16\/2026\/01\/logo-tty-menu-bar-300x87-1.webp","width":300,"height":87,"caption":"Transtoyou - FI"},"image":{"@id":"https:\/\/www.transtoyou.com\/fi\/#\/schema\/logo\/image\/"}}]}},"_links":{"self":[{"href":"https:\/\/www.transtoyou.com\/fi\/wp-json\/wp\/v2\/product\/845","targetHints":{"allow":["GET"]}}],"collection":[{"href":"https:\/\/www.transtoyou.com\/fi\/wp-json\/wp\/v2\/product"}],"about":[{"href":"https:\/\/www.transtoyou.com\/fi\/wp-json\/wp\/v2\/types\/product"}],"replies":[{"embeddable":true,"href":"https:\/\/www.transtoyou.com\/fi\/wp-json\/wp\/v2\/comments?post=845"}],"wp:featuredmedia":[{"embeddable":true,"href":"https:\/\/www.transtoyou.com\/fi\/wp-json\/wp\/v2\/media\/846"}],"wp:attachment":[{"href":"https:\/\/www.transtoyou.com\/fi\/wp-json\/wp\/v2\/media?parent=845"}],"wp:term":[{"taxonomy":"product_brand","embeddable":true,"href":"https:\/\/www.transtoyou.com\/fi\/wp-json\/wp\/v2\/product_brand?post=845"},{"taxonomy":"product_cat","embeddable":true,"href":"https:\/\/www.transtoyou.com\/fi\/wp-json\/wp\/v2\/product_cat?post=845"},{"taxonomy":"product_tag","embeddable":true,"href":"https:\/\/www.transtoyou.com\/fi\/wp-json\/wp\/v2\/product_tag?post=845"},{"taxonomy":"expert","embeddable":true,"href":"https:\/\/www.transtoyou.com\/fi\/wp-json\/wp\/v2\/expert?post=845"}],"curies":[{"name":"wp","href":"https:\/\/api.w.org\/{rel}","templated":true}]}}