{"id":850,"date":"2026-01-24T23:56:35","date_gmt":"2026-01-24T23:56:35","guid":{"rendered":"https:\/\/www.transtoyou.com\/fi\/product\/postinor\/"},"modified":"2026-01-24T23:57:31","modified_gmt":"2026-01-24T23:57:31","slug":"postinor","status":"publish","type":"product","link":"https:\/\/www.transtoyou.com\/fi\/product\/postinor\/","title":{"rendered":"Postinor"},"content":{"rendered":"<p>Postinor on h\u00e4t\u00e4ehk\u00e4isytabletti, jota k\u00e4ytet\u00e4\u00e4n raskauden est\u00e4miseen suojaamattoman seksuaalisen kanssak\u00e4ymisen tai ehk\u00e4isykeinon ep\u00e4onnistumisen (esim. unohtunut pilleri tai kondomin rikkoutuminen) j\u00e4lkeen. Vaikuttava aine on levonorgestreeli, synteettinen progesteronihormoni, joka j\u00e4ljittelee luonnollista progesteronia.<\/p>\n<p>P\u00e4\u00e4asiallinen toimintamekanismi on ovulaation viivytt\u00e4minen tai est\u00e4minen, eli munan vapautuminen munasarjasta. T\u00e4ll\u00e4 tavoin Postinor v\u00e4hent\u00e4\u00e4 hedelm\u00f6ityksen todenn\u00e4k\u00f6isyytt\u00e4. Se voi my\u00f6s aiheuttaa muutoksia kohdunkaulan limassa ja kohdun limakalvossa, mik\u00e4 vaikeuttaa siitti\u00f6iden p\u00e4\u00e4sy\u00e4 munasoluun tai hedelm\u00f6itetyn munasolun kiinnittymist\u00e4 kohtuun. Se ei kuitenkaan keskeyt\u00e4 olemassa olevaa raskautta eik\u00e4 sill\u00e4 ole vaikutusta, kun kiinnittyminen on tapahtunut.<\/p>\n<p>Postinor tulisi ottaa mahdollisimman pian suojaamattoman seksin j\u00e4lkeen, mieluiten 12 tunnin kuluessa, mutta ei my\u00f6hemmin kuin 72 tunnissa (3 p\u00e4iv\u00e4\u00e4). Mit\u00e4 aikaisemmin se otetaan, sit\u00e4 tehokkaampi se on. Sit\u00e4 ei ole tarkoitettu s\u00e4\u00e4nn\u00f6lliseen ehk\u00e4isyyn, eik\u00e4 se saa korvata jatkuvia ehk\u00e4isykeinoja. Se ei my\u00f6sk\u00e4\u00e4n suojaa sukupuolitaudeilta (STI).<\/p>\n<p>Postinorin etuja ovat helppo saatavuus, yksinkertainen kertak\u00e4ytt\u00f6inen annostelu ja yleens\u00e4 liev\u00e4t sivuvaikutukset. Jotkut k\u00e4ytt\u00e4j\u00e4t saattavat kokea pahoinvointia, muutoksia kuukautiskierrossa, rintojen arkuutta, v\u00e4symyst\u00e4 tai vatsakipua. Useimmat sivuvaikutukset h\u00e4vi\u00e4v\u00e4t muutamassa p\u00e4iv\u00e4ss\u00e4.<\/p>\n","protected":false},"excerpt":{"rendered":"<ul>\n<li>Ota 72 tunnin sis\u00e4ll\u00e4<\/li>\n<li>Viiv\u00e4stytt\u00e4\u00e4 ovulaatiota<\/li>\n<li>Yhden annoksen h\u00e4t\u00e4ehk\u00e4isy<\/li>\n<\/ul>\n","protected":false},"featured_media":851,"comment_status":"open","ping_status":"closed","template":"","meta":[],"product_brand":[],"product_cat":[91],"product_tag":[],"expert":[19],"class_list":{"0":"post-850","1":"product","2":"type-product","3":"status-publish","4":"has-post-thumbnail","6":"product_cat-hataehkaisy","7":"expert-dr-j-vazquez","9":"first","10":"instock","11":"shipping-taxable","12":"product-type-simple"},"yoast_head":"<!-- This site is optimized with the Yoast SEO plugin v27.0 - https:\/\/yoast.com\/product\/yoast-seo-wordpress\/ -->\n<title>Postinor | H\u00e4t\u00e4ehk\u00e4isyratkaisu - Transtoyou<\/title>\n<meta name=\"description\" content=\"Est\u00e4 raskaus suojaamattoman seksin j\u00e4lkeen Postinorilla, saatavilla nyt Transtoyousta. Nopea toiminta 72 tunnin sis\u00e4ll\u00e4 parantaa tehoa.\" \/>\n<meta name=\"robots\" content=\"noindex, follow, max-snippet:-1, max-image-preview:large, max-video-preview:-1\" \/>\n<meta property=\"og:locale\" content=\"fi_FI\" \/>\n<meta property=\"og:type\" content=\"article\" \/>\n<meta property=\"og:title\" content=\"Postinor | H\u00e4t\u00e4ehk\u00e4isyratkaisu - Transtoyou\" \/>\n<meta property=\"og:description\" content=\"Est\u00e4 raskaus suojaamattoman seksin j\u00e4lkeen Postinorilla, saatavilla nyt Transtoyousta. Nopea toiminta 72 tunnin sis\u00e4ll\u00e4 parantaa tehoa.\" \/>\n<meta property=\"og:url\" content=\"https:\/\/www.transtoyou.com\/fi\/product\/postinor\/\" \/>\n<meta property=\"og:site_name\" content=\"Transtoyou - FI\" \/>\n<meta property=\"article:modified_time\" content=\"2026-01-24T23:57:31+00:00\" \/>\n<meta name=\"twitter:card\" content=\"summary_large_image\" \/>\n<meta name=\"twitter:label1\" content=\"Arvioitu lukuaika\" \/>\n\t<meta name=\"twitter:data1\" content=\"1 minuutti\" \/>\n<script type=\"application\/ld+json\" class=\"yoast-schema-graph\">{\"@context\":\"https:\/\/schema.org\",\"@graph\":[{\"@type\":\"WebPage\",\"@id\":\"https:\/\/www.transtoyou.com\/fi\/product\/postinor\/\",\"url\":\"https:\/\/www.transtoyou.com\/fi\/product\/postinor\/\",\"name\":\"Postinor | H\u00e4t\u00e4ehk\u00e4isyratkaisu - Transtoyou\",\"isPartOf\":{\"@id\":\"https:\/\/www.transtoyou.com\/fi\/#website\"},\"primaryImageOfPage\":{\"@id\":\"https:\/\/www.transtoyou.com\/fi\/product\/postinor\/#primaryimage\"},\"image\":{\"@id\":\"https:\/\/www.transtoyou.com\/fi\/product\/postinor\/#primaryimage\"},\"thumbnailUrl\":\"https:\/\/www.transtoyou.com\/fi\/wp-content\/uploads\/sites\/16\/2026\/01\/tty-no-product-image-125.webp\",\"datePublished\":\"2026-01-24T23:56:35+00:00\",\"dateModified\":\"2026-01-24T23:57:31+00:00\",\"description\":\"Est\u00e4 raskaus suojaamattoman seksin j\u00e4lkeen Postinorilla, saatavilla nyt Transtoyousta. Nopea toiminta 72 tunnin sis\u00e4ll\u00e4 parantaa tehoa.\",\"breadcrumb\":{\"@id\":\"https:\/\/www.transtoyou.com\/fi\/product\/postinor\/#breadcrumb\"},\"inLanguage\":\"fi\",\"potentialAction\":[{\"@type\":\"ReadAction\",\"target\":[\"https:\/\/www.transtoyou.com\/fi\/product\/postinor\/\"]}]},{\"@type\":\"ImageObject\",\"inLanguage\":\"fi\",\"@id\":\"https:\/\/www.transtoyou.com\/fi\/product\/postinor\/#primaryimage\",\"url\":\"https:\/\/www.transtoyou.com\/fi\/wp-content\/uploads\/sites\/16\/2026\/01\/tty-no-product-image-125.webp\",\"contentUrl\":\"https:\/\/www.transtoyou.com\/fi\/wp-content\/uploads\/sites\/16\/2026\/01\/tty-no-product-image-125.webp\",\"width\":1000,\"height\":1000,\"caption\":\"Oletusarvoinen tuotekuva\"},{\"@type\":\"WebSite\",\"@id\":\"https:\/\/www.transtoyou.com\/fi\/#website\",\"url\":\"https:\/\/www.transtoyou.com\/fi\/\",\"name\":\"Transtoyou - FI\",\"description\":\"\",\"publisher\":{\"@id\":\"https:\/\/www.transtoyou.com\/fi\/#organization\"},\"potentialAction\":[{\"@type\":\"SearchAction\",\"target\":{\"@type\":\"EntryPoint\",\"urlTemplate\":\"https:\/\/www.transtoyou.com\/fi\/?s={search_term_string}\"},\"query-input\":{\"@type\":\"PropertyValueSpecification\",\"valueRequired\":true,\"valueName\":\"search_term_string\"}}],\"inLanguage\":\"fi\"},{\"@type\":\"Organization\",\"@id\":\"https:\/\/www.transtoyou.com\/fi\/#organization\",\"name\":\"Transtoyou - FI\",\"url\":\"https:\/\/www.transtoyou.com\/fi\/\",\"logo\":{\"@type\":\"ImageObject\",\"inLanguage\":\"fi\",\"@id\":\"https:\/\/www.transtoyou.com\/fi\/#\/schema\/logo\/image\/\",\"url\":\"https:\/\/www.transtoyou.com\/fi\/wp-content\/uploads\/sites\/16\/2026\/01\/logo-tty-menu-bar-300x87-1.webp\",\"contentUrl\":\"https:\/\/www.transtoyou.com\/fi\/wp-content\/uploads\/sites\/16\/2026\/01\/logo-tty-menu-bar-300x87-1.webp\",\"width\":300,\"height\":87,\"caption\":\"Transtoyou - FI\"},\"image\":{\"@id\":\"https:\/\/www.transtoyou.com\/fi\/#\/schema\/logo\/image\/\"}}]}<\/script>\n<!-- \/ Yoast SEO plugin. -->","yoast_head_json":{"title":"Postinor | H\u00e4t\u00e4ehk\u00e4isyratkaisu - Transtoyou","description":"Est\u00e4 raskaus suojaamattoman seksin j\u00e4lkeen Postinorilla, saatavilla nyt Transtoyousta. Nopea toiminta 72 tunnin sis\u00e4ll\u00e4 parantaa tehoa.","robots":{"index":"noindex","follow":"follow","max-snippet":"max-snippet:-1","max-image-preview":"max-image-preview:large","max-video-preview":"max-video-preview:-1"},"og_locale":"fi_FI","og_type":"article","og_title":"Postinor | H\u00e4t\u00e4ehk\u00e4isyratkaisu - Transtoyou","og_description":"Est\u00e4 raskaus suojaamattoman seksin j\u00e4lkeen Postinorilla, saatavilla nyt Transtoyousta. Nopea toiminta 72 tunnin sis\u00e4ll\u00e4 parantaa tehoa.","og_url":"https:\/\/www.transtoyou.com\/fi\/product\/postinor\/","og_site_name":"Transtoyou - FI","article_modified_time":"2026-01-24T23:57:31+00:00","twitter_card":"summary_large_image","twitter_misc":{"Arvioitu lukuaika":"1 minuutti"},"schema":{"@context":"https:\/\/schema.org","@graph":[{"@type":"WebPage","@id":"https:\/\/www.transtoyou.com\/fi\/product\/postinor\/","url":"https:\/\/www.transtoyou.com\/fi\/product\/postinor\/","name":"Postinor | H\u00e4t\u00e4ehk\u00e4isyratkaisu - Transtoyou","isPartOf":{"@id":"https:\/\/www.transtoyou.com\/fi\/#website"},"primaryImageOfPage":{"@id":"https:\/\/www.transtoyou.com\/fi\/product\/postinor\/#primaryimage"},"image":{"@id":"https:\/\/www.transtoyou.com\/fi\/product\/postinor\/#primaryimage"},"thumbnailUrl":"https:\/\/www.transtoyou.com\/fi\/wp-content\/uploads\/sites\/16\/2026\/01\/tty-no-product-image-125.webp","datePublished":"2026-01-24T23:56:35+00:00","dateModified":"2026-01-24T23:57:31+00:00","description":"Est\u00e4 raskaus suojaamattoman seksin j\u00e4lkeen Postinorilla, saatavilla nyt Transtoyousta. Nopea toiminta 72 tunnin sis\u00e4ll\u00e4 parantaa tehoa.","breadcrumb":{"@id":"https:\/\/www.transtoyou.com\/fi\/product\/postinor\/#breadcrumb"},"inLanguage":"fi","potentialAction":[{"@type":"ReadAction","target":["https:\/\/www.transtoyou.com\/fi\/product\/postinor\/"]}]},{"@type":"ImageObject","inLanguage":"fi","@id":"https:\/\/www.transtoyou.com\/fi\/product\/postinor\/#primaryimage","url":"https:\/\/www.transtoyou.com\/fi\/wp-content\/uploads\/sites\/16\/2026\/01\/tty-no-product-image-125.webp","contentUrl":"https:\/\/www.transtoyou.com\/fi\/wp-content\/uploads\/sites\/16\/2026\/01\/tty-no-product-image-125.webp","width":1000,"height":1000,"caption":"Oletusarvoinen tuotekuva"},{"@type":"WebSite","@id":"https:\/\/www.transtoyou.com\/fi\/#website","url":"https:\/\/www.transtoyou.com\/fi\/","name":"Transtoyou - FI","description":"","publisher":{"@id":"https:\/\/www.transtoyou.com\/fi\/#organization"},"potentialAction":[{"@type":"SearchAction","target":{"@type":"EntryPoint","urlTemplate":"https:\/\/www.transtoyou.com\/fi\/?s={search_term_string}"},"query-input":{"@type":"PropertyValueSpecification","valueRequired":true,"valueName":"search_term_string"}}],"inLanguage":"fi"},{"@type":"Organization","@id":"https:\/\/www.transtoyou.com\/fi\/#organization","name":"Transtoyou - FI","url":"https:\/\/www.transtoyou.com\/fi\/","logo":{"@type":"ImageObject","inLanguage":"fi","@id":"https:\/\/www.transtoyou.com\/fi\/#\/schema\/logo\/image\/","url":"https:\/\/www.transtoyou.com\/fi\/wp-content\/uploads\/sites\/16\/2026\/01\/logo-tty-menu-bar-300x87-1.webp","contentUrl":"https:\/\/www.transtoyou.com\/fi\/wp-content\/uploads\/sites\/16\/2026\/01\/logo-tty-menu-bar-300x87-1.webp","width":300,"height":87,"caption":"Transtoyou - FI"},"image":{"@id":"https:\/\/www.transtoyou.com\/fi\/#\/schema\/logo\/image\/"}}]}},"_links":{"self":[{"href":"https:\/\/www.transtoyou.com\/fi\/wp-json\/wp\/v2\/product\/850","targetHints":{"allow":["GET"]}}],"collection":[{"href":"https:\/\/www.transtoyou.com\/fi\/wp-json\/wp\/v2\/product"}],"about":[{"href":"https:\/\/www.transtoyou.com\/fi\/wp-json\/wp\/v2\/types\/product"}],"replies":[{"embeddable":true,"href":"https:\/\/www.transtoyou.com\/fi\/wp-json\/wp\/v2\/comments?post=850"}],"wp:featuredmedia":[{"embeddable":true,"href":"https:\/\/www.transtoyou.com\/fi\/wp-json\/wp\/v2\/media\/851"}],"wp:attachment":[{"href":"https:\/\/www.transtoyou.com\/fi\/wp-json\/wp\/v2\/media?parent=850"}],"wp:term":[{"taxonomy":"product_brand","embeddable":true,"href":"https:\/\/www.transtoyou.com\/fi\/wp-json\/wp\/v2\/product_brand?post=850"},{"taxonomy":"product_cat","embeddable":true,"href":"https:\/\/www.transtoyou.com\/fi\/wp-json\/wp\/v2\/product_cat?post=850"},{"taxonomy":"product_tag","embeddable":true,"href":"https:\/\/www.transtoyou.com\/fi\/wp-json\/wp\/v2\/product_tag?post=850"},{"taxonomy":"expert","embeddable":true,"href":"https:\/\/www.transtoyou.com\/fi\/wp-json\/wp\/v2\/expert?post=850"}],"curies":[{"name":"wp","href":"https:\/\/api.w.org\/{rel}","templated":true}]}}