{"id":861,"date":"2026-01-25T01:05:14","date_gmt":"2026-01-25T01:05:14","guid":{"rendered":"https:\/\/www.transtoyou.com\/fi\/product\/head-shoulders-men-ultra-total-care-shampoo\/"},"modified":"2026-01-25T01:06:17","modified_gmt":"2026-01-25T01:06:17","slug":"paatu-olkapaat-miehet-ultra-kokonaisvaltainen-hoito-shampoo","status":"publish","type":"product","link":"https:\/\/www.transtoyou.com\/fi\/product\/paatu-olkapaat-miehet-ultra-kokonaisvaltainen-hoito-shampoo\/","title":{"rendered":"Head &#038; Shoulders Men Ultra Total Care Shampoo"},"content":{"rendered":"<p>Head &amp; Shoulders Men Ultra Total Care Shampoo on erityisesti miehille suunniteltu hiustenhoitotuote, joka tarjoaa tehokasta p\u00e4\u00e4nahan hoitoa ja hiusten hallintaa. Se yhdist\u00e4\u00e4 edistyksellisen teknologian dermatologisesti testattuihin ainesosiin tarjoten jopa 100 % hilseensuojan s\u00e4\u00e4nn\u00f6llisell\u00e4 k\u00e4yt\u00f6ll\u00e4, varmistaen hiutaleettoman, puhtaan ja pirte\u00e4n p\u00e4\u00e4nahan.<\/p>\n<p>T\u00e4m\u00e4 shampoo toimii kohdistamalla hilseen juurisyyn ainutlaatuisen Microbiome Balance -kaavansa avulla. Se auttaa yll\u00e4pit\u00e4m\u00e4\u00e4n terveellist\u00e4 mikro-organismitasapainoa p\u00e4\u00e4nahassa, mik\u00e4 on olennaista hilseen ehk\u00e4isemiseksi. Aktiivinen ainesosa, Piroctone Olamine, taistelee hilseen muodostumiseen liittyv\u00e4\u00e4 Malassezia-sient\u00e4 vastaan. Lis\u00e4ksi kaava puhdistaa p\u00e4\u00e4nahan syv\u00e4llisesti, poistaen likaa, rasvaa ja muotoilutuotteiden j\u00e4\u00e4mi\u00e4 samalla kosteuttaen ja raviten hiuksia.<\/p>\n<p>Head &amp; Shoulders Men Ultra Total Care Shampoo on erityisesti kehitetty hoitamaan:<\/p>\n<ul>\n<li>Hilse ja n\u00e4kyv\u00e4t hiutaleet<\/li>\n<li>P\u00e4\u00e4nahan kuivuus tai rasvaisuus<\/li>\n<li>Rasvaiset hiukset ja p\u00e4\u00e4nahan kertym\u00e4t<\/li>\n<\/ul>\n<p>Se sopii kaikille hiustyypeille ja p\u00e4\u00e4nahan olosuhteille, mik\u00e4 tekee siit\u00e4 ihanteellisen p\u00e4ivitt\u00e4isen ratkaisun miehille, jotka kokevat hilseily\u00e4.<\/p>\n<p>Shampoo tarjoaa useita etuja p\u00e4\u00e4nahalle ja hiuksille:<\/p>\n<ul>\n<li>Se taistelee hilseily\u00e4 vastaan poistamalla hiutaleet ja est\u00e4m\u00e4ll\u00e4 niiden uusiutumisen.<\/li>\n<li>Se kosteuttaa p\u00e4\u00e4nahkaa v\u00e4hent\u00e4en kuivuutta samalla halliten ylim\u00e4\u00e4r\u00e4ist\u00e4 rasvaa.<\/li>\n<li>Se puhdistaa syv\u00e4llisesti, j\u00e4tt\u00e4en p\u00e4\u00e4nahan eritt\u00e4in puhtaaksi ja raikkaaksi.<\/li>\n<li>Merimineraaleilla infusoituna se vahvistaa hiusten rakennetta ja parantaa hallittavuutta.<\/li>\n<\/ul>\n<p>Head &amp; Shoulders Men Ultra Total Care Shampoo&#8217;n k\u00e4ytt\u00f6 takaa:<\/p>\n<ul>\n<li>Pitk\u00e4kestoisen suojan hilseelt\u00e4 s\u00e4\u00e4nn\u00f6llisell\u00e4 k\u00e4yt\u00f6ll\u00e4.<\/li>\n<li>Puhdas, pirte\u00e4 tunne jokaisen pesun j\u00e4lkeen.<\/li>\n<li>Kosteutetut ja hallittavat hiukset, joita on helppo muotoilla.<\/li>\n<li>Dermatologisesti testattu turvallisuus kaikille p\u00e4\u00e4nahatyyppien.<\/li>\n<\/ul>\n","protected":false},"excerpt":{"rendered":"<ul>\n<li>Taistellaan hilseily\u00e4 vastaan, jotta voit olla varma ilman hiutaleita<\/li>\n<li>Puhdistaa ja kosteuttaa p\u00e4\u00e4nahkaa syv\u00e4sti<\/li>\n<li>Vahvistaa hiuksia, jotta ne ovat helppohoitoiset<\/li>\n<\/ul>\n","protected":false},"featured_media":862,"comment_status":"open","ping_status":"closed","template":"","meta":[],"product_brand":[],"product_cat":[82],"product_tag":[],"expert":[18],"class_list":{"0":"post-861","1":"product","2":"type-product","3":"status-publish","4":"has-post-thumbnail","6":"product_cat-hilse-ja-paanahan-hoito","7":"expert-dr-g-varbanov","9":"first","10":"instock","11":"shipping-taxable","12":"product-type-simple"},"yoast_head":"<!-- This site is optimized with the Yoast SEO plugin v27.0 - https:\/\/yoast.com\/product\/yoast-seo-wordpress\/ -->\n<title>Head &amp; Shoulders Men Ultra Total Care Shampoo - Transtoyou - FI<\/title>\n<meta name=\"description\" content=\"Osta Head &amp; Shoulders Men Ultra Total Care -shampoo tehokkaaseen hilseensuojaukseen ja p\u00e4\u00e4nahan hoitoon. Saatavilla nyt, koe hiukset ilman hilsett\u00e4!\" \/>\n<meta name=\"robots\" content=\"noindex, follow, max-snippet:-1, max-image-preview:large, max-video-preview:-1\" \/>\n<meta property=\"og:locale\" content=\"fi_FI\" \/>\n<meta property=\"og:type\" content=\"article\" \/>\n<meta property=\"og:title\" content=\"Head &amp; Shoulders Men Ultra Total Care Shampoo - Transtoyou - FI\" \/>\n<meta property=\"og:description\" content=\"Osta Head &amp; Shoulders Men Ultra Total Care -shampoo tehokkaaseen hilseensuojaukseen ja p\u00e4\u00e4nahan hoitoon. Saatavilla nyt, koe hiukset ilman hilsett\u00e4!\" \/>\n<meta property=\"og:url\" content=\"https:\/\/www.transtoyou.com\/fi\/product\/head-shoulders-men-ultra-total-care-shampoo\/\" \/>\n<meta property=\"og:site_name\" content=\"Transtoyou - FI\" \/>\n<meta property=\"article:modified_time\" content=\"2026-01-25T01:06:17+00:00\" \/>\n<meta name=\"twitter:card\" content=\"summary_large_image\" \/>\n<meta name=\"twitter:label1\" content=\"Arvioitu lukuaika\" \/>\n\t<meta name=\"twitter:data1\" content=\"1 minuutti\" \/>\n<script type=\"application\/ld+json\" class=\"yoast-schema-graph\">{\"@context\":\"https:\/\/schema.org\",\"@graph\":[{\"@type\":\"WebPage\",\"@id\":\"https:\/\/www.transtoyou.com\/fi\/product\/head-shoulders-men-ultra-total-care-shampoo\/\",\"url\":\"https:\/\/www.transtoyou.com\/fi\/product\/head-shoulders-men-ultra-total-care-shampoo\/\",\"name\":\"Head & Shoulders Men Ultra Total Care Shampoo - Transtoyou - FI\",\"isPartOf\":{\"@id\":\"https:\/\/www.transtoyou.com\/fi\/#website\"},\"primaryImageOfPage\":{\"@id\":\"https:\/\/www.transtoyou.com\/fi\/product\/head-shoulders-men-ultra-total-care-shampoo\/#primaryimage\"},\"image\":{\"@id\":\"https:\/\/www.transtoyou.com\/fi\/product\/head-shoulders-men-ultra-total-care-shampoo\/#primaryimage\"},\"thumbnailUrl\":\"https:\/\/www.transtoyou.com\/fi\/wp-content\/uploads\/sites\/16\/2026\/01\/tty-no-product-image-129.webp\",\"datePublished\":\"2026-01-25T01:05:14+00:00\",\"dateModified\":\"2026-01-25T01:06:17+00:00\",\"description\":\"Osta Head & Shoulders Men Ultra Total Care -shampoo tehokkaaseen hilseensuojaukseen ja p\u00e4\u00e4nahan hoitoon. Saatavilla nyt, koe hiukset ilman hilsett\u00e4!\",\"breadcrumb\":{\"@id\":\"https:\/\/www.transtoyou.com\/fi\/product\/head-shoulders-men-ultra-total-care-shampoo\/#breadcrumb\"},\"inLanguage\":\"fi\",\"potentialAction\":[{\"@type\":\"ReadAction\",\"target\":[\"https:\/\/www.transtoyou.com\/fi\/product\/head-shoulders-men-ultra-total-care-shampoo\/\"]}]},{\"@type\":\"ImageObject\",\"inLanguage\":\"fi\",\"@id\":\"https:\/\/www.transtoyou.com\/fi\/product\/head-shoulders-men-ultra-total-care-shampoo\/#primaryimage\",\"url\":\"https:\/\/www.transtoyou.com\/fi\/wp-content\/uploads\/sites\/16\/2026\/01\/tty-no-product-image-129.webp\",\"contentUrl\":\"https:\/\/www.transtoyou.com\/fi\/wp-content\/uploads\/sites\/16\/2026\/01\/tty-no-product-image-129.webp\",\"width\":1000,\"height\":1000,\"caption\":\"Oletusarvoinen tuotekuva\"},{\"@type\":\"WebSite\",\"@id\":\"https:\/\/www.transtoyou.com\/fi\/#website\",\"url\":\"https:\/\/www.transtoyou.com\/fi\/\",\"name\":\"Transtoyou - FI\",\"description\":\"\",\"publisher\":{\"@id\":\"https:\/\/www.transtoyou.com\/fi\/#organization\"},\"potentialAction\":[{\"@type\":\"SearchAction\",\"target\":{\"@type\":\"EntryPoint\",\"urlTemplate\":\"https:\/\/www.transtoyou.com\/fi\/?s={search_term_string}\"},\"query-input\":{\"@type\":\"PropertyValueSpecification\",\"valueRequired\":true,\"valueName\":\"search_term_string\"}}],\"inLanguage\":\"fi\"},{\"@type\":\"Organization\",\"@id\":\"https:\/\/www.transtoyou.com\/fi\/#organization\",\"name\":\"Transtoyou - FI\",\"url\":\"https:\/\/www.transtoyou.com\/fi\/\",\"logo\":{\"@type\":\"ImageObject\",\"inLanguage\":\"fi\",\"@id\":\"https:\/\/www.transtoyou.com\/fi\/#\/schema\/logo\/image\/\",\"url\":\"https:\/\/www.transtoyou.com\/fi\/wp-content\/uploads\/sites\/16\/2026\/01\/logo-tty-menu-bar-300x87-1.webp\",\"contentUrl\":\"https:\/\/www.transtoyou.com\/fi\/wp-content\/uploads\/sites\/16\/2026\/01\/logo-tty-menu-bar-300x87-1.webp\",\"width\":300,\"height\":87,\"caption\":\"Transtoyou - FI\"},\"image\":{\"@id\":\"https:\/\/www.transtoyou.com\/fi\/#\/schema\/logo\/image\/\"}}]}<\/script>\n<!-- \/ Yoast SEO plugin. -->","yoast_head_json":{"title":"Head & Shoulders Men Ultra Total Care Shampoo - Transtoyou - FI","description":"Osta Head & Shoulders Men Ultra Total Care -shampoo tehokkaaseen hilseensuojaukseen ja p\u00e4\u00e4nahan hoitoon. Saatavilla nyt, koe hiukset ilman hilsett\u00e4!","robots":{"index":"noindex","follow":"follow","max-snippet":"max-snippet:-1","max-image-preview":"max-image-preview:large","max-video-preview":"max-video-preview:-1"},"og_locale":"fi_FI","og_type":"article","og_title":"Head & Shoulders Men Ultra Total Care Shampoo - Transtoyou - FI","og_description":"Osta Head & Shoulders Men Ultra Total Care -shampoo tehokkaaseen hilseensuojaukseen ja p\u00e4\u00e4nahan hoitoon. Saatavilla nyt, koe hiukset ilman hilsett\u00e4!","og_url":"https:\/\/www.transtoyou.com\/fi\/product\/head-shoulders-men-ultra-total-care-shampoo\/","og_site_name":"Transtoyou - FI","article_modified_time":"2026-01-25T01:06:17+00:00","twitter_card":"summary_large_image","twitter_misc":{"Arvioitu lukuaika":"1 minuutti"},"schema":{"@context":"https:\/\/schema.org","@graph":[{"@type":"WebPage","@id":"https:\/\/www.transtoyou.com\/fi\/product\/head-shoulders-men-ultra-total-care-shampoo\/","url":"https:\/\/www.transtoyou.com\/fi\/product\/head-shoulders-men-ultra-total-care-shampoo\/","name":"Head & Shoulders Men Ultra Total Care Shampoo - Transtoyou - FI","isPartOf":{"@id":"https:\/\/www.transtoyou.com\/fi\/#website"},"primaryImageOfPage":{"@id":"https:\/\/www.transtoyou.com\/fi\/product\/head-shoulders-men-ultra-total-care-shampoo\/#primaryimage"},"image":{"@id":"https:\/\/www.transtoyou.com\/fi\/product\/head-shoulders-men-ultra-total-care-shampoo\/#primaryimage"},"thumbnailUrl":"https:\/\/www.transtoyou.com\/fi\/wp-content\/uploads\/sites\/16\/2026\/01\/tty-no-product-image-129.webp","datePublished":"2026-01-25T01:05:14+00:00","dateModified":"2026-01-25T01:06:17+00:00","description":"Osta Head & Shoulders Men Ultra Total Care -shampoo tehokkaaseen hilseensuojaukseen ja p\u00e4\u00e4nahan hoitoon. Saatavilla nyt, koe hiukset ilman hilsett\u00e4!","breadcrumb":{"@id":"https:\/\/www.transtoyou.com\/fi\/product\/head-shoulders-men-ultra-total-care-shampoo\/#breadcrumb"},"inLanguage":"fi","potentialAction":[{"@type":"ReadAction","target":["https:\/\/www.transtoyou.com\/fi\/product\/head-shoulders-men-ultra-total-care-shampoo\/"]}]},{"@type":"ImageObject","inLanguage":"fi","@id":"https:\/\/www.transtoyou.com\/fi\/product\/head-shoulders-men-ultra-total-care-shampoo\/#primaryimage","url":"https:\/\/www.transtoyou.com\/fi\/wp-content\/uploads\/sites\/16\/2026\/01\/tty-no-product-image-129.webp","contentUrl":"https:\/\/www.transtoyou.com\/fi\/wp-content\/uploads\/sites\/16\/2026\/01\/tty-no-product-image-129.webp","width":1000,"height":1000,"caption":"Oletusarvoinen tuotekuva"},{"@type":"WebSite","@id":"https:\/\/www.transtoyou.com\/fi\/#website","url":"https:\/\/www.transtoyou.com\/fi\/","name":"Transtoyou - FI","description":"","publisher":{"@id":"https:\/\/www.transtoyou.com\/fi\/#organization"},"potentialAction":[{"@type":"SearchAction","target":{"@type":"EntryPoint","urlTemplate":"https:\/\/www.transtoyou.com\/fi\/?s={search_term_string}"},"query-input":{"@type":"PropertyValueSpecification","valueRequired":true,"valueName":"search_term_string"}}],"inLanguage":"fi"},{"@type":"Organization","@id":"https:\/\/www.transtoyou.com\/fi\/#organization","name":"Transtoyou - FI","url":"https:\/\/www.transtoyou.com\/fi\/","logo":{"@type":"ImageObject","inLanguage":"fi","@id":"https:\/\/www.transtoyou.com\/fi\/#\/schema\/logo\/image\/","url":"https:\/\/www.transtoyou.com\/fi\/wp-content\/uploads\/sites\/16\/2026\/01\/logo-tty-menu-bar-300x87-1.webp","contentUrl":"https:\/\/www.transtoyou.com\/fi\/wp-content\/uploads\/sites\/16\/2026\/01\/logo-tty-menu-bar-300x87-1.webp","width":300,"height":87,"caption":"Transtoyou - FI"},"image":{"@id":"https:\/\/www.transtoyou.com\/fi\/#\/schema\/logo\/image\/"}}]}},"_links":{"self":[{"href":"https:\/\/www.transtoyou.com\/fi\/wp-json\/wp\/v2\/product\/861","targetHints":{"allow":["GET"]}}],"collection":[{"href":"https:\/\/www.transtoyou.com\/fi\/wp-json\/wp\/v2\/product"}],"about":[{"href":"https:\/\/www.transtoyou.com\/fi\/wp-json\/wp\/v2\/types\/product"}],"replies":[{"embeddable":true,"href":"https:\/\/www.transtoyou.com\/fi\/wp-json\/wp\/v2\/comments?post=861"}],"wp:featuredmedia":[{"embeddable":true,"href":"https:\/\/www.transtoyou.com\/fi\/wp-json\/wp\/v2\/media\/862"}],"wp:attachment":[{"href":"https:\/\/www.transtoyou.com\/fi\/wp-json\/wp\/v2\/media?parent=861"}],"wp:term":[{"taxonomy":"product_brand","embeddable":true,"href":"https:\/\/www.transtoyou.com\/fi\/wp-json\/wp\/v2\/product_brand?post=861"},{"taxonomy":"product_cat","embeddable":true,"href":"https:\/\/www.transtoyou.com\/fi\/wp-json\/wp\/v2\/product_cat?post=861"},{"taxonomy":"product_tag","embeddable":true,"href":"https:\/\/www.transtoyou.com\/fi\/wp-json\/wp\/v2\/product_tag?post=861"},{"taxonomy":"expert","embeddable":true,"href":"https:\/\/www.transtoyou.com\/fi\/wp-json\/wp\/v2\/expert?post=861"}],"curies":[{"name":"wp","href":"https:\/\/api.w.org\/{rel}","templated":true}]}}