{"id":866,"date":"2026-01-25T01:39:41","date_gmt":"2026-01-25T01:39:41","guid":{"rendered":"https:\/\/www.transtoyou.com\/fi\/product\/nuvaring\/"},"modified":"2026-02-28T11:48:18","modified_gmt":"2026-02-28T11:48:18","slug":"nuvaring","status":"publish","type":"product","link":"https:\/\/www.transtoyou.com\/fi\/product\/nuvaring\/","title":{"rendered":"NuvaRing"},"content":{"rendered":"<p>NuvaRing on joustava, l\u00e4pin\u00e4kyv\u00e4 ehk\u00e4isyrengas, joka on suunniteltu tarjoamaan luotettavaa ehk\u00e4isy\u00e4 matala-annoksisen hormonaalisen j\u00e4rjestelm\u00e4n avulla. NuvaRing on rengas, joka asetetaan em\u00e4ttimeen kerran kuukaudessa, tarjoten tasaisen hormonin vapautumisen.<\/p>\n<p>Renkaassa on kaksi hormonia, etonogestreeli ja etinyyliestradioli, jotka vapautuvat v\u00e4hitellen verenkiertoon em\u00e4ttimen sein\u00e4m\u00e4n kautta. N\u00e4m\u00e4 hormonit toimivat yhdess\u00e4 est\u00e4\u00e4kseen ovulaation, paksuntaakseen kohdunkaulan limaa est\u00e4\u00e4kseen siitti\u00f6it\u00e4 ja muuttaakseen kohdun limakalvoa v\u00e4hent\u00e4\u00e4kseen kiinnittymisen mahdollisuutta. T\u00e4m\u00e4 kolmivaiheinen suoja tekee NuvaRingista tehokkaan ehk\u00e4isymenetelm\u00e4n, kun sit\u00e4 k\u00e4ytet\u00e4\u00e4n oikein.<\/p>\n<p>Jokainen rengas k\u00e4ytet\u00e4\u00e4n jatkuvasti 21 p\u00e4iv\u00e4n ajan, jonka j\u00e4lkeen on 7 p\u00e4iv\u00e4n rengasvapaa tauko, jolloin vet\u00e4ytymisvuoto yleens\u00e4 tapahtuu. Uusi rengas asetetaan t\u00e4m\u00e4n tauon j\u00e4lkeen, vaikka vuoto ei olisi t\u00e4ysin loppunut. Prosessi on suunniteltu j\u00e4ljittelem\u00e4\u00e4n luonnollista kuukautiskiertoa samalla kun se s\u00e4ilytt\u00e4\u00e4 ehk\u00e4isytehon koko kuukauden ajan.<\/p>\n<p>NuvaRing on suosittu niiden keskuudessa, jotka eiv\u00e4t halua ottaa p\u00e4ivitt\u00e4ist\u00e4 pilleri\u00e4 tai jotka haluavat ei-pysyv\u00e4n mutta eritt\u00e4in tehokkaan ehk\u00e4isyvaihtoehdon. Se ei vaadi p\u00e4ivitt\u00e4ist\u00e4 huomiota, ja koska se asetetaan ja poistetaan itse.<\/p>\n<p>Useimmat k\u00e4ytt\u00e4j\u00e4t siet\u00e4v\u00e4t NuvaRingia hyvin. Yleisi\u00e4 haittavaikutuksia voivat olla p\u00e4\u00e4ns\u00e4ryt, mielialan muutokset, rinnatulehdus tai liev\u00e4 em\u00e4tin\u00e4rsytys. Kuten muutkin yhdistetyt hormonaaliset ehk\u00e4isyvalmisteet, NuvaRing ei sovi yli 35-vuotiaille tupakoitsijoille tai henkil\u00f6ille, joilla on historia tiettyjen syd\u00e4n- ja verisuonisairauksien kanssa.<\/p>\n","protected":false},"excerpt":{"rendered":"<ul>\n<li>K\u00e4tev\u00e4t kuukausittaiset ehk\u00e4isyvaihtoehdot<\/li>\n<li>Eritt\u00e4in tehokas raskauden ehk\u00e4isy<\/li>\n<li>S\u00e4\u00e4telee ja kevent\u00e4\u00e4 kuukautiskiertoja<\/li>\n<\/ul>\n","protected":false},"featured_media":868,"comment_status":"open","ping_status":"closed","template":"","meta":[],"product_brand":[],"product_cat":[78],"product_tag":[],"expert":[18],"class_list":{"0":"post-866","1":"product","2":"type-product","3":"status-publish","4":"has-post-thumbnail","6":"product_cat-ehkaisysormus","7":"expert-dr-g-varbanov","9":"first","10":"instock","11":"shipping-taxable","12":"product-type-variable"},"yoast_head":"<!-- This site is optimized with the Yoast SEO plugin v27.0 - https:\/\/yoast.com\/product\/yoast-seo-wordpress\/ -->\n<title>NuvaRing | Luotettava hormonaalinen ehk\u00e4isy - Transtoyou<\/title>\n<meta name=\"description\" content=\"NuvaRing, saatavilla Transtoyou, tarjoaa luotettavaa ehk\u00e4isy\u00e4 kolminkertaisella suojalla. Osta nyt tehokasta hormonaalista ehk\u00e4isy\u00e4!\" \/>\n<meta name=\"robots\" content=\"noindex, follow, max-snippet:-1, max-image-preview:large, max-video-preview:-1\" \/>\n<meta property=\"og:locale\" content=\"fi_FI\" \/>\n<meta property=\"og:type\" content=\"article\" \/>\n<meta property=\"og:title\" content=\"NuvaRing | Luotettava hormonaalinen ehk\u00e4isy - Transtoyou\" \/>\n<meta property=\"og:description\" content=\"NuvaRing, saatavilla Transtoyou, tarjoaa luotettavaa ehk\u00e4isy\u00e4 kolminkertaisella suojalla. Osta nyt tehokasta hormonaalista ehk\u00e4isy\u00e4!\" \/>\n<meta property=\"og:url\" content=\"https:\/\/www.transtoyou.com\/fi\/product\/nuvaring\/\" \/>\n<meta property=\"og:site_name\" content=\"Transtoyou - FI\" \/>\n<meta property=\"article:modified_time\" content=\"2026-02-28T11:48:18+00:00\" \/>\n<meta name=\"twitter:card\" content=\"summary_large_image\" \/>\n<meta name=\"twitter:label1\" content=\"Arvioitu lukuaika\" \/>\n\t<meta name=\"twitter:data1\" content=\"1 minuutti\" \/>\n<script type=\"application\/ld+json\" class=\"yoast-schema-graph\">{\"@context\":\"https:\/\/schema.org\",\"@graph\":[{\"@type\":\"WebPage\",\"@id\":\"https:\/\/www.transtoyou.com\/fi\/product\/nuvaring\/\",\"url\":\"https:\/\/www.transtoyou.com\/fi\/product\/nuvaring\/\",\"name\":\"NuvaRing | Luotettava hormonaalinen ehk\u00e4isy - Transtoyou\",\"isPartOf\":{\"@id\":\"https:\/\/www.transtoyou.com\/fi\/#website\"},\"primaryImageOfPage\":{\"@id\":\"https:\/\/www.transtoyou.com\/fi\/product\/nuvaring\/#primaryimage\"},\"image\":{\"@id\":\"https:\/\/www.transtoyou.com\/fi\/product\/nuvaring\/#primaryimage\"},\"thumbnailUrl\":\"https:\/\/www.transtoyou.com\/fi\/wp-content\/uploads\/sites\/16\/2026\/01\/tty-no-product-image-131.webp\",\"datePublished\":\"2026-01-25T01:39:41+00:00\",\"dateModified\":\"2026-02-28T11:48:18+00:00\",\"description\":\"NuvaRing, saatavilla Transtoyou, tarjoaa luotettavaa ehk\u00e4isy\u00e4 kolminkertaisella suojalla. Osta nyt tehokasta hormonaalista ehk\u00e4isy\u00e4!\",\"breadcrumb\":{\"@id\":\"https:\/\/www.transtoyou.com\/fi\/product\/nuvaring\/#breadcrumb\"},\"inLanguage\":\"fi\",\"potentialAction\":[{\"@type\":\"ReadAction\",\"target\":[\"https:\/\/www.transtoyou.com\/fi\/product\/nuvaring\/\"]}]},{\"@type\":\"ImageObject\",\"inLanguage\":\"fi\",\"@id\":\"https:\/\/www.transtoyou.com\/fi\/product\/nuvaring\/#primaryimage\",\"url\":\"https:\/\/www.transtoyou.com\/fi\/wp-content\/uploads\/sites\/16\/2026\/01\/tty-no-product-image-131.webp\",\"contentUrl\":\"https:\/\/www.transtoyou.com\/fi\/wp-content\/uploads\/sites\/16\/2026\/01\/tty-no-product-image-131.webp\",\"width\":1000,\"height\":1000,\"caption\":\"Oletusarvoinen tuotekuva\"},{\"@type\":\"WebSite\",\"@id\":\"https:\/\/www.transtoyou.com\/fi\/#website\",\"url\":\"https:\/\/www.transtoyou.com\/fi\/\",\"name\":\"Transtoyou - FI\",\"description\":\"\",\"publisher\":{\"@id\":\"https:\/\/www.transtoyou.com\/fi\/#organization\"},\"potentialAction\":[{\"@type\":\"SearchAction\",\"target\":{\"@type\":\"EntryPoint\",\"urlTemplate\":\"https:\/\/www.transtoyou.com\/fi\/?s={search_term_string}\"},\"query-input\":{\"@type\":\"PropertyValueSpecification\",\"valueRequired\":true,\"valueName\":\"search_term_string\"}}],\"inLanguage\":\"fi\"},{\"@type\":\"Organization\",\"@id\":\"https:\/\/www.transtoyou.com\/fi\/#organization\",\"name\":\"Transtoyou - FI\",\"url\":\"https:\/\/www.transtoyou.com\/fi\/\",\"logo\":{\"@type\":\"ImageObject\",\"inLanguage\":\"fi\",\"@id\":\"https:\/\/www.transtoyou.com\/fi\/#\/schema\/logo\/image\/\",\"url\":\"https:\/\/www.transtoyou.com\/fi\/wp-content\/uploads\/sites\/16\/2026\/01\/logo-tty-menu-bar-300x87-1.webp\",\"contentUrl\":\"https:\/\/www.transtoyou.com\/fi\/wp-content\/uploads\/sites\/16\/2026\/01\/logo-tty-menu-bar-300x87-1.webp\",\"width\":300,\"height\":87,\"caption\":\"Transtoyou - FI\"},\"image\":{\"@id\":\"https:\/\/www.transtoyou.com\/fi\/#\/schema\/logo\/image\/\"}}]}<\/script>\n<!-- \/ Yoast SEO plugin. -->","yoast_head_json":{"title":"NuvaRing | Luotettava hormonaalinen ehk\u00e4isy - Transtoyou","description":"NuvaRing, saatavilla Transtoyou, tarjoaa luotettavaa ehk\u00e4isy\u00e4 kolminkertaisella suojalla. Osta nyt tehokasta hormonaalista ehk\u00e4isy\u00e4!","robots":{"index":"noindex","follow":"follow","max-snippet":"max-snippet:-1","max-image-preview":"max-image-preview:large","max-video-preview":"max-video-preview:-1"},"og_locale":"fi_FI","og_type":"article","og_title":"NuvaRing | Luotettava hormonaalinen ehk\u00e4isy - Transtoyou","og_description":"NuvaRing, saatavilla Transtoyou, tarjoaa luotettavaa ehk\u00e4isy\u00e4 kolminkertaisella suojalla. Osta nyt tehokasta hormonaalista ehk\u00e4isy\u00e4!","og_url":"https:\/\/www.transtoyou.com\/fi\/product\/nuvaring\/","og_site_name":"Transtoyou - FI","article_modified_time":"2026-02-28T11:48:18+00:00","twitter_card":"summary_large_image","twitter_misc":{"Arvioitu lukuaika":"1 minuutti"},"schema":{"@context":"https:\/\/schema.org","@graph":[{"@type":"WebPage","@id":"https:\/\/www.transtoyou.com\/fi\/product\/nuvaring\/","url":"https:\/\/www.transtoyou.com\/fi\/product\/nuvaring\/","name":"NuvaRing | Luotettava hormonaalinen ehk\u00e4isy - Transtoyou","isPartOf":{"@id":"https:\/\/www.transtoyou.com\/fi\/#website"},"primaryImageOfPage":{"@id":"https:\/\/www.transtoyou.com\/fi\/product\/nuvaring\/#primaryimage"},"image":{"@id":"https:\/\/www.transtoyou.com\/fi\/product\/nuvaring\/#primaryimage"},"thumbnailUrl":"https:\/\/www.transtoyou.com\/fi\/wp-content\/uploads\/sites\/16\/2026\/01\/tty-no-product-image-131.webp","datePublished":"2026-01-25T01:39:41+00:00","dateModified":"2026-02-28T11:48:18+00:00","description":"NuvaRing, saatavilla Transtoyou, tarjoaa luotettavaa ehk\u00e4isy\u00e4 kolminkertaisella suojalla. Osta nyt tehokasta hormonaalista ehk\u00e4isy\u00e4!","breadcrumb":{"@id":"https:\/\/www.transtoyou.com\/fi\/product\/nuvaring\/#breadcrumb"},"inLanguage":"fi","potentialAction":[{"@type":"ReadAction","target":["https:\/\/www.transtoyou.com\/fi\/product\/nuvaring\/"]}]},{"@type":"ImageObject","inLanguage":"fi","@id":"https:\/\/www.transtoyou.com\/fi\/product\/nuvaring\/#primaryimage","url":"https:\/\/www.transtoyou.com\/fi\/wp-content\/uploads\/sites\/16\/2026\/01\/tty-no-product-image-131.webp","contentUrl":"https:\/\/www.transtoyou.com\/fi\/wp-content\/uploads\/sites\/16\/2026\/01\/tty-no-product-image-131.webp","width":1000,"height":1000,"caption":"Oletusarvoinen tuotekuva"},{"@type":"WebSite","@id":"https:\/\/www.transtoyou.com\/fi\/#website","url":"https:\/\/www.transtoyou.com\/fi\/","name":"Transtoyou - FI","description":"","publisher":{"@id":"https:\/\/www.transtoyou.com\/fi\/#organization"},"potentialAction":[{"@type":"SearchAction","target":{"@type":"EntryPoint","urlTemplate":"https:\/\/www.transtoyou.com\/fi\/?s={search_term_string}"},"query-input":{"@type":"PropertyValueSpecification","valueRequired":true,"valueName":"search_term_string"}}],"inLanguage":"fi"},{"@type":"Organization","@id":"https:\/\/www.transtoyou.com\/fi\/#organization","name":"Transtoyou - FI","url":"https:\/\/www.transtoyou.com\/fi\/","logo":{"@type":"ImageObject","inLanguage":"fi","@id":"https:\/\/www.transtoyou.com\/fi\/#\/schema\/logo\/image\/","url":"https:\/\/www.transtoyou.com\/fi\/wp-content\/uploads\/sites\/16\/2026\/01\/logo-tty-menu-bar-300x87-1.webp","contentUrl":"https:\/\/www.transtoyou.com\/fi\/wp-content\/uploads\/sites\/16\/2026\/01\/logo-tty-menu-bar-300x87-1.webp","width":300,"height":87,"caption":"Transtoyou - FI"},"image":{"@id":"https:\/\/www.transtoyou.com\/fi\/#\/schema\/logo\/image\/"}}]}},"_links":{"self":[{"href":"https:\/\/www.transtoyou.com\/fi\/wp-json\/wp\/v2\/product\/866","targetHints":{"allow":["GET"]}}],"collection":[{"href":"https:\/\/www.transtoyou.com\/fi\/wp-json\/wp\/v2\/product"}],"about":[{"href":"https:\/\/www.transtoyou.com\/fi\/wp-json\/wp\/v2\/types\/product"}],"replies":[{"embeddable":true,"href":"https:\/\/www.transtoyou.com\/fi\/wp-json\/wp\/v2\/comments?post=866"}],"wp:featuredmedia":[{"embeddable":true,"href":"https:\/\/www.transtoyou.com\/fi\/wp-json\/wp\/v2\/media\/868"}],"wp:attachment":[{"href":"https:\/\/www.transtoyou.com\/fi\/wp-json\/wp\/v2\/media?parent=866"}],"wp:term":[{"taxonomy":"product_brand","embeddable":true,"href":"https:\/\/www.transtoyou.com\/fi\/wp-json\/wp\/v2\/product_brand?post=866"},{"taxonomy":"product_cat","embeddable":true,"href":"https:\/\/www.transtoyou.com\/fi\/wp-json\/wp\/v2\/product_cat?post=866"},{"taxonomy":"product_tag","embeddable":true,"href":"https:\/\/www.transtoyou.com\/fi\/wp-json\/wp\/v2\/product_tag?post=866"},{"taxonomy":"expert","embeddable":true,"href":"https:\/\/www.transtoyou.com\/fi\/wp-json\/wp\/v2\/expert?post=866"}],"curies":[{"name":"wp","href":"https:\/\/api.w.org\/{rel}","templated":true}]}}