{"id":881,"date":"2026-01-25T03:00:03","date_gmt":"2026-01-25T03:00:03","guid":{"rendered":"https:\/\/www.transtoyou.com\/fi\/product\/rosuvastatin\/"},"modified":"2026-03-03T13:22:09","modified_gmt":"2026-03-03T13:22:09","slug":"rosuvastatiini","status":"publish","type":"product","link":"https:\/\/www.transtoyou.com\/fi\/product\/rosuvastatiini\/","title":{"rendered":"Rosuvastatiini"},"content":{"rendered":"<p>Rosuvastatiini kuuluu statiini-l\u00e4\u00e4kkeiden luokkaan, ja se tunnetaan tehokkuudestaan haitallisen LDL-kolesterolin alentamisessa. Est\u00e4m\u00e4ll\u00e4 HMG-CoA-reduktaasi-entsyymi\u00e4 rosuvastatiini auttaa v\u00e4hent\u00e4m\u00e4\u00e4n kolesterolin tuotantoa maksassa, mik\u00e4 tukee terveempi\u00e4 lipidiprofiileja.<\/p>\n<p>Ajan my\u00f6t\u00e4 tehokas LDL:n v\u00e4hent\u00e4minen voi v\u00e4hent\u00e4\u00e4 plakin kertymist\u00e4 valtimoihin, mik\u00e4 auttaa syd\u00e4ninfarktien, aivohalvausten ja muiden syd\u00e4n- ja verisuonikomplikaatioiden ehk\u00e4isyss\u00e4. Jotkut henkil\u00f6t kokevat my\u00f6s pienen nousun eritt\u00e4in matalatiheyksisten lipoproteiinien (HDL), eli &#8221;hyv\u00e4n&#8221; kolesterolin, tasoissa, mik\u00e4 edist\u00e4\u00e4 yleist\u00e4 syd\u00e4n- ja verisuoniterveytt\u00e4.<\/p>\n<p>Kliiniset ohjeet suosittelevat usein rosuvastatiinia osana kattavaa hoitosuunnitelmaa, johon kuuluu v\u00e4h\u00e4rasvainen ruokavalio, s\u00e4\u00e4nn\u00f6llinen liikunta ja tarvittaessa painonhallinta. T\u00e4m\u00e4 monipuolinen l\u00e4hestymistapa maksimoi hy\u00f6dyt ja parantaa l\u00e4\u00e4kkeen kyky\u00e4 pit\u00e4\u00e4 veren lipidit tavoitealueilla.<\/p>\n<p>Rosuvastatiinia voidaan k\u00e4ytt\u00e4\u00e4 eri annostusohjelmissa riippuen kunkin potilaan riskiprofiilista, perus-LDL-tasoista ja mahdollisista l\u00e4\u00e4kkeiden yhteisvaikutuksista. Yleens\u00e4 hyvin siedetty, se voi joskus aiheuttaa lievi\u00e4 haittavaikutuksia, kuten lihas- tai nivelkipua.<\/p>\n<p>S\u00e4\u00e4nn\u00f6llinen seuranta on ratkaisevan t\u00e4rke\u00e4\u00e4, jotta hoito pysyy sek\u00e4 turvallisena ett\u00e4 tehokkaana. Terveydenhuollon tarjoajat saattavat m\u00e4\u00e4r\u00e4t\u00e4 m\u00e4\u00e4r\u00e4aikaisia verikokeita maksatoiminnan ja lipiditasojen tarkistamiseksi. Oikein k\u00e4ytettyn\u00e4 rosuvastatiini voi olla kulmakivi korkean kolesterolin hallinnassa, erityisesti niille, joilla on kohonnut syd\u00e4n- ja verisuoniriski.<\/p>\n<p>Kaiken kaikkiaan sen voimakas LDL:n alentava vaikutus yhdess\u00e4 suositeltujen el\u00e4m\u00e4ntapamuutosten kanssa auttaa merkitt\u00e4v\u00e4sti v\u00e4hent\u00e4m\u00e4\u00e4n ateroskleroottisen taudin taakkaa ja edist\u00e4m\u00e4\u00e4n pitk\u00e4aikaista syd\u00e4nterveytt\u00e4.<\/p>\n","protected":false},"excerpt":{"rendered":"<ul>\n<li>Tehokas LDL-kolesterolia alentava statiini<\/li>\n<li>Auttaa syd\u00e4n- ja verisuonitautien ehk\u00e4isyss\u00e4<\/li>\n<li>Tukee tervett\u00e4 kolesterolitasapainoa<\/li>\n<\/ul>\n","protected":false},"featured_media":883,"comment_status":"open","ping_status":"closed","template":"","meta":[],"product_brand":[],"product_cat":[73],"product_tag":[],"expert":[21],"class_list":{"0":"post-881","1":"product","2":"type-product","3":"status-publish","4":"has-post-thumbnail","6":"product_cat-kolesterolin-hallinta","7":"expert-dr-m-sharoyko","9":"first","10":"instock","11":"shipping-taxable","12":"product-type-variable"},"yoast_head":"<!-- This site is optimized with the Yoast SEO plugin v27.0 - https:\/\/yoast.com\/product\/yoast-seo-wordpress\/ -->\n<title>Rosuvastatiini | Alenna LDL:\u00e4\u00e4, paranna syd\u00e4nterveytt\u00e4 - Transtoyou<\/title>\n<meta name=\"description\" content=\"L\u00f6yd\u00e4 Rosuvastatiini LDL-kolesterolin alentamiseen ja syd\u00e4nterveyden tueksi. Saatavilla nyt Transtoyou:lt\u00e4!\" \/>\n<meta name=\"robots\" content=\"noindex, follow, max-snippet:-1, max-image-preview:large, max-video-preview:-1\" \/>\n<meta property=\"og:locale\" content=\"fi_FI\" \/>\n<meta property=\"og:type\" content=\"article\" \/>\n<meta property=\"og:title\" content=\"Rosuvastatiini | Alenna LDL:\u00e4\u00e4, paranna syd\u00e4nterveytt\u00e4 - Transtoyou\" \/>\n<meta property=\"og:description\" content=\"L\u00f6yd\u00e4 Rosuvastatiini LDL-kolesterolin alentamiseen ja syd\u00e4nterveyden tueksi. Saatavilla nyt Transtoyou:lt\u00e4!\" \/>\n<meta property=\"og:url\" content=\"https:\/\/www.transtoyou.com\/fi\/product\/rosuvastatin\/\" \/>\n<meta property=\"og:site_name\" content=\"Transtoyou - FI\" \/>\n<meta property=\"article:modified_time\" content=\"2026-03-03T13:22:09+00:00\" \/>\n<meta name=\"twitter:card\" content=\"summary_large_image\" \/>\n<meta name=\"twitter:label1\" content=\"Arvioitu lukuaika\" \/>\n\t<meta name=\"twitter:data1\" content=\"1 minuutti\" \/>\n<script type=\"application\/ld+json\" class=\"yoast-schema-graph\">{\"@context\":\"https:\/\/schema.org\",\"@graph\":[{\"@type\":\"WebPage\",\"@id\":\"https:\/\/www.transtoyou.com\/fi\/product\/rosuvastatin\/\",\"url\":\"https:\/\/www.transtoyou.com\/fi\/product\/rosuvastatin\/\",\"name\":\"Rosuvastatiini | Alenna LDL:\u00e4\u00e4, paranna syd\u00e4nterveytt\u00e4 - Transtoyou\",\"isPartOf\":{\"@id\":\"https:\/\/www.transtoyou.com\/fi\/#website\"},\"primaryImageOfPage\":{\"@id\":\"https:\/\/www.transtoyou.com\/fi\/product\/rosuvastatin\/#primaryimage\"},\"image\":{\"@id\":\"https:\/\/www.transtoyou.com\/fi\/product\/rosuvastatin\/#primaryimage\"},\"thumbnailUrl\":\"https:\/\/www.transtoyou.com\/fi\/wp-content\/uploads\/sites\/16\/2026\/01\/tty-no-product-image-136.webp\",\"datePublished\":\"2026-01-25T03:00:03+00:00\",\"dateModified\":\"2026-03-03T13:22:09+00:00\",\"description\":\"L\u00f6yd\u00e4 Rosuvastatiini LDL-kolesterolin alentamiseen ja syd\u00e4nterveyden tueksi. Saatavilla nyt Transtoyou:lt\u00e4!\",\"breadcrumb\":{\"@id\":\"https:\/\/www.transtoyou.com\/fi\/product\/rosuvastatin\/#breadcrumb\"},\"inLanguage\":\"fi\",\"potentialAction\":[{\"@type\":\"ReadAction\",\"target\":[\"https:\/\/www.transtoyou.com\/fi\/product\/rosuvastatin\/\"]}]},{\"@type\":\"ImageObject\",\"inLanguage\":\"fi\",\"@id\":\"https:\/\/www.transtoyou.com\/fi\/product\/rosuvastatin\/#primaryimage\",\"url\":\"https:\/\/www.transtoyou.com\/fi\/wp-content\/uploads\/sites\/16\/2026\/01\/tty-no-product-image-136.webp\",\"contentUrl\":\"https:\/\/www.transtoyou.com\/fi\/wp-content\/uploads\/sites\/16\/2026\/01\/tty-no-product-image-136.webp\",\"width\":1000,\"height\":1000,\"caption\":\"Oletusarvoinen tuotekuva\"},{\"@type\":\"WebSite\",\"@id\":\"https:\/\/www.transtoyou.com\/fi\/#website\",\"url\":\"https:\/\/www.transtoyou.com\/fi\/\",\"name\":\"Transtoyou - FI\",\"description\":\"\",\"publisher\":{\"@id\":\"https:\/\/www.transtoyou.com\/fi\/#organization\"},\"potentialAction\":[{\"@type\":\"SearchAction\",\"target\":{\"@type\":\"EntryPoint\",\"urlTemplate\":\"https:\/\/www.transtoyou.com\/fi\/?s={search_term_string}\"},\"query-input\":{\"@type\":\"PropertyValueSpecification\",\"valueRequired\":true,\"valueName\":\"search_term_string\"}}],\"inLanguage\":\"fi\"},{\"@type\":\"Organization\",\"@id\":\"https:\/\/www.transtoyou.com\/fi\/#organization\",\"name\":\"Transtoyou - FI\",\"url\":\"https:\/\/www.transtoyou.com\/fi\/\",\"logo\":{\"@type\":\"ImageObject\",\"inLanguage\":\"fi\",\"@id\":\"https:\/\/www.transtoyou.com\/fi\/#\/schema\/logo\/image\/\",\"url\":\"https:\/\/www.transtoyou.com\/fi\/wp-content\/uploads\/sites\/16\/2026\/01\/logo-tty-menu-bar-300x87-1.webp\",\"contentUrl\":\"https:\/\/www.transtoyou.com\/fi\/wp-content\/uploads\/sites\/16\/2026\/01\/logo-tty-menu-bar-300x87-1.webp\",\"width\":300,\"height\":87,\"caption\":\"Transtoyou - FI\"},\"image\":{\"@id\":\"https:\/\/www.transtoyou.com\/fi\/#\/schema\/logo\/image\/\"}}]}<\/script>\n<!-- \/ Yoast SEO plugin. -->","yoast_head_json":{"title":"Rosuvastatiini | Alenna LDL:\u00e4\u00e4, paranna syd\u00e4nterveytt\u00e4 - Transtoyou","description":"L\u00f6yd\u00e4 Rosuvastatiini LDL-kolesterolin alentamiseen ja syd\u00e4nterveyden tueksi. Saatavilla nyt Transtoyou:lt\u00e4!","robots":{"index":"noindex","follow":"follow","max-snippet":"max-snippet:-1","max-image-preview":"max-image-preview:large","max-video-preview":"max-video-preview:-1"},"og_locale":"fi_FI","og_type":"article","og_title":"Rosuvastatiini | Alenna LDL:\u00e4\u00e4, paranna syd\u00e4nterveytt\u00e4 - Transtoyou","og_description":"L\u00f6yd\u00e4 Rosuvastatiini LDL-kolesterolin alentamiseen ja syd\u00e4nterveyden tueksi. Saatavilla nyt Transtoyou:lt\u00e4!","og_url":"https:\/\/www.transtoyou.com\/fi\/product\/rosuvastatin\/","og_site_name":"Transtoyou - FI","article_modified_time":"2026-03-03T13:22:09+00:00","twitter_card":"summary_large_image","twitter_misc":{"Arvioitu lukuaika":"1 minuutti"},"schema":{"@context":"https:\/\/schema.org","@graph":[{"@type":"WebPage","@id":"https:\/\/www.transtoyou.com\/fi\/product\/rosuvastatin\/","url":"https:\/\/www.transtoyou.com\/fi\/product\/rosuvastatin\/","name":"Rosuvastatiini | Alenna LDL:\u00e4\u00e4, paranna syd\u00e4nterveytt\u00e4 - Transtoyou","isPartOf":{"@id":"https:\/\/www.transtoyou.com\/fi\/#website"},"primaryImageOfPage":{"@id":"https:\/\/www.transtoyou.com\/fi\/product\/rosuvastatin\/#primaryimage"},"image":{"@id":"https:\/\/www.transtoyou.com\/fi\/product\/rosuvastatin\/#primaryimage"},"thumbnailUrl":"https:\/\/www.transtoyou.com\/fi\/wp-content\/uploads\/sites\/16\/2026\/01\/tty-no-product-image-136.webp","datePublished":"2026-01-25T03:00:03+00:00","dateModified":"2026-03-03T13:22:09+00:00","description":"L\u00f6yd\u00e4 Rosuvastatiini LDL-kolesterolin alentamiseen ja syd\u00e4nterveyden tueksi. Saatavilla nyt Transtoyou:lt\u00e4!","breadcrumb":{"@id":"https:\/\/www.transtoyou.com\/fi\/product\/rosuvastatin\/#breadcrumb"},"inLanguage":"fi","potentialAction":[{"@type":"ReadAction","target":["https:\/\/www.transtoyou.com\/fi\/product\/rosuvastatin\/"]}]},{"@type":"ImageObject","inLanguage":"fi","@id":"https:\/\/www.transtoyou.com\/fi\/product\/rosuvastatin\/#primaryimage","url":"https:\/\/www.transtoyou.com\/fi\/wp-content\/uploads\/sites\/16\/2026\/01\/tty-no-product-image-136.webp","contentUrl":"https:\/\/www.transtoyou.com\/fi\/wp-content\/uploads\/sites\/16\/2026\/01\/tty-no-product-image-136.webp","width":1000,"height":1000,"caption":"Oletusarvoinen tuotekuva"},{"@type":"WebSite","@id":"https:\/\/www.transtoyou.com\/fi\/#website","url":"https:\/\/www.transtoyou.com\/fi\/","name":"Transtoyou - FI","description":"","publisher":{"@id":"https:\/\/www.transtoyou.com\/fi\/#organization"},"potentialAction":[{"@type":"SearchAction","target":{"@type":"EntryPoint","urlTemplate":"https:\/\/www.transtoyou.com\/fi\/?s={search_term_string}"},"query-input":{"@type":"PropertyValueSpecification","valueRequired":true,"valueName":"search_term_string"}}],"inLanguage":"fi"},{"@type":"Organization","@id":"https:\/\/www.transtoyou.com\/fi\/#organization","name":"Transtoyou - FI","url":"https:\/\/www.transtoyou.com\/fi\/","logo":{"@type":"ImageObject","inLanguage":"fi","@id":"https:\/\/www.transtoyou.com\/fi\/#\/schema\/logo\/image\/","url":"https:\/\/www.transtoyou.com\/fi\/wp-content\/uploads\/sites\/16\/2026\/01\/logo-tty-menu-bar-300x87-1.webp","contentUrl":"https:\/\/www.transtoyou.com\/fi\/wp-content\/uploads\/sites\/16\/2026\/01\/logo-tty-menu-bar-300x87-1.webp","width":300,"height":87,"caption":"Transtoyou - FI"},"image":{"@id":"https:\/\/www.transtoyou.com\/fi\/#\/schema\/logo\/image\/"}}]}},"_links":{"self":[{"href":"https:\/\/www.transtoyou.com\/fi\/wp-json\/wp\/v2\/product\/881","targetHints":{"allow":["GET"]}}],"collection":[{"href":"https:\/\/www.transtoyou.com\/fi\/wp-json\/wp\/v2\/product"}],"about":[{"href":"https:\/\/www.transtoyou.com\/fi\/wp-json\/wp\/v2\/types\/product"}],"replies":[{"embeddable":true,"href":"https:\/\/www.transtoyou.com\/fi\/wp-json\/wp\/v2\/comments?post=881"}],"wp:featuredmedia":[{"embeddable":true,"href":"https:\/\/www.transtoyou.com\/fi\/wp-json\/wp\/v2\/media\/883"}],"wp:attachment":[{"href":"https:\/\/www.transtoyou.com\/fi\/wp-json\/wp\/v2\/media?parent=881"}],"wp:term":[{"taxonomy":"product_brand","embeddable":true,"href":"https:\/\/www.transtoyou.com\/fi\/wp-json\/wp\/v2\/product_brand?post=881"},{"taxonomy":"product_cat","embeddable":true,"href":"https:\/\/www.transtoyou.com\/fi\/wp-json\/wp\/v2\/product_cat?post=881"},{"taxonomy":"product_tag","embeddable":true,"href":"https:\/\/www.transtoyou.com\/fi\/wp-json\/wp\/v2\/product_tag?post=881"},{"taxonomy":"expert","embeddable":true,"href":"https:\/\/www.transtoyou.com\/fi\/wp-json\/wp\/v2\/expert?post=881"}],"curies":[{"name":"wp","href":"https:\/\/api.w.org\/{rel}","templated":true}]}}