{"id":887,"date":"2026-01-25T03:34:31","date_gmt":"2026-01-25T03:34:31","guid":{"rendered":"https:\/\/www.transtoyou.com\/fi\/product\/nystan\/"},"modified":"2026-02-28T11:39:30","modified_gmt":"2026-02-28T11:39:30","slug":"nystatiini","status":"publish","type":"product","link":"https:\/\/www.transtoyou.com\/fi\/product\/nystatiini\/","title":{"rendered":"Nystan"},"content":{"rendered":"<p>Nystan, joka sis\u00e4lt\u00e4\u00e4 vaikuttavana aineena nystatiinia, on sienil\u00e4\u00e4kitys, jota k\u00e4ytet\u00e4\u00e4n Candida-tyypin aiheuttamien infektioiden hoitoon. Candida on hiiva, joka vaikuttaa yleisesti ihoon ja limakalvoihin. Se on erityisen tehokas paikallisten sienitulehdusten, kuten suun hiivatulehduksen, suoliston kandidiaasin ja em\u00e4ttimen hiivatulehdusten, hallinnassa.<\/p>\n<p>Nystatin toimii sitoutumalla hiivan solukalvoon, luoden reiki\u00e4, joiden kautta solun sis\u00e4lt\u00f6 p\u00e4\u00e4see vuotamaan ulos. T\u00e4m\u00e4 kohdennettu vaikutus tappaa sienen ja est\u00e4\u00e4 sen kasvun, jolloin vaurioituneet kudokset voivat parantua ja oireet h\u00e4ipy\u00e4. Koska se vaikuttaa vain alueella, jolle se on levitetty tai nautittu, nystatiinia pidet\u00e4\u00e4n paikallisena hoitona, eik\u00e4 sit\u00e4 imeydy merkitt\u00e4v\u00e4sti verenkiertoon.<\/p>\n<p>Em\u00e4tintulehduksissa Nystania k\u00e4ytet\u00e4\u00e4n kutinan, \u00e4rsytyksen ja ep\u00e4normaalin eritteiden lievitt\u00e4miseen, jotka liittyv\u00e4t em\u00e4ttimen hiivatulehdukseen.<\/p>\n<p>Nystatinia k\u00e4ytet\u00e4\u00e4n my\u00f6s suun suspensiossa tai pastilleissa suun Candida-infektioiden (hiivatulehdus) hoitoon, erityisesti potilailla, jotka k\u00e4ytt\u00e4v\u00e4t inhalaattoreita, k\u00e4ytt\u00e4v\u00e4t proteeseja tai joilla on heikentynyt immuunij\u00e4rjestelm\u00e4. Kun sit\u00e4 m\u00e4\u00e4r\u00e4t\u00e4\u00e4n suoliston kandidiaasiin, se auttaa hallitsemaan hiivan liikakasvua ruoansulatuskanavassa.<\/p>\n<p>Nystan on yleens\u00e4 hyvin siedetty, haittavaikutukset ovat harvinaisia, mutta niihin voi kuulua liev\u00e4\u00e4 ruoansulatuskanavan ep\u00e4mukavuutta tai paikallista \u00e4rsytyst\u00e4.<\/p>\n","protected":false},"excerpt":{"rendered":"<ul>\n<li>Kohdistuu paikalliseen Candida-yliaktiivisuuteen<\/li>\n<li>Hell\u00e4varainen, ei-j\u00e4rjestelm\u00e4llinen sienil\u00e4\u00e4kitys<\/li>\n<li>Helpottaa suun limakalvon tulehduksia ja hiivatulehduksia<\/li>\n<\/ul>\n","protected":false},"featured_media":889,"comment_status":"open","ping_status":"closed","template":"","meta":[],"product_brand":[],"product_cat":[70,155],"product_tag":[],"expert":[16],"class_list":{"0":"post-887","1":"product","2":"type-product","3":"status-publish","4":"has-post-thumbnail","6":"product_cat-kandida","7":"product_cat-vaginaaliset-infektiot-antifungaalit","8":"expert-dr-c-alexandru","10":"first","11":"instock","12":"shipping-taxable","13":"product-type-variable"},"yoast_head":"<!-- This site is optimized with the Yoast SEO plugin v27.0 - https:\/\/yoast.com\/product\/yoast-seo-wordpress\/ -->\n<title>Nystan | Tehokas sienil\u00e4\u00e4kitys - Transtoyou<\/title>\n<meta name=\"description\" content=\"Nystan hoitaa Candida-infektiot, kuten suun ja em\u00e4ttimen hiivatulehduksen. Osta tehokasta helpotusta ja paikallista hoitoa Transtoyousta.\" \/>\n<meta name=\"robots\" content=\"noindex, follow, max-snippet:-1, max-image-preview:large, max-video-preview:-1\" \/>\n<meta property=\"og:locale\" content=\"fi_FI\" \/>\n<meta property=\"og:type\" content=\"article\" \/>\n<meta property=\"og:title\" content=\"Nystan | Tehokas sienil\u00e4\u00e4kitys - Transtoyou\" \/>\n<meta property=\"og:description\" content=\"Nystan hoitaa Candida-infektiot, kuten suun ja em\u00e4ttimen hiivatulehduksen. Osta tehokasta helpotusta ja paikallista hoitoa Transtoyousta.\" \/>\n<meta property=\"og:url\" content=\"https:\/\/www.transtoyou.com\/fi\/product\/nystan\/\" \/>\n<meta property=\"og:site_name\" content=\"Transtoyou - FI\" \/>\n<meta property=\"article:modified_time\" content=\"2026-02-28T11:39:30+00:00\" \/>\n<meta name=\"twitter:card\" content=\"summary_large_image\" \/>\n<meta name=\"twitter:label1\" content=\"Arvioitu lukuaika\" \/>\n\t<meta name=\"twitter:data1\" content=\"1 minuutti\" \/>\n<script type=\"application\/ld+json\" class=\"yoast-schema-graph\">{\"@context\":\"https:\/\/schema.org\",\"@graph\":[{\"@type\":\"WebPage\",\"@id\":\"https:\/\/www.transtoyou.com\/fi\/product\/nystan\/\",\"url\":\"https:\/\/www.transtoyou.com\/fi\/product\/nystan\/\",\"name\":\"Nystan | Tehokas sienil\u00e4\u00e4kitys - Transtoyou\",\"isPartOf\":{\"@id\":\"https:\/\/www.transtoyou.com\/fi\/#website\"},\"primaryImageOfPage\":{\"@id\":\"https:\/\/www.transtoyou.com\/fi\/product\/nystan\/#primaryimage\"},\"image\":{\"@id\":\"https:\/\/www.transtoyou.com\/fi\/product\/nystan\/#primaryimage\"},\"thumbnailUrl\":\"https:\/\/www.transtoyou.com\/fi\/wp-content\/uploads\/sites\/16\/2026\/01\/tty-no-product-image-138.webp\",\"datePublished\":\"2026-01-25T03:34:31+00:00\",\"dateModified\":\"2026-02-28T11:39:30+00:00\",\"description\":\"Nystan hoitaa Candida-infektiot, kuten suun ja em\u00e4ttimen hiivatulehduksen. Osta tehokasta helpotusta ja paikallista hoitoa Transtoyousta.\",\"breadcrumb\":{\"@id\":\"https:\/\/www.transtoyou.com\/fi\/product\/nystan\/#breadcrumb\"},\"inLanguage\":\"fi\",\"potentialAction\":[{\"@type\":\"ReadAction\",\"target\":[\"https:\/\/www.transtoyou.com\/fi\/product\/nystan\/\"]}]},{\"@type\":\"ImageObject\",\"inLanguage\":\"fi\",\"@id\":\"https:\/\/www.transtoyou.com\/fi\/product\/nystan\/#primaryimage\",\"url\":\"https:\/\/www.transtoyou.com\/fi\/wp-content\/uploads\/sites\/16\/2026\/01\/tty-no-product-image-138.webp\",\"contentUrl\":\"https:\/\/www.transtoyou.com\/fi\/wp-content\/uploads\/sites\/16\/2026\/01\/tty-no-product-image-138.webp\",\"width\":1000,\"height\":1000,\"caption\":\"Oletusarvoinen tuotekuva\"},{\"@type\":\"WebSite\",\"@id\":\"https:\/\/www.transtoyou.com\/fi\/#website\",\"url\":\"https:\/\/www.transtoyou.com\/fi\/\",\"name\":\"Transtoyou - FI\",\"description\":\"\",\"publisher\":{\"@id\":\"https:\/\/www.transtoyou.com\/fi\/#organization\"},\"potentialAction\":[{\"@type\":\"SearchAction\",\"target\":{\"@type\":\"EntryPoint\",\"urlTemplate\":\"https:\/\/www.transtoyou.com\/fi\/?s={search_term_string}\"},\"query-input\":{\"@type\":\"PropertyValueSpecification\",\"valueRequired\":true,\"valueName\":\"search_term_string\"}}],\"inLanguage\":\"fi\"},{\"@type\":\"Organization\",\"@id\":\"https:\/\/www.transtoyou.com\/fi\/#organization\",\"name\":\"Transtoyou - FI\",\"url\":\"https:\/\/www.transtoyou.com\/fi\/\",\"logo\":{\"@type\":\"ImageObject\",\"inLanguage\":\"fi\",\"@id\":\"https:\/\/www.transtoyou.com\/fi\/#\/schema\/logo\/image\/\",\"url\":\"https:\/\/www.transtoyou.com\/fi\/wp-content\/uploads\/sites\/16\/2026\/01\/logo-tty-menu-bar-300x87-1.webp\",\"contentUrl\":\"https:\/\/www.transtoyou.com\/fi\/wp-content\/uploads\/sites\/16\/2026\/01\/logo-tty-menu-bar-300x87-1.webp\",\"width\":300,\"height\":87,\"caption\":\"Transtoyou - FI\"},\"image\":{\"@id\":\"https:\/\/www.transtoyou.com\/fi\/#\/schema\/logo\/image\/\"}}]}<\/script>\n<!-- \/ Yoast SEO plugin. -->","yoast_head_json":{"title":"Nystan | Tehokas sienil\u00e4\u00e4kitys - Transtoyou","description":"Nystan hoitaa Candida-infektiot, kuten suun ja em\u00e4ttimen hiivatulehduksen. Osta tehokasta helpotusta ja paikallista hoitoa Transtoyousta.","robots":{"index":"noindex","follow":"follow","max-snippet":"max-snippet:-1","max-image-preview":"max-image-preview:large","max-video-preview":"max-video-preview:-1"},"og_locale":"fi_FI","og_type":"article","og_title":"Nystan | Tehokas sienil\u00e4\u00e4kitys - Transtoyou","og_description":"Nystan hoitaa Candida-infektiot, kuten suun ja em\u00e4ttimen hiivatulehduksen. Osta tehokasta helpotusta ja paikallista hoitoa Transtoyousta.","og_url":"https:\/\/www.transtoyou.com\/fi\/product\/nystan\/","og_site_name":"Transtoyou - FI","article_modified_time":"2026-02-28T11:39:30+00:00","twitter_card":"summary_large_image","twitter_misc":{"Arvioitu lukuaika":"1 minuutti"},"schema":{"@context":"https:\/\/schema.org","@graph":[{"@type":"WebPage","@id":"https:\/\/www.transtoyou.com\/fi\/product\/nystan\/","url":"https:\/\/www.transtoyou.com\/fi\/product\/nystan\/","name":"Nystan | Tehokas sienil\u00e4\u00e4kitys - Transtoyou","isPartOf":{"@id":"https:\/\/www.transtoyou.com\/fi\/#website"},"primaryImageOfPage":{"@id":"https:\/\/www.transtoyou.com\/fi\/product\/nystan\/#primaryimage"},"image":{"@id":"https:\/\/www.transtoyou.com\/fi\/product\/nystan\/#primaryimage"},"thumbnailUrl":"https:\/\/www.transtoyou.com\/fi\/wp-content\/uploads\/sites\/16\/2026\/01\/tty-no-product-image-138.webp","datePublished":"2026-01-25T03:34:31+00:00","dateModified":"2026-02-28T11:39:30+00:00","description":"Nystan hoitaa Candida-infektiot, kuten suun ja em\u00e4ttimen hiivatulehduksen. Osta tehokasta helpotusta ja paikallista hoitoa Transtoyousta.","breadcrumb":{"@id":"https:\/\/www.transtoyou.com\/fi\/product\/nystan\/#breadcrumb"},"inLanguage":"fi","potentialAction":[{"@type":"ReadAction","target":["https:\/\/www.transtoyou.com\/fi\/product\/nystan\/"]}]},{"@type":"ImageObject","inLanguage":"fi","@id":"https:\/\/www.transtoyou.com\/fi\/product\/nystan\/#primaryimage","url":"https:\/\/www.transtoyou.com\/fi\/wp-content\/uploads\/sites\/16\/2026\/01\/tty-no-product-image-138.webp","contentUrl":"https:\/\/www.transtoyou.com\/fi\/wp-content\/uploads\/sites\/16\/2026\/01\/tty-no-product-image-138.webp","width":1000,"height":1000,"caption":"Oletusarvoinen tuotekuva"},{"@type":"WebSite","@id":"https:\/\/www.transtoyou.com\/fi\/#website","url":"https:\/\/www.transtoyou.com\/fi\/","name":"Transtoyou - FI","description":"","publisher":{"@id":"https:\/\/www.transtoyou.com\/fi\/#organization"},"potentialAction":[{"@type":"SearchAction","target":{"@type":"EntryPoint","urlTemplate":"https:\/\/www.transtoyou.com\/fi\/?s={search_term_string}"},"query-input":{"@type":"PropertyValueSpecification","valueRequired":true,"valueName":"search_term_string"}}],"inLanguage":"fi"},{"@type":"Organization","@id":"https:\/\/www.transtoyou.com\/fi\/#organization","name":"Transtoyou - FI","url":"https:\/\/www.transtoyou.com\/fi\/","logo":{"@type":"ImageObject","inLanguage":"fi","@id":"https:\/\/www.transtoyou.com\/fi\/#\/schema\/logo\/image\/","url":"https:\/\/www.transtoyou.com\/fi\/wp-content\/uploads\/sites\/16\/2026\/01\/logo-tty-menu-bar-300x87-1.webp","contentUrl":"https:\/\/www.transtoyou.com\/fi\/wp-content\/uploads\/sites\/16\/2026\/01\/logo-tty-menu-bar-300x87-1.webp","width":300,"height":87,"caption":"Transtoyou - FI"},"image":{"@id":"https:\/\/www.transtoyou.com\/fi\/#\/schema\/logo\/image\/"}}]}},"_links":{"self":[{"href":"https:\/\/www.transtoyou.com\/fi\/wp-json\/wp\/v2\/product\/887","targetHints":{"allow":["GET"]}}],"collection":[{"href":"https:\/\/www.transtoyou.com\/fi\/wp-json\/wp\/v2\/product"}],"about":[{"href":"https:\/\/www.transtoyou.com\/fi\/wp-json\/wp\/v2\/types\/product"}],"replies":[{"embeddable":true,"href":"https:\/\/www.transtoyou.com\/fi\/wp-json\/wp\/v2\/comments?post=887"}],"wp:featuredmedia":[{"embeddable":true,"href":"https:\/\/www.transtoyou.com\/fi\/wp-json\/wp\/v2\/media\/889"}],"wp:attachment":[{"href":"https:\/\/www.transtoyou.com\/fi\/wp-json\/wp\/v2\/media?parent=887"}],"wp:term":[{"taxonomy":"product_brand","embeddable":true,"href":"https:\/\/www.transtoyou.com\/fi\/wp-json\/wp\/v2\/product_brand?post=887"},{"taxonomy":"product_cat","embeddable":true,"href":"https:\/\/www.transtoyou.com\/fi\/wp-json\/wp\/v2\/product_cat?post=887"},{"taxonomy":"product_tag","embeddable":true,"href":"https:\/\/www.transtoyou.com\/fi\/wp-json\/wp\/v2\/product_tag?post=887"},{"taxonomy":"expert","embeddable":true,"href":"https:\/\/www.transtoyou.com\/fi\/wp-json\/wp\/v2\/expert?post=887"}],"curies":[{"name":"wp","href":"https:\/\/api.w.org\/{rel}","templated":true}]}}