{"id":893,"date":"2026-01-25T04:09:49","date_gmt":"2026-01-25T04:09:49","guid":{"rendered":"https:\/\/www.transtoyou.com\/fi\/product\/nitrofurantoin\/"},"modified":"2026-02-28T11:14:41","modified_gmt":"2026-02-28T11:14:41","slug":"nitrofurantoiini","status":"publish","type":"product","link":"https:\/\/www.transtoyou.com\/fi\/product\/nitrofurantoiini\/","title":{"rendered":"Nitrofurantoiini"},"content":{"rendered":"<p>Nitrofurantoiini on antibiootti, jota m\u00e4\u00e4r\u00e4t\u00e4\u00e4n yleisesti virtsatieinfektioiden (VTI) hoitoon ja ehk\u00e4isyyn, erityisesti rakkoon vaikuttavien infektioiden osalta. Se on erityisen tehokas bakteereita vastaan, jotka useimmiten aiheuttavat alhaisia virtsatieinfektioita, kuten Escherichia coli (E. coli), ja sit\u00e4 k\u00e4ytet\u00e4\u00e4n laajalti yksinkertaisessa kystiitiss\u00e4 naisilla.<\/p>\n<p>Nitrofurantoiini toimii p\u00e4\u00e4sem\u00e4ll\u00e4 virtsaan ja kohdistamalla bakteereihin virtsateiss\u00e4 suoraan. Se h\u00e4iritsee bakteerien aineenvaihduntaa ja vahingoittaa bakteerien DNA:ta, est\u00e4en infektion levi\u00e4misen ja mahdollistaen kehon puhdistuvan tehokkaammin. Koska l\u00e4\u00e4ke keskittyy virtsaan, se on erityisen sopiva alhaisiin virtsateihin rajoittuville infektioille.<\/p>\n<p>Sit\u00e4 otetaan tyypillisesti lyhyen\u00e4 tablettikuurina, yleens\u00e4 kolmen seitsem\u00e4n p\u00e4iv\u00e4n ajan. Joissakin tapauksissa nitrofurantoiinia voidaan my\u00f6s k\u00e4ytt\u00e4\u00e4 matalina annoksina pitk\u00e4aikaisena ehk\u00e4isytoimenpiteen\u00e4 henkil\u00f6ille, joilla on toistuvia VTI:it\u00e4.<\/p>\n<p>Oireet, kuten polttava tunne virtsatessa, tihe\u00e4 virtsaamistarve ja alavatsakipu, alkavat usein parantua muutaman p\u00e4iv\u00e4n kuluessa l\u00e4\u00e4kityksen aloittamisesta. T\u00e4ydellisen toipumisen varmistamiseksi ja vastustuskyvyn est\u00e4miseksi on t\u00e4rke\u00e4\u00e4 suorittaa m\u00e4\u00e4r\u00e4tty kuuri loppuun, vaikka oireet h\u00e4vi\u00e4isiv\u00e4t aikaisin.<\/p>\n<p>Nitrofurantoiini on yleisesti hyvin siedetty, ja liev\u00e4t haittavaikutukset, kuten pahoinvointi, p\u00e4\u00e4ns\u00e4rky tai virtsan v\u00e4rin muutokset, ovat yleisimpi\u00e4. Vakavat haittavaikutukset ovat harvinaisia, mutta voivat esiinty\u00e4 henkil\u00f6ill\u00e4, joilla on munuaisongelmia tai jotka k\u00e4ytt\u00e4v\u00e4t l\u00e4\u00e4kett\u00e4 pitk\u00e4\u00e4n.<\/p>\n<p>Se ei sovellu kaikille, erityisesti niille, joilla on heikentynyt munuaistoiminta tai raskauden my\u00f6hemmiss\u00e4 vaiheissa.<\/p>\n","protected":false},"excerpt":{"rendered":"<ul>\n<li>Tehokkaat virtsatieinfektioiden hoidot<\/li>\n<li>Alhainen vastustuskykyriski<\/li>\n<li>Tavoitteellinen vaikutus minimoiduilla haittavaikutuksilla<\/li>\n<\/ul>\n","protected":false},"featured_media":895,"comment_status":"open","ping_status":"closed","template":"","meta":[],"product_brand":[],"product_cat":[67],"product_tag":[],"expert":[18],"class_list":{"0":"post-893","1":"product","2":"type-product","3":"status-publish","4":"has-post-thumbnail","6":"product_cat-rakkotulehdukset-ja-virtsatietulehdukset","7":"expert-dr-g-varbanov","9":"first","10":"instock","11":"shipping-taxable","12":"product-type-variable"},"yoast_head":"<!-- This site is optimized with the Yoast SEO plugin v27.0 - https:\/\/yoast.com\/product\/yoast-seo-wordpress\/ -->\n<title>Nitrofurantoiini | Tehokas UTI-antibiootti - Transtoyou<\/title>\n<meta name=\"description\" content=\"L\u00f6yd\u00e4 Nitrofurantoiini tehokkaaseen virtsatieinfektion hoitoon. Kohdistuu suoraan bakteereihin. Saatavilla Transtoyousta nyt.\" \/>\n<meta name=\"robots\" content=\"noindex, follow, max-snippet:-1, max-image-preview:large, max-video-preview:-1\" \/>\n<meta property=\"og:locale\" content=\"fi_FI\" \/>\n<meta property=\"og:type\" content=\"article\" \/>\n<meta property=\"og:title\" content=\"Nitrofurantoiini | Tehokas UTI-antibiootti - Transtoyou\" \/>\n<meta property=\"og:description\" content=\"L\u00f6yd\u00e4 Nitrofurantoiini tehokkaaseen virtsatieinfektion hoitoon. Kohdistuu suoraan bakteereihin. Saatavilla Transtoyousta nyt.\" \/>\n<meta property=\"og:url\" content=\"https:\/\/www.transtoyou.com\/fi\/product\/nitrofurantoin\/\" \/>\n<meta property=\"og:site_name\" content=\"Transtoyou - FI\" \/>\n<meta property=\"article:modified_time\" content=\"2026-02-28T11:14:41+00:00\" \/>\n<meta name=\"twitter:card\" content=\"summary_large_image\" \/>\n<meta name=\"twitter:label1\" content=\"Arvioitu lukuaika\" \/>\n\t<meta name=\"twitter:data1\" content=\"1 minuutti\" \/>\n<script type=\"application\/ld+json\" class=\"yoast-schema-graph\">{\"@context\":\"https:\/\/schema.org\",\"@graph\":[{\"@type\":\"WebPage\",\"@id\":\"https:\/\/www.transtoyou.com\/fi\/product\/nitrofurantoin\/\",\"url\":\"https:\/\/www.transtoyou.com\/fi\/product\/nitrofurantoin\/\",\"name\":\"Nitrofurantoiini | Tehokas UTI-antibiootti - Transtoyou\",\"isPartOf\":{\"@id\":\"https:\/\/www.transtoyou.com\/fi\/#website\"},\"primaryImageOfPage\":{\"@id\":\"https:\/\/www.transtoyou.com\/fi\/product\/nitrofurantoin\/#primaryimage\"},\"image\":{\"@id\":\"https:\/\/www.transtoyou.com\/fi\/product\/nitrofurantoin\/#primaryimage\"},\"thumbnailUrl\":\"https:\/\/www.transtoyou.com\/fi\/wp-content\/uploads\/sites\/16\/2026\/01\/tty-no-product-image-140.webp\",\"datePublished\":\"2026-01-25T04:09:49+00:00\",\"dateModified\":\"2026-02-28T11:14:41+00:00\",\"description\":\"L\u00f6yd\u00e4 Nitrofurantoiini tehokkaaseen virtsatieinfektion hoitoon. Kohdistuu suoraan bakteereihin. Saatavilla Transtoyousta nyt.\",\"breadcrumb\":{\"@id\":\"https:\/\/www.transtoyou.com\/fi\/product\/nitrofurantoin\/#breadcrumb\"},\"inLanguage\":\"fi\",\"potentialAction\":[{\"@type\":\"ReadAction\",\"target\":[\"https:\/\/www.transtoyou.com\/fi\/product\/nitrofurantoin\/\"]}]},{\"@type\":\"ImageObject\",\"inLanguage\":\"fi\",\"@id\":\"https:\/\/www.transtoyou.com\/fi\/product\/nitrofurantoin\/#primaryimage\",\"url\":\"https:\/\/www.transtoyou.com\/fi\/wp-content\/uploads\/sites\/16\/2026\/01\/tty-no-product-image-140.webp\",\"contentUrl\":\"https:\/\/www.transtoyou.com\/fi\/wp-content\/uploads\/sites\/16\/2026\/01\/tty-no-product-image-140.webp\",\"width\":1000,\"height\":1000,\"caption\":\"Oletus tuotekuva\"},{\"@type\":\"WebSite\",\"@id\":\"https:\/\/www.transtoyou.com\/fi\/#website\",\"url\":\"https:\/\/www.transtoyou.com\/fi\/\",\"name\":\"Transtoyou - FI\",\"description\":\"\",\"publisher\":{\"@id\":\"https:\/\/www.transtoyou.com\/fi\/#organization\"},\"potentialAction\":[{\"@type\":\"SearchAction\",\"target\":{\"@type\":\"EntryPoint\",\"urlTemplate\":\"https:\/\/www.transtoyou.com\/fi\/?s={search_term_string}\"},\"query-input\":{\"@type\":\"PropertyValueSpecification\",\"valueRequired\":true,\"valueName\":\"search_term_string\"}}],\"inLanguage\":\"fi\"},{\"@type\":\"Organization\",\"@id\":\"https:\/\/www.transtoyou.com\/fi\/#organization\",\"name\":\"Transtoyou - FI\",\"url\":\"https:\/\/www.transtoyou.com\/fi\/\",\"logo\":{\"@type\":\"ImageObject\",\"inLanguage\":\"fi\",\"@id\":\"https:\/\/www.transtoyou.com\/fi\/#\/schema\/logo\/image\/\",\"url\":\"https:\/\/www.transtoyou.com\/fi\/wp-content\/uploads\/sites\/16\/2026\/01\/logo-tty-menu-bar-300x87-1.webp\",\"contentUrl\":\"https:\/\/www.transtoyou.com\/fi\/wp-content\/uploads\/sites\/16\/2026\/01\/logo-tty-menu-bar-300x87-1.webp\",\"width\":300,\"height\":87,\"caption\":\"Transtoyou - FI\"},\"image\":{\"@id\":\"https:\/\/www.transtoyou.com\/fi\/#\/schema\/logo\/image\/\"}}]}<\/script>\n<!-- \/ Yoast SEO plugin. -->","yoast_head_json":{"title":"Nitrofurantoiini | Tehokas UTI-antibiootti - Transtoyou","description":"L\u00f6yd\u00e4 Nitrofurantoiini tehokkaaseen virtsatieinfektion hoitoon. Kohdistuu suoraan bakteereihin. Saatavilla Transtoyousta nyt.","robots":{"index":"noindex","follow":"follow","max-snippet":"max-snippet:-1","max-image-preview":"max-image-preview:large","max-video-preview":"max-video-preview:-1"},"og_locale":"fi_FI","og_type":"article","og_title":"Nitrofurantoiini | Tehokas UTI-antibiootti - Transtoyou","og_description":"L\u00f6yd\u00e4 Nitrofurantoiini tehokkaaseen virtsatieinfektion hoitoon. Kohdistuu suoraan bakteereihin. Saatavilla Transtoyousta nyt.","og_url":"https:\/\/www.transtoyou.com\/fi\/product\/nitrofurantoin\/","og_site_name":"Transtoyou - FI","article_modified_time":"2026-02-28T11:14:41+00:00","twitter_card":"summary_large_image","twitter_misc":{"Arvioitu lukuaika":"1 minuutti"},"schema":{"@context":"https:\/\/schema.org","@graph":[{"@type":"WebPage","@id":"https:\/\/www.transtoyou.com\/fi\/product\/nitrofurantoin\/","url":"https:\/\/www.transtoyou.com\/fi\/product\/nitrofurantoin\/","name":"Nitrofurantoiini | Tehokas UTI-antibiootti - Transtoyou","isPartOf":{"@id":"https:\/\/www.transtoyou.com\/fi\/#website"},"primaryImageOfPage":{"@id":"https:\/\/www.transtoyou.com\/fi\/product\/nitrofurantoin\/#primaryimage"},"image":{"@id":"https:\/\/www.transtoyou.com\/fi\/product\/nitrofurantoin\/#primaryimage"},"thumbnailUrl":"https:\/\/www.transtoyou.com\/fi\/wp-content\/uploads\/sites\/16\/2026\/01\/tty-no-product-image-140.webp","datePublished":"2026-01-25T04:09:49+00:00","dateModified":"2026-02-28T11:14:41+00:00","description":"L\u00f6yd\u00e4 Nitrofurantoiini tehokkaaseen virtsatieinfektion hoitoon. Kohdistuu suoraan bakteereihin. Saatavilla Transtoyousta nyt.","breadcrumb":{"@id":"https:\/\/www.transtoyou.com\/fi\/product\/nitrofurantoin\/#breadcrumb"},"inLanguage":"fi","potentialAction":[{"@type":"ReadAction","target":["https:\/\/www.transtoyou.com\/fi\/product\/nitrofurantoin\/"]}]},{"@type":"ImageObject","inLanguage":"fi","@id":"https:\/\/www.transtoyou.com\/fi\/product\/nitrofurantoin\/#primaryimage","url":"https:\/\/www.transtoyou.com\/fi\/wp-content\/uploads\/sites\/16\/2026\/01\/tty-no-product-image-140.webp","contentUrl":"https:\/\/www.transtoyou.com\/fi\/wp-content\/uploads\/sites\/16\/2026\/01\/tty-no-product-image-140.webp","width":1000,"height":1000,"caption":"Oletus tuotekuva"},{"@type":"WebSite","@id":"https:\/\/www.transtoyou.com\/fi\/#website","url":"https:\/\/www.transtoyou.com\/fi\/","name":"Transtoyou - FI","description":"","publisher":{"@id":"https:\/\/www.transtoyou.com\/fi\/#organization"},"potentialAction":[{"@type":"SearchAction","target":{"@type":"EntryPoint","urlTemplate":"https:\/\/www.transtoyou.com\/fi\/?s={search_term_string}"},"query-input":{"@type":"PropertyValueSpecification","valueRequired":true,"valueName":"search_term_string"}}],"inLanguage":"fi"},{"@type":"Organization","@id":"https:\/\/www.transtoyou.com\/fi\/#organization","name":"Transtoyou - FI","url":"https:\/\/www.transtoyou.com\/fi\/","logo":{"@type":"ImageObject","inLanguage":"fi","@id":"https:\/\/www.transtoyou.com\/fi\/#\/schema\/logo\/image\/","url":"https:\/\/www.transtoyou.com\/fi\/wp-content\/uploads\/sites\/16\/2026\/01\/logo-tty-menu-bar-300x87-1.webp","contentUrl":"https:\/\/www.transtoyou.com\/fi\/wp-content\/uploads\/sites\/16\/2026\/01\/logo-tty-menu-bar-300x87-1.webp","width":300,"height":87,"caption":"Transtoyou - FI"},"image":{"@id":"https:\/\/www.transtoyou.com\/fi\/#\/schema\/logo\/image\/"}}]}},"_links":{"self":[{"href":"https:\/\/www.transtoyou.com\/fi\/wp-json\/wp\/v2\/product\/893","targetHints":{"allow":["GET"]}}],"collection":[{"href":"https:\/\/www.transtoyou.com\/fi\/wp-json\/wp\/v2\/product"}],"about":[{"href":"https:\/\/www.transtoyou.com\/fi\/wp-json\/wp\/v2\/types\/product"}],"replies":[{"embeddable":true,"href":"https:\/\/www.transtoyou.com\/fi\/wp-json\/wp\/v2\/comments?post=893"}],"wp:featuredmedia":[{"embeddable":true,"href":"https:\/\/www.transtoyou.com\/fi\/wp-json\/wp\/v2\/media\/895"}],"wp:attachment":[{"href":"https:\/\/www.transtoyou.com\/fi\/wp-json\/wp\/v2\/media?parent=893"}],"wp:term":[{"taxonomy":"product_brand","embeddable":true,"href":"https:\/\/www.transtoyou.com\/fi\/wp-json\/wp\/v2\/product_brand?post=893"},{"taxonomy":"product_cat","embeddable":true,"href":"https:\/\/www.transtoyou.com\/fi\/wp-json\/wp\/v2\/product_cat?post=893"},{"taxonomy":"product_tag","embeddable":true,"href":"https:\/\/www.transtoyou.com\/fi\/wp-json\/wp\/v2\/product_tag?post=893"},{"taxonomy":"expert","embeddable":true,"href":"https:\/\/www.transtoyou.com\/fi\/wp-json\/wp\/v2\/expert?post=893"}],"curies":[{"name":"wp","href":"https:\/\/api.w.org\/{rel}","templated":true}]}}