{"id":902,"date":"2026-01-25T05:02:34","date_gmt":"2026-01-25T05:02:34","guid":{"rendered":"https:\/\/www.transtoyou.com\/fi\/product\/tramadol\/"},"modified":"2026-03-06T13:56:32","modified_gmt":"2026-03-06T13:56:32","slug":"tramadoli","status":"publish","type":"product","link":"https:\/\/www.transtoyou.com\/fi\/product\/tramadoli\/","title":{"rendered":"Tramadoli"},"content":{"rendered":"<p>Tramadoli on voimakas kipul\u00e4\u00e4ke, joka kuuluu opioidikivunlievitt\u00e4jien luokkaan. Sit\u00e4 k\u00e4ytet\u00e4\u00e4n ensisijaisesti kohtuullisen ja voimakkaan kivun hallintaan, erityisesti silloin, kun muut kivunlievitysmahdollisuudet ovat tehottomia tai huonosti siedettyj\u00e4.<\/p>\n<p>Tramadoli vaikuttaa muuttamalla aivojen kiputulkintaa. Se toimii \u03bc-opioidireseptorin agonistina, joka on keskeinen kivunlievityksess\u00e4. Lis\u00e4ksi tramadoli est\u00e4\u00e4 serotoniinin ja noradrenaliinin takaisinottoa, jotka ovat neurotransmittereita, jotka osallistuvat kivun s\u00e4\u00e4telyyn ja mielialan hallintaan. T\u00e4m\u00e4 kaksoistoiminta auttaa v\u00e4hent\u00e4m\u00e4\u00e4n kiputulkintaa ja voi my\u00f6s edist\u00e4\u00e4 mielialaa kohottavia vaikutuksia. Tramadolin aktiivinen metaboliitti, O-desmetyylitramadoli, on merkitt\u00e4v\u00e4sti voimakkaampi \u03bc-opioidireseptorilla, mik\u00e4 lis\u00e4\u00e4 sen kipul\u00e4\u00e4keominaisuuksia.<\/p>\n<p>Tramadolia k\u00e4ytet\u00e4\u00e4n erilaisten kiputyyppien hoitoon, mukaan lukien leikkauksen j\u00e4lkeinen kipu, vakavat vammat ja krooniset kiputilat, kuten nivelrikko ja nivelreuma. Sit\u00e4 m\u00e4\u00e4r\u00e4t\u00e4\u00e4n usein, kun ei-opioidiset kipul\u00e4\u00e4kkeet eiv\u00e4t riit\u00e4 tai niit\u00e4 ei voida siet\u00e4\u00e4.<\/p>\n<p>Tramadoli vaikuttaa kehoon keskeytt\u00e4m\u00e4ll\u00e4 kipusignaalit aivojen ja kehon v\u00e4lill\u00e4. Se ei poista kipua kokonaan, mutta v\u00e4hent\u00e4\u00e4 sen voimakkuutta. Toisin kuin jotkut muut opioidit, tramadoli aiheuttaa yleens\u00e4 v\u00e4hemm\u00e4n ummetusta, joka on yleinen sivuvaikutus opioidil\u00e4\u00e4kkeille. Kuitenkin se voi aiheuttaa uneliaisuutta ja heikent\u00e4\u00e4 kognitiivista toimintaa, joten varovaisuutta suositellaan toiminnoissa, jotka vaativat t\u00e4ytt\u00e4 valppautta.<\/p>\n<p>Tramadolin k\u00e4ytt\u00f6\u00f6n liittyvi\u00e4 etuja ovat sen tehokkuus kohtuullisen ja voimakkaan kivun hallinnassa suhteellisen alhaisen riskin kanssa joistakin sivuvaikutuksista verrattuna voimakkaampiin opioideihin. Sit\u00e4 on saatavilla eri muodoissa, mukaan lukien v\u00e4litt\u00f6m\u00e4sti vapautuvat ja pitk\u00e4vaikutteiset muodot, mik\u00e4 mahdollistaa joustavat annostusvaihtoehdot. Tramadoli on yleens\u00e4 hyvin siedetty, vaikka siihen liittyy riippuvuuden ja v\u00e4\u00e4rink\u00e4yt\u00f6n riskej\u00e4 kuten muihin opioideihin. Sen kyky parantaa mielialaa serotoniinin ja noradrenaliinin s\u00e4\u00e4telyn kautta voi my\u00f6s olla hy\u00f6dyllist\u00e4 potilaille, jotka kokevat kipuun liittyv\u00e4\u00e4 ahdistusta.<\/p>\n","protected":false},"excerpt":{"rendered":"<ul>\n<li>Tehokas kivunlievitys<\/li>\n<li>Kaksinkertainen vaikutusmekanismi<\/li>\n<li>Joustavat annosvaihtoehdot<\/li>\n<\/ul>\n","protected":false},"featured_media":904,"comment_status":"open","ping_status":"closed","template":"","meta":[],"product_brand":[],"product_cat":[103,134,128,110,62],"product_tag":[],"expert":[18],"class_list":{"0":"post-902","1":"product","2":"type-product","3":"status-publish","4":"has-post-thumbnail","6":"product_cat-fibromyalgia","7":"product_cat-hermokipu","8":"product_cat-kivuliaat-kuukautiset","9":"product_cat-paansarky-ja-migreeni","10":"product_cat-selka-lihas-ja-nivelkipu","11":"expert-dr-g-varbanov","13":"first","14":"instock","15":"shipping-taxable","16":"product-type-variable"},"yoast_head":"<!-- This site is optimized with the Yoast SEO plugin v27.0 - https:\/\/yoast.com\/product\/yoast-seo-wordpress\/ -->\n<title>Tramadoli | Tehokas Kivunlievitys - Transtoyou<\/title>\n<meta name=\"description\" content=\"Tramadoli, saatavilla Transtoyou:sta, on tehokas kipul\u00e4\u00e4ke kohtuulliseen ja voimakkaaseen kipuun. Hanki asiantuntijoiden arvioima p\u00e4\u00e4sy ja toimitus t\u00e4n\u00e4\u00e4n.\" \/>\n<meta name=\"robots\" content=\"noindex, follow, max-snippet:-1, max-image-preview:large, max-video-preview:-1\" \/>\n<meta property=\"og:locale\" content=\"fi_FI\" \/>\n<meta property=\"og:type\" content=\"article\" \/>\n<meta property=\"og:title\" content=\"Tramadoli | Tehokas Kivunlievitys - Transtoyou\" \/>\n<meta property=\"og:description\" content=\"Tramadoli, saatavilla Transtoyou:sta, on tehokas kipul\u00e4\u00e4ke kohtuulliseen ja voimakkaaseen kipuun. Hanki asiantuntijoiden arvioima p\u00e4\u00e4sy ja toimitus t\u00e4n\u00e4\u00e4n.\" \/>\n<meta property=\"og:url\" content=\"https:\/\/www.transtoyou.com\/fi\/product\/tramadol\/\" \/>\n<meta property=\"og:site_name\" content=\"Transtoyou - FI\" \/>\n<meta property=\"article:modified_time\" content=\"2026-03-06T13:56:32+00:00\" \/>\n<meta name=\"twitter:card\" content=\"summary_large_image\" \/>\n<meta name=\"twitter:label1\" content=\"Arvioitu lukuaika\" \/>\n\t<meta name=\"twitter:data1\" content=\"1 minuutti\" \/>\n<script type=\"application\/ld+json\" class=\"yoast-schema-graph\">{\"@context\":\"https:\/\/schema.org\",\"@graph\":[{\"@type\":\"WebPage\",\"@id\":\"https:\/\/www.transtoyou.com\/fi\/product\/tramadol\/\",\"url\":\"https:\/\/www.transtoyou.com\/fi\/product\/tramadol\/\",\"name\":\"Tramadoli | Tehokas Kivunlievitys - Transtoyou\",\"isPartOf\":{\"@id\":\"https:\/\/www.transtoyou.com\/fi\/#website\"},\"primaryImageOfPage\":{\"@id\":\"https:\/\/www.transtoyou.com\/fi\/product\/tramadol\/#primaryimage\"},\"image\":{\"@id\":\"https:\/\/www.transtoyou.com\/fi\/product\/tramadol\/#primaryimage\"},\"thumbnailUrl\":\"https:\/\/www.transtoyou.com\/fi\/wp-content\/uploads\/sites\/16\/2026\/01\/tty-no-product-image-143.webp\",\"datePublished\":\"2026-01-25T05:02:34+00:00\",\"dateModified\":\"2026-03-06T13:56:32+00:00\",\"description\":\"Tramadoli, saatavilla Transtoyou:sta, on tehokas kipul\u00e4\u00e4ke kohtuulliseen ja voimakkaaseen kipuun. Hanki asiantuntijoiden arvioima p\u00e4\u00e4sy ja toimitus t\u00e4n\u00e4\u00e4n.\",\"breadcrumb\":{\"@id\":\"https:\/\/www.transtoyou.com\/fi\/product\/tramadol\/#breadcrumb\"},\"inLanguage\":\"fi\",\"potentialAction\":[{\"@type\":\"ReadAction\",\"target\":[\"https:\/\/www.transtoyou.com\/fi\/product\/tramadol\/\"]}]},{\"@type\":\"ImageObject\",\"inLanguage\":\"fi\",\"@id\":\"https:\/\/www.transtoyou.com\/fi\/product\/tramadol\/#primaryimage\",\"url\":\"https:\/\/www.transtoyou.com\/fi\/wp-content\/uploads\/sites\/16\/2026\/01\/tty-no-product-image-143.webp\",\"contentUrl\":\"https:\/\/www.transtoyou.com\/fi\/wp-content\/uploads\/sites\/16\/2026\/01\/tty-no-product-image-143.webp\",\"width\":1000,\"height\":1000,\"caption\":\"Oletusarvoinen tuotekuva\"},{\"@type\":\"WebSite\",\"@id\":\"https:\/\/www.transtoyou.com\/fi\/#website\",\"url\":\"https:\/\/www.transtoyou.com\/fi\/\",\"name\":\"Transtoyou - FI\",\"description\":\"\",\"publisher\":{\"@id\":\"https:\/\/www.transtoyou.com\/fi\/#organization\"},\"potentialAction\":[{\"@type\":\"SearchAction\",\"target\":{\"@type\":\"EntryPoint\",\"urlTemplate\":\"https:\/\/www.transtoyou.com\/fi\/?s={search_term_string}\"},\"query-input\":{\"@type\":\"PropertyValueSpecification\",\"valueRequired\":true,\"valueName\":\"search_term_string\"}}],\"inLanguage\":\"fi\"},{\"@type\":\"Organization\",\"@id\":\"https:\/\/www.transtoyou.com\/fi\/#organization\",\"name\":\"Transtoyou - FI\",\"url\":\"https:\/\/www.transtoyou.com\/fi\/\",\"logo\":{\"@type\":\"ImageObject\",\"inLanguage\":\"fi\",\"@id\":\"https:\/\/www.transtoyou.com\/fi\/#\/schema\/logo\/image\/\",\"url\":\"https:\/\/www.transtoyou.com\/fi\/wp-content\/uploads\/sites\/16\/2026\/01\/logo-tty-menu-bar-300x87-1.webp\",\"contentUrl\":\"https:\/\/www.transtoyou.com\/fi\/wp-content\/uploads\/sites\/16\/2026\/01\/logo-tty-menu-bar-300x87-1.webp\",\"width\":300,\"height\":87,\"caption\":\"Transtoyou - FI\"},\"image\":{\"@id\":\"https:\/\/www.transtoyou.com\/fi\/#\/schema\/logo\/image\/\"}}]}<\/script>\n<!-- \/ Yoast SEO plugin. -->","yoast_head_json":{"title":"Tramadoli | Tehokas Kivunlievitys - Transtoyou","description":"Tramadoli, saatavilla Transtoyou:sta, on tehokas kipul\u00e4\u00e4ke kohtuulliseen ja voimakkaaseen kipuun. Hanki asiantuntijoiden arvioima p\u00e4\u00e4sy ja toimitus t\u00e4n\u00e4\u00e4n.","robots":{"index":"noindex","follow":"follow","max-snippet":"max-snippet:-1","max-image-preview":"max-image-preview:large","max-video-preview":"max-video-preview:-1"},"og_locale":"fi_FI","og_type":"article","og_title":"Tramadoli | Tehokas Kivunlievitys - Transtoyou","og_description":"Tramadoli, saatavilla Transtoyou:sta, on tehokas kipul\u00e4\u00e4ke kohtuulliseen ja voimakkaaseen kipuun. Hanki asiantuntijoiden arvioima p\u00e4\u00e4sy ja toimitus t\u00e4n\u00e4\u00e4n.","og_url":"https:\/\/www.transtoyou.com\/fi\/product\/tramadol\/","og_site_name":"Transtoyou - FI","article_modified_time":"2026-03-06T13:56:32+00:00","twitter_card":"summary_large_image","twitter_misc":{"Arvioitu lukuaika":"1 minuutti"},"schema":{"@context":"https:\/\/schema.org","@graph":[{"@type":"WebPage","@id":"https:\/\/www.transtoyou.com\/fi\/product\/tramadol\/","url":"https:\/\/www.transtoyou.com\/fi\/product\/tramadol\/","name":"Tramadoli | Tehokas Kivunlievitys - Transtoyou","isPartOf":{"@id":"https:\/\/www.transtoyou.com\/fi\/#website"},"primaryImageOfPage":{"@id":"https:\/\/www.transtoyou.com\/fi\/product\/tramadol\/#primaryimage"},"image":{"@id":"https:\/\/www.transtoyou.com\/fi\/product\/tramadol\/#primaryimage"},"thumbnailUrl":"https:\/\/www.transtoyou.com\/fi\/wp-content\/uploads\/sites\/16\/2026\/01\/tty-no-product-image-143.webp","datePublished":"2026-01-25T05:02:34+00:00","dateModified":"2026-03-06T13:56:32+00:00","description":"Tramadoli, saatavilla Transtoyou:sta, on tehokas kipul\u00e4\u00e4ke kohtuulliseen ja voimakkaaseen kipuun. Hanki asiantuntijoiden arvioima p\u00e4\u00e4sy ja toimitus t\u00e4n\u00e4\u00e4n.","breadcrumb":{"@id":"https:\/\/www.transtoyou.com\/fi\/product\/tramadol\/#breadcrumb"},"inLanguage":"fi","potentialAction":[{"@type":"ReadAction","target":["https:\/\/www.transtoyou.com\/fi\/product\/tramadol\/"]}]},{"@type":"ImageObject","inLanguage":"fi","@id":"https:\/\/www.transtoyou.com\/fi\/product\/tramadol\/#primaryimage","url":"https:\/\/www.transtoyou.com\/fi\/wp-content\/uploads\/sites\/16\/2026\/01\/tty-no-product-image-143.webp","contentUrl":"https:\/\/www.transtoyou.com\/fi\/wp-content\/uploads\/sites\/16\/2026\/01\/tty-no-product-image-143.webp","width":1000,"height":1000,"caption":"Oletusarvoinen tuotekuva"},{"@type":"WebSite","@id":"https:\/\/www.transtoyou.com\/fi\/#website","url":"https:\/\/www.transtoyou.com\/fi\/","name":"Transtoyou - FI","description":"","publisher":{"@id":"https:\/\/www.transtoyou.com\/fi\/#organization"},"potentialAction":[{"@type":"SearchAction","target":{"@type":"EntryPoint","urlTemplate":"https:\/\/www.transtoyou.com\/fi\/?s={search_term_string}"},"query-input":{"@type":"PropertyValueSpecification","valueRequired":true,"valueName":"search_term_string"}}],"inLanguage":"fi"},{"@type":"Organization","@id":"https:\/\/www.transtoyou.com\/fi\/#organization","name":"Transtoyou - FI","url":"https:\/\/www.transtoyou.com\/fi\/","logo":{"@type":"ImageObject","inLanguage":"fi","@id":"https:\/\/www.transtoyou.com\/fi\/#\/schema\/logo\/image\/","url":"https:\/\/www.transtoyou.com\/fi\/wp-content\/uploads\/sites\/16\/2026\/01\/logo-tty-menu-bar-300x87-1.webp","contentUrl":"https:\/\/www.transtoyou.com\/fi\/wp-content\/uploads\/sites\/16\/2026\/01\/logo-tty-menu-bar-300x87-1.webp","width":300,"height":87,"caption":"Transtoyou - FI"},"image":{"@id":"https:\/\/www.transtoyou.com\/fi\/#\/schema\/logo\/image\/"}}]}},"_links":{"self":[{"href":"https:\/\/www.transtoyou.com\/fi\/wp-json\/wp\/v2\/product\/902","targetHints":{"allow":["GET"]}}],"collection":[{"href":"https:\/\/www.transtoyou.com\/fi\/wp-json\/wp\/v2\/product"}],"about":[{"href":"https:\/\/www.transtoyou.com\/fi\/wp-json\/wp\/v2\/types\/product"}],"replies":[{"embeddable":true,"href":"https:\/\/www.transtoyou.com\/fi\/wp-json\/wp\/v2\/comments?post=902"}],"wp:featuredmedia":[{"embeddable":true,"href":"https:\/\/www.transtoyou.com\/fi\/wp-json\/wp\/v2\/media\/904"}],"wp:attachment":[{"href":"https:\/\/www.transtoyou.com\/fi\/wp-json\/wp\/v2\/media?parent=902"}],"wp:term":[{"taxonomy":"product_brand","embeddable":true,"href":"https:\/\/www.transtoyou.com\/fi\/wp-json\/wp\/v2\/product_brand?post=902"},{"taxonomy":"product_cat","embeddable":true,"href":"https:\/\/www.transtoyou.com\/fi\/wp-json\/wp\/v2\/product_cat?post=902"},{"taxonomy":"product_tag","embeddable":true,"href":"https:\/\/www.transtoyou.com\/fi\/wp-json\/wp\/v2\/product_tag?post=902"},{"taxonomy":"expert","embeddable":true,"href":"https:\/\/www.transtoyou.com\/fi\/wp-json\/wp\/v2\/expert?post=902"}],"curies":[{"name":"wp","href":"https:\/\/api.w.org\/{rel}","templated":true}]}}