{"id":926,"date":"2026-01-25T17:49:18","date_gmt":"2026-01-25T17:49:18","guid":{"rendered":"https:\/\/www.transtoyou.com\/fi\/product\/co-amoxiclav\/"},"modified":"2026-01-25T17:50:44","modified_gmt":"2026-01-25T17:50:44","slug":"co-amoksiklav","status":"publish","type":"product","link":"https:\/\/www.transtoyou.com\/fi\/product\/co-amoksiklav\/","title":{"rendered":"Co-Amoxiclav"},"content":{"rendered":"<p>Co-amoxiclav on yhdistelm\u00e4antibiootti, jota k\u00e4ytet\u00e4\u00e4n monien erilaisten bakteeri-infektioiden hoitoon. Se sis\u00e4lt\u00e4\u00e4 kaksi vaikuttavaa ainetta: amoksisilliini\u00e4 ja klavulaanihappoa. N\u00e4m\u00e4 toimivat yhdess\u00e4 est\u00e4en bakteerien kasvua ja levi\u00e4mist\u00e4 kehossa.<\/p>\n<p>Amoksisilliini on er\u00e4\u00e4nlainen penisilliini, joka tappaa bakteereja vaurioittamalla niiden ulkoista solusein\u00e4\u00e4. T\u00e4m\u00e4 sein\u00e4 suojaa bakteereja, joten kun se heikkenee, bakteerit hajoavat ja kuolevat. Kuitenkin jotkut bakteerit voivat puolustautua tuottamalla entsyymin (nimelt\u00e4\u00e4n beeta-laktamaasi), joka tuhoaa amoksisilliinin. T\u00e4ss\u00e4 vaiheessa klavulaanihappo tulee kuvaan, se est\u00e4\u00e4 t\u00e4m\u00e4n entsyymin ja est\u00e4\u00e4 bakteereita suojaamasta itse\u00e4\u00e4n. T\u00e4m\u00e4 mahdollistaa amoksisilliinin toimia oikein, jopa normaalisti resistenttej\u00e4 bakteereja vastaan.<\/p>\n<p>Co-amoxiclavia k\u00e4ytet\u00e4\u00e4n laajan valikoiman infektioiden hoitoon. N\u00e4it\u00e4 ovat hengitystieinfektiot, kuten keuhkoputkentulehdus, keuhkokuume ja poskiontelotulehdukset; virtsatieinfektiot, kuten kystiitti tai munuaisinfektiot; iho- ja pehmytkudosinfektiot, kuten paiseet, selluliitti tai infektoituneet haavat; sek\u00e4 hammasinfektiot. Sit\u00e4 k\u00e4ytet\u00e4\u00e4n my\u00f6s joskus luu- tai nivelinfektioiden ja vatsan alueen infektioiden hoitoon.<\/p>\n<p>T\u00e4m\u00e4 l\u00e4\u00e4kitys ei suoraan v\u00e4henn\u00e4 kipua tai turvotusta. Sen sijaan se hoitaa ongelman syyn, bakteerit. Kun infektio paranee, oireet, kuten kipu, kuume tai turvotus, paranevat yleens\u00e4 itsest\u00e4\u00e4n.<\/p>\n","protected":false},"excerpt":{"rendered":"<ul>\n<li>Laaja-alainen antibiootti moniin infektioihin<\/li>\n<li>Klavuulihappo vahvistaa bakteerien puolustusta<\/li>\n<li>Nopea helpotus oireista ja tulehduksesta<\/li>\n<\/ul>\n","protected":false},"featured_media":928,"comment_status":"open","ping_status":"closed","template":"","meta":[],"product_brand":[],"product_cat":[60,67],"product_tag":[],"expert":[18],"class_list":{"0":"post-926","1":"product","2":"type-product","3":"status-publish","4":"has-post-thumbnail","6":"product_cat-antibiootit-infektiot","7":"product_cat-rakkotulehdukset-ja-virtsatietulehdukset","8":"expert-dr-g-varbanov","10":"first","11":"instock","12":"shipping-taxable","13":"product-type-variable"},"yoast_head":"<!-- This site is optimized with the Yoast SEO plugin v27.0 - https:\/\/yoast.com\/product\/yoast-seo-wordpress\/ -->\n<title>Co-Amoxiclav | Tehokas Infektiohoito - Transtoyou<\/title>\n<meta name=\"description\" content=\"L\u00f6yd\u00e4 Co-Amoxiclav Transtoyou: tehokas antibiootti erilaisiin infektioihin, joka yhdist\u00e4\u00e4 amoksisilliinin ja klavulaanihapon vastustamaan resistenttej\u00e4 bakteereita.\" \/>\n<meta name=\"robots\" content=\"noindex, follow, max-snippet:-1, max-image-preview:large, max-video-preview:-1\" \/>\n<meta property=\"og:locale\" content=\"fi_FI\" \/>\n<meta property=\"og:type\" content=\"article\" \/>\n<meta property=\"og:title\" content=\"Co-Amoxiclav | Tehokas Infektiohoito - Transtoyou\" \/>\n<meta property=\"og:description\" content=\"L\u00f6yd\u00e4 Co-Amoxiclav Transtoyou: tehokas antibiootti erilaisiin infektioihin, joka yhdist\u00e4\u00e4 amoksisilliinin ja klavulaanihapon vastustamaan resistenttej\u00e4 bakteereita.\" \/>\n<meta property=\"og:url\" content=\"https:\/\/www.transtoyou.com\/fi\/product\/co-amoxiclav\/\" \/>\n<meta property=\"og:site_name\" content=\"Transtoyou - FI\" \/>\n<meta property=\"article:modified_time\" content=\"2026-01-25T17:50:44+00:00\" \/>\n<meta name=\"twitter:card\" content=\"summary_large_image\" \/>\n<meta name=\"twitter:label1\" content=\"Arvioitu lukuaika\" \/>\n\t<meta name=\"twitter:data1\" content=\"1 minuutti\" \/>\n<script type=\"application\/ld+json\" class=\"yoast-schema-graph\">{\"@context\":\"https:\/\/schema.org\",\"@graph\":[{\"@type\":\"WebPage\",\"@id\":\"https:\/\/www.transtoyou.com\/fi\/product\/co-amoxiclav\/\",\"url\":\"https:\/\/www.transtoyou.com\/fi\/product\/co-amoxiclav\/\",\"name\":\"Co-Amoxiclav | Tehokas Infektiohoito - Transtoyou\",\"isPartOf\":{\"@id\":\"https:\/\/www.transtoyou.com\/fi\/#website\"},\"primaryImageOfPage\":{\"@id\":\"https:\/\/www.transtoyou.com\/fi\/product\/co-amoxiclav\/#primaryimage\"},\"image\":{\"@id\":\"https:\/\/www.transtoyou.com\/fi\/product\/co-amoxiclav\/#primaryimage\"},\"thumbnailUrl\":\"https:\/\/www.transtoyou.com\/fi\/wp-content\/uploads\/sites\/16\/2026\/01\/tty-no-product-image-151.webp\",\"datePublished\":\"2026-01-25T17:49:18+00:00\",\"dateModified\":\"2026-01-25T17:50:44+00:00\",\"description\":\"L\u00f6yd\u00e4 Co-Amoxiclav Transtoyou: tehokas antibiootti erilaisiin infektioihin, joka yhdist\u00e4\u00e4 amoksisilliinin ja klavulaanihapon vastustamaan resistenttej\u00e4 bakteereita.\",\"breadcrumb\":{\"@id\":\"https:\/\/www.transtoyou.com\/fi\/product\/co-amoxiclav\/#breadcrumb\"},\"inLanguage\":\"fi\",\"potentialAction\":[{\"@type\":\"ReadAction\",\"target\":[\"https:\/\/www.transtoyou.com\/fi\/product\/co-amoxiclav\/\"]}]},{\"@type\":\"ImageObject\",\"inLanguage\":\"fi\",\"@id\":\"https:\/\/www.transtoyou.com\/fi\/product\/co-amoxiclav\/#primaryimage\",\"url\":\"https:\/\/www.transtoyou.com\/fi\/wp-content\/uploads\/sites\/16\/2026\/01\/tty-no-product-image-151.webp\",\"contentUrl\":\"https:\/\/www.transtoyou.com\/fi\/wp-content\/uploads\/sites\/16\/2026\/01\/tty-no-product-image-151.webp\",\"width\":1000,\"height\":1000,\"caption\":\"Oletusarvoinen tuotekuva\"},{\"@type\":\"WebSite\",\"@id\":\"https:\/\/www.transtoyou.com\/fi\/#website\",\"url\":\"https:\/\/www.transtoyou.com\/fi\/\",\"name\":\"Transtoyou - FI\",\"description\":\"\",\"publisher\":{\"@id\":\"https:\/\/www.transtoyou.com\/fi\/#organization\"},\"potentialAction\":[{\"@type\":\"SearchAction\",\"target\":{\"@type\":\"EntryPoint\",\"urlTemplate\":\"https:\/\/www.transtoyou.com\/fi\/?s={search_term_string}\"},\"query-input\":{\"@type\":\"PropertyValueSpecification\",\"valueRequired\":true,\"valueName\":\"search_term_string\"}}],\"inLanguage\":\"fi\"},{\"@type\":\"Organization\",\"@id\":\"https:\/\/www.transtoyou.com\/fi\/#organization\",\"name\":\"Transtoyou - FI\",\"url\":\"https:\/\/www.transtoyou.com\/fi\/\",\"logo\":{\"@type\":\"ImageObject\",\"inLanguage\":\"fi\",\"@id\":\"https:\/\/www.transtoyou.com\/fi\/#\/schema\/logo\/image\/\",\"url\":\"https:\/\/www.transtoyou.com\/fi\/wp-content\/uploads\/sites\/16\/2026\/01\/logo-tty-menu-bar-300x87-1.webp\",\"contentUrl\":\"https:\/\/www.transtoyou.com\/fi\/wp-content\/uploads\/sites\/16\/2026\/01\/logo-tty-menu-bar-300x87-1.webp\",\"width\":300,\"height\":87,\"caption\":\"Transtoyou - FI\"},\"image\":{\"@id\":\"https:\/\/www.transtoyou.com\/fi\/#\/schema\/logo\/image\/\"}}]}<\/script>\n<!-- \/ Yoast SEO plugin. -->","yoast_head_json":{"title":"Co-Amoxiclav | Tehokas Infektiohoito - Transtoyou","description":"L\u00f6yd\u00e4 Co-Amoxiclav Transtoyou: tehokas antibiootti erilaisiin infektioihin, joka yhdist\u00e4\u00e4 amoksisilliinin ja klavulaanihapon vastustamaan resistenttej\u00e4 bakteereita.","robots":{"index":"noindex","follow":"follow","max-snippet":"max-snippet:-1","max-image-preview":"max-image-preview:large","max-video-preview":"max-video-preview:-1"},"og_locale":"fi_FI","og_type":"article","og_title":"Co-Amoxiclav | Tehokas Infektiohoito - Transtoyou","og_description":"L\u00f6yd\u00e4 Co-Amoxiclav Transtoyou: tehokas antibiootti erilaisiin infektioihin, joka yhdist\u00e4\u00e4 amoksisilliinin ja klavulaanihapon vastustamaan resistenttej\u00e4 bakteereita.","og_url":"https:\/\/www.transtoyou.com\/fi\/product\/co-amoxiclav\/","og_site_name":"Transtoyou - FI","article_modified_time":"2026-01-25T17:50:44+00:00","twitter_card":"summary_large_image","twitter_misc":{"Arvioitu lukuaika":"1 minuutti"},"schema":{"@context":"https:\/\/schema.org","@graph":[{"@type":"WebPage","@id":"https:\/\/www.transtoyou.com\/fi\/product\/co-amoxiclav\/","url":"https:\/\/www.transtoyou.com\/fi\/product\/co-amoxiclav\/","name":"Co-Amoxiclav | Tehokas Infektiohoito - Transtoyou","isPartOf":{"@id":"https:\/\/www.transtoyou.com\/fi\/#website"},"primaryImageOfPage":{"@id":"https:\/\/www.transtoyou.com\/fi\/product\/co-amoxiclav\/#primaryimage"},"image":{"@id":"https:\/\/www.transtoyou.com\/fi\/product\/co-amoxiclav\/#primaryimage"},"thumbnailUrl":"https:\/\/www.transtoyou.com\/fi\/wp-content\/uploads\/sites\/16\/2026\/01\/tty-no-product-image-151.webp","datePublished":"2026-01-25T17:49:18+00:00","dateModified":"2026-01-25T17:50:44+00:00","description":"L\u00f6yd\u00e4 Co-Amoxiclav Transtoyou: tehokas antibiootti erilaisiin infektioihin, joka yhdist\u00e4\u00e4 amoksisilliinin ja klavulaanihapon vastustamaan resistenttej\u00e4 bakteereita.","breadcrumb":{"@id":"https:\/\/www.transtoyou.com\/fi\/product\/co-amoxiclav\/#breadcrumb"},"inLanguage":"fi","potentialAction":[{"@type":"ReadAction","target":["https:\/\/www.transtoyou.com\/fi\/product\/co-amoxiclav\/"]}]},{"@type":"ImageObject","inLanguage":"fi","@id":"https:\/\/www.transtoyou.com\/fi\/product\/co-amoxiclav\/#primaryimage","url":"https:\/\/www.transtoyou.com\/fi\/wp-content\/uploads\/sites\/16\/2026\/01\/tty-no-product-image-151.webp","contentUrl":"https:\/\/www.transtoyou.com\/fi\/wp-content\/uploads\/sites\/16\/2026\/01\/tty-no-product-image-151.webp","width":1000,"height":1000,"caption":"Oletusarvoinen tuotekuva"},{"@type":"WebSite","@id":"https:\/\/www.transtoyou.com\/fi\/#website","url":"https:\/\/www.transtoyou.com\/fi\/","name":"Transtoyou - FI","description":"","publisher":{"@id":"https:\/\/www.transtoyou.com\/fi\/#organization"},"potentialAction":[{"@type":"SearchAction","target":{"@type":"EntryPoint","urlTemplate":"https:\/\/www.transtoyou.com\/fi\/?s={search_term_string}"},"query-input":{"@type":"PropertyValueSpecification","valueRequired":true,"valueName":"search_term_string"}}],"inLanguage":"fi"},{"@type":"Organization","@id":"https:\/\/www.transtoyou.com\/fi\/#organization","name":"Transtoyou - FI","url":"https:\/\/www.transtoyou.com\/fi\/","logo":{"@type":"ImageObject","inLanguage":"fi","@id":"https:\/\/www.transtoyou.com\/fi\/#\/schema\/logo\/image\/","url":"https:\/\/www.transtoyou.com\/fi\/wp-content\/uploads\/sites\/16\/2026\/01\/logo-tty-menu-bar-300x87-1.webp","contentUrl":"https:\/\/www.transtoyou.com\/fi\/wp-content\/uploads\/sites\/16\/2026\/01\/logo-tty-menu-bar-300x87-1.webp","width":300,"height":87,"caption":"Transtoyou - FI"},"image":{"@id":"https:\/\/www.transtoyou.com\/fi\/#\/schema\/logo\/image\/"}}]}},"_links":{"self":[{"href":"https:\/\/www.transtoyou.com\/fi\/wp-json\/wp\/v2\/product\/926","targetHints":{"allow":["GET"]}}],"collection":[{"href":"https:\/\/www.transtoyou.com\/fi\/wp-json\/wp\/v2\/product"}],"about":[{"href":"https:\/\/www.transtoyou.com\/fi\/wp-json\/wp\/v2\/types\/product"}],"replies":[{"embeddable":true,"href":"https:\/\/www.transtoyou.com\/fi\/wp-json\/wp\/v2\/comments?post=926"}],"wp:featuredmedia":[{"embeddable":true,"href":"https:\/\/www.transtoyou.com\/fi\/wp-json\/wp\/v2\/media\/928"}],"wp:attachment":[{"href":"https:\/\/www.transtoyou.com\/fi\/wp-json\/wp\/v2\/media?parent=926"}],"wp:term":[{"taxonomy":"product_brand","embeddable":true,"href":"https:\/\/www.transtoyou.com\/fi\/wp-json\/wp\/v2\/product_brand?post=926"},{"taxonomy":"product_cat","embeddable":true,"href":"https:\/\/www.transtoyou.com\/fi\/wp-json\/wp\/v2\/product_cat?post=926"},{"taxonomy":"product_tag","embeddable":true,"href":"https:\/\/www.transtoyou.com\/fi\/wp-json\/wp\/v2\/product_tag?post=926"},{"taxonomy":"expert","embeddable":true,"href":"https:\/\/www.transtoyou.com\/fi\/wp-json\/wp\/v2\/expert?post=926"}],"curies":[{"name":"wp","href":"https:\/\/api.w.org\/{rel}","templated":true}]}}