{"id":932,"date":"2026-01-25T18:30:33","date_gmt":"2026-01-25T18:30:33","guid":{"rendered":"https:\/\/www.transtoyou.com\/fi\/product\/antabuse\/"},"modified":"2026-01-25T18:31:47","modified_gmt":"2026-01-25T18:31:47","slug":"antabuse","status":"publish","type":"product","link":"https:\/\/www.transtoyou.com\/fi\/product\/antabuse\/","title":{"rendered":"Antabuse"},"content":{"rendered":"<p>Antabuse (disulfiraami) on reseptil\u00e4\u00e4ke, joka on suunniteltu tukemaan yksil\u00f6it\u00e4 alkoholiriippuvuudesta toipumisessa. Se toimii aiheuttamalla akuutin herkkyyden alkoholille. Kun alkoholia nautitaan Antabusen k\u00e4yt\u00f6n aikana, se aiheuttaa ep\u00e4miellytt\u00e4vi\u00e4 vaikutuksia, kuten pahoinvointia, kasvojen punoitusta ja nopeaa syd\u00e4men sykett\u00e4, mik\u00e4 est\u00e4\u00e4 lis\u00e4alkoholin nauttimista.<\/p>\n<p>Antabusea k\u00e4ytet\u00e4\u00e4n tyypillisesti osana kattavaa hoitosuunnitelmaa, johon kuuluu neuvontaa ja tukiohjelmia. Se ei ole parannuskeino alkoholismille, mutta toimii esteen\u00e4 juomiselle, auttaen yksil\u00f6it\u00e4 s\u00e4ilytt\u00e4m\u00e4\u00e4n raittiuden.<\/p>\n<p>Antabusea m\u00e4\u00e4r\u00e4t\u00e4\u00e4n yleens\u00e4 pitk\u00e4aikaiseen k\u00e4ytt\u00f6\u00f6n tiukan l\u00e4\u00e4k\u00e4rin valvonnan alaisena, jotta varmistetaan noudattaminen ja tehokkuus. Se on saatavilla tablettimuodossa ja otetaan suun kautta kerran p\u00e4iv\u00e4ss\u00e4, mieluiten aamulla.<\/p>\n<p>Yleisimm\u00e4t haittavaikutukset sis\u00e4lt\u00e4v\u00e4t uneliaisuutta, p\u00e4\u00e4ns\u00e4rky\u00e4 ja metallista makua suussa. Harvinaisia mutta vakavia haittavaikutuksia voivat olla maksamyrkytys, joka vaatii s\u00e4\u00e4nn\u00f6llist\u00e4 maksatoiminnan seurantaa hoidon aikana. Antabusea ei koskaan tule ottaa alkoholin tai alkoholia sis\u00e4lt\u00e4vien tuotteiden, kuten tiettyjen ysk\u00e4nsiirappien tai kastikkeiden, kanssa.<\/p>\n","protected":false},"excerpt":{"rendered":"<ul>\n<li>Tukee toipumista alkoholiriippuvuudesta<\/li>\n<li>Toimii est\u00e4v\u00e4n\u00e4 tekij\u00e4n\u00e4 juomiselle<\/li>\n<li>Osa kattavaa hoitosuunnitelmaa<\/li>\n<\/ul>\n","protected":false},"featured_media":934,"comment_status":"open","ping_status":"closed","template":"","meta":[],"product_brand":[],"product_cat":[55],"product_tag":[],"expert":[19],"class_list":{"0":"post-932","1":"product","2":"type-product","3":"status-publish","4":"has-post-thumbnail","6":"product_cat-alkoholin-palautusvalineet","7":"expert-dr-j-vazquez","9":"first","10":"instock","11":"shipping-taxable","12":"product-type-variable"},"yoast_head":"<!-- This site is optimized with the Yoast SEO plugin v27.0 - https:\/\/yoast.com\/product\/yoast-seo-wordpress\/ -->\n<title>Antabuse | Tukea Raittiutta Tehokkaasti - Transtoyou<\/title>\n<meta name=\"description\" content=\"Tutustu Antabuseen, reseptil\u00e4\u00e4kkeeseen alkoholiriippuvuuden hoitoon, saatavilla Transtoyousta. Tukee raittiutta l\u00e4\u00e4k\u00e4rin valvonnassa. Lue lis\u00e4\u00e4 t\u00e4n\u00e4\u00e4n.\" \/>\n<meta name=\"robots\" content=\"noindex, follow, max-snippet:-1, max-image-preview:large, max-video-preview:-1\" \/>\n<meta property=\"og:locale\" content=\"fi_FI\" \/>\n<meta property=\"og:type\" content=\"article\" \/>\n<meta property=\"og:title\" content=\"Antabuse | Tukea Raittiutta Tehokkaasti - Transtoyou\" \/>\n<meta property=\"og:description\" content=\"Tutustu Antabuseen, reseptil\u00e4\u00e4kkeeseen alkoholiriippuvuuden hoitoon, saatavilla Transtoyousta. Tukee raittiutta l\u00e4\u00e4k\u00e4rin valvonnassa. Lue lis\u00e4\u00e4 t\u00e4n\u00e4\u00e4n.\" \/>\n<meta property=\"og:url\" content=\"https:\/\/www.transtoyou.com\/fi\/product\/antabuse\/\" \/>\n<meta property=\"og:site_name\" content=\"Transtoyou - FI\" \/>\n<meta property=\"article:modified_time\" content=\"2026-01-25T18:31:47+00:00\" \/>\n<meta name=\"twitter:card\" content=\"summary_large_image\" \/>\n<meta name=\"twitter:label1\" content=\"Arvioitu lukuaika\" \/>\n\t<meta name=\"twitter:data1\" content=\"1 minuutti\" \/>\n<script type=\"application\/ld+json\" class=\"yoast-schema-graph\">{\"@context\":\"https:\/\/schema.org\",\"@graph\":[{\"@type\":\"WebPage\",\"@id\":\"https:\/\/www.transtoyou.com\/fi\/product\/antabuse\/\",\"url\":\"https:\/\/www.transtoyou.com\/fi\/product\/antabuse\/\",\"name\":\"Antabuse | Tukea Raittiutta Tehokkaasti - Transtoyou\",\"isPartOf\":{\"@id\":\"https:\/\/www.transtoyou.com\/fi\/#website\"},\"primaryImageOfPage\":{\"@id\":\"https:\/\/www.transtoyou.com\/fi\/product\/antabuse\/#primaryimage\"},\"image\":{\"@id\":\"https:\/\/www.transtoyou.com\/fi\/product\/antabuse\/#primaryimage\"},\"thumbnailUrl\":\"https:\/\/www.transtoyou.com\/fi\/wp-content\/uploads\/sites\/16\/2026\/01\/tty-no-product-image-153.webp\",\"datePublished\":\"2026-01-25T18:30:33+00:00\",\"dateModified\":\"2026-01-25T18:31:47+00:00\",\"description\":\"Tutustu Antabuseen, reseptil\u00e4\u00e4kkeeseen alkoholiriippuvuuden hoitoon, saatavilla Transtoyousta. Tukee raittiutta l\u00e4\u00e4k\u00e4rin valvonnassa. Lue lis\u00e4\u00e4 t\u00e4n\u00e4\u00e4n.\",\"breadcrumb\":{\"@id\":\"https:\/\/www.transtoyou.com\/fi\/product\/antabuse\/#breadcrumb\"},\"inLanguage\":\"fi\",\"potentialAction\":[{\"@type\":\"ReadAction\",\"target\":[\"https:\/\/www.transtoyou.com\/fi\/product\/antabuse\/\"]}]},{\"@type\":\"ImageObject\",\"inLanguage\":\"fi\",\"@id\":\"https:\/\/www.transtoyou.com\/fi\/product\/antabuse\/#primaryimage\",\"url\":\"https:\/\/www.transtoyou.com\/fi\/wp-content\/uploads\/sites\/16\/2026\/01\/tty-no-product-image-153.webp\",\"contentUrl\":\"https:\/\/www.transtoyou.com\/fi\/wp-content\/uploads\/sites\/16\/2026\/01\/tty-no-product-image-153.webp\",\"width\":1000,\"height\":1000,\"caption\":\"Oletusarvoinen tuotekuva\"},{\"@type\":\"WebSite\",\"@id\":\"https:\/\/www.transtoyou.com\/fi\/#website\",\"url\":\"https:\/\/www.transtoyou.com\/fi\/\",\"name\":\"Transtoyou - FI\",\"description\":\"\",\"publisher\":{\"@id\":\"https:\/\/www.transtoyou.com\/fi\/#organization\"},\"potentialAction\":[{\"@type\":\"SearchAction\",\"target\":{\"@type\":\"EntryPoint\",\"urlTemplate\":\"https:\/\/www.transtoyou.com\/fi\/?s={search_term_string}\"},\"query-input\":{\"@type\":\"PropertyValueSpecification\",\"valueRequired\":true,\"valueName\":\"search_term_string\"}}],\"inLanguage\":\"fi\"},{\"@type\":\"Organization\",\"@id\":\"https:\/\/www.transtoyou.com\/fi\/#organization\",\"name\":\"Transtoyou - FI\",\"url\":\"https:\/\/www.transtoyou.com\/fi\/\",\"logo\":{\"@type\":\"ImageObject\",\"inLanguage\":\"fi\",\"@id\":\"https:\/\/www.transtoyou.com\/fi\/#\/schema\/logo\/image\/\",\"url\":\"https:\/\/www.transtoyou.com\/fi\/wp-content\/uploads\/sites\/16\/2026\/01\/logo-tty-menu-bar-300x87-1.webp\",\"contentUrl\":\"https:\/\/www.transtoyou.com\/fi\/wp-content\/uploads\/sites\/16\/2026\/01\/logo-tty-menu-bar-300x87-1.webp\",\"width\":300,\"height\":87,\"caption\":\"Transtoyou - FI\"},\"image\":{\"@id\":\"https:\/\/www.transtoyou.com\/fi\/#\/schema\/logo\/image\/\"}}]}<\/script>\n<!-- \/ Yoast SEO plugin. -->","yoast_head_json":{"title":"Antabuse | Tukea Raittiutta Tehokkaasti - Transtoyou","description":"Tutustu Antabuseen, reseptil\u00e4\u00e4kkeeseen alkoholiriippuvuuden hoitoon, saatavilla Transtoyousta. Tukee raittiutta l\u00e4\u00e4k\u00e4rin valvonnassa. Lue lis\u00e4\u00e4 t\u00e4n\u00e4\u00e4n.","robots":{"index":"noindex","follow":"follow","max-snippet":"max-snippet:-1","max-image-preview":"max-image-preview:large","max-video-preview":"max-video-preview:-1"},"og_locale":"fi_FI","og_type":"article","og_title":"Antabuse | Tukea Raittiutta Tehokkaasti - Transtoyou","og_description":"Tutustu Antabuseen, reseptil\u00e4\u00e4kkeeseen alkoholiriippuvuuden hoitoon, saatavilla Transtoyousta. Tukee raittiutta l\u00e4\u00e4k\u00e4rin valvonnassa. Lue lis\u00e4\u00e4 t\u00e4n\u00e4\u00e4n.","og_url":"https:\/\/www.transtoyou.com\/fi\/product\/antabuse\/","og_site_name":"Transtoyou - FI","article_modified_time":"2026-01-25T18:31:47+00:00","twitter_card":"summary_large_image","twitter_misc":{"Arvioitu lukuaika":"1 minuutti"},"schema":{"@context":"https:\/\/schema.org","@graph":[{"@type":"WebPage","@id":"https:\/\/www.transtoyou.com\/fi\/product\/antabuse\/","url":"https:\/\/www.transtoyou.com\/fi\/product\/antabuse\/","name":"Antabuse | Tukea Raittiutta Tehokkaasti - Transtoyou","isPartOf":{"@id":"https:\/\/www.transtoyou.com\/fi\/#website"},"primaryImageOfPage":{"@id":"https:\/\/www.transtoyou.com\/fi\/product\/antabuse\/#primaryimage"},"image":{"@id":"https:\/\/www.transtoyou.com\/fi\/product\/antabuse\/#primaryimage"},"thumbnailUrl":"https:\/\/www.transtoyou.com\/fi\/wp-content\/uploads\/sites\/16\/2026\/01\/tty-no-product-image-153.webp","datePublished":"2026-01-25T18:30:33+00:00","dateModified":"2026-01-25T18:31:47+00:00","description":"Tutustu Antabuseen, reseptil\u00e4\u00e4kkeeseen alkoholiriippuvuuden hoitoon, saatavilla Transtoyousta. Tukee raittiutta l\u00e4\u00e4k\u00e4rin valvonnassa. Lue lis\u00e4\u00e4 t\u00e4n\u00e4\u00e4n.","breadcrumb":{"@id":"https:\/\/www.transtoyou.com\/fi\/product\/antabuse\/#breadcrumb"},"inLanguage":"fi","potentialAction":[{"@type":"ReadAction","target":["https:\/\/www.transtoyou.com\/fi\/product\/antabuse\/"]}]},{"@type":"ImageObject","inLanguage":"fi","@id":"https:\/\/www.transtoyou.com\/fi\/product\/antabuse\/#primaryimage","url":"https:\/\/www.transtoyou.com\/fi\/wp-content\/uploads\/sites\/16\/2026\/01\/tty-no-product-image-153.webp","contentUrl":"https:\/\/www.transtoyou.com\/fi\/wp-content\/uploads\/sites\/16\/2026\/01\/tty-no-product-image-153.webp","width":1000,"height":1000,"caption":"Oletusarvoinen tuotekuva"},{"@type":"WebSite","@id":"https:\/\/www.transtoyou.com\/fi\/#website","url":"https:\/\/www.transtoyou.com\/fi\/","name":"Transtoyou - FI","description":"","publisher":{"@id":"https:\/\/www.transtoyou.com\/fi\/#organization"},"potentialAction":[{"@type":"SearchAction","target":{"@type":"EntryPoint","urlTemplate":"https:\/\/www.transtoyou.com\/fi\/?s={search_term_string}"},"query-input":{"@type":"PropertyValueSpecification","valueRequired":true,"valueName":"search_term_string"}}],"inLanguage":"fi"},{"@type":"Organization","@id":"https:\/\/www.transtoyou.com\/fi\/#organization","name":"Transtoyou - FI","url":"https:\/\/www.transtoyou.com\/fi\/","logo":{"@type":"ImageObject","inLanguage":"fi","@id":"https:\/\/www.transtoyou.com\/fi\/#\/schema\/logo\/image\/","url":"https:\/\/www.transtoyou.com\/fi\/wp-content\/uploads\/sites\/16\/2026\/01\/logo-tty-menu-bar-300x87-1.webp","contentUrl":"https:\/\/www.transtoyou.com\/fi\/wp-content\/uploads\/sites\/16\/2026\/01\/logo-tty-menu-bar-300x87-1.webp","width":300,"height":87,"caption":"Transtoyou - FI"},"image":{"@id":"https:\/\/www.transtoyou.com\/fi\/#\/schema\/logo\/image\/"}}]}},"_links":{"self":[{"href":"https:\/\/www.transtoyou.com\/fi\/wp-json\/wp\/v2\/product\/932","targetHints":{"allow":["GET"]}}],"collection":[{"href":"https:\/\/www.transtoyou.com\/fi\/wp-json\/wp\/v2\/product"}],"about":[{"href":"https:\/\/www.transtoyou.com\/fi\/wp-json\/wp\/v2\/types\/product"}],"replies":[{"embeddable":true,"href":"https:\/\/www.transtoyou.com\/fi\/wp-json\/wp\/v2\/comments?post=932"}],"wp:featuredmedia":[{"embeddable":true,"href":"https:\/\/www.transtoyou.com\/fi\/wp-json\/wp\/v2\/media\/934"}],"wp:attachment":[{"href":"https:\/\/www.transtoyou.com\/fi\/wp-json\/wp\/v2\/media?parent=932"}],"wp:term":[{"taxonomy":"product_brand","embeddable":true,"href":"https:\/\/www.transtoyou.com\/fi\/wp-json\/wp\/v2\/product_brand?post=932"},{"taxonomy":"product_cat","embeddable":true,"href":"https:\/\/www.transtoyou.com\/fi\/wp-json\/wp\/v2\/product_cat?post=932"},{"taxonomy":"product_tag","embeddable":true,"href":"https:\/\/www.transtoyou.com\/fi\/wp-json\/wp\/v2\/product_tag?post=932"},{"taxonomy":"expert","embeddable":true,"href":"https:\/\/www.transtoyou.com\/fi\/wp-json\/wp\/v2\/expert?post=932"}],"curies":[{"name":"wp","href":"https:\/\/api.w.org\/{rel}","templated":true}]}}