{"id":935,"date":"2026-01-25T18:47:48","date_gmt":"2026-01-25T18:47:48","guid":{"rendered":"https:\/\/www.transtoyou.com\/fi\/product\/grazax\/"},"modified":"2026-01-25T18:48:55","modified_gmt":"2026-01-25T18:48:55","slug":"grazax","status":"publish","type":"product","link":"https:\/\/www.transtoyou.com\/fi\/product\/grazax\/","title":{"rendered":"Grazax"},"content":{"rendered":"<p>Grazax on sublingvaalinen immunoterapia (SLIT) tabletti, joka on suunniteltu hoitamaan hein\u00e4nuha-allergioita v\u00e4hitellen desensibilisoimalla immuunij\u00e4rjestelm\u00e4\u00e4 hein\u00e4nuha-allergeneille. Se sis\u00e4lt\u00e4\u00e4 standardoidun allergeeniuutteen Timothy-hein\u00e4n siitep\u00f6lyst\u00e4, mik\u00e4 auttaa v\u00e4hent\u00e4m\u00e4\u00e4n allergisten reaktioiden vakavuutta ajan my\u00f6t\u00e4.<\/p>\n<p>Grazaxia m\u00e4\u00e4r\u00e4t\u00e4\u00e4n tyypillisesti henkil\u00f6ille, joilla on vakavia hein\u00e4nuha-allergioita, jotka vaikuttavat merkitt\u00e4v\u00e4sti heid\u00e4n el\u00e4m\u00e4nlaatuunsa. Sit\u00e4 otetaan kerran p\u00e4iv\u00e4ss\u00e4, aloittaen useita kuukausia ennen hein\u00e4nuha-kauden alkua ja jatkaen koko kauden ajan optimaalisen tehokkuuden saavuttamiseksi.<\/p>\n<p>Hoito toimii altistamalla immuunij\u00e4rjestelm\u00e4 pienille, hallituille annoksille hein\u00e4nuha-allergeneja, v\u00e4hent\u00e4en kehon herkkyytt\u00e4 ja tarjoten pitk\u00e4aikaista helpotusta. Grazax on tehokkaimmillaan osana kattavaa allergianhallintasuunnitelmaa, joka sis\u00e4lt\u00e4\u00e4 allergenien v\u00e4ltt\u00e4misen ja muiden l\u00e4\u00e4kkeiden k\u00e4yt\u00f6n tarpeen mukaan.<\/p>\n<p>Yleisi\u00e4 haittavaikutuksia ovat liev\u00e4 kutina tai turvotus suussa, kurkun \u00e4rsytys tai ruoansulatusvaivat, jotka yleens\u00e4 h\u00e4vi\u00e4v\u00e4t, kun keho tottuu hoitoon.<\/p>\n","protected":false},"excerpt":{"rendered":"<ul>\n<li>V\u00e4hent\u00e4\u00e4 hein\u00e4nuhasta johtuvia allergiaoireita<\/li>\n<li>Desensibiloi immuunij\u00e4rjestelm\u00e4\u00e4<\/li>\n<li>K\u00e4tev\u00e4t kerran p\u00e4iv\u00e4ss\u00e4 otettavat sublinguaaliset tabletit<\/li>\n<\/ul>\n","protected":false},"featured_media":937,"comment_status":"open","ping_status":"closed","template":"","meta":[],"product_brand":[],"product_cat":[57],"product_tag":[],"expert":[19],"class_list":{"0":"post-935","1":"product","2":"type-product","3":"status-publish","4":"has-post-thumbnail","6":"product_cat-allergia-ja-heinanuhalaakkeet","7":"expert-dr-j-vazquez","9":"first","10":"instock","11":"shipping-taxable","12":"product-type-variable"},"yoast_head":"<!-- This site is optimized with the Yoast SEO plugin v27.0 - https:\/\/yoast.com\/product\/yoast-seo-wordpress\/ -->\n<title>Grazax | Allergian helpotus &amp; immuunituen - Transtoyou<\/title>\n<meta name=\"description\" content=\"L\u00f6yd\u00e4 Grazax, SLIT-tabletti hein\u00e4p\u00f6lyallergian helpotukseen. Paranna el\u00e4m\u00e4\u00e4si pitk\u00e4aikaisella herkistymisen v\u00e4hent\u00e4misell\u00e4. Osta nyt Transtoyou.\" \/>\n<meta name=\"robots\" content=\"noindex, follow, max-snippet:-1, max-image-preview:large, max-video-preview:-1\" \/>\n<meta property=\"og:locale\" content=\"fi_FI\" \/>\n<meta property=\"og:type\" content=\"article\" \/>\n<meta property=\"og:title\" content=\"Grazax | Allergian helpotus &amp; immuunituen - Transtoyou\" \/>\n<meta property=\"og:description\" content=\"L\u00f6yd\u00e4 Grazax, SLIT-tabletti hein\u00e4p\u00f6lyallergian helpotukseen. Paranna el\u00e4m\u00e4\u00e4si pitk\u00e4aikaisella herkistymisen v\u00e4hent\u00e4misell\u00e4. Osta nyt Transtoyou.\" \/>\n<meta property=\"og:url\" content=\"https:\/\/www.transtoyou.com\/fi\/product\/grazax\/\" \/>\n<meta property=\"og:site_name\" content=\"Transtoyou - FI\" \/>\n<meta property=\"article:modified_time\" content=\"2026-01-25T18:48:55+00:00\" \/>\n<meta name=\"twitter:card\" content=\"summary_large_image\" \/>\n<meta name=\"twitter:label1\" content=\"Arvioitu lukuaika\" \/>\n\t<meta name=\"twitter:data1\" content=\"1 minuutti\" \/>\n<script type=\"application\/ld+json\" class=\"yoast-schema-graph\">{\"@context\":\"https:\/\/schema.org\",\"@graph\":[{\"@type\":\"WebPage\",\"@id\":\"https:\/\/www.transtoyou.com\/fi\/product\/grazax\/\",\"url\":\"https:\/\/www.transtoyou.com\/fi\/product\/grazax\/\",\"name\":\"Grazax | Allergian helpotus & immuunituen - Transtoyou\",\"isPartOf\":{\"@id\":\"https:\/\/www.transtoyou.com\/fi\/#website\"},\"primaryImageOfPage\":{\"@id\":\"https:\/\/www.transtoyou.com\/fi\/product\/grazax\/#primaryimage\"},\"image\":{\"@id\":\"https:\/\/www.transtoyou.com\/fi\/product\/grazax\/#primaryimage\"},\"thumbnailUrl\":\"https:\/\/www.transtoyou.com\/fi\/wp-content\/uploads\/sites\/16\/2026\/01\/tty-no-product-image-154.webp\",\"datePublished\":\"2026-01-25T18:47:48+00:00\",\"dateModified\":\"2026-01-25T18:48:55+00:00\",\"description\":\"L\u00f6yd\u00e4 Grazax, SLIT-tabletti hein\u00e4p\u00f6lyallergian helpotukseen. Paranna el\u00e4m\u00e4\u00e4si pitk\u00e4aikaisella herkistymisen v\u00e4hent\u00e4misell\u00e4. Osta nyt Transtoyou.\",\"breadcrumb\":{\"@id\":\"https:\/\/www.transtoyou.com\/fi\/product\/grazax\/#breadcrumb\"},\"inLanguage\":\"fi\",\"potentialAction\":[{\"@type\":\"ReadAction\",\"target\":[\"https:\/\/www.transtoyou.com\/fi\/product\/grazax\/\"]}]},{\"@type\":\"ImageObject\",\"inLanguage\":\"fi\",\"@id\":\"https:\/\/www.transtoyou.com\/fi\/product\/grazax\/#primaryimage\",\"url\":\"https:\/\/www.transtoyou.com\/fi\/wp-content\/uploads\/sites\/16\/2026\/01\/tty-no-product-image-154.webp\",\"contentUrl\":\"https:\/\/www.transtoyou.com\/fi\/wp-content\/uploads\/sites\/16\/2026\/01\/tty-no-product-image-154.webp\",\"width\":1000,\"height\":1000,\"caption\":\"Oletusarvoinen tuotekuva\"},{\"@type\":\"WebSite\",\"@id\":\"https:\/\/www.transtoyou.com\/fi\/#website\",\"url\":\"https:\/\/www.transtoyou.com\/fi\/\",\"name\":\"Transtoyou - FI\",\"description\":\"\",\"publisher\":{\"@id\":\"https:\/\/www.transtoyou.com\/fi\/#organization\"},\"potentialAction\":[{\"@type\":\"SearchAction\",\"target\":{\"@type\":\"EntryPoint\",\"urlTemplate\":\"https:\/\/www.transtoyou.com\/fi\/?s={search_term_string}\"},\"query-input\":{\"@type\":\"PropertyValueSpecification\",\"valueRequired\":true,\"valueName\":\"search_term_string\"}}],\"inLanguage\":\"fi\"},{\"@type\":\"Organization\",\"@id\":\"https:\/\/www.transtoyou.com\/fi\/#organization\",\"name\":\"Transtoyou - FI\",\"url\":\"https:\/\/www.transtoyou.com\/fi\/\",\"logo\":{\"@type\":\"ImageObject\",\"inLanguage\":\"fi\",\"@id\":\"https:\/\/www.transtoyou.com\/fi\/#\/schema\/logo\/image\/\",\"url\":\"https:\/\/www.transtoyou.com\/fi\/wp-content\/uploads\/sites\/16\/2026\/01\/logo-tty-menu-bar-300x87-1.webp\",\"contentUrl\":\"https:\/\/www.transtoyou.com\/fi\/wp-content\/uploads\/sites\/16\/2026\/01\/logo-tty-menu-bar-300x87-1.webp\",\"width\":300,\"height\":87,\"caption\":\"Transtoyou - FI\"},\"image\":{\"@id\":\"https:\/\/www.transtoyou.com\/fi\/#\/schema\/logo\/image\/\"}}]}<\/script>\n<!-- \/ Yoast SEO plugin. -->","yoast_head_json":{"title":"Grazax | Allergian helpotus & immuunituen - Transtoyou","description":"L\u00f6yd\u00e4 Grazax, SLIT-tabletti hein\u00e4p\u00f6lyallergian helpotukseen. Paranna el\u00e4m\u00e4\u00e4si pitk\u00e4aikaisella herkistymisen v\u00e4hent\u00e4misell\u00e4. Osta nyt Transtoyou.","robots":{"index":"noindex","follow":"follow","max-snippet":"max-snippet:-1","max-image-preview":"max-image-preview:large","max-video-preview":"max-video-preview:-1"},"og_locale":"fi_FI","og_type":"article","og_title":"Grazax | Allergian helpotus & immuunituen - Transtoyou","og_description":"L\u00f6yd\u00e4 Grazax, SLIT-tabletti hein\u00e4p\u00f6lyallergian helpotukseen. Paranna el\u00e4m\u00e4\u00e4si pitk\u00e4aikaisella herkistymisen v\u00e4hent\u00e4misell\u00e4. Osta nyt Transtoyou.","og_url":"https:\/\/www.transtoyou.com\/fi\/product\/grazax\/","og_site_name":"Transtoyou - FI","article_modified_time":"2026-01-25T18:48:55+00:00","twitter_card":"summary_large_image","twitter_misc":{"Arvioitu lukuaika":"1 minuutti"},"schema":{"@context":"https:\/\/schema.org","@graph":[{"@type":"WebPage","@id":"https:\/\/www.transtoyou.com\/fi\/product\/grazax\/","url":"https:\/\/www.transtoyou.com\/fi\/product\/grazax\/","name":"Grazax | Allergian helpotus & immuunituen - Transtoyou","isPartOf":{"@id":"https:\/\/www.transtoyou.com\/fi\/#website"},"primaryImageOfPage":{"@id":"https:\/\/www.transtoyou.com\/fi\/product\/grazax\/#primaryimage"},"image":{"@id":"https:\/\/www.transtoyou.com\/fi\/product\/grazax\/#primaryimage"},"thumbnailUrl":"https:\/\/www.transtoyou.com\/fi\/wp-content\/uploads\/sites\/16\/2026\/01\/tty-no-product-image-154.webp","datePublished":"2026-01-25T18:47:48+00:00","dateModified":"2026-01-25T18:48:55+00:00","description":"L\u00f6yd\u00e4 Grazax, SLIT-tabletti hein\u00e4p\u00f6lyallergian helpotukseen. Paranna el\u00e4m\u00e4\u00e4si pitk\u00e4aikaisella herkistymisen v\u00e4hent\u00e4misell\u00e4. Osta nyt Transtoyou.","breadcrumb":{"@id":"https:\/\/www.transtoyou.com\/fi\/product\/grazax\/#breadcrumb"},"inLanguage":"fi","potentialAction":[{"@type":"ReadAction","target":["https:\/\/www.transtoyou.com\/fi\/product\/grazax\/"]}]},{"@type":"ImageObject","inLanguage":"fi","@id":"https:\/\/www.transtoyou.com\/fi\/product\/grazax\/#primaryimage","url":"https:\/\/www.transtoyou.com\/fi\/wp-content\/uploads\/sites\/16\/2026\/01\/tty-no-product-image-154.webp","contentUrl":"https:\/\/www.transtoyou.com\/fi\/wp-content\/uploads\/sites\/16\/2026\/01\/tty-no-product-image-154.webp","width":1000,"height":1000,"caption":"Oletusarvoinen tuotekuva"},{"@type":"WebSite","@id":"https:\/\/www.transtoyou.com\/fi\/#website","url":"https:\/\/www.transtoyou.com\/fi\/","name":"Transtoyou - FI","description":"","publisher":{"@id":"https:\/\/www.transtoyou.com\/fi\/#organization"},"potentialAction":[{"@type":"SearchAction","target":{"@type":"EntryPoint","urlTemplate":"https:\/\/www.transtoyou.com\/fi\/?s={search_term_string}"},"query-input":{"@type":"PropertyValueSpecification","valueRequired":true,"valueName":"search_term_string"}}],"inLanguage":"fi"},{"@type":"Organization","@id":"https:\/\/www.transtoyou.com\/fi\/#organization","name":"Transtoyou - FI","url":"https:\/\/www.transtoyou.com\/fi\/","logo":{"@type":"ImageObject","inLanguage":"fi","@id":"https:\/\/www.transtoyou.com\/fi\/#\/schema\/logo\/image\/","url":"https:\/\/www.transtoyou.com\/fi\/wp-content\/uploads\/sites\/16\/2026\/01\/logo-tty-menu-bar-300x87-1.webp","contentUrl":"https:\/\/www.transtoyou.com\/fi\/wp-content\/uploads\/sites\/16\/2026\/01\/logo-tty-menu-bar-300x87-1.webp","width":300,"height":87,"caption":"Transtoyou - FI"},"image":{"@id":"https:\/\/www.transtoyou.com\/fi\/#\/schema\/logo\/image\/"}}]}},"_links":{"self":[{"href":"https:\/\/www.transtoyou.com\/fi\/wp-json\/wp\/v2\/product\/935","targetHints":{"allow":["GET"]}}],"collection":[{"href":"https:\/\/www.transtoyou.com\/fi\/wp-json\/wp\/v2\/product"}],"about":[{"href":"https:\/\/www.transtoyou.com\/fi\/wp-json\/wp\/v2\/types\/product"}],"replies":[{"embeddable":true,"href":"https:\/\/www.transtoyou.com\/fi\/wp-json\/wp\/v2\/comments?post=935"}],"wp:featuredmedia":[{"embeddable":true,"href":"https:\/\/www.transtoyou.com\/fi\/wp-json\/wp\/v2\/media\/937"}],"wp:attachment":[{"href":"https:\/\/www.transtoyou.com\/fi\/wp-json\/wp\/v2\/media?parent=935"}],"wp:term":[{"taxonomy":"product_brand","embeddable":true,"href":"https:\/\/www.transtoyou.com\/fi\/wp-json\/wp\/v2\/product_brand?post=935"},{"taxonomy":"product_cat","embeddable":true,"href":"https:\/\/www.transtoyou.com\/fi\/wp-json\/wp\/v2\/product_cat?post=935"},{"taxonomy":"product_tag","embeddable":true,"href":"https:\/\/www.transtoyou.com\/fi\/wp-json\/wp\/v2\/product_tag?post=935"},{"taxonomy":"expert","embeddable":true,"href":"https:\/\/www.transtoyou.com\/fi\/wp-json\/wp\/v2\/expert?post=935"}],"curies":[{"name":"wp","href":"https:\/\/api.w.org\/{rel}","templated":true}]}}