{"id":938,"date":"2026-01-25T19:06:04","date_gmt":"2026-01-25T19:06:04","guid":{"rendered":"https:\/\/www.transtoyou.com\/fi\/product\/promethazine\/"},"modified":"2026-03-01T14:24:11","modified_gmt":"2026-03-01T14:24:11","slug":"prometatsiini","status":"publish","type":"product","link":"https:\/\/www.transtoyou.com\/fi\/product\/prometatsiini\/","title":{"rendered":"Prometatsiini"},"content":{"rendered":"<p>Prometatsiini on ensimm\u00e4isen sukupolven antihistamiini, jota k\u00e4ytet\u00e4\u00e4n allergiaoireiden ja hein\u00e4nuhan hallintaan, mukaan lukien aivastelu, nuha, kutisevat tai vetiset silm\u00e4t sek\u00e4 ihoreaktiot, kuten nokkosihottuma tai kutina. Se toimii est\u00e4m\u00e4ll\u00e4 histamiinin vaikutuksia, kemikaalia, joka vapautuu allergisissa reaktioissa ja aiheuttaa tulehdusta ja \u00e4rsytyst\u00e4 kehossa.<\/p>\n<p>T\u00e4m\u00e4 l\u00e4\u00e4kitys on erityisen hy\u00f6dyllinen henkil\u00f6ille, jotka kokevat kohtalaisia tai vakavia allergisia reaktioita, jotka vaikuttavat heid\u00e4n el\u00e4m\u00e4nlaatuunsa tai uneensa. Toisin kuin uudemmat antihistamiinit, prometatsiini aiheuttaa rauhoittavaa vaikutusta, mik\u00e4 tekee siit\u00e4 hy\u00f6dyllisen vaihtoehdon niille, joiden allergiaoireet h\u00e4iritsev\u00e4t unta. Sit\u00e4 m\u00e4\u00e4r\u00e4t\u00e4\u00e4n my\u00f6s usein, kun allergioihin liittyy ihon ongelmia, kuten ihottumaa tai voimakasta kutinaa.<\/p>\n<p>Prometatsiini otetaan yleens\u00e4 tabletin muodossa kerran tai kaksi kertaa p\u00e4iv\u00e4ss\u00e4 oireiden vakavuudesta riippuen. Rauhoittavan vaikutuksen vuoksi sit\u00e4 otetaan usein illalla tai ennen nukkumaanmenoa. Rauhoittava vaikutus ei ainoastaan lievit\u00e4 allergiaoireita, vaan auttaa my\u00f6s kehoa lep\u00e4\u00e4m\u00e4\u00e4n, mik\u00e4 tekee siit\u00e4 erityisen sopivan y\u00f6k\u00e4ytt\u00f6\u00f6n.<\/p>\n<p>Vaikutukset alkavat tyypillisesti 20\u201360 minuutin kuluttua annoksen ottamisesta ja voivat kest\u00e4\u00e4 useita tunteja. Jotkut ihmiset saattavat kokea uneliaisuutta, huimausta tai suun kuivumista, erityisesti ensimm\u00e4isten k\u00e4ytt\u00f6p\u00e4ivien aikana. N\u00e4m\u00e4 haittavaikutukset usein v\u00e4henev\u00e4t kehon tottuessa l\u00e4\u00e4kkeeseen. On t\u00e4rke\u00e4\u00e4 olla ajamatta tai k\u00e4ytt\u00e4m\u00e4tt\u00e4 koneita prometatsiinin ottamisen j\u00e4lkeen, kunnes tied\u00e4t, miten se vaikuttaa sinuun.<\/p>\n","protected":false},"excerpt":{"rendered":"<ul>\n<li>Tarjoaa helpotusta allergioihin ja pahoinvointiin<\/li>\n<li>Auttaa hallitsemaan liikuntatautia<\/li>\n<li>Voi auttaa lyhytaikaisissa univaikeuksissa<\/li>\n<\/ul>\n","protected":false},"featured_media":940,"comment_status":"open","ping_status":"closed","template":"","meta":[],"product_brand":[],"product_cat":[57],"product_tag":[],"expert":[19],"class_list":{"0":"post-938","1":"product","2":"type-product","3":"status-publish","4":"has-post-thumbnail","6":"product_cat-allergia-ja-heinanuhalaakkeet","7":"expert-dr-j-vazquez","9":"first","10":"instock","11":"shipping-taxable","12":"product-type-variable"},"yoast_head":"<!-- This site is optimized with the Yoast SEO plugin v27.0 - https:\/\/yoast.com\/product\/yoast-seo-wordpress\/ -->\n<title>Prometatsiini | Helpota allergiaoireita nopeasti - Transtoyou<\/title>\n<meta name=\"description\" content=\"Prometatsiini, ensimm\u00e4isen sukupolven antihistamiini allergiaoireiden lievitt\u00e4miseen ja uneen. Osta nyt Transtoyousta. Turvallista ja tehokasta.\" \/>\n<meta name=\"robots\" content=\"noindex, follow, max-snippet:-1, max-image-preview:large, max-video-preview:-1\" \/>\n<meta property=\"og:locale\" content=\"fi_FI\" \/>\n<meta property=\"og:type\" content=\"article\" \/>\n<meta property=\"og:title\" content=\"Prometatsiini | Helpota allergiaoireita nopeasti - Transtoyou\" \/>\n<meta property=\"og:description\" content=\"Prometatsiini, ensimm\u00e4isen sukupolven antihistamiini allergiaoireiden lievitt\u00e4miseen ja uneen. Osta nyt Transtoyousta. Turvallista ja tehokasta.\" \/>\n<meta property=\"og:url\" content=\"https:\/\/www.transtoyou.com\/fi\/product\/promethazine\/\" \/>\n<meta property=\"og:site_name\" content=\"Transtoyou - FI\" \/>\n<meta property=\"article:modified_time\" content=\"2026-03-01T14:24:11+00:00\" \/>\n<meta name=\"twitter:card\" content=\"summary_large_image\" \/>\n<meta name=\"twitter:label1\" content=\"Arvioitu lukuaika\" \/>\n\t<meta name=\"twitter:data1\" content=\"1 minuutti\" \/>\n<script type=\"application\/ld+json\" class=\"yoast-schema-graph\">{\"@context\":\"https:\/\/schema.org\",\"@graph\":[{\"@type\":\"WebPage\",\"@id\":\"https:\/\/www.transtoyou.com\/fi\/product\/promethazine\/\",\"url\":\"https:\/\/www.transtoyou.com\/fi\/product\/promethazine\/\",\"name\":\"Prometatsiini | Helpota allergiaoireita nopeasti - Transtoyou\",\"isPartOf\":{\"@id\":\"https:\/\/www.transtoyou.com\/fi\/#website\"},\"primaryImageOfPage\":{\"@id\":\"https:\/\/www.transtoyou.com\/fi\/product\/promethazine\/#primaryimage\"},\"image\":{\"@id\":\"https:\/\/www.transtoyou.com\/fi\/product\/promethazine\/#primaryimage\"},\"thumbnailUrl\":\"https:\/\/www.transtoyou.com\/fi\/wp-content\/uploads\/sites\/16\/2026\/01\/tty-no-product-image-155.webp\",\"datePublished\":\"2026-01-25T19:06:04+00:00\",\"dateModified\":\"2026-03-01T14:24:11+00:00\",\"description\":\"Prometatsiini, ensimm\u00e4isen sukupolven antihistamiini allergiaoireiden lievitt\u00e4miseen ja uneen. Osta nyt Transtoyousta. Turvallista ja tehokasta.\",\"breadcrumb\":{\"@id\":\"https:\/\/www.transtoyou.com\/fi\/product\/promethazine\/#breadcrumb\"},\"inLanguage\":\"fi\",\"potentialAction\":[{\"@type\":\"ReadAction\",\"target\":[\"https:\/\/www.transtoyou.com\/fi\/product\/promethazine\/\"]}]},{\"@type\":\"ImageObject\",\"inLanguage\":\"fi\",\"@id\":\"https:\/\/www.transtoyou.com\/fi\/product\/promethazine\/#primaryimage\",\"url\":\"https:\/\/www.transtoyou.com\/fi\/wp-content\/uploads\/sites\/16\/2026\/01\/tty-no-product-image-155.webp\",\"contentUrl\":\"https:\/\/www.transtoyou.com\/fi\/wp-content\/uploads\/sites\/16\/2026\/01\/tty-no-product-image-155.webp\",\"width\":1000,\"height\":1000,\"caption\":\"Oletusarvoinen tuotekuva\"},{\"@type\":\"WebSite\",\"@id\":\"https:\/\/www.transtoyou.com\/fi\/#website\",\"url\":\"https:\/\/www.transtoyou.com\/fi\/\",\"name\":\"Transtoyou - FI\",\"description\":\"\",\"publisher\":{\"@id\":\"https:\/\/www.transtoyou.com\/fi\/#organization\"},\"potentialAction\":[{\"@type\":\"SearchAction\",\"target\":{\"@type\":\"EntryPoint\",\"urlTemplate\":\"https:\/\/www.transtoyou.com\/fi\/?s={search_term_string}\"},\"query-input\":{\"@type\":\"PropertyValueSpecification\",\"valueRequired\":true,\"valueName\":\"search_term_string\"}}],\"inLanguage\":\"fi\"},{\"@type\":\"Organization\",\"@id\":\"https:\/\/www.transtoyou.com\/fi\/#organization\",\"name\":\"Transtoyou - FI\",\"url\":\"https:\/\/www.transtoyou.com\/fi\/\",\"logo\":{\"@type\":\"ImageObject\",\"inLanguage\":\"fi\",\"@id\":\"https:\/\/www.transtoyou.com\/fi\/#\/schema\/logo\/image\/\",\"url\":\"https:\/\/www.transtoyou.com\/fi\/wp-content\/uploads\/sites\/16\/2026\/01\/logo-tty-menu-bar-300x87-1.webp\",\"contentUrl\":\"https:\/\/www.transtoyou.com\/fi\/wp-content\/uploads\/sites\/16\/2026\/01\/logo-tty-menu-bar-300x87-1.webp\",\"width\":300,\"height\":87,\"caption\":\"Transtoyou - FI\"},\"image\":{\"@id\":\"https:\/\/www.transtoyou.com\/fi\/#\/schema\/logo\/image\/\"}}]}<\/script>\n<!-- \/ Yoast SEO plugin. -->","yoast_head_json":{"title":"Prometatsiini | Helpota allergiaoireita nopeasti - Transtoyou","description":"Prometatsiini, ensimm\u00e4isen sukupolven antihistamiini allergiaoireiden lievitt\u00e4miseen ja uneen. Osta nyt Transtoyousta. Turvallista ja tehokasta.","robots":{"index":"noindex","follow":"follow","max-snippet":"max-snippet:-1","max-image-preview":"max-image-preview:large","max-video-preview":"max-video-preview:-1"},"og_locale":"fi_FI","og_type":"article","og_title":"Prometatsiini | Helpota allergiaoireita nopeasti - Transtoyou","og_description":"Prometatsiini, ensimm\u00e4isen sukupolven antihistamiini allergiaoireiden lievitt\u00e4miseen ja uneen. Osta nyt Transtoyousta. Turvallista ja tehokasta.","og_url":"https:\/\/www.transtoyou.com\/fi\/product\/promethazine\/","og_site_name":"Transtoyou - FI","article_modified_time":"2026-03-01T14:24:11+00:00","twitter_card":"summary_large_image","twitter_misc":{"Arvioitu lukuaika":"1 minuutti"},"schema":{"@context":"https:\/\/schema.org","@graph":[{"@type":"WebPage","@id":"https:\/\/www.transtoyou.com\/fi\/product\/promethazine\/","url":"https:\/\/www.transtoyou.com\/fi\/product\/promethazine\/","name":"Prometatsiini | Helpota allergiaoireita nopeasti - Transtoyou","isPartOf":{"@id":"https:\/\/www.transtoyou.com\/fi\/#website"},"primaryImageOfPage":{"@id":"https:\/\/www.transtoyou.com\/fi\/product\/promethazine\/#primaryimage"},"image":{"@id":"https:\/\/www.transtoyou.com\/fi\/product\/promethazine\/#primaryimage"},"thumbnailUrl":"https:\/\/www.transtoyou.com\/fi\/wp-content\/uploads\/sites\/16\/2026\/01\/tty-no-product-image-155.webp","datePublished":"2026-01-25T19:06:04+00:00","dateModified":"2026-03-01T14:24:11+00:00","description":"Prometatsiini, ensimm\u00e4isen sukupolven antihistamiini allergiaoireiden lievitt\u00e4miseen ja uneen. Osta nyt Transtoyousta. Turvallista ja tehokasta.","breadcrumb":{"@id":"https:\/\/www.transtoyou.com\/fi\/product\/promethazine\/#breadcrumb"},"inLanguage":"fi","potentialAction":[{"@type":"ReadAction","target":["https:\/\/www.transtoyou.com\/fi\/product\/promethazine\/"]}]},{"@type":"ImageObject","inLanguage":"fi","@id":"https:\/\/www.transtoyou.com\/fi\/product\/promethazine\/#primaryimage","url":"https:\/\/www.transtoyou.com\/fi\/wp-content\/uploads\/sites\/16\/2026\/01\/tty-no-product-image-155.webp","contentUrl":"https:\/\/www.transtoyou.com\/fi\/wp-content\/uploads\/sites\/16\/2026\/01\/tty-no-product-image-155.webp","width":1000,"height":1000,"caption":"Oletusarvoinen tuotekuva"},{"@type":"WebSite","@id":"https:\/\/www.transtoyou.com\/fi\/#website","url":"https:\/\/www.transtoyou.com\/fi\/","name":"Transtoyou - FI","description":"","publisher":{"@id":"https:\/\/www.transtoyou.com\/fi\/#organization"},"potentialAction":[{"@type":"SearchAction","target":{"@type":"EntryPoint","urlTemplate":"https:\/\/www.transtoyou.com\/fi\/?s={search_term_string}"},"query-input":{"@type":"PropertyValueSpecification","valueRequired":true,"valueName":"search_term_string"}}],"inLanguage":"fi"},{"@type":"Organization","@id":"https:\/\/www.transtoyou.com\/fi\/#organization","name":"Transtoyou - FI","url":"https:\/\/www.transtoyou.com\/fi\/","logo":{"@type":"ImageObject","inLanguage":"fi","@id":"https:\/\/www.transtoyou.com\/fi\/#\/schema\/logo\/image\/","url":"https:\/\/www.transtoyou.com\/fi\/wp-content\/uploads\/sites\/16\/2026\/01\/logo-tty-menu-bar-300x87-1.webp","contentUrl":"https:\/\/www.transtoyou.com\/fi\/wp-content\/uploads\/sites\/16\/2026\/01\/logo-tty-menu-bar-300x87-1.webp","width":300,"height":87,"caption":"Transtoyou - FI"},"image":{"@id":"https:\/\/www.transtoyou.com\/fi\/#\/schema\/logo\/image\/"}}]}},"_links":{"self":[{"href":"https:\/\/www.transtoyou.com\/fi\/wp-json\/wp\/v2\/product\/938","targetHints":{"allow":["GET"]}}],"collection":[{"href":"https:\/\/www.transtoyou.com\/fi\/wp-json\/wp\/v2\/product"}],"about":[{"href":"https:\/\/www.transtoyou.com\/fi\/wp-json\/wp\/v2\/types\/product"}],"replies":[{"embeddable":true,"href":"https:\/\/www.transtoyou.com\/fi\/wp-json\/wp\/v2\/comments?post=938"}],"wp:featuredmedia":[{"embeddable":true,"href":"https:\/\/www.transtoyou.com\/fi\/wp-json\/wp\/v2\/media\/940"}],"wp:attachment":[{"href":"https:\/\/www.transtoyou.com\/fi\/wp-json\/wp\/v2\/media?parent=938"}],"wp:term":[{"taxonomy":"product_brand","embeddable":true,"href":"https:\/\/www.transtoyou.com\/fi\/wp-json\/wp\/v2\/product_brand?post=938"},{"taxonomy":"product_cat","embeddable":true,"href":"https:\/\/www.transtoyou.com\/fi\/wp-json\/wp\/v2\/product_cat?post=938"},{"taxonomy":"product_tag","embeddable":true,"href":"https:\/\/www.transtoyou.com\/fi\/wp-json\/wp\/v2\/product_tag?post=938"},{"taxonomy":"expert","embeddable":true,"href":"https:\/\/www.transtoyou.com\/fi\/wp-json\/wp\/v2\/expert?post=938"}],"curies":[{"name":"wp","href":"https:\/\/api.w.org\/{rel}","templated":true}]}}