{"id":953,"date":"2026-01-25T20:35:05","date_gmt":"2026-01-25T20:35:05","guid":{"rendered":"https:\/\/www.transtoyou.com\/fi\/product\/isotretinoin\/"},"modified":"2026-02-26T09:59:25","modified_gmt":"2026-02-26T09:59:25","slug":"isotretinoi","status":"publish","type":"product","link":"https:\/\/www.transtoyou.com\/fi\/product\/isotretinoi\/","title":{"rendered":"Isotretinoi"},"content":{"rendered":"<p>Isotretinoiini on l\u00e4\u00e4ke, jota k\u00e4ytet\u00e4\u00e4n eritt\u00e4in vakavan aknen hoitoon, erityisesti sellaisen, joka aiheuttaa syvi\u00e4, kivuliaita n\u00e4ppyj\u00e4 (kuten kystoja tai kyhmyj\u00e4) eik\u00e4 parane voiteilla tai antibiooteilla. Se otetaan pillerein\u00e4 ja sit\u00e4 harkitaan yleens\u00e4, kun muut hoidot eiv\u00e4t ole toimineet. Vaikuttava aine on per\u00e4isin A-vitamiinista ja se kohdistuu aknen juurisyihin.<\/p>\n<p>Se toimii kutistamalla ihon rasvarauhasia ja v\u00e4hent\u00e4m\u00e4ll\u00e4 niiden tuottaman \u00f6ljyn (sebum) m\u00e4\u00e4r\u00e4\u00e4. Liiallinen \u00f6ljy voi tukkia huokosia ja johtaa n\u00e4ppyjen muodostumiseen. Isotretinoiini auttaa my\u00f6s est\u00e4m\u00e4\u00e4n kuolleiden ihosolujen kertymist\u00e4 huokosiin ja v\u00e4hent\u00e4\u00e4 aknea aiheuttavien bakteerien m\u00e4\u00e4r\u00e4\u00e4 iholla. Koska se vaikuttaa useisiin syihin samanaikaisesti, se voi johtaa kirkkaampaan ihoon ajan my\u00f6t\u00e4, ja se voi my\u00f6s auttaa parantamaan arpia.<\/p>\n<p>Tyypillinen hoito kest\u00e4\u00e4 nelj\u00e4st\u00e4 kuuteen kuukauteen. Monet ihmiset huomaavat ihonsa paranevan v\u00e4hitellen t\u00e4m\u00e4n ajan kuluessa. Kuitenkin isotretinoiini voi aiheuttaa haittavaikutuksia. Yleisimm\u00e4t ovat kuivat huulet, kuiva iho ja herkkyys auringonvalolle. Jotkut ihmiset saattavat my\u00f6s kokea nen\u00e4verenvuotoja, nivelkipua tai mielialan muutoksia. Koska se voi my\u00f6s vaikuttaa maksaan ja kolesterolitasoihin, s\u00e4\u00e4nn\u00f6lliset verikokeet ovat yleens\u00e4 tarpeen tai eritt\u00e4in suositeltavia hoidon aikana.<\/p>\n<p>Yksi vakavimmista riskeist\u00e4 on, ett\u00e4 isotretinoiini voi aiheuttaa synnynn\u00e4isi\u00e4 vikoja, jos sit\u00e4 otetaan raskauden aikana. T\u00e4st\u00e4 syyst\u00e4 henkil\u00f6iden, jotka voivat tulla raskaaksi, on k\u00e4ytett\u00e4v\u00e4 luotettavaa ehk\u00e4isy\u00e4 ja teht\u00e4v\u00e4 s\u00e4\u00e4nn\u00f6llisi\u00e4 raskaustestej\u00e4 ennen hoitoa ja sen aikana. Isotretinoiinia m\u00e4\u00e4r\u00e4t\u00e4\u00e4n vain l\u00e4\u00e4k\u00e4rin valvonnassa n\u00e4iden mahdollisten haittavaikutusten ja riskien vuoksi.<\/p>\n","protected":false},"excerpt":{"rendered":"<ul>\n<li>Tehokas retinoidi vaikeaan, hoitoon resistenttiin akneen<\/li>\n<li>V\u00e4hent\u00e4\u00e4 talinerityst\u00e4 ja normalisoi ihosolujen uusiutumista<\/li>\n<li>Tarjoaa pysyv\u00e4\u00e4 parannusta ihon kirkkaudessa ja rakenteessa<\/li>\n<\/ul>\n","protected":false},"featured_media":955,"comment_status":"open","ping_status":"closed","template":"","meta":[],"product_brand":[],"product_cat":[54],"product_tag":[],"expert":[21],"class_list":{"0":"post-953","1":"product","2":"type-product","3":"status-publish","4":"has-post-thumbnail","6":"product_cat-akne","7":"expert-dr-m-sharoyko","9":"first","10":"instock","11":"shipping-taxable","12":"product-type-variable"},"yoast_head":"<!-- This site is optimized with the Yoast SEO plugin v27.0 - https:\/\/yoast.com\/product\/yoast-seo-wordpress\/ -->\n<title>Isotretinoiini | Kohdennettu aknen hoito - Transtoyou<\/title>\n<meta name=\"description\" content=\"Isotretinoi, tehokas aknen ratkaisu, v\u00e4hent\u00e4\u00e4 \u00f6ljytuotantoa ja kohdistuu syviin kivuliaisiin n\u00e4ppyihin. Saatavilla nyt Transtoyou:lla kirkkaampaa ihoa varten.\" \/>\n<meta name=\"robots\" content=\"noindex, follow, max-snippet:-1, max-image-preview:large, max-video-preview:-1\" \/>\n<meta property=\"og:locale\" content=\"fi_FI\" \/>\n<meta property=\"og:type\" content=\"article\" \/>\n<meta property=\"og:title\" content=\"Isotretinoiini | Kohdennettu aknen hoito - Transtoyou\" \/>\n<meta property=\"og:description\" content=\"Isotretinoi, tehokas aknen ratkaisu, v\u00e4hent\u00e4\u00e4 \u00f6ljytuotantoa ja kohdistuu syviin kivuliaisiin n\u00e4ppyihin. Saatavilla nyt Transtoyou:lla kirkkaampaa ihoa varten.\" \/>\n<meta property=\"og:url\" content=\"https:\/\/www.transtoyou.com\/fi\/product\/isotretinoin\/\" \/>\n<meta property=\"og:site_name\" content=\"Transtoyou - FI\" \/>\n<meta property=\"article:modified_time\" content=\"2026-02-26T09:59:25+00:00\" \/>\n<meta name=\"twitter:card\" content=\"summary_large_image\" \/>\n<meta name=\"twitter:label1\" content=\"Arvioitu lukuaika\" \/>\n\t<meta name=\"twitter:data1\" content=\"1 minuutti\" \/>\n<script type=\"application\/ld+json\" class=\"yoast-schema-graph\">{\"@context\":\"https:\/\/schema.org\",\"@graph\":[{\"@type\":\"WebPage\",\"@id\":\"https:\/\/www.transtoyou.com\/fi\/product\/isotretinoin\/\",\"url\":\"https:\/\/www.transtoyou.com\/fi\/product\/isotretinoin\/\",\"name\":\"Isotretinoiini | Kohdennettu aknen hoito - Transtoyou\",\"isPartOf\":{\"@id\":\"https:\/\/www.transtoyou.com\/fi\/#website\"},\"primaryImageOfPage\":{\"@id\":\"https:\/\/www.transtoyou.com\/fi\/product\/isotretinoin\/#primaryimage\"},\"image\":{\"@id\":\"https:\/\/www.transtoyou.com\/fi\/product\/isotretinoin\/#primaryimage\"},\"thumbnailUrl\":\"https:\/\/www.transtoyou.com\/fi\/wp-content\/uploads\/sites\/16\/2026\/01\/tty-no-product-image-160.webp\",\"datePublished\":\"2026-01-25T20:35:05+00:00\",\"dateModified\":\"2026-02-26T09:59:25+00:00\",\"description\":\"Isotretinoi, tehokas aknen ratkaisu, v\u00e4hent\u00e4\u00e4 \u00f6ljytuotantoa ja kohdistuu syviin kivuliaisiin n\u00e4ppyihin. Saatavilla nyt Transtoyou:lla kirkkaampaa ihoa varten.\",\"breadcrumb\":{\"@id\":\"https:\/\/www.transtoyou.com\/fi\/product\/isotretinoin\/#breadcrumb\"},\"inLanguage\":\"fi\",\"potentialAction\":[{\"@type\":\"ReadAction\",\"target\":[\"https:\/\/www.transtoyou.com\/fi\/product\/isotretinoin\/\"]}]},{\"@type\":\"ImageObject\",\"inLanguage\":\"fi\",\"@id\":\"https:\/\/www.transtoyou.com\/fi\/product\/isotretinoin\/#primaryimage\",\"url\":\"https:\/\/www.transtoyou.com\/fi\/wp-content\/uploads\/sites\/16\/2026\/01\/tty-no-product-image-160.webp\",\"contentUrl\":\"https:\/\/www.transtoyou.com\/fi\/wp-content\/uploads\/sites\/16\/2026\/01\/tty-no-product-image-160.webp\",\"width\":1000,\"height\":1000,\"caption\":\"Oletusarvoinen tuotekuva\"},{\"@type\":\"WebSite\",\"@id\":\"https:\/\/www.transtoyou.com\/fi\/#website\",\"url\":\"https:\/\/www.transtoyou.com\/fi\/\",\"name\":\"Transtoyou - FI\",\"description\":\"\",\"publisher\":{\"@id\":\"https:\/\/www.transtoyou.com\/fi\/#organization\"},\"potentialAction\":[{\"@type\":\"SearchAction\",\"target\":{\"@type\":\"EntryPoint\",\"urlTemplate\":\"https:\/\/www.transtoyou.com\/fi\/?s={search_term_string}\"},\"query-input\":{\"@type\":\"PropertyValueSpecification\",\"valueRequired\":true,\"valueName\":\"search_term_string\"}}],\"inLanguage\":\"fi\"},{\"@type\":\"Organization\",\"@id\":\"https:\/\/www.transtoyou.com\/fi\/#organization\",\"name\":\"Transtoyou - FI\",\"url\":\"https:\/\/www.transtoyou.com\/fi\/\",\"logo\":{\"@type\":\"ImageObject\",\"inLanguage\":\"fi\",\"@id\":\"https:\/\/www.transtoyou.com\/fi\/#\/schema\/logo\/image\/\",\"url\":\"https:\/\/www.transtoyou.com\/fi\/wp-content\/uploads\/sites\/16\/2026\/01\/logo-tty-menu-bar-300x87-1.webp\",\"contentUrl\":\"https:\/\/www.transtoyou.com\/fi\/wp-content\/uploads\/sites\/16\/2026\/01\/logo-tty-menu-bar-300x87-1.webp\",\"width\":300,\"height\":87,\"caption\":\"Transtoyou - FI\"},\"image\":{\"@id\":\"https:\/\/www.transtoyou.com\/fi\/#\/schema\/logo\/image\/\"}}]}<\/script>\n<!-- \/ Yoast SEO plugin. -->","yoast_head_json":{"title":"Isotretinoiini | Kohdennettu aknen hoito - Transtoyou","description":"Isotretinoi, tehokas aknen ratkaisu, v\u00e4hent\u00e4\u00e4 \u00f6ljytuotantoa ja kohdistuu syviin kivuliaisiin n\u00e4ppyihin. Saatavilla nyt Transtoyou:lla kirkkaampaa ihoa varten.","robots":{"index":"noindex","follow":"follow","max-snippet":"max-snippet:-1","max-image-preview":"max-image-preview:large","max-video-preview":"max-video-preview:-1"},"og_locale":"fi_FI","og_type":"article","og_title":"Isotretinoiini | Kohdennettu aknen hoito - Transtoyou","og_description":"Isotretinoi, tehokas aknen ratkaisu, v\u00e4hent\u00e4\u00e4 \u00f6ljytuotantoa ja kohdistuu syviin kivuliaisiin n\u00e4ppyihin. Saatavilla nyt Transtoyou:lla kirkkaampaa ihoa varten.","og_url":"https:\/\/www.transtoyou.com\/fi\/product\/isotretinoin\/","og_site_name":"Transtoyou - FI","article_modified_time":"2026-02-26T09:59:25+00:00","twitter_card":"summary_large_image","twitter_misc":{"Arvioitu lukuaika":"1 minuutti"},"schema":{"@context":"https:\/\/schema.org","@graph":[{"@type":"WebPage","@id":"https:\/\/www.transtoyou.com\/fi\/product\/isotretinoin\/","url":"https:\/\/www.transtoyou.com\/fi\/product\/isotretinoin\/","name":"Isotretinoiini | Kohdennettu aknen hoito - Transtoyou","isPartOf":{"@id":"https:\/\/www.transtoyou.com\/fi\/#website"},"primaryImageOfPage":{"@id":"https:\/\/www.transtoyou.com\/fi\/product\/isotretinoin\/#primaryimage"},"image":{"@id":"https:\/\/www.transtoyou.com\/fi\/product\/isotretinoin\/#primaryimage"},"thumbnailUrl":"https:\/\/www.transtoyou.com\/fi\/wp-content\/uploads\/sites\/16\/2026\/01\/tty-no-product-image-160.webp","datePublished":"2026-01-25T20:35:05+00:00","dateModified":"2026-02-26T09:59:25+00:00","description":"Isotretinoi, tehokas aknen ratkaisu, v\u00e4hent\u00e4\u00e4 \u00f6ljytuotantoa ja kohdistuu syviin kivuliaisiin n\u00e4ppyihin. Saatavilla nyt Transtoyou:lla kirkkaampaa ihoa varten.","breadcrumb":{"@id":"https:\/\/www.transtoyou.com\/fi\/product\/isotretinoin\/#breadcrumb"},"inLanguage":"fi","potentialAction":[{"@type":"ReadAction","target":["https:\/\/www.transtoyou.com\/fi\/product\/isotretinoin\/"]}]},{"@type":"ImageObject","inLanguage":"fi","@id":"https:\/\/www.transtoyou.com\/fi\/product\/isotretinoin\/#primaryimage","url":"https:\/\/www.transtoyou.com\/fi\/wp-content\/uploads\/sites\/16\/2026\/01\/tty-no-product-image-160.webp","contentUrl":"https:\/\/www.transtoyou.com\/fi\/wp-content\/uploads\/sites\/16\/2026\/01\/tty-no-product-image-160.webp","width":1000,"height":1000,"caption":"Oletusarvoinen tuotekuva"},{"@type":"WebSite","@id":"https:\/\/www.transtoyou.com\/fi\/#website","url":"https:\/\/www.transtoyou.com\/fi\/","name":"Transtoyou - FI","description":"","publisher":{"@id":"https:\/\/www.transtoyou.com\/fi\/#organization"},"potentialAction":[{"@type":"SearchAction","target":{"@type":"EntryPoint","urlTemplate":"https:\/\/www.transtoyou.com\/fi\/?s={search_term_string}"},"query-input":{"@type":"PropertyValueSpecification","valueRequired":true,"valueName":"search_term_string"}}],"inLanguage":"fi"},{"@type":"Organization","@id":"https:\/\/www.transtoyou.com\/fi\/#organization","name":"Transtoyou - FI","url":"https:\/\/www.transtoyou.com\/fi\/","logo":{"@type":"ImageObject","inLanguage":"fi","@id":"https:\/\/www.transtoyou.com\/fi\/#\/schema\/logo\/image\/","url":"https:\/\/www.transtoyou.com\/fi\/wp-content\/uploads\/sites\/16\/2026\/01\/logo-tty-menu-bar-300x87-1.webp","contentUrl":"https:\/\/www.transtoyou.com\/fi\/wp-content\/uploads\/sites\/16\/2026\/01\/logo-tty-menu-bar-300x87-1.webp","width":300,"height":87,"caption":"Transtoyou - FI"},"image":{"@id":"https:\/\/www.transtoyou.com\/fi\/#\/schema\/logo\/image\/"}}]}},"_links":{"self":[{"href":"https:\/\/www.transtoyou.com\/fi\/wp-json\/wp\/v2\/product\/953","targetHints":{"allow":["GET"]}}],"collection":[{"href":"https:\/\/www.transtoyou.com\/fi\/wp-json\/wp\/v2\/product"}],"about":[{"href":"https:\/\/www.transtoyou.com\/fi\/wp-json\/wp\/v2\/types\/product"}],"replies":[{"embeddable":true,"href":"https:\/\/www.transtoyou.com\/fi\/wp-json\/wp\/v2\/comments?post=953"}],"wp:featuredmedia":[{"embeddable":true,"href":"https:\/\/www.transtoyou.com\/fi\/wp-json\/wp\/v2\/media\/955"}],"wp:attachment":[{"href":"https:\/\/www.transtoyou.com\/fi\/wp-json\/wp\/v2\/media?parent=953"}],"wp:term":[{"taxonomy":"product_brand","embeddable":true,"href":"https:\/\/www.transtoyou.com\/fi\/wp-json\/wp\/v2\/product_brand?post=953"},{"taxonomy":"product_cat","embeddable":true,"href":"https:\/\/www.transtoyou.com\/fi\/wp-json\/wp\/v2\/product_cat?post=953"},{"taxonomy":"product_tag","embeddable":true,"href":"https:\/\/www.transtoyou.com\/fi\/wp-json\/wp\/v2\/product_tag?post=953"},{"taxonomy":"expert","embeddable":true,"href":"https:\/\/www.transtoyou.com\/fi\/wp-json\/wp\/v2\/expert?post=953"}],"curies":[{"name":"wp","href":"https:\/\/api.w.org\/{rel}","templated":true}]}}