{"id":956,"date":"2026-01-25T20:52:49","date_gmt":"2026-01-25T20:52:49","guid":{"rendered":"https:\/\/www.transtoyou.com\/fi\/product\/diane-35-dianette\/"},"modified":"2026-01-25T20:53:57","modified_gmt":"2026-01-25T20:53:57","slug":"diane-35-dianette","status":"publish","type":"product","link":"https:\/\/www.transtoyou.com\/fi\/product\/diane-35-dianette\/","title":{"rendered":"Diane 35 (Dianette)"},"content":{"rendered":"<p>Diane 35 (tunnetaan my\u00f6s nimell\u00e4 Dianette) on yhdistelm\u00e4ehk\u00e4isytabletti, joka sis\u00e4lt\u00e4\u00e4 sek\u00e4 estrogeeni\u00e4 (etinyyliestradioli) ett\u00e4 antiandrogeenista progesteronia (kyproteroniasetaatti). Sit\u00e4 m\u00e4\u00e4r\u00e4t\u00e4\u00e4n usein ei vain ehk\u00e4isyyn, vaan my\u00f6s androgeeniin liittyvien tilojen, kuten aknen, liiallisen kasvo- tai vartalokarvankasvun (hirsutismi) ja tiettyjen hyperandrogeenisuuden merkkien hoitoon. Est\u00e4m\u00e4ll\u00e4 androgeenien vaikutuksia Diane 35 auttaa v\u00e4hent\u00e4m\u00e4\u00e4n talinerityst\u00e4 ja lievitt\u00e4m\u00e4\u00e4n ihovirheit\u00e4 samalla kun se auttaa s\u00e4\u00e4telem\u00e4\u00e4n kuukautiskiertoja.<\/p>\n<p>Oikein k\u00e4ytettyn\u00e4 Diane 35 voi merkitt\u00e4v\u00e4sti parantaa aknealtista ihoa, ja se on joskus suosittu ehk\u00e4isyv\u00e4line henkil\u00f6ille, jotka haluavat sek\u00e4 ehk\u00e4isy\u00e4 ett\u00e4 kohdennettua l\u00e4hestymistapaa akneen. Estrogeenin ja kyproteroniasetaatin yhdistelm\u00e4 vaikuttaa useilla tavoilla, mukaan lukien ovulaation est\u00e4minen, kohdun limakalvon muuttaminen ja kohdunkaulan liman paksuuntuminen. N\u00e4m\u00e4 vaikutukset v\u00e4hent\u00e4v\u00e4t raskauden todenn\u00e4k\u00f6isyytt\u00e4 samalla kun ne v\u00e4hent\u00e4v\u00e4t aknea pahentavia androgeenisia vaikutuksia tai ei-toivottua karvankasvua.<\/p>\n<p>Diane 35 otetaan kerran p\u00e4iv\u00e4ss\u00e4 21 p\u00e4iv\u00e4n ajan, jonka j\u00e4lkeen on 7 p\u00e4iv\u00e4n tauko, jolloin yleens\u00e4 esiintyy vieroitusvuoto. Sit\u00e4 ei suositella pitk\u00e4aikaiseen ehk\u00e4isyyn, ellei sit\u00e4 ole erityisesti m\u00e4\u00e4r\u00e4tty tiloihin, kuten akneen tai hirsutismiin.<\/p>\n","protected":false},"excerpt":{"rendered":"<ul>\n<li>Ehk\u00e4isyvalmiste, jolla on my\u00f6s anti-androgeenisia etuja<\/li>\n<li>V\u00e4hent\u00e4\u00e4 aknea ja ei-toivottua karvankasvua<\/li>\n<li>Yhdist\u00e4\u00e4 estrogeeni\u00e4 ja kyproteroniasetaattia<\/li>\n<\/ul>\n","protected":false},"featured_media":958,"comment_status":"open","ping_status":"closed","template":"","meta":[],"product_brand":[],"product_cat":[54,93,118,75],"product_tag":[],"expert":[21],"class_list":{"0":"post-956","1":"product","2":"type-product","3":"status-publish","4":"has-post-thumbnail","6":"product_cat-akne","7":"product_cat-endometrioosi","8":"product_cat-hirsutismi-kasvojen-karvat","9":"product_cat-yhdistelmapilleri","10":"expert-dr-m-sharoyko","12":"first","13":"instock","14":"shipping-taxable","15":"product-type-variable"},"yoast_head":"<!-- This site is optimized with the Yoast SEO plugin v27.0 - https:\/\/yoast.com\/product\/yoast-seo-wordpress\/ -->\n<title>Diane 35 (Dianette) | Akne- ja ehk\u00e4isyapu - Transtoyou<\/title>\n<meta name=\"description\" content=\"Diane 35 (Dianette) saatavilla Transtoyou, hallitsee aknea ja ei-toivottua karvoitusta, s\u00e4\u00e4telee kuukautiskiertoja yhdistelm\u00e4ehk\u00e4isyn avulla.\" \/>\n<meta name=\"robots\" content=\"noindex, follow, max-snippet:-1, max-image-preview:large, max-video-preview:-1\" \/>\n<meta property=\"og:locale\" content=\"fi_FI\" \/>\n<meta property=\"og:type\" content=\"article\" \/>\n<meta property=\"og:title\" content=\"Diane 35 (Dianette) | Akne- ja ehk\u00e4isyapu - Transtoyou\" \/>\n<meta property=\"og:description\" content=\"Diane 35 (Dianette) saatavilla Transtoyou, hallitsee aknea ja ei-toivottua karvoitusta, s\u00e4\u00e4telee kuukautiskiertoja yhdistelm\u00e4ehk\u00e4isyn avulla.\" \/>\n<meta property=\"og:url\" content=\"https:\/\/www.transtoyou.com\/fi\/product\/diane-35-dianette\/\" \/>\n<meta property=\"og:site_name\" content=\"Transtoyou - FI\" \/>\n<meta property=\"article:modified_time\" content=\"2026-01-25T20:53:57+00:00\" \/>\n<meta name=\"twitter:card\" content=\"summary_large_image\" \/>\n<meta name=\"twitter:label1\" content=\"Arvioitu lukuaika\" \/>\n\t<meta name=\"twitter:data1\" content=\"1 minuutti\" \/>\n<script type=\"application\/ld+json\" class=\"yoast-schema-graph\">{\"@context\":\"https:\/\/schema.org\",\"@graph\":[{\"@type\":\"WebPage\",\"@id\":\"https:\/\/www.transtoyou.com\/fi\/product\/diane-35-dianette\/\",\"url\":\"https:\/\/www.transtoyou.com\/fi\/product\/diane-35-dianette\/\",\"name\":\"Diane 35 (Dianette) | Akne- ja ehk\u00e4isyapu - Transtoyou\",\"isPartOf\":{\"@id\":\"https:\/\/www.transtoyou.com\/fi\/#website\"},\"primaryImageOfPage\":{\"@id\":\"https:\/\/www.transtoyou.com\/fi\/product\/diane-35-dianette\/#primaryimage\"},\"image\":{\"@id\":\"https:\/\/www.transtoyou.com\/fi\/product\/diane-35-dianette\/#primaryimage\"},\"thumbnailUrl\":\"https:\/\/www.transtoyou.com\/fi\/wp-content\/uploads\/sites\/16\/2026\/01\/tty-no-product-image-161.webp\",\"datePublished\":\"2026-01-25T20:52:49+00:00\",\"dateModified\":\"2026-01-25T20:53:57+00:00\",\"description\":\"Diane 35 (Dianette) saatavilla Transtoyou, hallitsee aknea ja ei-toivottua karvoitusta, s\u00e4\u00e4telee kuukautiskiertoja yhdistelm\u00e4ehk\u00e4isyn avulla.\",\"breadcrumb\":{\"@id\":\"https:\/\/www.transtoyou.com\/fi\/product\/diane-35-dianette\/#breadcrumb\"},\"inLanguage\":\"fi\",\"potentialAction\":[{\"@type\":\"ReadAction\",\"target\":[\"https:\/\/www.transtoyou.com\/fi\/product\/diane-35-dianette\/\"]}]},{\"@type\":\"ImageObject\",\"inLanguage\":\"fi\",\"@id\":\"https:\/\/www.transtoyou.com\/fi\/product\/diane-35-dianette\/#primaryimage\",\"url\":\"https:\/\/www.transtoyou.com\/fi\/wp-content\/uploads\/sites\/16\/2026\/01\/tty-no-product-image-161.webp\",\"contentUrl\":\"https:\/\/www.transtoyou.com\/fi\/wp-content\/uploads\/sites\/16\/2026\/01\/tty-no-product-image-161.webp\",\"width\":1000,\"height\":1000,\"caption\":\"Oletusarvoinen tuotekuva\"},{\"@type\":\"WebSite\",\"@id\":\"https:\/\/www.transtoyou.com\/fi\/#website\",\"url\":\"https:\/\/www.transtoyou.com\/fi\/\",\"name\":\"Transtoyou - FI\",\"description\":\"\",\"publisher\":{\"@id\":\"https:\/\/www.transtoyou.com\/fi\/#organization\"},\"potentialAction\":[{\"@type\":\"SearchAction\",\"target\":{\"@type\":\"EntryPoint\",\"urlTemplate\":\"https:\/\/www.transtoyou.com\/fi\/?s={search_term_string}\"},\"query-input\":{\"@type\":\"PropertyValueSpecification\",\"valueRequired\":true,\"valueName\":\"search_term_string\"}}],\"inLanguage\":\"fi\"},{\"@type\":\"Organization\",\"@id\":\"https:\/\/www.transtoyou.com\/fi\/#organization\",\"name\":\"Transtoyou - FI\",\"url\":\"https:\/\/www.transtoyou.com\/fi\/\",\"logo\":{\"@type\":\"ImageObject\",\"inLanguage\":\"fi\",\"@id\":\"https:\/\/www.transtoyou.com\/fi\/#\/schema\/logo\/image\/\",\"url\":\"https:\/\/www.transtoyou.com\/fi\/wp-content\/uploads\/sites\/16\/2026\/01\/logo-tty-menu-bar-300x87-1.webp\",\"contentUrl\":\"https:\/\/www.transtoyou.com\/fi\/wp-content\/uploads\/sites\/16\/2026\/01\/logo-tty-menu-bar-300x87-1.webp\",\"width\":300,\"height\":87,\"caption\":\"Transtoyou - FI\"},\"image\":{\"@id\":\"https:\/\/www.transtoyou.com\/fi\/#\/schema\/logo\/image\/\"}}]}<\/script>\n<!-- \/ Yoast SEO plugin. -->","yoast_head_json":{"title":"Diane 35 (Dianette) | Akne- ja ehk\u00e4isyapu - Transtoyou","description":"Diane 35 (Dianette) saatavilla Transtoyou, hallitsee aknea ja ei-toivottua karvoitusta, s\u00e4\u00e4telee kuukautiskiertoja yhdistelm\u00e4ehk\u00e4isyn avulla.","robots":{"index":"noindex","follow":"follow","max-snippet":"max-snippet:-1","max-image-preview":"max-image-preview:large","max-video-preview":"max-video-preview:-1"},"og_locale":"fi_FI","og_type":"article","og_title":"Diane 35 (Dianette) | Akne- ja ehk\u00e4isyapu - Transtoyou","og_description":"Diane 35 (Dianette) saatavilla Transtoyou, hallitsee aknea ja ei-toivottua karvoitusta, s\u00e4\u00e4telee kuukautiskiertoja yhdistelm\u00e4ehk\u00e4isyn avulla.","og_url":"https:\/\/www.transtoyou.com\/fi\/product\/diane-35-dianette\/","og_site_name":"Transtoyou - FI","article_modified_time":"2026-01-25T20:53:57+00:00","twitter_card":"summary_large_image","twitter_misc":{"Arvioitu lukuaika":"1 minuutti"},"schema":{"@context":"https:\/\/schema.org","@graph":[{"@type":"WebPage","@id":"https:\/\/www.transtoyou.com\/fi\/product\/diane-35-dianette\/","url":"https:\/\/www.transtoyou.com\/fi\/product\/diane-35-dianette\/","name":"Diane 35 (Dianette) | Akne- ja ehk\u00e4isyapu - Transtoyou","isPartOf":{"@id":"https:\/\/www.transtoyou.com\/fi\/#website"},"primaryImageOfPage":{"@id":"https:\/\/www.transtoyou.com\/fi\/product\/diane-35-dianette\/#primaryimage"},"image":{"@id":"https:\/\/www.transtoyou.com\/fi\/product\/diane-35-dianette\/#primaryimage"},"thumbnailUrl":"https:\/\/www.transtoyou.com\/fi\/wp-content\/uploads\/sites\/16\/2026\/01\/tty-no-product-image-161.webp","datePublished":"2026-01-25T20:52:49+00:00","dateModified":"2026-01-25T20:53:57+00:00","description":"Diane 35 (Dianette) saatavilla Transtoyou, hallitsee aknea ja ei-toivottua karvoitusta, s\u00e4\u00e4telee kuukautiskiertoja yhdistelm\u00e4ehk\u00e4isyn avulla.","breadcrumb":{"@id":"https:\/\/www.transtoyou.com\/fi\/product\/diane-35-dianette\/#breadcrumb"},"inLanguage":"fi","potentialAction":[{"@type":"ReadAction","target":["https:\/\/www.transtoyou.com\/fi\/product\/diane-35-dianette\/"]}]},{"@type":"ImageObject","inLanguage":"fi","@id":"https:\/\/www.transtoyou.com\/fi\/product\/diane-35-dianette\/#primaryimage","url":"https:\/\/www.transtoyou.com\/fi\/wp-content\/uploads\/sites\/16\/2026\/01\/tty-no-product-image-161.webp","contentUrl":"https:\/\/www.transtoyou.com\/fi\/wp-content\/uploads\/sites\/16\/2026\/01\/tty-no-product-image-161.webp","width":1000,"height":1000,"caption":"Oletusarvoinen tuotekuva"},{"@type":"WebSite","@id":"https:\/\/www.transtoyou.com\/fi\/#website","url":"https:\/\/www.transtoyou.com\/fi\/","name":"Transtoyou - FI","description":"","publisher":{"@id":"https:\/\/www.transtoyou.com\/fi\/#organization"},"potentialAction":[{"@type":"SearchAction","target":{"@type":"EntryPoint","urlTemplate":"https:\/\/www.transtoyou.com\/fi\/?s={search_term_string}"},"query-input":{"@type":"PropertyValueSpecification","valueRequired":true,"valueName":"search_term_string"}}],"inLanguage":"fi"},{"@type":"Organization","@id":"https:\/\/www.transtoyou.com\/fi\/#organization","name":"Transtoyou - FI","url":"https:\/\/www.transtoyou.com\/fi\/","logo":{"@type":"ImageObject","inLanguage":"fi","@id":"https:\/\/www.transtoyou.com\/fi\/#\/schema\/logo\/image\/","url":"https:\/\/www.transtoyou.com\/fi\/wp-content\/uploads\/sites\/16\/2026\/01\/logo-tty-menu-bar-300x87-1.webp","contentUrl":"https:\/\/www.transtoyou.com\/fi\/wp-content\/uploads\/sites\/16\/2026\/01\/logo-tty-menu-bar-300x87-1.webp","width":300,"height":87,"caption":"Transtoyou - FI"},"image":{"@id":"https:\/\/www.transtoyou.com\/fi\/#\/schema\/logo\/image\/"}}]}},"_links":{"self":[{"href":"https:\/\/www.transtoyou.com\/fi\/wp-json\/wp\/v2\/product\/956","targetHints":{"allow":["GET"]}}],"collection":[{"href":"https:\/\/www.transtoyou.com\/fi\/wp-json\/wp\/v2\/product"}],"about":[{"href":"https:\/\/www.transtoyou.com\/fi\/wp-json\/wp\/v2\/types\/product"}],"replies":[{"embeddable":true,"href":"https:\/\/www.transtoyou.com\/fi\/wp-json\/wp\/v2\/comments?post=956"}],"wp:featuredmedia":[{"embeddable":true,"href":"https:\/\/www.transtoyou.com\/fi\/wp-json\/wp\/v2\/media\/958"}],"wp:attachment":[{"href":"https:\/\/www.transtoyou.com\/fi\/wp-json\/wp\/v2\/media?parent=956"}],"wp:term":[{"taxonomy":"product_brand","embeddable":true,"href":"https:\/\/www.transtoyou.com\/fi\/wp-json\/wp\/v2\/product_brand?post=956"},{"taxonomy":"product_cat","embeddable":true,"href":"https:\/\/www.transtoyou.com\/fi\/wp-json\/wp\/v2\/product_cat?post=956"},{"taxonomy":"product_tag","embeddable":true,"href":"https:\/\/www.transtoyou.com\/fi\/wp-json\/wp\/v2\/product_tag?post=956"},{"taxonomy":"expert","embeddable":true,"href":"https:\/\/www.transtoyou.com\/fi\/wp-json\/wp\/v2\/expert?post=956"}],"curies":[{"name":"wp","href":"https:\/\/api.w.org\/{rel}","templated":true}]}}