{"id":962,"date":"2026-01-25T21:28:27","date_gmt":"2026-01-25T21:28:27","guid":{"rendered":"https:\/\/www.transtoyou.com\/fi\/product\/spironolactone\/"},"modified":"2026-03-05T12:03:01","modified_gmt":"2026-03-05T12:03:01","slug":"spironolaktoni","status":"publish","type":"product","link":"https:\/\/www.transtoyou.com\/fi\/product\/spironolaktoni\/","title":{"rendered":"Spironolaktoni"},"content":{"rendered":"<p>Spironolaktoni on kaliumia s\u00e4\u00e4st\u00e4v\u00e4 diureetti, jota k\u00e4ytet\u00e4\u00e4n korkeaan verenpaineeseen, nesteen kertymiseen ja tiettyihin hormoneihin reagoiviin sairauksiin. Se toimii est\u00e4m\u00e4ll\u00e4 aldosteronia, hormonia, joka edist\u00e4\u00e4 natriumin ja veden kertymist\u00e4, mik\u00e4 auttaa v\u00e4hent\u00e4m\u00e4\u00e4n nesteen kertymist\u00e4 ja alentamaan verenpainetta.<\/p>\n<p>Syd\u00e4n- ja verisuonik\u00e4ytt\u00f6jen lis\u00e4ksi spironolaktonia voidaan k\u00e4ytt\u00e4\u00e4 feminiinisen hormoniterapian osana, usein transnaisille ja ei-binaarisille henkil\u00f6ille. Se toimii antiandrogeenina, mik\u00e4 voi v\u00e4hent\u00e4\u00e4 testosteronin vaikutuksia ihoon, hiuksiin ja kehoon ajan my\u00f6t\u00e4. Ilmoitettuja vaikutuksia voivat olla v\u00e4hentyneet kasvojen\/kehon karvat, v\u00e4hemm\u00e4n hiusten ohentumista p\u00e4\u00e4nahassa ja pehme\u00e4mpi iho, vaikka muutokset voivat vaihdella merkitt\u00e4v\u00e4sti yksil\u00f6itt\u00e4in.<\/p>\n<p>Spironolaktonia otetaan yleens\u00e4 suun kautta kerran tai kaksi kertaa p\u00e4iv\u00e4ss\u00e4. Annos r\u00e4\u00e4t\u00e4l\u00f6id\u00e4\u00e4n potilaan sairauden, laboratoriotulosten ja hoitotavoitteiden mukaan. Sit\u00e4 yhdistet\u00e4\u00e4n usein estrogeeniterapiaan sukupuolta vahvistavassa hoidossa. Munuaistoiminnan ja elektrolyyttien seurantaa suositellaan koko hoidon ajan.<\/p>\n<p>Haittavaikutuksia voivat olla usein esiintyv\u00e4 virtsaaminen, huimaus, rintojen arkuus ja kohonneet kaliumtasot. Spironolaktonia ei suositella henkil\u00f6ille, joilla on vakava munuaisten vajaatoiminta, korkea kalium tai Addisonin tauti.<\/p>\n","protected":false},"excerpt":{"rendered":"<ul>\n<li>Voi tukea feminiinisen terapian tavoitteita<\/li>\n<li>V\u00e4hent\u00e4\u00e4 androgeenisia (testosteroniin liittyvi\u00e4) vaikutuksia<\/li>\n<li>Auttaa alentamaan verenpainetta ja nesteenpid\u00e4tyst\u00e4<\/li>\n<\/ul>\n","protected":false},"featured_media":964,"comment_status":"open","ping_status":"closed","template":"","meta":[],"product_brand":[],"product_cat":[97,117],"product_tag":[],"expert":[19],"class_list":{"0":"post-962","1":"product","2":"type-product","3":"status-publish","4":"has-post-thumbnail","6":"product_cat-estrogeeni-ja-feminiininen-terapia","7":"product_cat-korkea-verenpaine","8":"expert-dr-j-vazquez","10":"first","11":"instock","12":"shipping-taxable","13":"product-type-variable"},"yoast_head":"<!-- This site is optimized with the Yoast SEO plugin v27.0 - https:\/\/yoast.com\/product\/yoast-seo-wordpress\/ -->\n<title>Spironolaktoni | Tehokas tapa alentaa verenpainetta - Transtoyou<\/title>\n<meta name=\"description\" content=\"Spironolaktoni alentaa verenpainetta kohdistumalla aldosteroniin ja s\u00e4ilytt\u00e4m\u00e4ll\u00e4 kaliumia. Tehokas resistenttiin hypertensioon. Osta nyt!\" \/>\n<meta name=\"robots\" content=\"noindex, follow, max-snippet:-1, max-image-preview:large, max-video-preview:-1\" \/>\n<meta property=\"og:locale\" content=\"fi_FI\" \/>\n<meta property=\"og:type\" content=\"article\" \/>\n<meta property=\"og:title\" content=\"Spironolaktoni | Tehokas tapa alentaa verenpainetta - Transtoyou\" \/>\n<meta property=\"og:description\" content=\"Spironolaktoni alentaa verenpainetta kohdistumalla aldosteroniin ja s\u00e4ilytt\u00e4m\u00e4ll\u00e4 kaliumia. Tehokas resistenttiin hypertensioon. Osta nyt!\" \/>\n<meta property=\"og:url\" content=\"https:\/\/www.transtoyou.com\/fi\/product\/spironolactone\/\" \/>\n<meta property=\"og:site_name\" content=\"Transtoyou - FI\" \/>\n<meta property=\"article:modified_time\" content=\"2026-03-05T12:03:01+00:00\" \/>\n<meta name=\"twitter:card\" content=\"summary_large_image\" \/>\n<meta name=\"twitter:label1\" content=\"Arvioitu lukuaika\" \/>\n\t<meta name=\"twitter:data1\" content=\"1 minuutti\" \/>\n<script type=\"application\/ld+json\" class=\"yoast-schema-graph\">{\"@context\":\"https:\/\/schema.org\",\"@graph\":[{\"@type\":\"WebPage\",\"@id\":\"https:\/\/www.transtoyou.com\/fi\/product\/spironolactone\/\",\"url\":\"https:\/\/www.transtoyou.com\/fi\/product\/spironolactone\/\",\"name\":\"Spironolaktoni | Tehokas tapa alentaa verenpainetta - Transtoyou\",\"isPartOf\":{\"@id\":\"https:\/\/www.transtoyou.com\/fi\/#website\"},\"primaryImageOfPage\":{\"@id\":\"https:\/\/www.transtoyou.com\/fi\/product\/spironolactone\/#primaryimage\"},\"image\":{\"@id\":\"https:\/\/www.transtoyou.com\/fi\/product\/spironolactone\/#primaryimage\"},\"thumbnailUrl\":\"https:\/\/www.transtoyou.com\/fi\/wp-content\/uploads\/sites\/16\/2026\/01\/tty-no-product-image-163.webp\",\"datePublished\":\"2026-01-25T21:28:27+00:00\",\"dateModified\":\"2026-03-05T12:03:01+00:00\",\"description\":\"Spironolaktoni alentaa verenpainetta kohdistumalla aldosteroniin ja s\u00e4ilytt\u00e4m\u00e4ll\u00e4 kaliumia. Tehokas resistenttiin hypertensioon. Osta nyt!\",\"breadcrumb\":{\"@id\":\"https:\/\/www.transtoyou.com\/fi\/product\/spironolactone\/#breadcrumb\"},\"inLanguage\":\"fi\",\"potentialAction\":[{\"@type\":\"ReadAction\",\"target\":[\"https:\/\/www.transtoyou.com\/fi\/product\/spironolactone\/\"]}]},{\"@type\":\"ImageObject\",\"inLanguage\":\"fi\",\"@id\":\"https:\/\/www.transtoyou.com\/fi\/product\/spironolactone\/#primaryimage\",\"url\":\"https:\/\/www.transtoyou.com\/fi\/wp-content\/uploads\/sites\/16\/2026\/01\/tty-no-product-image-163.webp\",\"contentUrl\":\"https:\/\/www.transtoyou.com\/fi\/wp-content\/uploads\/sites\/16\/2026\/01\/tty-no-product-image-163.webp\",\"width\":1000,\"height\":1000,\"caption\":\"Oletusarvoinen tuotekuva\"},{\"@type\":\"WebSite\",\"@id\":\"https:\/\/www.transtoyou.com\/fi\/#website\",\"url\":\"https:\/\/www.transtoyou.com\/fi\/\",\"name\":\"Transtoyou - FI\",\"description\":\"\",\"publisher\":{\"@id\":\"https:\/\/www.transtoyou.com\/fi\/#organization\"},\"potentialAction\":[{\"@type\":\"SearchAction\",\"target\":{\"@type\":\"EntryPoint\",\"urlTemplate\":\"https:\/\/www.transtoyou.com\/fi\/?s={search_term_string}\"},\"query-input\":{\"@type\":\"PropertyValueSpecification\",\"valueRequired\":true,\"valueName\":\"search_term_string\"}}],\"inLanguage\":\"fi\"},{\"@type\":\"Organization\",\"@id\":\"https:\/\/www.transtoyou.com\/fi\/#organization\",\"name\":\"Transtoyou - FI\",\"url\":\"https:\/\/www.transtoyou.com\/fi\/\",\"logo\":{\"@type\":\"ImageObject\",\"inLanguage\":\"fi\",\"@id\":\"https:\/\/www.transtoyou.com\/fi\/#\/schema\/logo\/image\/\",\"url\":\"https:\/\/www.transtoyou.com\/fi\/wp-content\/uploads\/sites\/16\/2026\/01\/logo-tty-menu-bar-300x87-1.webp\",\"contentUrl\":\"https:\/\/www.transtoyou.com\/fi\/wp-content\/uploads\/sites\/16\/2026\/01\/logo-tty-menu-bar-300x87-1.webp\",\"width\":300,\"height\":87,\"caption\":\"Transtoyou - FI\"},\"image\":{\"@id\":\"https:\/\/www.transtoyou.com\/fi\/#\/schema\/logo\/image\/\"}}]}<\/script>\n<!-- \/ Yoast SEO plugin. -->","yoast_head_json":{"title":"Spironolaktoni | Tehokas tapa alentaa verenpainetta - Transtoyou","description":"Spironolaktoni alentaa verenpainetta kohdistumalla aldosteroniin ja s\u00e4ilytt\u00e4m\u00e4ll\u00e4 kaliumia. Tehokas resistenttiin hypertensioon. Osta nyt!","robots":{"index":"noindex","follow":"follow","max-snippet":"max-snippet:-1","max-image-preview":"max-image-preview:large","max-video-preview":"max-video-preview:-1"},"og_locale":"fi_FI","og_type":"article","og_title":"Spironolaktoni | Tehokas tapa alentaa verenpainetta - Transtoyou","og_description":"Spironolaktoni alentaa verenpainetta kohdistumalla aldosteroniin ja s\u00e4ilytt\u00e4m\u00e4ll\u00e4 kaliumia. Tehokas resistenttiin hypertensioon. Osta nyt!","og_url":"https:\/\/www.transtoyou.com\/fi\/product\/spironolactone\/","og_site_name":"Transtoyou - FI","article_modified_time":"2026-03-05T12:03:01+00:00","twitter_card":"summary_large_image","twitter_misc":{"Arvioitu lukuaika":"1 minuutti"},"schema":{"@context":"https:\/\/schema.org","@graph":[{"@type":"WebPage","@id":"https:\/\/www.transtoyou.com\/fi\/product\/spironolactone\/","url":"https:\/\/www.transtoyou.com\/fi\/product\/spironolactone\/","name":"Spironolaktoni | Tehokas tapa alentaa verenpainetta - Transtoyou","isPartOf":{"@id":"https:\/\/www.transtoyou.com\/fi\/#website"},"primaryImageOfPage":{"@id":"https:\/\/www.transtoyou.com\/fi\/product\/spironolactone\/#primaryimage"},"image":{"@id":"https:\/\/www.transtoyou.com\/fi\/product\/spironolactone\/#primaryimage"},"thumbnailUrl":"https:\/\/www.transtoyou.com\/fi\/wp-content\/uploads\/sites\/16\/2026\/01\/tty-no-product-image-163.webp","datePublished":"2026-01-25T21:28:27+00:00","dateModified":"2026-03-05T12:03:01+00:00","description":"Spironolaktoni alentaa verenpainetta kohdistumalla aldosteroniin ja s\u00e4ilytt\u00e4m\u00e4ll\u00e4 kaliumia. Tehokas resistenttiin hypertensioon. Osta nyt!","breadcrumb":{"@id":"https:\/\/www.transtoyou.com\/fi\/product\/spironolactone\/#breadcrumb"},"inLanguage":"fi","potentialAction":[{"@type":"ReadAction","target":["https:\/\/www.transtoyou.com\/fi\/product\/spironolactone\/"]}]},{"@type":"ImageObject","inLanguage":"fi","@id":"https:\/\/www.transtoyou.com\/fi\/product\/spironolactone\/#primaryimage","url":"https:\/\/www.transtoyou.com\/fi\/wp-content\/uploads\/sites\/16\/2026\/01\/tty-no-product-image-163.webp","contentUrl":"https:\/\/www.transtoyou.com\/fi\/wp-content\/uploads\/sites\/16\/2026\/01\/tty-no-product-image-163.webp","width":1000,"height":1000,"caption":"Oletusarvoinen tuotekuva"},{"@type":"WebSite","@id":"https:\/\/www.transtoyou.com\/fi\/#website","url":"https:\/\/www.transtoyou.com\/fi\/","name":"Transtoyou - FI","description":"","publisher":{"@id":"https:\/\/www.transtoyou.com\/fi\/#organization"},"potentialAction":[{"@type":"SearchAction","target":{"@type":"EntryPoint","urlTemplate":"https:\/\/www.transtoyou.com\/fi\/?s={search_term_string}"},"query-input":{"@type":"PropertyValueSpecification","valueRequired":true,"valueName":"search_term_string"}}],"inLanguage":"fi"},{"@type":"Organization","@id":"https:\/\/www.transtoyou.com\/fi\/#organization","name":"Transtoyou - FI","url":"https:\/\/www.transtoyou.com\/fi\/","logo":{"@type":"ImageObject","inLanguage":"fi","@id":"https:\/\/www.transtoyou.com\/fi\/#\/schema\/logo\/image\/","url":"https:\/\/www.transtoyou.com\/fi\/wp-content\/uploads\/sites\/16\/2026\/01\/logo-tty-menu-bar-300x87-1.webp","contentUrl":"https:\/\/www.transtoyou.com\/fi\/wp-content\/uploads\/sites\/16\/2026\/01\/logo-tty-menu-bar-300x87-1.webp","width":300,"height":87,"caption":"Transtoyou - FI"},"image":{"@id":"https:\/\/www.transtoyou.com\/fi\/#\/schema\/logo\/image\/"}}]}},"_links":{"self":[{"href":"https:\/\/www.transtoyou.com\/fi\/wp-json\/wp\/v2\/product\/962","targetHints":{"allow":["GET"]}}],"collection":[{"href":"https:\/\/www.transtoyou.com\/fi\/wp-json\/wp\/v2\/product"}],"about":[{"href":"https:\/\/www.transtoyou.com\/fi\/wp-json\/wp\/v2\/types\/product"}],"replies":[{"embeddable":true,"href":"https:\/\/www.transtoyou.com\/fi\/wp-json\/wp\/v2\/comments?post=962"}],"wp:featuredmedia":[{"embeddable":true,"href":"https:\/\/www.transtoyou.com\/fi\/wp-json\/wp\/v2\/media\/964"}],"wp:attachment":[{"href":"https:\/\/www.transtoyou.com\/fi\/wp-json\/wp\/v2\/media?parent=962"}],"wp:term":[{"taxonomy":"product_brand","embeddable":true,"href":"https:\/\/www.transtoyou.com\/fi\/wp-json\/wp\/v2\/product_brand?post=962"},{"taxonomy":"product_cat","embeddable":true,"href":"https:\/\/www.transtoyou.com\/fi\/wp-json\/wp\/v2\/product_cat?post=962"},{"taxonomy":"product_tag","embeddable":true,"href":"https:\/\/www.transtoyou.com\/fi\/wp-json\/wp\/v2\/product_tag?post=962"},{"taxonomy":"expert","embeddable":true,"href":"https:\/\/www.transtoyou.com\/fi\/wp-json\/wp\/v2\/expert?post=962"}],"curies":[{"name":"wp","href":"https:\/\/api.w.org\/{rel}","templated":true}]}}