{"id":971,"date":"2026-01-25T22:20:31","date_gmt":"2026-01-25T22:20:31","guid":{"rendered":"https:\/\/www.transtoyou.com\/fi\/product\/propecia\/"},"modified":"2026-03-01T14:34:01","modified_gmt":"2026-03-01T14:34:01","slug":"propecia","status":"publish","type":"product","link":"https:\/\/www.transtoyou.com\/fi\/product\/propecia\/","title":{"rendered":"Propecia"},"content":{"rendered":"<p>Propecia on l\u00e4\u00e4kitys, jota k\u00e4ytet\u00e4\u00e4n miesten kaljuuntumisen hoitoon, jota kutsutaan my\u00f6s androgeeniseksi alopeksiaksi, aikuisilla miehill\u00e4. Se sis\u00e4lt\u00e4\u00e4 vaikuttavaa ainetta finasteridia, joka kuuluu 5\u03b1-reduktaasin est\u00e4jien l\u00e4\u00e4keryhm\u00e4\u00e4n.<\/p>\n<p>Propecia vaikuttaa kohdistamalla tiettyyn entsyymiin kehossa, jota kutsutaan tyypin II 5\u03b1-reduktaasiksi. T\u00e4m\u00e4 entsyymi on vastuussa testosteronin muuttamisesta dihydrotestosteroniksi (DHT), hormoniksi, joka liittyy hiustenl\u00e4ht\u00f6\u00f6n miehill\u00e4, jotka ovat geneettisesti alttiita. Est\u00e4m\u00e4ll\u00e4 t\u00e4m\u00e4n entsyymin, Propecia alentaa DHT-tasoja p\u00e4\u00e4nahassa ja veress\u00e4, mik\u00e4 auttaa hidastamaan hiustenl\u00e4ht\u00f6\u00e4 ja voi jopa edist\u00e4\u00e4 uusien hiusten kasvua joillakin miehill\u00e4.<\/p>\n<p>Propeciaa k\u00e4ytet\u00e4\u00e4n erityisesti miesten kaljuuntumisen hoitoon, erityisesti p\u00e4\u00e4nahan kruunussa (yl\u00e4osa) ja keskiosassa. Sit\u00e4 ei ole tarkoitettu naisille tai lapsille, eik\u00e4 se ole tehokas muissa hiustenl\u00e4ht\u00f6tyypeiss\u00e4.<\/p>\n<p>V\u00e4hent\u00e4m\u00e4ll\u00e4 DHT-tasoja Propecia auttaa est\u00e4m\u00e4\u00e4n hiusfollikkelien kutistumista (miniaturisaatiota), joka on p\u00e4\u00e4syy hiusten ohenemiseen ja kaljuuntumiseen miesten kaljuuntumisessa. T\u00e4m\u00e4 vaikutus mahdollistaa hiusfollikkelien pysy\u00e4 tervein\u00e4 pidemp\u00e4\u00e4n, yll\u00e4pit\u00e4en hiustiheytt\u00e4 ja joskus edist\u00e4en \u00e4skett\u00e4in kadonneiden hiusten uudelleenkasvua.<\/p>\n<p>Propecian p\u00e4\u00e4etu on sen kyky hidastaa tai est\u00e4\u00e4 hiustenl\u00e4ht\u00f6\u00e4 miehill\u00e4, joilla on miesten kaljuuntuminen. Monet miehet huomaavat, ett\u00e4 hiustenl\u00e4ht\u00f6 hidastuu noin kolmen kuukauden s\u00e4\u00e4nn\u00f6llisen k\u00e4yt\u00f6n j\u00e4lkeen, ja jotkut kokevat paksumpia hiuksia tai uudelleenkasvua, erityisesti p\u00e4\u00e4nahan kruunussa. Vaikutukset kest\u00e4v\u00e4t niin kauan kuin l\u00e4\u00e4kett\u00e4 otetaan s\u00e4\u00e4nn\u00f6llisesti. Propecia otetaan kerran p\u00e4iv\u00e4ss\u00e4 tablettina, mik\u00e4 tekee sen k\u00e4yt\u00f6st\u00e4 k\u00e4tev\u00e4\u00e4. Se on yleens\u00e4 hyvin siedetty, ja useimmat miehet kokevat vain v\u00e4h\u00e4n haittavaikutuksia. Kuitenkin, jos l\u00e4\u00e4kitys lopetetaan, kaikki saadut tai yll\u00e4pidetyt hiukset menetet\u00e4\u00e4n yleens\u00e4 vuoden kuluessa.<\/p>\n","protected":false},"excerpt":{"rendered":"<ul>\n<li>Hidastaa ja est\u00e4\u00e4 hiustenl\u00e4ht\u00f6\u00e4<\/li>\n<li>Edist\u00e4\u00e4 hiusten uudelleen kasvua miehill\u00e4<\/li>\n<li>K\u00e4tev\u00e4t kerran p\u00e4iv\u00e4ss\u00e4 otettavat tabletit<\/li>\n<\/ul>\n","protected":false},"featured_media":973,"comment_status":"open","ping_status":"closed","template":"","meta":[],"product_brand":[],"product_cat":[109],"product_tag":[],"expert":[18],"class_list":{"0":"post-971","1":"product","2":"type-product","3":"status-publish","4":"has-post-thumbnail","6":"product_cat-hiustenlahtotuotteet","7":"expert-dr-g-varbanov","9":"first","10":"instock","11":"shipping-taxable","12":"product-type-variable"},"yoast_head":"<!-- This site is optimized with the Yoast SEO plugin v27.0 - https:\/\/yoast.com\/product\/yoast-seo-wordpress\/ -->\n<title>Propecia | Tehokas Hiustenl\u00e4ht\u00f6ratkaisu - Transtoyou<\/title>\n<meta name=\"description\" content=\"L\u00f6yd\u00e4 Propecia miesten kaljuuntumisen hoitoon Transtoyousta. Tilaa t\u00e4n\u00e4\u00e4n asiantuntijoiden arvioimat ja kliinisesti hyv\u00e4ksytyt ratkaisut.\" \/>\n<meta name=\"robots\" content=\"noindex, follow, max-snippet:-1, max-image-preview:large, max-video-preview:-1\" \/>\n<meta property=\"og:locale\" content=\"fi_FI\" \/>\n<meta property=\"og:type\" content=\"article\" \/>\n<meta property=\"og:title\" content=\"Propecia | Tehokas Hiustenl\u00e4ht\u00f6ratkaisu - Transtoyou\" \/>\n<meta property=\"og:description\" content=\"L\u00f6yd\u00e4 Propecia miesten kaljuuntumisen hoitoon Transtoyousta. Tilaa t\u00e4n\u00e4\u00e4n asiantuntijoiden arvioimat ja kliinisesti hyv\u00e4ksytyt ratkaisut.\" \/>\n<meta property=\"og:url\" content=\"https:\/\/www.transtoyou.com\/fi\/product\/propecia\/\" \/>\n<meta property=\"og:site_name\" content=\"Transtoyou - FI\" \/>\n<meta property=\"article:modified_time\" content=\"2026-03-01T14:34:01+00:00\" \/>\n<meta name=\"twitter:card\" content=\"summary_large_image\" \/>\n<meta name=\"twitter:label1\" content=\"Arvioitu lukuaika\" \/>\n\t<meta name=\"twitter:data1\" content=\"1 minuutti\" \/>\n<script type=\"application\/ld+json\" class=\"yoast-schema-graph\">{\"@context\":\"https:\/\/schema.org\",\"@graph\":[{\"@type\":\"WebPage\",\"@id\":\"https:\/\/www.transtoyou.com\/fi\/product\/propecia\/\",\"url\":\"https:\/\/www.transtoyou.com\/fi\/product\/propecia\/\",\"name\":\"Propecia | Tehokas Hiustenl\u00e4ht\u00f6ratkaisu - Transtoyou\",\"isPartOf\":{\"@id\":\"https:\/\/www.transtoyou.com\/fi\/#website\"},\"primaryImageOfPage\":{\"@id\":\"https:\/\/www.transtoyou.com\/fi\/product\/propecia\/#primaryimage\"},\"image\":{\"@id\":\"https:\/\/www.transtoyou.com\/fi\/product\/propecia\/#primaryimage\"},\"thumbnailUrl\":\"https:\/\/www.transtoyou.com\/fi\/wp-content\/uploads\/sites\/16\/2026\/01\/tty-no-product-image-166.webp\",\"datePublished\":\"2026-01-25T22:20:31+00:00\",\"dateModified\":\"2026-03-01T14:34:01+00:00\",\"description\":\"L\u00f6yd\u00e4 Propecia miesten kaljuuntumisen hoitoon Transtoyousta. Tilaa t\u00e4n\u00e4\u00e4n asiantuntijoiden arvioimat ja kliinisesti hyv\u00e4ksytyt ratkaisut.\",\"breadcrumb\":{\"@id\":\"https:\/\/www.transtoyou.com\/fi\/product\/propecia\/#breadcrumb\"},\"inLanguage\":\"fi\",\"potentialAction\":[{\"@type\":\"ReadAction\",\"target\":[\"https:\/\/www.transtoyou.com\/fi\/product\/propecia\/\"]}]},{\"@type\":\"ImageObject\",\"inLanguage\":\"fi\",\"@id\":\"https:\/\/www.transtoyou.com\/fi\/product\/propecia\/#primaryimage\",\"url\":\"https:\/\/www.transtoyou.com\/fi\/wp-content\/uploads\/sites\/16\/2026\/01\/tty-no-product-image-166.webp\",\"contentUrl\":\"https:\/\/www.transtoyou.com\/fi\/wp-content\/uploads\/sites\/16\/2026\/01\/tty-no-product-image-166.webp\",\"width\":1000,\"height\":1000,\"caption\":\"Oletusarvoinen tuotekuva\"},{\"@type\":\"WebSite\",\"@id\":\"https:\/\/www.transtoyou.com\/fi\/#website\",\"url\":\"https:\/\/www.transtoyou.com\/fi\/\",\"name\":\"Transtoyou - FI\",\"description\":\"\",\"publisher\":{\"@id\":\"https:\/\/www.transtoyou.com\/fi\/#organization\"},\"potentialAction\":[{\"@type\":\"SearchAction\",\"target\":{\"@type\":\"EntryPoint\",\"urlTemplate\":\"https:\/\/www.transtoyou.com\/fi\/?s={search_term_string}\"},\"query-input\":{\"@type\":\"PropertyValueSpecification\",\"valueRequired\":true,\"valueName\":\"search_term_string\"}}],\"inLanguage\":\"fi\"},{\"@type\":\"Organization\",\"@id\":\"https:\/\/www.transtoyou.com\/fi\/#organization\",\"name\":\"Transtoyou - FI\",\"url\":\"https:\/\/www.transtoyou.com\/fi\/\",\"logo\":{\"@type\":\"ImageObject\",\"inLanguage\":\"fi\",\"@id\":\"https:\/\/www.transtoyou.com\/fi\/#\/schema\/logo\/image\/\",\"url\":\"https:\/\/www.transtoyou.com\/fi\/wp-content\/uploads\/sites\/16\/2026\/01\/logo-tty-menu-bar-300x87-1.webp\",\"contentUrl\":\"https:\/\/www.transtoyou.com\/fi\/wp-content\/uploads\/sites\/16\/2026\/01\/logo-tty-menu-bar-300x87-1.webp\",\"width\":300,\"height\":87,\"caption\":\"Transtoyou - FI\"},\"image\":{\"@id\":\"https:\/\/www.transtoyou.com\/fi\/#\/schema\/logo\/image\/\"}}]}<\/script>\n<!-- \/ Yoast SEO plugin. -->","yoast_head_json":{"title":"Propecia | Tehokas Hiustenl\u00e4ht\u00f6ratkaisu - Transtoyou","description":"L\u00f6yd\u00e4 Propecia miesten kaljuuntumisen hoitoon Transtoyousta. Tilaa t\u00e4n\u00e4\u00e4n asiantuntijoiden arvioimat ja kliinisesti hyv\u00e4ksytyt ratkaisut.","robots":{"index":"noindex","follow":"follow","max-snippet":"max-snippet:-1","max-image-preview":"max-image-preview:large","max-video-preview":"max-video-preview:-1"},"og_locale":"fi_FI","og_type":"article","og_title":"Propecia | Tehokas Hiustenl\u00e4ht\u00f6ratkaisu - Transtoyou","og_description":"L\u00f6yd\u00e4 Propecia miesten kaljuuntumisen hoitoon Transtoyousta. Tilaa t\u00e4n\u00e4\u00e4n asiantuntijoiden arvioimat ja kliinisesti hyv\u00e4ksytyt ratkaisut.","og_url":"https:\/\/www.transtoyou.com\/fi\/product\/propecia\/","og_site_name":"Transtoyou - FI","article_modified_time":"2026-03-01T14:34:01+00:00","twitter_card":"summary_large_image","twitter_misc":{"Arvioitu lukuaika":"1 minuutti"},"schema":{"@context":"https:\/\/schema.org","@graph":[{"@type":"WebPage","@id":"https:\/\/www.transtoyou.com\/fi\/product\/propecia\/","url":"https:\/\/www.transtoyou.com\/fi\/product\/propecia\/","name":"Propecia | Tehokas Hiustenl\u00e4ht\u00f6ratkaisu - Transtoyou","isPartOf":{"@id":"https:\/\/www.transtoyou.com\/fi\/#website"},"primaryImageOfPage":{"@id":"https:\/\/www.transtoyou.com\/fi\/product\/propecia\/#primaryimage"},"image":{"@id":"https:\/\/www.transtoyou.com\/fi\/product\/propecia\/#primaryimage"},"thumbnailUrl":"https:\/\/www.transtoyou.com\/fi\/wp-content\/uploads\/sites\/16\/2026\/01\/tty-no-product-image-166.webp","datePublished":"2026-01-25T22:20:31+00:00","dateModified":"2026-03-01T14:34:01+00:00","description":"L\u00f6yd\u00e4 Propecia miesten kaljuuntumisen hoitoon Transtoyousta. Tilaa t\u00e4n\u00e4\u00e4n asiantuntijoiden arvioimat ja kliinisesti hyv\u00e4ksytyt ratkaisut.","breadcrumb":{"@id":"https:\/\/www.transtoyou.com\/fi\/product\/propecia\/#breadcrumb"},"inLanguage":"fi","potentialAction":[{"@type":"ReadAction","target":["https:\/\/www.transtoyou.com\/fi\/product\/propecia\/"]}]},{"@type":"ImageObject","inLanguage":"fi","@id":"https:\/\/www.transtoyou.com\/fi\/product\/propecia\/#primaryimage","url":"https:\/\/www.transtoyou.com\/fi\/wp-content\/uploads\/sites\/16\/2026\/01\/tty-no-product-image-166.webp","contentUrl":"https:\/\/www.transtoyou.com\/fi\/wp-content\/uploads\/sites\/16\/2026\/01\/tty-no-product-image-166.webp","width":1000,"height":1000,"caption":"Oletusarvoinen tuotekuva"},{"@type":"WebSite","@id":"https:\/\/www.transtoyou.com\/fi\/#website","url":"https:\/\/www.transtoyou.com\/fi\/","name":"Transtoyou - FI","description":"","publisher":{"@id":"https:\/\/www.transtoyou.com\/fi\/#organization"},"potentialAction":[{"@type":"SearchAction","target":{"@type":"EntryPoint","urlTemplate":"https:\/\/www.transtoyou.com\/fi\/?s={search_term_string}"},"query-input":{"@type":"PropertyValueSpecification","valueRequired":true,"valueName":"search_term_string"}}],"inLanguage":"fi"},{"@type":"Organization","@id":"https:\/\/www.transtoyou.com\/fi\/#organization","name":"Transtoyou - FI","url":"https:\/\/www.transtoyou.com\/fi\/","logo":{"@type":"ImageObject","inLanguage":"fi","@id":"https:\/\/www.transtoyou.com\/fi\/#\/schema\/logo\/image\/","url":"https:\/\/www.transtoyou.com\/fi\/wp-content\/uploads\/sites\/16\/2026\/01\/logo-tty-menu-bar-300x87-1.webp","contentUrl":"https:\/\/www.transtoyou.com\/fi\/wp-content\/uploads\/sites\/16\/2026\/01\/logo-tty-menu-bar-300x87-1.webp","width":300,"height":87,"caption":"Transtoyou - FI"},"image":{"@id":"https:\/\/www.transtoyou.com\/fi\/#\/schema\/logo\/image\/"}}]}},"_links":{"self":[{"href":"https:\/\/www.transtoyou.com\/fi\/wp-json\/wp\/v2\/product\/971","targetHints":{"allow":["GET"]}}],"collection":[{"href":"https:\/\/www.transtoyou.com\/fi\/wp-json\/wp\/v2\/product"}],"about":[{"href":"https:\/\/www.transtoyou.com\/fi\/wp-json\/wp\/v2\/types\/product"}],"replies":[{"embeddable":true,"href":"https:\/\/www.transtoyou.com\/fi\/wp-json\/wp\/v2\/comments?post=971"}],"wp:featuredmedia":[{"embeddable":true,"href":"https:\/\/www.transtoyou.com\/fi\/wp-json\/wp\/v2\/media\/973"}],"wp:attachment":[{"href":"https:\/\/www.transtoyou.com\/fi\/wp-json\/wp\/v2\/media?parent=971"}],"wp:term":[{"taxonomy":"product_brand","embeddable":true,"href":"https:\/\/www.transtoyou.com\/fi\/wp-json\/wp\/v2\/product_brand?post=971"},{"taxonomy":"product_cat","embeddable":true,"href":"https:\/\/www.transtoyou.com\/fi\/wp-json\/wp\/v2\/product_cat?post=971"},{"taxonomy":"product_tag","embeddable":true,"href":"https:\/\/www.transtoyou.com\/fi\/wp-json\/wp\/v2\/product_tag?post=971"},{"taxonomy":"expert","embeddable":true,"href":"https:\/\/www.transtoyou.com\/fi\/wp-json\/wp\/v2\/expert?post=971"}],"curies":[{"name":"wp","href":"https:\/\/api.w.org\/{rel}","templated":true}]}}