{"id":974,"date":"2026-01-25T22:34:54","date_gmt":"2026-01-25T22:34:54","guid":{"rendered":"https:\/\/www.transtoyou.com\/fi\/product\/condyline-condylox\/"},"modified":"2026-01-25T22:35:46","modified_gmt":"2026-01-25T22:35:46","slug":"condyline-condylox","status":"publish","type":"product","link":"https:\/\/www.transtoyou.com\/fi\/product\/condyline-condylox\/","title":{"rendered":"Condyline (Condylox)"},"content":{"rendered":"<p>Condyline sis\u00e4lt\u00e4\u00e4 podofyllotoksiinia, kasveista per\u00e4isin olevan yhdisteen, joka toimii sytotoksisena aineena (tappaa ei-toivottuja soluja). Se toimii est\u00e4m\u00e4ll\u00e4 solujen jakautumista ja DNA-synteesi\u00e4 (est\u00e4\u00e4 syyl\u00e4solujen kasvua ja lis\u00e4\u00e4ntymist\u00e4). Podofyllotoksiini sitoutuu tubuliiniksi kutsuttuun proteiiniin, est\u00e4en mikrotubulusten muodostumisen, mik\u00e4 johtaa syyl\u00e4solujen kuolemaan.<\/p>\n<p>T\u00e4t\u00e4 l\u00e4\u00e4kett\u00e4 k\u00e4ytet\u00e4\u00e4n ulkoisten sukupuolielinten sukupuolisyylien hoitoon. Se auttaa kehoa p\u00e4\u00e4sem\u00e4\u00e4n eroon syylist\u00e4 ajan my\u00f6t\u00e4 hy\u00f6kk\u00e4\u00e4m\u00e4ll\u00e4 vain ep\u00e4normaaliin ihoon, ei terveeseen ymp\u00e4r\u00f6iv\u00e4\u00e4n ihoon.<\/p>\n<p>Condyline levitet\u00e4\u00e4n suoraan syylille, yleens\u00e4 kaksi kertaa p\u00e4iv\u00e4ss\u00e4 kolmen p\u00e4iv\u00e4n ajan, jonka j\u00e4lkeen pidet\u00e4\u00e4n nelj\u00e4n p\u00e4iv\u00e4n tauko. T\u00e4m\u00e4 viikon jakso voidaan toistaa jopa nelj\u00e4n viikon ajan riippuen siit\u00e4, kuinka hyvin syyl\u00e4t reagoivat.<\/p>\n<p>Condyline t\u00e4rkein etu on, ett\u00e4 se on ei-invasiivinen hoito (ei vaadi leikkausta tai j\u00e4\u00e4dytt\u00e4mist\u00e4). Sit\u00e4 on helppo k\u00e4ytt\u00e4\u00e4 kotona, mutta se on levitett\u00e4v\u00e4 eritt\u00e4in huolellisesti, sill\u00e4 liiallinen k\u00e4ytt\u00f6 tai terveelle iholle levitt\u00e4minen voi aiheuttaa iho\u00e4rsytyst\u00e4 tai haavaumia.<\/p>\n<p>Est\u00e4m\u00e4ll\u00e4 syyl\u00e4solujen kasvua ja auttamalla niit\u00e4 hajoamaan, Condyline tukee kehoasi HPV:hen liittyvien ihovaurioiden poistamisessa.<\/p>\n","protected":false},"excerpt":{"rendered":"<ul>\n<li>Kohdistuu sukupuolielinten syyl\u00e4kudokseen<\/li>\n<li>Est\u00e4\u00e4 syyl\u00e4solujen kasvua<\/li>\n<li>Lyhytaikaiseen paikalliseen hoitoon<\/li>\n<\/ul>\n","protected":false},"featured_media":975,"comment_status":"open","ping_status":"closed","template":"","meta":[],"product_brand":[],"product_cat":[105,157],"product_tag":[],"expert":[17],"class_list":{"0":"post-974","1":"product","2":"type-product","3":"status-publish","4":"has-post-thumbnail","6":"product_cat-sukuelinten-syylat","7":"product_cat-syylat","8":"expert-dr-c-munoz-parada","10":"first","11":"instock","12":"shipping-taxable","13":"product-type-simple"},"yoast_head":"<!-- This site is optimized with the Yoast SEO plugin v27.0 - https:\/\/yoast.com\/product\/yoast-seo-wordpress\/ -->\n<title>Condyline (Condylox) - Tehokas syyl\u00e4hoito | Transtoyou<\/title>\n<meta name=\"description\" content=\"Condyline (Condylox) sukupuolielinten syylille. Tilaa verkosta Transtoyou. Tehokas ja helppok\u00e4ytt\u00f6inen kotik\u00e4ytt\u00f6\u00f6n. Aloita hoito t\u00e4n\u00e4\u00e4n, saatavilla nyt.\" \/>\n<meta name=\"robots\" content=\"noindex, follow, max-snippet:-1, max-image-preview:large, max-video-preview:-1\" \/>\n<meta property=\"og:locale\" content=\"fi_FI\" \/>\n<meta property=\"og:type\" content=\"article\" \/>\n<meta property=\"og:title\" content=\"Condyline (Condylox) - Tehokas syyl\u00e4hoito | Transtoyou\" \/>\n<meta property=\"og:description\" content=\"Condyline (Condylox) sukupuolielinten syylille. Tilaa verkosta Transtoyou. Tehokas ja helppok\u00e4ytt\u00f6inen kotik\u00e4ytt\u00f6\u00f6n. Aloita hoito t\u00e4n\u00e4\u00e4n, saatavilla nyt.\" \/>\n<meta property=\"og:url\" content=\"https:\/\/www.transtoyou.com\/fi\/product\/condyline-condylox\/\" \/>\n<meta property=\"og:site_name\" content=\"Transtoyou - FI\" \/>\n<meta property=\"article:modified_time\" content=\"2026-01-25T22:35:46+00:00\" \/>\n<meta name=\"twitter:card\" content=\"summary_large_image\" \/>\n<meta name=\"twitter:label1\" content=\"Arvioitu lukuaika\" \/>\n\t<meta name=\"twitter:data1\" content=\"1 minuutti\" \/>\n<script type=\"application\/ld+json\" class=\"yoast-schema-graph\">{\"@context\":\"https:\/\/schema.org\",\"@graph\":[{\"@type\":\"WebPage\",\"@id\":\"https:\/\/www.transtoyou.com\/fi\/product\/condyline-condylox\/\",\"url\":\"https:\/\/www.transtoyou.com\/fi\/product\/condyline-condylox\/\",\"name\":\"Condyline (Condylox) - Tehokas syyl\u00e4hoito | Transtoyou\",\"isPartOf\":{\"@id\":\"https:\/\/www.transtoyou.com\/fi\/#website\"},\"primaryImageOfPage\":{\"@id\":\"https:\/\/www.transtoyou.com\/fi\/product\/condyline-condylox\/#primaryimage\"},\"image\":{\"@id\":\"https:\/\/www.transtoyou.com\/fi\/product\/condyline-condylox\/#primaryimage\"},\"thumbnailUrl\":\"https:\/\/www.transtoyou.com\/fi\/wp-content\/uploads\/sites\/16\/2026\/01\/tty-no-product-image-167.webp\",\"datePublished\":\"2026-01-25T22:34:54+00:00\",\"dateModified\":\"2026-01-25T22:35:46+00:00\",\"description\":\"Condyline (Condylox) sukupuolielinten syylille. Tilaa verkosta Transtoyou. Tehokas ja helppok\u00e4ytt\u00f6inen kotik\u00e4ytt\u00f6\u00f6n. Aloita hoito t\u00e4n\u00e4\u00e4n, saatavilla nyt.\",\"breadcrumb\":{\"@id\":\"https:\/\/www.transtoyou.com\/fi\/product\/condyline-condylox\/#breadcrumb\"},\"inLanguage\":\"fi\",\"potentialAction\":[{\"@type\":\"ReadAction\",\"target\":[\"https:\/\/www.transtoyou.com\/fi\/product\/condyline-condylox\/\"]}]},{\"@type\":\"ImageObject\",\"inLanguage\":\"fi\",\"@id\":\"https:\/\/www.transtoyou.com\/fi\/product\/condyline-condylox\/#primaryimage\",\"url\":\"https:\/\/www.transtoyou.com\/fi\/wp-content\/uploads\/sites\/16\/2026\/01\/tty-no-product-image-167.webp\",\"contentUrl\":\"https:\/\/www.transtoyou.com\/fi\/wp-content\/uploads\/sites\/16\/2026\/01\/tty-no-product-image-167.webp\",\"width\":1000,\"height\":1000,\"caption\":\"Oletusarvoinen tuotekuva\"},{\"@type\":\"WebSite\",\"@id\":\"https:\/\/www.transtoyou.com\/fi\/#website\",\"url\":\"https:\/\/www.transtoyou.com\/fi\/\",\"name\":\"Transtoyou - FI\",\"description\":\"\",\"publisher\":{\"@id\":\"https:\/\/www.transtoyou.com\/fi\/#organization\"},\"potentialAction\":[{\"@type\":\"SearchAction\",\"target\":{\"@type\":\"EntryPoint\",\"urlTemplate\":\"https:\/\/www.transtoyou.com\/fi\/?s={search_term_string}\"},\"query-input\":{\"@type\":\"PropertyValueSpecification\",\"valueRequired\":true,\"valueName\":\"search_term_string\"}}],\"inLanguage\":\"fi\"},{\"@type\":\"Organization\",\"@id\":\"https:\/\/www.transtoyou.com\/fi\/#organization\",\"name\":\"Transtoyou - FI\",\"url\":\"https:\/\/www.transtoyou.com\/fi\/\",\"logo\":{\"@type\":\"ImageObject\",\"inLanguage\":\"fi\",\"@id\":\"https:\/\/www.transtoyou.com\/fi\/#\/schema\/logo\/image\/\",\"url\":\"https:\/\/www.transtoyou.com\/fi\/wp-content\/uploads\/sites\/16\/2026\/01\/logo-tty-menu-bar-300x87-1.webp\",\"contentUrl\":\"https:\/\/www.transtoyou.com\/fi\/wp-content\/uploads\/sites\/16\/2026\/01\/logo-tty-menu-bar-300x87-1.webp\",\"width\":300,\"height\":87,\"caption\":\"Transtoyou - FI\"},\"image\":{\"@id\":\"https:\/\/www.transtoyou.com\/fi\/#\/schema\/logo\/image\/\"}}]}<\/script>\n<!-- \/ Yoast SEO plugin. -->","yoast_head_json":{"title":"Condyline (Condylox) - Tehokas syyl\u00e4hoito | Transtoyou","description":"Condyline (Condylox) sukupuolielinten syylille. Tilaa verkosta Transtoyou. Tehokas ja helppok\u00e4ytt\u00f6inen kotik\u00e4ytt\u00f6\u00f6n. Aloita hoito t\u00e4n\u00e4\u00e4n, saatavilla nyt.","robots":{"index":"noindex","follow":"follow","max-snippet":"max-snippet:-1","max-image-preview":"max-image-preview:large","max-video-preview":"max-video-preview:-1"},"og_locale":"fi_FI","og_type":"article","og_title":"Condyline (Condylox) - Tehokas syyl\u00e4hoito | Transtoyou","og_description":"Condyline (Condylox) sukupuolielinten syylille. Tilaa verkosta Transtoyou. Tehokas ja helppok\u00e4ytt\u00f6inen kotik\u00e4ytt\u00f6\u00f6n. Aloita hoito t\u00e4n\u00e4\u00e4n, saatavilla nyt.","og_url":"https:\/\/www.transtoyou.com\/fi\/product\/condyline-condylox\/","og_site_name":"Transtoyou - FI","article_modified_time":"2026-01-25T22:35:46+00:00","twitter_card":"summary_large_image","twitter_misc":{"Arvioitu lukuaika":"1 minuutti"},"schema":{"@context":"https:\/\/schema.org","@graph":[{"@type":"WebPage","@id":"https:\/\/www.transtoyou.com\/fi\/product\/condyline-condylox\/","url":"https:\/\/www.transtoyou.com\/fi\/product\/condyline-condylox\/","name":"Condyline (Condylox) - Tehokas syyl\u00e4hoito | Transtoyou","isPartOf":{"@id":"https:\/\/www.transtoyou.com\/fi\/#website"},"primaryImageOfPage":{"@id":"https:\/\/www.transtoyou.com\/fi\/product\/condyline-condylox\/#primaryimage"},"image":{"@id":"https:\/\/www.transtoyou.com\/fi\/product\/condyline-condylox\/#primaryimage"},"thumbnailUrl":"https:\/\/www.transtoyou.com\/fi\/wp-content\/uploads\/sites\/16\/2026\/01\/tty-no-product-image-167.webp","datePublished":"2026-01-25T22:34:54+00:00","dateModified":"2026-01-25T22:35:46+00:00","description":"Condyline (Condylox) sukupuolielinten syylille. Tilaa verkosta Transtoyou. Tehokas ja helppok\u00e4ytt\u00f6inen kotik\u00e4ytt\u00f6\u00f6n. Aloita hoito t\u00e4n\u00e4\u00e4n, saatavilla nyt.","breadcrumb":{"@id":"https:\/\/www.transtoyou.com\/fi\/product\/condyline-condylox\/#breadcrumb"},"inLanguage":"fi","potentialAction":[{"@type":"ReadAction","target":["https:\/\/www.transtoyou.com\/fi\/product\/condyline-condylox\/"]}]},{"@type":"ImageObject","inLanguage":"fi","@id":"https:\/\/www.transtoyou.com\/fi\/product\/condyline-condylox\/#primaryimage","url":"https:\/\/www.transtoyou.com\/fi\/wp-content\/uploads\/sites\/16\/2026\/01\/tty-no-product-image-167.webp","contentUrl":"https:\/\/www.transtoyou.com\/fi\/wp-content\/uploads\/sites\/16\/2026\/01\/tty-no-product-image-167.webp","width":1000,"height":1000,"caption":"Oletusarvoinen tuotekuva"},{"@type":"WebSite","@id":"https:\/\/www.transtoyou.com\/fi\/#website","url":"https:\/\/www.transtoyou.com\/fi\/","name":"Transtoyou - FI","description":"","publisher":{"@id":"https:\/\/www.transtoyou.com\/fi\/#organization"},"potentialAction":[{"@type":"SearchAction","target":{"@type":"EntryPoint","urlTemplate":"https:\/\/www.transtoyou.com\/fi\/?s={search_term_string}"},"query-input":{"@type":"PropertyValueSpecification","valueRequired":true,"valueName":"search_term_string"}}],"inLanguage":"fi"},{"@type":"Organization","@id":"https:\/\/www.transtoyou.com\/fi\/#organization","name":"Transtoyou - FI","url":"https:\/\/www.transtoyou.com\/fi\/","logo":{"@type":"ImageObject","inLanguage":"fi","@id":"https:\/\/www.transtoyou.com\/fi\/#\/schema\/logo\/image\/","url":"https:\/\/www.transtoyou.com\/fi\/wp-content\/uploads\/sites\/16\/2026\/01\/logo-tty-menu-bar-300x87-1.webp","contentUrl":"https:\/\/www.transtoyou.com\/fi\/wp-content\/uploads\/sites\/16\/2026\/01\/logo-tty-menu-bar-300x87-1.webp","width":300,"height":87,"caption":"Transtoyou - FI"},"image":{"@id":"https:\/\/www.transtoyou.com\/fi\/#\/schema\/logo\/image\/"}}]}},"_links":{"self":[{"href":"https:\/\/www.transtoyou.com\/fi\/wp-json\/wp\/v2\/product\/974","targetHints":{"allow":["GET"]}}],"collection":[{"href":"https:\/\/www.transtoyou.com\/fi\/wp-json\/wp\/v2\/product"}],"about":[{"href":"https:\/\/www.transtoyou.com\/fi\/wp-json\/wp\/v2\/types\/product"}],"replies":[{"embeddable":true,"href":"https:\/\/www.transtoyou.com\/fi\/wp-json\/wp\/v2\/comments?post=974"}],"wp:featuredmedia":[{"embeddable":true,"href":"https:\/\/www.transtoyou.com\/fi\/wp-json\/wp\/v2\/media\/975"}],"wp:attachment":[{"href":"https:\/\/www.transtoyou.com\/fi\/wp-json\/wp\/v2\/media?parent=974"}],"wp:term":[{"taxonomy":"product_brand","embeddable":true,"href":"https:\/\/www.transtoyou.com\/fi\/wp-json\/wp\/v2\/product_brand?post=974"},{"taxonomy":"product_cat","embeddable":true,"href":"https:\/\/www.transtoyou.com\/fi\/wp-json\/wp\/v2\/product_cat?post=974"},{"taxonomy":"product_tag","embeddable":true,"href":"https:\/\/www.transtoyou.com\/fi\/wp-json\/wp\/v2\/product_tag?post=974"},{"taxonomy":"expert","embeddable":true,"href":"https:\/\/www.transtoyou.com\/fi\/wp-json\/wp\/v2\/expert?post=974"}],"curies":[{"name":"wp","href":"https:\/\/api.w.org\/{rel}","templated":true}]}}