{"id":990,"date":"2026-01-26T00:21:55","date_gmt":"2026-01-26T00:21:55","guid":{"rendered":"https:\/\/www.transtoyou.com\/fi\/product\/campral\/"},"modified":"2026-01-26T00:23:13","modified_gmt":"2026-01-26T00:23:13","slug":"campral","status":"publish","type":"product","link":"https:\/\/www.transtoyou.com\/fi\/product\/campral\/","title":{"rendered":"Campral"},"content":{"rendered":"<p>Campral (Akamprosatti) on l\u00e4\u00e4kitys, joka on suunniteltu tukemaan alkoholiin riippuvuutta toipuvia henkil\u00f6it\u00e4. Se auttaa v\u00e4hent\u00e4m\u00e4\u00e4n himoa ja tukee pitk\u00e4aikaista raittiutta vakauttamalla aivojen neurotransmitteritoimintaa. Krooninen alkoholin kulutus h\u00e4iritsee j\u00e4nnitt\u00e4vi\u00e4 ja est\u00e4vi\u00e4 neurotransmittereit\u00e4 tasapainoa, mik\u00e4 johtaa riippuvuuteen ja vieroitusoireisiin. Campral toimii s\u00e4\u00e4telem\u00e4ll\u00e4 glutamaatin ja GABA:n toimintaa, auttaen aivoja palauttamaan luonnollisen tasapainonsa.<\/p>\n<p>Toisin kuin l\u00e4\u00e4kkeet, jotka aiheuttavat haittavaikutuksia alkoholin nauttimisen yhteydess\u00e4, Campral ei tee juomisesta ep\u00e4miellytt\u00e4v\u00e4\u00e4. Sen sijaan se v\u00e4hent\u00e4\u00e4 psykologista halua juoda, mik\u00e4 helpottaa henkil\u00f6iden raittiuden yll\u00e4pit\u00e4mist\u00e4. Se on tehokkainta k\u00e4ytett\u00e4v\u00e4ksi yhdess\u00e4 neuvonnan tai terapian kanssa osana kattavaa hoito-ohjelmaa.<\/p>\n<p>V\u00e4hent\u00e4m\u00e4ll\u00e4 alkoholin himoa Campral auttaa est\u00e4m\u00e4\u00e4n uusiutumista ja tukee pitk\u00e4aikaista toipumista. Se ei ole riippuvuutta aiheuttava eik\u00e4 tuota vieroitusoireita, kun se lopetetaan. L\u00e4\u00e4kitys on yleisesti hyvin siedetty, ja yleisimm\u00e4t haittavaikutukset ovat lievi\u00e4 ruoansulatusongelmia, kuten ripuli, pahoinvointi tai vatsakipu. N\u00e4m\u00e4 yleens\u00e4 lievittyv\u00e4t ajan my\u00f6t\u00e4, kun keho tottuu.<\/p>\n<p>Campral on erityisen hy\u00f6dyllinen henkil\u00f6ille, jotka ovat jo suorittaneet alkuvaiheen vieroituksen ja ovat sitoutuneet raittiuden yll\u00e4pit\u00e4miseen. Tutkimukset ovat osoittaneet, ett\u00e4 se lis\u00e4\u00e4 pitk\u00e4aikaisen raittiuden mahdollisuuksia, kun sit\u00e4 otetaan m\u00e4\u00e4r\u00e4ttyjen ohjeiden mukaan. Vaikka se ei toimi kaikille, ne, jotka noudattavat hoitosuunnitelmaansa ja saavat psykologista tukea, todenn\u00e4k\u00f6isesti hy\u00f6tyv\u00e4t siit\u00e4 enemm\u00e4n.<\/p>\n","protected":false},"excerpt":{"rendered":"<ul>\n<li>V\u00e4hent\u00e4\u00e4 himoa ja tukee pitk\u00e4aikaista raittiutta<\/li>\n<li>Palauttaa aivojen tasapainon alkoholin k\u00e4yt\u00f6n j\u00e4lkeen<\/li>\n<li>Ei aiheuta riippuvuutta ja on yleisesti hyvin siedetty<\/li>\n<\/ul>\n","protected":false},"featured_media":992,"comment_status":"open","ping_status":"closed","template":"","meta":[],"product_brand":[],"product_cat":[55],"product_tag":[],"expert":[16],"class_list":{"0":"post-990","1":"product","2":"type-product","3":"status-publish","4":"has-post-thumbnail","6":"product_cat-alkoholin-palautusvalineet","7":"expert-dr-c-alexandru","9":"first","10":"instock","11":"shipping-taxable","12":"product-type-variable"},"yoast_head":"<!-- This site is optimized with the Yoast SEO plugin v27.0 - https:\/\/yoast.com\/product\/yoast-seo-wordpress\/ -->\n<title>Campral | Tuki alkoholiton pysymiseen - Transtoyou - FI<\/title>\n<meta name=\"description\" content=\"Campral v\u00e4hent\u00e4\u00e4 alkoholin himoa ja tukee toipumista. Ei aiheuta riippuvuutta ja on hyvin siedetty. Saatavilla Transtoyou.\" \/>\n<meta name=\"robots\" content=\"noindex, follow, max-snippet:-1, max-image-preview:large, max-video-preview:-1\" \/>\n<meta property=\"og:locale\" content=\"fi_FI\" \/>\n<meta property=\"og:type\" content=\"article\" \/>\n<meta property=\"og:title\" content=\"Campral | Tuki alkoholiton pysymiseen - Transtoyou - FI\" \/>\n<meta property=\"og:description\" content=\"Campral v\u00e4hent\u00e4\u00e4 alkoholin himoa ja tukee toipumista. Ei aiheuta riippuvuutta ja on hyvin siedetty. Saatavilla Transtoyou.\" \/>\n<meta property=\"og:url\" content=\"https:\/\/www.transtoyou.com\/fi\/product\/campral\/\" \/>\n<meta property=\"og:site_name\" content=\"Transtoyou - FI\" \/>\n<meta property=\"article:modified_time\" content=\"2026-01-26T00:23:13+00:00\" \/>\n<meta name=\"twitter:card\" content=\"summary_large_image\" \/>\n<meta name=\"twitter:label1\" content=\"Arvioitu lukuaika\" \/>\n\t<meta name=\"twitter:data1\" content=\"1 minuutti\" \/>\n<script type=\"application\/ld+json\" class=\"yoast-schema-graph\">{\"@context\":\"https:\/\/schema.org\",\"@graph\":[{\"@type\":\"WebPage\",\"@id\":\"https:\/\/www.transtoyou.com\/fi\/product\/campral\/\",\"url\":\"https:\/\/www.transtoyou.com\/fi\/product\/campral\/\",\"name\":\"Campral | Tuki alkoholiton pysymiseen - Transtoyou - FI\",\"isPartOf\":{\"@id\":\"https:\/\/www.transtoyou.com\/fi\/#website\"},\"primaryImageOfPage\":{\"@id\":\"https:\/\/www.transtoyou.com\/fi\/product\/campral\/#primaryimage\"},\"image\":{\"@id\":\"https:\/\/www.transtoyou.com\/fi\/product\/campral\/#primaryimage\"},\"thumbnailUrl\":\"https:\/\/www.transtoyou.com\/fi\/wp-content\/uploads\/sites\/16\/2026\/01\/tty-no-product-image-173.webp\",\"datePublished\":\"2026-01-26T00:21:55+00:00\",\"dateModified\":\"2026-01-26T00:23:13+00:00\",\"description\":\"Campral v\u00e4hent\u00e4\u00e4 alkoholin himoa ja tukee toipumista. Ei aiheuta riippuvuutta ja on hyvin siedetty. Saatavilla Transtoyou.\",\"breadcrumb\":{\"@id\":\"https:\/\/www.transtoyou.com\/fi\/product\/campral\/#breadcrumb\"},\"inLanguage\":\"fi\",\"potentialAction\":[{\"@type\":\"ReadAction\",\"target\":[\"https:\/\/www.transtoyou.com\/fi\/product\/campral\/\"]}]},{\"@type\":\"ImageObject\",\"inLanguage\":\"fi\",\"@id\":\"https:\/\/www.transtoyou.com\/fi\/product\/campral\/#primaryimage\",\"url\":\"https:\/\/www.transtoyou.com\/fi\/wp-content\/uploads\/sites\/16\/2026\/01\/tty-no-product-image-173.webp\",\"contentUrl\":\"https:\/\/www.transtoyou.com\/fi\/wp-content\/uploads\/sites\/16\/2026\/01\/tty-no-product-image-173.webp\",\"width\":1000,\"height\":1000,\"caption\":\"Oletusarvoinen tuotekuva\"},{\"@type\":\"WebSite\",\"@id\":\"https:\/\/www.transtoyou.com\/fi\/#website\",\"url\":\"https:\/\/www.transtoyou.com\/fi\/\",\"name\":\"Transtoyou - FI\",\"description\":\"\",\"publisher\":{\"@id\":\"https:\/\/www.transtoyou.com\/fi\/#organization\"},\"potentialAction\":[{\"@type\":\"SearchAction\",\"target\":{\"@type\":\"EntryPoint\",\"urlTemplate\":\"https:\/\/www.transtoyou.com\/fi\/?s={search_term_string}\"},\"query-input\":{\"@type\":\"PropertyValueSpecification\",\"valueRequired\":true,\"valueName\":\"search_term_string\"}}],\"inLanguage\":\"fi\"},{\"@type\":\"Organization\",\"@id\":\"https:\/\/www.transtoyou.com\/fi\/#organization\",\"name\":\"Transtoyou - FI\",\"url\":\"https:\/\/www.transtoyou.com\/fi\/\",\"logo\":{\"@type\":\"ImageObject\",\"inLanguage\":\"fi\",\"@id\":\"https:\/\/www.transtoyou.com\/fi\/#\/schema\/logo\/image\/\",\"url\":\"https:\/\/www.transtoyou.com\/fi\/wp-content\/uploads\/sites\/16\/2026\/01\/logo-tty-menu-bar-300x87-1.webp\",\"contentUrl\":\"https:\/\/www.transtoyou.com\/fi\/wp-content\/uploads\/sites\/16\/2026\/01\/logo-tty-menu-bar-300x87-1.webp\",\"width\":300,\"height\":87,\"caption\":\"Transtoyou - FI\"},\"image\":{\"@id\":\"https:\/\/www.transtoyou.com\/fi\/#\/schema\/logo\/image\/\"}}]}<\/script>\n<!-- \/ Yoast SEO plugin. -->","yoast_head_json":{"title":"Campral | Tuki alkoholiton pysymiseen - Transtoyou - FI","description":"Campral v\u00e4hent\u00e4\u00e4 alkoholin himoa ja tukee toipumista. Ei aiheuta riippuvuutta ja on hyvin siedetty. Saatavilla Transtoyou.","robots":{"index":"noindex","follow":"follow","max-snippet":"max-snippet:-1","max-image-preview":"max-image-preview:large","max-video-preview":"max-video-preview:-1"},"og_locale":"fi_FI","og_type":"article","og_title":"Campral | Tuki alkoholiton pysymiseen - Transtoyou - FI","og_description":"Campral v\u00e4hent\u00e4\u00e4 alkoholin himoa ja tukee toipumista. Ei aiheuta riippuvuutta ja on hyvin siedetty. Saatavilla Transtoyou.","og_url":"https:\/\/www.transtoyou.com\/fi\/product\/campral\/","og_site_name":"Transtoyou - FI","article_modified_time":"2026-01-26T00:23:13+00:00","twitter_card":"summary_large_image","twitter_misc":{"Arvioitu lukuaika":"1 minuutti"},"schema":{"@context":"https:\/\/schema.org","@graph":[{"@type":"WebPage","@id":"https:\/\/www.transtoyou.com\/fi\/product\/campral\/","url":"https:\/\/www.transtoyou.com\/fi\/product\/campral\/","name":"Campral | Tuki alkoholiton pysymiseen - Transtoyou - FI","isPartOf":{"@id":"https:\/\/www.transtoyou.com\/fi\/#website"},"primaryImageOfPage":{"@id":"https:\/\/www.transtoyou.com\/fi\/product\/campral\/#primaryimage"},"image":{"@id":"https:\/\/www.transtoyou.com\/fi\/product\/campral\/#primaryimage"},"thumbnailUrl":"https:\/\/www.transtoyou.com\/fi\/wp-content\/uploads\/sites\/16\/2026\/01\/tty-no-product-image-173.webp","datePublished":"2026-01-26T00:21:55+00:00","dateModified":"2026-01-26T00:23:13+00:00","description":"Campral v\u00e4hent\u00e4\u00e4 alkoholin himoa ja tukee toipumista. Ei aiheuta riippuvuutta ja on hyvin siedetty. Saatavilla Transtoyou.","breadcrumb":{"@id":"https:\/\/www.transtoyou.com\/fi\/product\/campral\/#breadcrumb"},"inLanguage":"fi","potentialAction":[{"@type":"ReadAction","target":["https:\/\/www.transtoyou.com\/fi\/product\/campral\/"]}]},{"@type":"ImageObject","inLanguage":"fi","@id":"https:\/\/www.transtoyou.com\/fi\/product\/campral\/#primaryimage","url":"https:\/\/www.transtoyou.com\/fi\/wp-content\/uploads\/sites\/16\/2026\/01\/tty-no-product-image-173.webp","contentUrl":"https:\/\/www.transtoyou.com\/fi\/wp-content\/uploads\/sites\/16\/2026\/01\/tty-no-product-image-173.webp","width":1000,"height":1000,"caption":"Oletusarvoinen tuotekuva"},{"@type":"WebSite","@id":"https:\/\/www.transtoyou.com\/fi\/#website","url":"https:\/\/www.transtoyou.com\/fi\/","name":"Transtoyou - FI","description":"","publisher":{"@id":"https:\/\/www.transtoyou.com\/fi\/#organization"},"potentialAction":[{"@type":"SearchAction","target":{"@type":"EntryPoint","urlTemplate":"https:\/\/www.transtoyou.com\/fi\/?s={search_term_string}"},"query-input":{"@type":"PropertyValueSpecification","valueRequired":true,"valueName":"search_term_string"}}],"inLanguage":"fi"},{"@type":"Organization","@id":"https:\/\/www.transtoyou.com\/fi\/#organization","name":"Transtoyou - FI","url":"https:\/\/www.transtoyou.com\/fi\/","logo":{"@type":"ImageObject","inLanguage":"fi","@id":"https:\/\/www.transtoyou.com\/fi\/#\/schema\/logo\/image\/","url":"https:\/\/www.transtoyou.com\/fi\/wp-content\/uploads\/sites\/16\/2026\/01\/logo-tty-menu-bar-300x87-1.webp","contentUrl":"https:\/\/www.transtoyou.com\/fi\/wp-content\/uploads\/sites\/16\/2026\/01\/logo-tty-menu-bar-300x87-1.webp","width":300,"height":87,"caption":"Transtoyou - FI"},"image":{"@id":"https:\/\/www.transtoyou.com\/fi\/#\/schema\/logo\/image\/"}}]}},"_links":{"self":[{"href":"https:\/\/www.transtoyou.com\/fi\/wp-json\/wp\/v2\/product\/990","targetHints":{"allow":["GET"]}}],"collection":[{"href":"https:\/\/www.transtoyou.com\/fi\/wp-json\/wp\/v2\/product"}],"about":[{"href":"https:\/\/www.transtoyou.com\/fi\/wp-json\/wp\/v2\/types\/product"}],"replies":[{"embeddable":true,"href":"https:\/\/www.transtoyou.com\/fi\/wp-json\/wp\/v2\/comments?post=990"}],"wp:featuredmedia":[{"embeddable":true,"href":"https:\/\/www.transtoyou.com\/fi\/wp-json\/wp\/v2\/media\/992"}],"wp:attachment":[{"href":"https:\/\/www.transtoyou.com\/fi\/wp-json\/wp\/v2\/media?parent=990"}],"wp:term":[{"taxonomy":"product_brand","embeddable":true,"href":"https:\/\/www.transtoyou.com\/fi\/wp-json\/wp\/v2\/product_brand?post=990"},{"taxonomy":"product_cat","embeddable":true,"href":"https:\/\/www.transtoyou.com\/fi\/wp-json\/wp\/v2\/product_cat?post=990"},{"taxonomy":"product_tag","embeddable":true,"href":"https:\/\/www.transtoyou.com\/fi\/wp-json\/wp\/v2\/product_tag?post=990"},{"taxonomy":"expert","embeddable":true,"href":"https:\/\/www.transtoyou.com\/fi\/wp-json\/wp\/v2\/expert?post=990"}],"curies":[{"name":"wp","href":"https:\/\/api.w.org\/{rel}","templated":true}]}}