{"id":993,"date":"2026-01-26T00:41:00","date_gmt":"2026-01-26T00:41:00","guid":{"rendered":"https:\/\/www.transtoyou.com\/fi\/product\/allergospasmin-n\/"},"modified":"2026-01-26T00:42:09","modified_gmt":"2026-01-26T00:42:09","slug":"allergospasmi","status":"publish","type":"product","link":"https:\/\/www.transtoyou.com\/fi\/product\/allergospasmi\/","title":{"rendered":"Allergospasmin N"},"content":{"rendered":"<p>Hengitt\u00e4minen on vaivatonta useimmille, mutta astmasta ja allergisista bronkospasmeista k\u00e4rsiville jokainen hengenveto voi tuntua taistelulta. T\u00e4ss\u00e4 Allergospasmin N tulee luotettavana kumppanina hengitysvaikeuksien torjunnassa.<\/p>\n<p>Allergospasmin N on suunniteltu lievitt\u00e4m\u00e4\u00e4n keuhkoputkien supistumista ja parantamaan ilmanvirtausta. Se vaikuttaa nopeasti rentouttaen hengitysteiden sileit\u00e4 lihaksia, helpottaen hengitysvaikeuksia, joita aiheuttavat astma, allergiat tai muut hengityselinsairaudet. Huolellisesti koostettu yhdistelm\u00e4 keuhkoputkia laajentavia aineita ja antihistamiineja auttaa avaamaan ilman kulkua, v\u00e4hent\u00e4m\u00e4\u00e4n tulehdusta ja hallitsemaan allergisia reaktioita, jotka laukaisevat hengitysvaikeuksia.<\/p>\n<p>Olipa kyseess\u00e4 odottamaton astmakohtaus tai allergiasta johtuva vinkuminen, Allergospasmin N tarjoaa nopeaa ja tehokasta helpotusta. Se toimii parhaiten osana rakennettua hoitosuunnitelmaa, tarjoten tukea sek\u00e4 akuutteihin ett\u00e4 kroonisiin hengityselinsairauksiin.<\/p>\n<p>Toisin kuin jotkut l\u00e4\u00e4kkeet, jotka k\u00e4sittelev\u00e4t vain yht\u00e4 hengitysvaikeuden osa-aluetta, Allergospasmin N tarjoaa kattavan l\u00e4hestymistavan kohdistamalla sek\u00e4 lihassupistumiseen ett\u00e4 allergisiin reaktioihin. Auttaessaan yksil\u00f6it\u00e4 saamaan hallinnan takaisin hengityksens\u00e4 yli, se antaa heille mahdollisuuden el\u00e4\u00e4 aktiivista ja rajoittamatonta el\u00e4m\u00e4\u00e4.<\/p>\n<p>Vaikka t\u00e4m\u00e4 l\u00e4\u00e4ke on eritt\u00e4in tehokas, sit\u00e4 tulisi aina ottaa terveydenhuollon ammattilaisen ohjauksessa. Jotkut henkil\u00f6t saattavat kokea lievi\u00e4 haittavaikutuksia, kuten huimausta, suun kuivumista tai liev\u00e4\u00e4 ruoansulatusvaivaa, jotka yleens\u00e4 h\u00e4vi\u00e4v\u00e4t ajan my\u00f6t\u00e4.<\/p>\n","protected":false},"excerpt":{"rendered":"<ul>\n<li>Tarjoaa helpotusta astmasta ja allergisista bronkospasmeista.<\/li>\n<li>Auttaa avaamaan hengitysteit\u00e4 ja parantamaan hengityst\u00e4.<\/li>\n<li>Nopeasti vaikuttavaa tukea hengitysvaikeuksiin.<\/li>\n<\/ul>\n","protected":false},"featured_media":995,"comment_status":"open","ping_status":"closed","template":"","meta":[],"product_brand":[],"product_cat":[61],"product_tag":[],"expert":[16],"class_list":{"0":"post-993","1":"product","2":"type-product","3":"status-publish","4":"has-post-thumbnail","6":"product_cat-astma","7":"expert-dr-c-alexandru","9":"first","10":"instock","11":"shipping-taxable","12":"product-type-variable"},"yoast_head":"<!-- This site is optimized with the Yoast SEO plugin v27.0 - https:\/\/yoast.com\/product\/yoast-seo-wordpress\/ -->\n<title>Allergospasmin N | Hengityksen Tuki Helposti - Transtoyou - FI<\/title>\n<meta name=\"description\" content=\"Allergospasmin N helpottaa nopeasti astman ja allergian oireita, parantaen hengityst\u00e4. Osta nyt tehokasta helpotusta hengitysvaikeuksiin.\" \/>\n<meta name=\"robots\" content=\"noindex, follow, max-snippet:-1, max-image-preview:large, max-video-preview:-1\" \/>\n<meta property=\"og:locale\" content=\"fi_FI\" \/>\n<meta property=\"og:type\" content=\"article\" \/>\n<meta property=\"og:title\" content=\"Allergospasmin N | Hengityksen Tuki Helposti - Transtoyou - FI\" \/>\n<meta property=\"og:description\" content=\"Allergospasmin N helpottaa nopeasti astman ja allergian oireita, parantaen hengityst\u00e4. Osta nyt tehokasta helpotusta hengitysvaikeuksiin.\" \/>\n<meta property=\"og:url\" content=\"https:\/\/www.transtoyou.com\/fi\/product\/allergospasmin-n\/\" \/>\n<meta property=\"og:site_name\" content=\"Transtoyou - FI\" \/>\n<meta property=\"article:modified_time\" content=\"2026-01-26T00:42:09+00:00\" \/>\n<meta name=\"twitter:card\" content=\"summary_large_image\" \/>\n<meta name=\"twitter:label1\" content=\"Arvioitu lukuaika\" \/>\n\t<meta name=\"twitter:data1\" content=\"1 minuutti\" \/>\n<script type=\"application\/ld+json\" class=\"yoast-schema-graph\">{\"@context\":\"https:\/\/schema.org\",\"@graph\":[{\"@type\":\"WebPage\",\"@id\":\"https:\/\/www.transtoyou.com\/fi\/product\/allergospasmin-n\/\",\"url\":\"https:\/\/www.transtoyou.com\/fi\/product\/allergospasmin-n\/\",\"name\":\"Allergospasmin N | Hengityksen Tuki Helposti - Transtoyou - FI\",\"isPartOf\":{\"@id\":\"https:\/\/www.transtoyou.com\/fi\/#website\"},\"primaryImageOfPage\":{\"@id\":\"https:\/\/www.transtoyou.com\/fi\/product\/allergospasmin-n\/#primaryimage\"},\"image\":{\"@id\":\"https:\/\/www.transtoyou.com\/fi\/product\/allergospasmin-n\/#primaryimage\"},\"thumbnailUrl\":\"https:\/\/www.transtoyou.com\/fi\/wp-content\/uploads\/sites\/16\/2026\/01\/tty-no-product-image-174.webp\",\"datePublished\":\"2026-01-26T00:41:00+00:00\",\"dateModified\":\"2026-01-26T00:42:09+00:00\",\"description\":\"Allergospasmin N helpottaa nopeasti astman ja allergian oireita, parantaen hengityst\u00e4. Osta nyt tehokasta helpotusta hengitysvaikeuksiin.\",\"breadcrumb\":{\"@id\":\"https:\/\/www.transtoyou.com\/fi\/product\/allergospasmin-n\/#breadcrumb\"},\"inLanguage\":\"fi\",\"potentialAction\":[{\"@type\":\"ReadAction\",\"target\":[\"https:\/\/www.transtoyou.com\/fi\/product\/allergospasmin-n\/\"]}]},{\"@type\":\"ImageObject\",\"inLanguage\":\"fi\",\"@id\":\"https:\/\/www.transtoyou.com\/fi\/product\/allergospasmin-n\/#primaryimage\",\"url\":\"https:\/\/www.transtoyou.com\/fi\/wp-content\/uploads\/sites\/16\/2026\/01\/tty-no-product-image-174.webp\",\"contentUrl\":\"https:\/\/www.transtoyou.com\/fi\/wp-content\/uploads\/sites\/16\/2026\/01\/tty-no-product-image-174.webp\",\"width\":1000,\"height\":1000,\"caption\":\"Oletusarvoinen tuotekuva\"},{\"@type\":\"WebSite\",\"@id\":\"https:\/\/www.transtoyou.com\/fi\/#website\",\"url\":\"https:\/\/www.transtoyou.com\/fi\/\",\"name\":\"Transtoyou - FI\",\"description\":\"\",\"publisher\":{\"@id\":\"https:\/\/www.transtoyou.com\/fi\/#organization\"},\"potentialAction\":[{\"@type\":\"SearchAction\",\"target\":{\"@type\":\"EntryPoint\",\"urlTemplate\":\"https:\/\/www.transtoyou.com\/fi\/?s={search_term_string}\"},\"query-input\":{\"@type\":\"PropertyValueSpecification\",\"valueRequired\":true,\"valueName\":\"search_term_string\"}}],\"inLanguage\":\"fi\"},{\"@type\":\"Organization\",\"@id\":\"https:\/\/www.transtoyou.com\/fi\/#organization\",\"name\":\"Transtoyou - FI\",\"url\":\"https:\/\/www.transtoyou.com\/fi\/\",\"logo\":{\"@type\":\"ImageObject\",\"inLanguage\":\"fi\",\"@id\":\"https:\/\/www.transtoyou.com\/fi\/#\/schema\/logo\/image\/\",\"url\":\"https:\/\/www.transtoyou.com\/fi\/wp-content\/uploads\/sites\/16\/2026\/01\/logo-tty-menu-bar-300x87-1.webp\",\"contentUrl\":\"https:\/\/www.transtoyou.com\/fi\/wp-content\/uploads\/sites\/16\/2026\/01\/logo-tty-menu-bar-300x87-1.webp\",\"width\":300,\"height\":87,\"caption\":\"Transtoyou - FI\"},\"image\":{\"@id\":\"https:\/\/www.transtoyou.com\/fi\/#\/schema\/logo\/image\/\"}}]}<\/script>\n<!-- \/ Yoast SEO plugin. -->","yoast_head_json":{"title":"Allergospasmin N | Hengityksen Tuki Helposti - Transtoyou - FI","description":"Allergospasmin N helpottaa nopeasti astman ja allergian oireita, parantaen hengityst\u00e4. Osta nyt tehokasta helpotusta hengitysvaikeuksiin.","robots":{"index":"noindex","follow":"follow","max-snippet":"max-snippet:-1","max-image-preview":"max-image-preview:large","max-video-preview":"max-video-preview:-1"},"og_locale":"fi_FI","og_type":"article","og_title":"Allergospasmin N | Hengityksen Tuki Helposti - Transtoyou - FI","og_description":"Allergospasmin N helpottaa nopeasti astman ja allergian oireita, parantaen hengityst\u00e4. Osta nyt tehokasta helpotusta hengitysvaikeuksiin.","og_url":"https:\/\/www.transtoyou.com\/fi\/product\/allergospasmin-n\/","og_site_name":"Transtoyou - FI","article_modified_time":"2026-01-26T00:42:09+00:00","twitter_card":"summary_large_image","twitter_misc":{"Arvioitu lukuaika":"1 minuutti"},"schema":{"@context":"https:\/\/schema.org","@graph":[{"@type":"WebPage","@id":"https:\/\/www.transtoyou.com\/fi\/product\/allergospasmin-n\/","url":"https:\/\/www.transtoyou.com\/fi\/product\/allergospasmin-n\/","name":"Allergospasmin N | Hengityksen Tuki Helposti - Transtoyou - FI","isPartOf":{"@id":"https:\/\/www.transtoyou.com\/fi\/#website"},"primaryImageOfPage":{"@id":"https:\/\/www.transtoyou.com\/fi\/product\/allergospasmin-n\/#primaryimage"},"image":{"@id":"https:\/\/www.transtoyou.com\/fi\/product\/allergospasmin-n\/#primaryimage"},"thumbnailUrl":"https:\/\/www.transtoyou.com\/fi\/wp-content\/uploads\/sites\/16\/2026\/01\/tty-no-product-image-174.webp","datePublished":"2026-01-26T00:41:00+00:00","dateModified":"2026-01-26T00:42:09+00:00","description":"Allergospasmin N helpottaa nopeasti astman ja allergian oireita, parantaen hengityst\u00e4. Osta nyt tehokasta helpotusta hengitysvaikeuksiin.","breadcrumb":{"@id":"https:\/\/www.transtoyou.com\/fi\/product\/allergospasmin-n\/#breadcrumb"},"inLanguage":"fi","potentialAction":[{"@type":"ReadAction","target":["https:\/\/www.transtoyou.com\/fi\/product\/allergospasmin-n\/"]}]},{"@type":"ImageObject","inLanguage":"fi","@id":"https:\/\/www.transtoyou.com\/fi\/product\/allergospasmin-n\/#primaryimage","url":"https:\/\/www.transtoyou.com\/fi\/wp-content\/uploads\/sites\/16\/2026\/01\/tty-no-product-image-174.webp","contentUrl":"https:\/\/www.transtoyou.com\/fi\/wp-content\/uploads\/sites\/16\/2026\/01\/tty-no-product-image-174.webp","width":1000,"height":1000,"caption":"Oletusarvoinen tuotekuva"},{"@type":"WebSite","@id":"https:\/\/www.transtoyou.com\/fi\/#website","url":"https:\/\/www.transtoyou.com\/fi\/","name":"Transtoyou - FI","description":"","publisher":{"@id":"https:\/\/www.transtoyou.com\/fi\/#organization"},"potentialAction":[{"@type":"SearchAction","target":{"@type":"EntryPoint","urlTemplate":"https:\/\/www.transtoyou.com\/fi\/?s={search_term_string}"},"query-input":{"@type":"PropertyValueSpecification","valueRequired":true,"valueName":"search_term_string"}}],"inLanguage":"fi"},{"@type":"Organization","@id":"https:\/\/www.transtoyou.com\/fi\/#organization","name":"Transtoyou - FI","url":"https:\/\/www.transtoyou.com\/fi\/","logo":{"@type":"ImageObject","inLanguage":"fi","@id":"https:\/\/www.transtoyou.com\/fi\/#\/schema\/logo\/image\/","url":"https:\/\/www.transtoyou.com\/fi\/wp-content\/uploads\/sites\/16\/2026\/01\/logo-tty-menu-bar-300x87-1.webp","contentUrl":"https:\/\/www.transtoyou.com\/fi\/wp-content\/uploads\/sites\/16\/2026\/01\/logo-tty-menu-bar-300x87-1.webp","width":300,"height":87,"caption":"Transtoyou - FI"},"image":{"@id":"https:\/\/www.transtoyou.com\/fi\/#\/schema\/logo\/image\/"}}]}},"_links":{"self":[{"href":"https:\/\/www.transtoyou.com\/fi\/wp-json\/wp\/v2\/product\/993","targetHints":{"allow":["GET"]}}],"collection":[{"href":"https:\/\/www.transtoyou.com\/fi\/wp-json\/wp\/v2\/product"}],"about":[{"href":"https:\/\/www.transtoyou.com\/fi\/wp-json\/wp\/v2\/types\/product"}],"replies":[{"embeddable":true,"href":"https:\/\/www.transtoyou.com\/fi\/wp-json\/wp\/v2\/comments?post=993"}],"wp:featuredmedia":[{"embeddable":true,"href":"https:\/\/www.transtoyou.com\/fi\/wp-json\/wp\/v2\/media\/995"}],"wp:attachment":[{"href":"https:\/\/www.transtoyou.com\/fi\/wp-json\/wp\/v2\/media?parent=993"}],"wp:term":[{"taxonomy":"product_brand","embeddable":true,"href":"https:\/\/www.transtoyou.com\/fi\/wp-json\/wp\/v2\/product_brand?post=993"},{"taxonomy":"product_cat","embeddable":true,"href":"https:\/\/www.transtoyou.com\/fi\/wp-json\/wp\/v2\/product_cat?post=993"},{"taxonomy":"product_tag","embeddable":true,"href":"https:\/\/www.transtoyou.com\/fi\/wp-json\/wp\/v2\/product_tag?post=993"},{"taxonomy":"expert","embeddable":true,"href":"https:\/\/www.transtoyou.com\/fi\/wp-json\/wp\/v2\/expert?post=993"}],"curies":[{"name":"wp","href":"https:\/\/api.w.org\/{rel}","templated":true}]}}