{"id":996,"date":"2026-01-26T00:58:02","date_gmt":"2026-01-26T00:58:02","guid":{"rendered":"https:\/\/www.transtoyou.com\/fi\/product\/ventolin\/"},"modified":"2026-03-07T14:05:58","modified_gmt":"2026-03-07T14:05:58","slug":"ventoliini","status":"publish","type":"product","link":"https:\/\/www.transtoyou.com\/fi\/product\/ventoliini\/","title":{"rendered":"Ventolin"},"content":{"rendered":"<p>Ventolin on nopeasti vaikuttava keuhkoputkia laajentava l\u00e4\u00e4ke, joka sis\u00e4lt\u00e4\u00e4 vaikuttavaa ainetta salbutamolia. Se auttaa rentouttamaan hengitysteiden lihaksia ja parantaa ilmanvirtausta keuhkoihin. Sit\u00e4 k\u00e4ytet\u00e4\u00e4n yleisesti pelastusinhaloitavana akuutin astmakohtauksen oireiden, kuten vinkuvan hengityksen, heng\u00e4styneisyyden ja rintakeh\u00e4n puristuksen, lievitt\u00e4miseen. Ventolin toimii stimuloimalla beeta-2-reseptoreita keuhkoputkien sile\u00e4ss\u00e4 lihaksessa, mik\u00e4 johtaa hengitysteiden laajentumiseen ja helpottaa siten hengitt\u00e4mist\u00e4.<\/p>\n<p>Ventolinia m\u00e4\u00e4r\u00e4t\u00e4\u00e4n p\u00e4\u00e4asiassa astman ja kroonisen obstruktiivisen keuhkosairauden (COPD) hoitoon, tarjoten nopeaa helpotusta astmakohtauksen tai hengitysoireiden pahenemisvaiheen aikana. Sit\u00e4 voidaan my\u00f6s k\u00e4ytt\u00e4\u00e4 est\u00e4m\u00e4\u00e4n liikunnan aiheuttamaa keuhkoputkien supistumista (heng\u00e4styneisyys tai vinkuva hengitys, joka johtuu fyysisest\u00e4 aktiivisuudesta). Lyhytvaikutteisena keuhkoputkia laajentavana l\u00e4\u00e4kkeen\u00e4 se tarjoaa nopeaa helpotusta, mutta ei k\u00e4sittele astman tai COPD:n taustalla olevaa tulehdusta, mik\u00e4 saattaa vaatia lis\u00e4pitk\u00e4aikaista l\u00e4\u00e4kityksen hallintaa.<\/p>\n<p>Ventolin annetaan tyypillisesti inhalaattorin kautta, mik\u00e4 tekee siit\u00e4 helpon kantaa ja k\u00e4ytt\u00e4\u00e4 astmakohtauksen aikana tai ennen liikuntaa. Kun sit\u00e4 k\u00e4ytet\u00e4\u00e4n oikein, se voi tarjota merkitt\u00e4v\u00e4\u00e4 helpotusta hengitysvaikeuksiin. On kuitenkin t\u00e4rke\u00e4\u00e4 noudattaa m\u00e4\u00e4r\u00e4tty\u00e4 annostusta eik\u00e4 k\u00e4ytt\u00e4\u00e4 sit\u00e4 liikaa, sill\u00e4 liiallinen riippuvuus lyhytvaikutteisista l\u00e4\u00e4kkeist\u00e4, kuten Ventolinista, voi viitata riitt\u00e4m\u00e4tt\u00f6m\u00e4\u00e4n astman hallintaan, ja pitk\u00e4aikaisista hoitostrategioista tulisi keskustella terveydenhuollon ammattilaisen kanssa.<\/p>\n","protected":false},"excerpt":{"rendered":"<ul>\n<li>Nopea helpotus astmasta ja COPD:st\u00e4<\/li>\n<li>Est\u00e4\u00e4 liikunnan aiheuttaman bronkospasmin<\/li>\n<li>K\u00e4tev\u00e4n inhalaattorin muoto nopeaa k\u00e4ytt\u00f6\u00e4 varten<\/li>\n<\/ul>\n","protected":false},"featured_media":998,"comment_status":"open","ping_status":"closed","template":"","meta":[],"product_brand":[],"product_cat":[61,79],"product_tag":[],"expert":[19],"class_list":{"0":"post-996","1":"product","2":"type-product","3":"status-publish","4":"has-post-thumbnail","6":"product_cat-astma","7":"product_cat-copd","8":"expert-dr-j-vazquez","10":"first","11":"instock","12":"shipping-taxable","13":"product-type-variable"},"yoast_head":"<!-- This site is optimized with the Yoast SEO plugin v27.0 - https:\/\/yoast.com\/product\/yoast-seo-wordpress\/ -->\n<title>Ventolin | Nopea helpotus astmaan ja hengitysvaikeuksiin - Transtoyou - FI<\/title>\n<meta name=\"description\" content=\"Ventolin-inhalaattori lievitt\u00e4\u00e4 astman oireita nopeasti. Hanki reseptisi verkossa\u2014nopeasti, turvallisesti ja huomaamattomasti kotiisi.\" \/>\n<meta name=\"robots\" content=\"noindex, follow, max-snippet:-1, max-image-preview:large, max-video-preview:-1\" \/>\n<meta property=\"og:locale\" content=\"fi_FI\" \/>\n<meta property=\"og:type\" content=\"article\" \/>\n<meta property=\"og:title\" content=\"Ventolin | Nopea helpotus astmaan ja hengitysvaikeuksiin - Transtoyou - FI\" \/>\n<meta property=\"og:description\" content=\"Ventolin-inhalaattori lievitt\u00e4\u00e4 astman oireita nopeasti. Hanki reseptisi verkossa\u2014nopeasti, turvallisesti ja huomaamattomasti kotiisi.\" \/>\n<meta property=\"og:url\" content=\"https:\/\/www.transtoyou.com\/fi\/product\/ventolin\/\" \/>\n<meta property=\"og:site_name\" content=\"Transtoyou - FI\" \/>\n<meta property=\"article:modified_time\" content=\"2026-03-07T14:05:58+00:00\" \/>\n<meta name=\"twitter:card\" content=\"summary_large_image\" \/>\n<meta name=\"twitter:label1\" content=\"Arvioitu lukuaika\" \/>\n\t<meta name=\"twitter:data1\" content=\"1 minuutti\" \/>\n<script type=\"application\/ld+json\" class=\"yoast-schema-graph\">{\"@context\":\"https:\/\/schema.org\",\"@graph\":[{\"@type\":\"WebPage\",\"@id\":\"https:\/\/www.transtoyou.com\/fi\/product\/ventolin\/\",\"url\":\"https:\/\/www.transtoyou.com\/fi\/product\/ventolin\/\",\"name\":\"Ventolin | Nopea helpotus astmaan ja hengitysvaikeuksiin - Transtoyou - FI\",\"isPartOf\":{\"@id\":\"https:\/\/www.transtoyou.com\/fi\/#website\"},\"primaryImageOfPage\":{\"@id\":\"https:\/\/www.transtoyou.com\/fi\/product\/ventolin\/#primaryimage\"},\"image\":{\"@id\":\"https:\/\/www.transtoyou.com\/fi\/product\/ventolin\/#primaryimage\"},\"thumbnailUrl\":\"https:\/\/www.transtoyou.com\/fi\/wp-content\/uploads\/sites\/16\/2026\/01\/tty-no-product-image-175.webp\",\"datePublished\":\"2026-01-26T00:58:02+00:00\",\"dateModified\":\"2026-03-07T14:05:58+00:00\",\"description\":\"Ventolin-inhalaattori lievitt\u00e4\u00e4 astman oireita nopeasti. Hanki reseptisi verkossa\u2014nopeasti, turvallisesti ja huomaamattomasti kotiisi.\",\"breadcrumb\":{\"@id\":\"https:\/\/www.transtoyou.com\/fi\/product\/ventolin\/#breadcrumb\"},\"inLanguage\":\"fi\",\"potentialAction\":[{\"@type\":\"ReadAction\",\"target\":[\"https:\/\/www.transtoyou.com\/fi\/product\/ventolin\/\"]}]},{\"@type\":\"ImageObject\",\"inLanguage\":\"fi\",\"@id\":\"https:\/\/www.transtoyou.com\/fi\/product\/ventolin\/#primaryimage\",\"url\":\"https:\/\/www.transtoyou.com\/fi\/wp-content\/uploads\/sites\/16\/2026\/01\/tty-no-product-image-175.webp\",\"contentUrl\":\"https:\/\/www.transtoyou.com\/fi\/wp-content\/uploads\/sites\/16\/2026\/01\/tty-no-product-image-175.webp\",\"width\":1000,\"height\":1000,\"caption\":\"Oletusarvoinen tuotekuva\"},{\"@type\":\"WebSite\",\"@id\":\"https:\/\/www.transtoyou.com\/fi\/#website\",\"url\":\"https:\/\/www.transtoyou.com\/fi\/\",\"name\":\"Transtoyou - FI\",\"description\":\"\",\"publisher\":{\"@id\":\"https:\/\/www.transtoyou.com\/fi\/#organization\"},\"potentialAction\":[{\"@type\":\"SearchAction\",\"target\":{\"@type\":\"EntryPoint\",\"urlTemplate\":\"https:\/\/www.transtoyou.com\/fi\/?s={search_term_string}\"},\"query-input\":{\"@type\":\"PropertyValueSpecification\",\"valueRequired\":true,\"valueName\":\"search_term_string\"}}],\"inLanguage\":\"fi\"},{\"@type\":\"Organization\",\"@id\":\"https:\/\/www.transtoyou.com\/fi\/#organization\",\"name\":\"Transtoyou - FI\",\"url\":\"https:\/\/www.transtoyou.com\/fi\/\",\"logo\":{\"@type\":\"ImageObject\",\"inLanguage\":\"fi\",\"@id\":\"https:\/\/www.transtoyou.com\/fi\/#\/schema\/logo\/image\/\",\"url\":\"https:\/\/www.transtoyou.com\/fi\/wp-content\/uploads\/sites\/16\/2026\/01\/logo-tty-menu-bar-300x87-1.webp\",\"contentUrl\":\"https:\/\/www.transtoyou.com\/fi\/wp-content\/uploads\/sites\/16\/2026\/01\/logo-tty-menu-bar-300x87-1.webp\",\"width\":300,\"height\":87,\"caption\":\"Transtoyou - FI\"},\"image\":{\"@id\":\"https:\/\/www.transtoyou.com\/fi\/#\/schema\/logo\/image\/\"}}]}<\/script>\n<!-- \/ Yoast SEO plugin. -->","yoast_head_json":{"title":"Ventolin | Nopea helpotus astmaan ja hengitysvaikeuksiin - Transtoyou - FI","description":"Ventolin-inhalaattori lievitt\u00e4\u00e4 astman oireita nopeasti. Hanki reseptisi verkossa\u2014nopeasti, turvallisesti ja huomaamattomasti kotiisi.","robots":{"index":"noindex","follow":"follow","max-snippet":"max-snippet:-1","max-image-preview":"max-image-preview:large","max-video-preview":"max-video-preview:-1"},"og_locale":"fi_FI","og_type":"article","og_title":"Ventolin | Nopea helpotus astmaan ja hengitysvaikeuksiin - Transtoyou - FI","og_description":"Ventolin-inhalaattori lievitt\u00e4\u00e4 astman oireita nopeasti. Hanki reseptisi verkossa\u2014nopeasti, turvallisesti ja huomaamattomasti kotiisi.","og_url":"https:\/\/www.transtoyou.com\/fi\/product\/ventolin\/","og_site_name":"Transtoyou - FI","article_modified_time":"2026-03-07T14:05:58+00:00","twitter_card":"summary_large_image","twitter_misc":{"Arvioitu lukuaika":"1 minuutti"},"schema":{"@context":"https:\/\/schema.org","@graph":[{"@type":"WebPage","@id":"https:\/\/www.transtoyou.com\/fi\/product\/ventolin\/","url":"https:\/\/www.transtoyou.com\/fi\/product\/ventolin\/","name":"Ventolin | Nopea helpotus astmaan ja hengitysvaikeuksiin - Transtoyou - FI","isPartOf":{"@id":"https:\/\/www.transtoyou.com\/fi\/#website"},"primaryImageOfPage":{"@id":"https:\/\/www.transtoyou.com\/fi\/product\/ventolin\/#primaryimage"},"image":{"@id":"https:\/\/www.transtoyou.com\/fi\/product\/ventolin\/#primaryimage"},"thumbnailUrl":"https:\/\/www.transtoyou.com\/fi\/wp-content\/uploads\/sites\/16\/2026\/01\/tty-no-product-image-175.webp","datePublished":"2026-01-26T00:58:02+00:00","dateModified":"2026-03-07T14:05:58+00:00","description":"Ventolin-inhalaattori lievitt\u00e4\u00e4 astman oireita nopeasti. Hanki reseptisi verkossa\u2014nopeasti, turvallisesti ja huomaamattomasti kotiisi.","breadcrumb":{"@id":"https:\/\/www.transtoyou.com\/fi\/product\/ventolin\/#breadcrumb"},"inLanguage":"fi","potentialAction":[{"@type":"ReadAction","target":["https:\/\/www.transtoyou.com\/fi\/product\/ventolin\/"]}]},{"@type":"ImageObject","inLanguage":"fi","@id":"https:\/\/www.transtoyou.com\/fi\/product\/ventolin\/#primaryimage","url":"https:\/\/www.transtoyou.com\/fi\/wp-content\/uploads\/sites\/16\/2026\/01\/tty-no-product-image-175.webp","contentUrl":"https:\/\/www.transtoyou.com\/fi\/wp-content\/uploads\/sites\/16\/2026\/01\/tty-no-product-image-175.webp","width":1000,"height":1000,"caption":"Oletusarvoinen tuotekuva"},{"@type":"WebSite","@id":"https:\/\/www.transtoyou.com\/fi\/#website","url":"https:\/\/www.transtoyou.com\/fi\/","name":"Transtoyou - FI","description":"","publisher":{"@id":"https:\/\/www.transtoyou.com\/fi\/#organization"},"potentialAction":[{"@type":"SearchAction","target":{"@type":"EntryPoint","urlTemplate":"https:\/\/www.transtoyou.com\/fi\/?s={search_term_string}"},"query-input":{"@type":"PropertyValueSpecification","valueRequired":true,"valueName":"search_term_string"}}],"inLanguage":"fi"},{"@type":"Organization","@id":"https:\/\/www.transtoyou.com\/fi\/#organization","name":"Transtoyou - FI","url":"https:\/\/www.transtoyou.com\/fi\/","logo":{"@type":"ImageObject","inLanguage":"fi","@id":"https:\/\/www.transtoyou.com\/fi\/#\/schema\/logo\/image\/","url":"https:\/\/www.transtoyou.com\/fi\/wp-content\/uploads\/sites\/16\/2026\/01\/logo-tty-menu-bar-300x87-1.webp","contentUrl":"https:\/\/www.transtoyou.com\/fi\/wp-content\/uploads\/sites\/16\/2026\/01\/logo-tty-menu-bar-300x87-1.webp","width":300,"height":87,"caption":"Transtoyou - FI"},"image":{"@id":"https:\/\/www.transtoyou.com\/fi\/#\/schema\/logo\/image\/"}}]}},"_links":{"self":[{"href":"https:\/\/www.transtoyou.com\/fi\/wp-json\/wp\/v2\/product\/996","targetHints":{"allow":["GET"]}}],"collection":[{"href":"https:\/\/www.transtoyou.com\/fi\/wp-json\/wp\/v2\/product"}],"about":[{"href":"https:\/\/www.transtoyou.com\/fi\/wp-json\/wp\/v2\/types\/product"}],"replies":[{"embeddable":true,"href":"https:\/\/www.transtoyou.com\/fi\/wp-json\/wp\/v2\/comments?post=996"}],"wp:featuredmedia":[{"embeddable":true,"href":"https:\/\/www.transtoyou.com\/fi\/wp-json\/wp\/v2\/media\/998"}],"wp:attachment":[{"href":"https:\/\/www.transtoyou.com\/fi\/wp-json\/wp\/v2\/media?parent=996"}],"wp:term":[{"taxonomy":"product_brand","embeddable":true,"href":"https:\/\/www.transtoyou.com\/fi\/wp-json\/wp\/v2\/product_brand?post=996"},{"taxonomy":"product_cat","embeddable":true,"href":"https:\/\/www.transtoyou.com\/fi\/wp-json\/wp\/v2\/product_cat?post=996"},{"taxonomy":"product_tag","embeddable":true,"href":"https:\/\/www.transtoyou.com\/fi\/wp-json\/wp\/v2\/product_tag?post=996"},{"taxonomy":"expert","embeddable":true,"href":"https:\/\/www.transtoyou.com\/fi\/wp-json\/wp\/v2\/expert?post=996"}],"curies":[{"name":"wp","href":"https:\/\/api.w.org\/{rel}","templated":true}]}}