{"id":109,"date":"2026-01-18T09:30:47","date_gmt":"2026-01-18T09:30:47","guid":{"rendered":"https:\/\/www.transtoyou.com\/fr\/?page_id=109"},"modified":"2026-04-13T09:18:21","modified_gmt":"2026-04-13T06:18:21","slug":"questionnaire-medical","status":"publish","type":"page","link":"https:\/\/www.transtoyou.com\/fr\/questionnaire-medical\/","title":{"rendered":"Questionnaire m\u00e9dical"},"content":{"rendered":"","protected":false},"excerpt":{"rendered":"","protected":false},"author":13,"featured_media":110,"parent":0,"menu_order":0,"comment_status":"closed","ping_status":"closed","template":"","meta":{"footnotes":""},"class_list":["post-109","page","type-page","status-publish","has-post-thumbnail","hentry"],"yoast_head":"<!-- This site is optimized with the Yoast SEO plugin v27.0 - https:\/\/yoast.com\/product\/yoast-seo-wordpress\/ -->\n<title>Commencez Votre Questionnaire M\u00e9dical | Transtoyou<\/title>\n<meta name=\"description\" content=\"Remplissez notre formulaire m\u00e9dical s\u00e9curis\u00e9. Vos r\u00e9ponses aident nos m\u00e9decins agr\u00e9\u00e9s \u00e0 \u00e9valuer votre situation et \u00e0 fournir les meilleurs soins.\" \/>\n<meta name=\"robots\" content=\"noindex, follow\" \/>\n<meta property=\"og:locale\" content=\"fr_FR\" \/>\n<meta property=\"og:type\" content=\"article\" \/>\n<meta property=\"og:title\" content=\"Commencez Votre Questionnaire M\u00e9dical | Transtoyou\" \/>\n<meta property=\"og:description\" content=\"Remplissez notre formulaire m\u00e9dical s\u00e9curis\u00e9. Vos r\u00e9ponses aident nos m\u00e9decins agr\u00e9\u00e9s \u00e0 \u00e9valuer votre situation et \u00e0 fournir les meilleurs soins.\" \/>\n<meta property=\"og:url\" content=\"https:\/\/www.transtoyou.com\/fr\/questionnaire-medical\/\" \/>\n<meta property=\"og:site_name\" content=\"Transtoyou - FR\" \/>\n<meta property=\"article:modified_time\" content=\"2026-04-13T06:18:21+00:00\" \/>\n<meta property=\"og:image\" content=\"https:\/\/www.transtoyou.com\/fr\/wp-content\/uploads\/sites\/5\/2026\/01\/Logo-500x500-bg-2.png\" \/>\n\t<meta property=\"og:image:width\" content=\"500\" \/>\n\t<meta property=\"og:image:height\" content=\"500\" \/>\n\t<meta property=\"og:image:type\" content=\"image\/png\" \/>\n<meta name=\"twitter:card\" content=\"summary_large_image\" \/>\n<meta name=\"twitter:label1\" content=\"Dur\u00e9e de lecture estim\u00e9e\" \/>\n\t<meta name=\"twitter:data1\" content=\"1 minute\" \/>\n<script type=\"application\/ld+json\" class=\"yoast-schema-graph\">{\"@context\":\"https:\/\/schema.org\",\"@graph\":[{\"@type\":\"WebPage\",\"@id\":\"https:\/\/www.transtoyou.com\/fr\/questionnaire-medical\/\",\"url\":\"https:\/\/www.transtoyou.com\/fr\/questionnaire-medical\/\",\"name\":\"Commencez Votre Questionnaire M\u00e9dical | Transtoyou\",\"isPartOf\":{\"@id\":\"https:\/\/www.transtoyou.com\/fr\/#website\"},\"primaryImageOfPage\":{\"@id\":\"https:\/\/www.transtoyou.com\/fr\/questionnaire-medical\/#primaryimage\"},\"image\":{\"@id\":\"https:\/\/www.transtoyou.com\/fr\/questionnaire-medical\/#primaryimage\"},\"thumbnailUrl\":\"https:\/\/www.transtoyou.com\/fr\/wp-content\/uploads\/sites\/5\/2026\/01\/Logo-500x500-bg-2.png\",\"datePublished\":\"2026-01-18T09:30:47+00:00\",\"dateModified\":\"2026-04-13T06:18:21+00:00\",\"description\":\"Remplissez notre formulaire m\u00e9dical s\u00e9curis\u00e9. Vos r\u00e9ponses aident nos m\u00e9decins agr\u00e9\u00e9s \u00e0 \u00e9valuer votre situation et \u00e0 fournir les meilleurs soins.\",\"breadcrumb\":{\"@id\":\"https:\/\/www.transtoyou.com\/fr\/questionnaire-medical\/#breadcrumb\"},\"inLanguage\":\"fr-FR\",\"potentialAction\":[{\"@type\":\"ReadAction\",\"target\":[\"https:\/\/www.transtoyou.com\/fr\/questionnaire-medical\/\"]}]},{\"@type\":\"ImageObject\",\"inLanguage\":\"fr-FR\",\"@id\":\"https:\/\/www.transtoyou.com\/fr\/questionnaire-medical\/#primaryimage\",\"url\":\"https:\/\/www.transtoyou.com\/fr\/wp-content\/uploads\/sites\/5\/2026\/01\/Logo-500x500-bg-2.png\",\"contentUrl\":\"https:\/\/www.transtoyou.com\/fr\/wp-content\/uploads\/sites\/5\/2026\/01\/Logo-500x500-bg-2.png\",\"width\":500,\"height\":500,\"caption\":\"Logo Transtoyou\"},{\"@type\":\"WebSite\",\"@id\":\"https:\/\/www.transtoyou.com\/fr\/#website\",\"url\":\"https:\/\/www.transtoyou.com\/fr\/\",\"name\":\"Transtoyou - FR\",\"description\":\"\",\"publisher\":{\"@id\":\"https:\/\/www.transtoyou.com\/fr\/#organization\"},\"potentialAction\":[{\"@type\":\"SearchAction\",\"target\":{\"@type\":\"EntryPoint\",\"urlTemplate\":\"https:\/\/www.transtoyou.com\/fr\/?s={search_term_string}\"},\"query-input\":{\"@type\":\"PropertyValueSpecification\",\"valueRequired\":true,\"valueName\":\"search_term_string\"}}],\"inLanguage\":\"fr-FR\"},{\"@type\":\"Organization\",\"@id\":\"https:\/\/www.transtoyou.com\/fr\/#organization\",\"name\":\"Transtoyou - FR\",\"url\":\"https:\/\/www.transtoyou.com\/fr\/\",\"logo\":{\"@type\":\"ImageObject\",\"inLanguage\":\"fr-FR\",\"@id\":\"https:\/\/www.transtoyou.com\/fr\/#\/schema\/logo\/image\/\",\"url\":\"https:\/\/www.transtoyou.com\/fr\/wp-content\/uploads\/sites\/5\/2026\/01\/logo-tty-menu-bar-300x87-1.webp\",\"contentUrl\":\"https:\/\/www.transtoyou.com\/fr\/wp-content\/uploads\/sites\/5\/2026\/01\/logo-tty-menu-bar-300x87-1.webp\",\"width\":300,\"height\":87,\"caption\":\"Transtoyou - FR\"},\"image\":{\"@id\":\"https:\/\/www.transtoyou.com\/fr\/#\/schema\/logo\/image\/\"}}]}<\/script>\n<!-- \/ Yoast SEO plugin. -->","yoast_head_json":{"title":"Commencez Votre Questionnaire M\u00e9dical | Transtoyou","description":"Remplissez notre formulaire m\u00e9dical s\u00e9curis\u00e9. Vos r\u00e9ponses aident nos m\u00e9decins agr\u00e9\u00e9s \u00e0 \u00e9valuer votre situation et \u00e0 fournir les meilleurs soins.","robots":{"index":"noindex","follow":"follow"},"og_locale":"fr_FR","og_type":"article","og_title":"Commencez Votre Questionnaire M\u00e9dical | Transtoyou","og_description":"Remplissez notre formulaire m\u00e9dical s\u00e9curis\u00e9. Vos r\u00e9ponses aident nos m\u00e9decins agr\u00e9\u00e9s \u00e0 \u00e9valuer votre situation et \u00e0 fournir les meilleurs soins.","og_url":"https:\/\/www.transtoyou.com\/fr\/questionnaire-medical\/","og_site_name":"Transtoyou - FR","article_modified_time":"2026-04-13T06:18:21+00:00","og_image":[{"width":500,"height":500,"url":"https:\/\/www.transtoyou.com\/fr\/wp-content\/uploads\/sites\/5\/2026\/01\/Logo-500x500-bg-2.png","type":"image\/png"}],"twitter_card":"summary_large_image","twitter_misc":{"Dur\u00e9e de lecture estim\u00e9e":"1 minute"},"schema":{"@context":"https:\/\/schema.org","@graph":[{"@type":"WebPage","@id":"https:\/\/www.transtoyou.com\/fr\/questionnaire-medical\/","url":"https:\/\/www.transtoyou.com\/fr\/questionnaire-medical\/","name":"Commencez Votre Questionnaire M\u00e9dical | Transtoyou","isPartOf":{"@id":"https:\/\/www.transtoyou.com\/fr\/#website"},"primaryImageOfPage":{"@id":"https:\/\/www.transtoyou.com\/fr\/questionnaire-medical\/#primaryimage"},"image":{"@id":"https:\/\/www.transtoyou.com\/fr\/questionnaire-medical\/#primaryimage"},"thumbnailUrl":"https:\/\/www.transtoyou.com\/fr\/wp-content\/uploads\/sites\/5\/2026\/01\/Logo-500x500-bg-2.png","datePublished":"2026-01-18T09:30:47+00:00","dateModified":"2026-04-13T06:18:21+00:00","description":"Remplissez notre formulaire m\u00e9dical s\u00e9curis\u00e9. Vos r\u00e9ponses aident nos m\u00e9decins agr\u00e9\u00e9s \u00e0 \u00e9valuer votre situation et \u00e0 fournir les meilleurs soins.","breadcrumb":{"@id":"https:\/\/www.transtoyou.com\/fr\/questionnaire-medical\/#breadcrumb"},"inLanguage":"fr-FR","potentialAction":[{"@type":"ReadAction","target":["https:\/\/www.transtoyou.com\/fr\/questionnaire-medical\/"]}]},{"@type":"ImageObject","inLanguage":"fr-FR","@id":"https:\/\/www.transtoyou.com\/fr\/questionnaire-medical\/#primaryimage","url":"https:\/\/www.transtoyou.com\/fr\/wp-content\/uploads\/sites\/5\/2026\/01\/Logo-500x500-bg-2.png","contentUrl":"https:\/\/www.transtoyou.com\/fr\/wp-content\/uploads\/sites\/5\/2026\/01\/Logo-500x500-bg-2.png","width":500,"height":500,"caption":"Logo Transtoyou"},{"@type":"WebSite","@id":"https:\/\/www.transtoyou.com\/fr\/#website","url":"https:\/\/www.transtoyou.com\/fr\/","name":"Transtoyou - FR","description":"","publisher":{"@id":"https:\/\/www.transtoyou.com\/fr\/#organization"},"potentialAction":[{"@type":"SearchAction","target":{"@type":"EntryPoint","urlTemplate":"https:\/\/www.transtoyou.com\/fr\/?s={search_term_string}"},"query-input":{"@type":"PropertyValueSpecification","valueRequired":true,"valueName":"search_term_string"}}],"inLanguage":"fr-FR"},{"@type":"Organization","@id":"https:\/\/www.transtoyou.com\/fr\/#organization","name":"Transtoyou - FR","url":"https:\/\/www.transtoyou.com\/fr\/","logo":{"@type":"ImageObject","inLanguage":"fr-FR","@id":"https:\/\/www.transtoyou.com\/fr\/#\/schema\/logo\/image\/","url":"https:\/\/www.transtoyou.com\/fr\/wp-content\/uploads\/sites\/5\/2026\/01\/logo-tty-menu-bar-300x87-1.webp","contentUrl":"https:\/\/www.transtoyou.com\/fr\/wp-content\/uploads\/sites\/5\/2026\/01\/logo-tty-menu-bar-300x87-1.webp","width":300,"height":87,"caption":"Transtoyou - FR"},"image":{"@id":"https:\/\/www.transtoyou.com\/fr\/#\/schema\/logo\/image\/"}}]}},"_links":{"self":[{"href":"https:\/\/www.transtoyou.com\/fr\/wp-json\/wp\/v2\/pages\/109","targetHints":{"allow":["GET"]}}],"collection":[{"href":"https:\/\/www.transtoyou.com\/fr\/wp-json\/wp\/v2\/pages"}],"about":[{"href":"https:\/\/www.transtoyou.com\/fr\/wp-json\/wp\/v2\/types\/page"}],"author":[{"embeddable":true,"href":"https:\/\/www.transtoyou.com\/fr\/wp-json\/wp\/v2\/users\/13"}],"replies":[{"embeddable":true,"href":"https:\/\/www.transtoyou.com\/fr\/wp-json\/wp\/v2\/comments?post=109"}],"version-history":[{"count":2,"href":"https:\/\/www.transtoyou.com\/fr\/wp-json\/wp\/v2\/pages\/109\/revisions"}],"predecessor-version":[{"id":3162,"href":"https:\/\/www.transtoyou.com\/fr\/wp-json\/wp\/v2\/pages\/109\/revisions\/3162"}],"wp:featuredmedia":[{"embeddable":true,"href":"https:\/\/www.transtoyou.com\/fr\/wp-json\/wp\/v2\/media\/110"}],"wp:attachment":[{"href":"https:\/\/www.transtoyou.com\/fr\/wp-json\/wp\/v2\/media?parent=109"}],"curies":[{"name":"wp","href":"https:\/\/api.w.org\/{rel}","templated":true}]}}