{"id":1308,"date":"2026-01-26T09:23:41","date_gmt":"2026-01-26T07:23:41","guid":{"rendered":"https:\/\/www.transtoyou.com\/fr\/?page_id=1308"},"modified":"2026-01-26T09:23:41","modified_gmt":"2026-01-26T07:23:41","slug":"tty-documents","status":"publish","type":"page","link":"https:\/\/www.transtoyou.com\/fr\/tty-documents\/","title":{"rendered":"G\u00e9rez vos documents"},"content":{"rendered":"","protected":false},"excerpt":{"rendered":"","protected":false},"author":13,"featured_media":0,"parent":0,"menu_order":0,"comment_status":"closed","ping_status":"closed","template":"","meta":{"footnotes":""},"class_list":["post-1308","page","type-page","status-publish","hentry"],"yoast_head":"<!-- This site is optimized with the Yoast SEO plugin v27.0 - https:\/\/yoast.com\/product\/yoast-seo-wordpress\/ -->\n<title>G\u00e9rez vos documents pour un acc\u00e8s et un contr\u00f4le faciles - Transtoyou<\/title>\n<meta name=\"description\" content=\"G\u00e9rez vos documents, visualisez, t\u00e9l\u00e9chargez et t\u00e9l\u00e9versez en toute s\u00e9curit\u00e9 vos dossiers m\u00e9dicaux, prescriptions et informations de sant\u00e9 Transtoyou au m\u00eame endroit.\" \/>\n<meta name=\"robots\" content=\"noindex, follow, max-snippet:-1, max-image-preview:large, max-video-preview:-1\" \/>\n<meta property=\"og:locale\" content=\"fr_FR\" \/>\n<meta property=\"og:type\" content=\"article\" \/>\n<meta property=\"og:title\" content=\"G\u00e9rez vos documents pour un acc\u00e8s et un contr\u00f4le faciles - Transtoyou\" \/>\n<meta property=\"og:description\" content=\"G\u00e9rez vos documents, visualisez, t\u00e9l\u00e9chargez et t\u00e9l\u00e9versez en toute s\u00e9curit\u00e9 vos dossiers m\u00e9dicaux, prescriptions et informations de sant\u00e9 Transtoyou au m\u00eame endroit.\" \/>\n<meta property=\"og:url\" content=\"https:\/\/www.transtoyou.com\/fr\/tty-documents\/\" \/>\n<meta property=\"og:site_name\" content=\"Transtoyou - FR\" \/>\n<meta name=\"twitter:card\" content=\"summary_large_image\" \/>\n<script type=\"application\/ld+json\" class=\"yoast-schema-graph\">{\"@context\":\"https:\/\/schema.org\",\"@graph\":[{\"@type\":\"WebPage\",\"@id\":\"https:\/\/www.transtoyou.com\/fr\/tty-documents\/\",\"url\":\"https:\/\/www.transtoyou.com\/fr\/tty-documents\/\",\"name\":\"G\u00e9rez vos documents pour un acc\u00e8s et un contr\u00f4le faciles - Transtoyou\",\"isPartOf\":{\"@id\":\"https:\/\/www.transtoyou.com\/fr\/#website\"},\"datePublished\":\"2026-01-26T07:23:41+00:00\",\"description\":\"G\u00e9rez vos documents, visualisez, t\u00e9l\u00e9chargez et t\u00e9l\u00e9versez en toute s\u00e9curit\u00e9 vos dossiers m\u00e9dicaux, prescriptions et informations de sant\u00e9 Transtoyou au m\u00eame endroit.\",\"breadcrumb\":{\"@id\":\"https:\/\/www.transtoyou.com\/fr\/tty-documents\/#breadcrumb\"},\"inLanguage\":\"fr-FR\",\"potentialAction\":[{\"@type\":\"ReadAction\",\"target\":[\"https:\/\/www.transtoyou.com\/fr\/tty-documents\/\"]}]},{\"@type\":\"WebSite\",\"@id\":\"https:\/\/www.transtoyou.com\/fr\/#website\",\"url\":\"https:\/\/www.transtoyou.com\/fr\/\",\"name\":\"Transtoyou - FR\",\"description\":\"\",\"publisher\":{\"@id\":\"https:\/\/www.transtoyou.com\/fr\/#organization\"},\"potentialAction\":[{\"@type\":\"SearchAction\",\"target\":{\"@type\":\"EntryPoint\",\"urlTemplate\":\"https:\/\/www.transtoyou.com\/fr\/?s={search_term_string}\"},\"query-input\":{\"@type\":\"PropertyValueSpecification\",\"valueRequired\":true,\"valueName\":\"search_term_string\"}}],\"inLanguage\":\"fr-FR\"},{\"@type\":\"Organization\",\"@id\":\"https:\/\/www.transtoyou.com\/fr\/#organization\",\"name\":\"Transtoyou - FR\",\"url\":\"https:\/\/www.transtoyou.com\/fr\/\",\"logo\":{\"@type\":\"ImageObject\",\"inLanguage\":\"fr-FR\",\"@id\":\"https:\/\/www.transtoyou.com\/fr\/#\/schema\/logo\/image\/\",\"url\":\"https:\/\/www.transtoyou.com\/fr\/wp-content\/uploads\/sites\/5\/2026\/01\/logo-tty-menu-bar-300x87-1.webp\",\"contentUrl\":\"https:\/\/www.transtoyou.com\/fr\/wp-content\/uploads\/sites\/5\/2026\/01\/logo-tty-menu-bar-300x87-1.webp\",\"width\":300,\"height\":87,\"caption\":\"Transtoyou - FR\"},\"image\":{\"@id\":\"https:\/\/www.transtoyou.com\/fr\/#\/schema\/logo\/image\/\"}}]}<\/script>\n<!-- \/ Yoast SEO plugin. -->","yoast_head_json":{"title":"G\u00e9rez vos documents pour un acc\u00e8s et un contr\u00f4le faciles - Transtoyou","description":"G\u00e9rez vos documents, visualisez, t\u00e9l\u00e9chargez et t\u00e9l\u00e9versez en toute s\u00e9curit\u00e9 vos dossiers m\u00e9dicaux, prescriptions et informations de sant\u00e9 Transtoyou au m\u00eame endroit.","robots":{"index":"noindex","follow":"follow","max-snippet":"max-snippet:-1","max-image-preview":"max-image-preview:large","max-video-preview":"max-video-preview:-1"},"og_locale":"fr_FR","og_type":"article","og_title":"G\u00e9rez vos documents pour un acc\u00e8s et un contr\u00f4le faciles - Transtoyou","og_description":"G\u00e9rez vos documents, visualisez, t\u00e9l\u00e9chargez et t\u00e9l\u00e9versez en toute s\u00e9curit\u00e9 vos dossiers m\u00e9dicaux, prescriptions et informations de sant\u00e9 Transtoyou au m\u00eame endroit.","og_url":"https:\/\/www.transtoyou.com\/fr\/tty-documents\/","og_site_name":"Transtoyou - FR","twitter_card":"summary_large_image","schema":{"@context":"https:\/\/schema.org","@graph":[{"@type":"WebPage","@id":"https:\/\/www.transtoyou.com\/fr\/tty-documents\/","url":"https:\/\/www.transtoyou.com\/fr\/tty-documents\/","name":"G\u00e9rez vos documents pour un acc\u00e8s et un contr\u00f4le faciles - Transtoyou","isPartOf":{"@id":"https:\/\/www.transtoyou.com\/fr\/#website"},"datePublished":"2026-01-26T07:23:41+00:00","description":"G\u00e9rez vos documents, visualisez, t\u00e9l\u00e9chargez et t\u00e9l\u00e9versez en toute s\u00e9curit\u00e9 vos dossiers m\u00e9dicaux, prescriptions et informations de sant\u00e9 Transtoyou au m\u00eame endroit.","breadcrumb":{"@id":"https:\/\/www.transtoyou.com\/fr\/tty-documents\/#breadcrumb"},"inLanguage":"fr-FR","potentialAction":[{"@type":"ReadAction","target":["https:\/\/www.transtoyou.com\/fr\/tty-documents\/"]}]},{"@type":"WebSite","@id":"https:\/\/www.transtoyou.com\/fr\/#website","url":"https:\/\/www.transtoyou.com\/fr\/","name":"Transtoyou - FR","description":"","publisher":{"@id":"https:\/\/www.transtoyou.com\/fr\/#organization"},"potentialAction":[{"@type":"SearchAction","target":{"@type":"EntryPoint","urlTemplate":"https:\/\/www.transtoyou.com\/fr\/?s={search_term_string}"},"query-input":{"@type":"PropertyValueSpecification","valueRequired":true,"valueName":"search_term_string"}}],"inLanguage":"fr-FR"},{"@type":"Organization","@id":"https:\/\/www.transtoyou.com\/fr\/#organization","name":"Transtoyou - FR","url":"https:\/\/www.transtoyou.com\/fr\/","logo":{"@type":"ImageObject","inLanguage":"fr-FR","@id":"https:\/\/www.transtoyou.com\/fr\/#\/schema\/logo\/image\/","url":"https:\/\/www.transtoyou.com\/fr\/wp-content\/uploads\/sites\/5\/2026\/01\/logo-tty-menu-bar-300x87-1.webp","contentUrl":"https:\/\/www.transtoyou.com\/fr\/wp-content\/uploads\/sites\/5\/2026\/01\/logo-tty-menu-bar-300x87-1.webp","width":300,"height":87,"caption":"Transtoyou - FR"},"image":{"@id":"https:\/\/www.transtoyou.com\/fr\/#\/schema\/logo\/image\/"}}]}},"_links":{"self":[{"href":"https:\/\/www.transtoyou.com\/fr\/wp-json\/wp\/v2\/pages\/1308","targetHints":{"allow":["GET"]}}],"collection":[{"href":"https:\/\/www.transtoyou.com\/fr\/wp-json\/wp\/v2\/pages"}],"about":[{"href":"https:\/\/www.transtoyou.com\/fr\/wp-json\/wp\/v2\/types\/page"}],"author":[{"embeddable":true,"href":"https:\/\/www.transtoyou.com\/fr\/wp-json\/wp\/v2\/users\/13"}],"replies":[{"embeddable":true,"href":"https:\/\/www.transtoyou.com\/fr\/wp-json\/wp\/v2\/comments?post=1308"}],"version-history":[{"count":1,"href":"https:\/\/www.transtoyou.com\/fr\/wp-json\/wp\/v2\/pages\/1308\/revisions"}],"predecessor-version":[{"id":1309,"href":"https:\/\/www.transtoyou.com\/fr\/wp-json\/wp\/v2\/pages\/1308\/revisions\/1309"}],"wp:attachment":[{"href":"https:\/\/www.transtoyou.com\/fr\/wp-json\/wp\/v2\/media?parent=1308"}],"curies":[{"name":"wp","href":"https:\/\/api.w.org\/{rel}","templated":true}]}}