{"id":1310,"date":"2026-01-26T09:35:00","date_gmt":"2026-01-26T07:35:00","guid":{"rendered":"https:\/\/www.transtoyou.com\/fr\/?page_id=1310"},"modified":"2026-01-26T09:35:00","modified_gmt":"2026-01-26T07:35:00","slug":"tty-securite","status":"publish","type":"page","link":"https:\/\/www.transtoyou.com\/fr\/tty-securite\/","title":{"rendered":"Param\u00e8tres de s\u00e9curit\u00e9 et connexion 2FA"},"content":{"rendered":"","protected":false},"excerpt":{"rendered":"","protected":false},"author":13,"featured_media":0,"parent":0,"menu_order":0,"comment_status":"closed","ping_status":"closed","template":"","meta":{"footnotes":""},"class_list":["post-1310","page","type-page","status-publish","hentry"],"yoast_head":"<!-- This site is optimized with the Yoast SEO plugin v27.0 - https:\/\/yoast.com\/product\/yoast-seo-wordpress\/ -->\n<title>Param\u00e8tres de s\u00e9curit\u00e9 et guide de connexion 2FA - Transtoyou<\/title>\n<meta name=\"description\" content=\"G\u00e9rez les param\u00e8tres de s\u00e9curit\u00e9, activez la connexion 2FA, prot\u00e9gez votre compte Transtoyou et s\u00e9curisez l&#039;acc\u00e8s \u00e0 vos informations et services de sant\u00e9.\" \/>\n<meta name=\"robots\" content=\"noindex, follow, max-snippet:-1, max-image-preview:large, max-video-preview:-1\" \/>\n<meta property=\"og:locale\" content=\"fr_FR\" \/>\n<meta property=\"og:type\" content=\"article\" \/>\n<meta property=\"og:title\" content=\"Param\u00e8tres de s\u00e9curit\u00e9 et guide de connexion 2FA - Transtoyou\" \/>\n<meta property=\"og:description\" content=\"G\u00e9rez les param\u00e8tres de s\u00e9curit\u00e9, activez la connexion 2FA, prot\u00e9gez votre compte Transtoyou et s\u00e9curisez l&#039;acc\u00e8s \u00e0 vos informations et services de sant\u00e9.\" \/>\n<meta property=\"og:url\" content=\"https:\/\/www.transtoyou.com\/fr\/tty-securite\/\" \/>\n<meta property=\"og:site_name\" content=\"Transtoyou - FR\" \/>\n<meta name=\"twitter:card\" content=\"summary_large_image\" \/>\n<script type=\"application\/ld+json\" class=\"yoast-schema-graph\">{\"@context\":\"https:\/\/schema.org\",\"@graph\":[{\"@type\":\"WebPage\",\"@id\":\"https:\/\/www.transtoyou.com\/fr\/tty-securite\/\",\"url\":\"https:\/\/www.transtoyou.com\/fr\/tty-securite\/\",\"name\":\"Param\u00e8tres de s\u00e9curit\u00e9 et guide de connexion 2FA - Transtoyou\",\"isPartOf\":{\"@id\":\"https:\/\/www.transtoyou.com\/fr\/#website\"},\"datePublished\":\"2026-01-26T07:35:00+00:00\",\"description\":\"G\u00e9rez les param\u00e8tres de s\u00e9curit\u00e9, activez la connexion 2FA, prot\u00e9gez votre compte Transtoyou et s\u00e9curisez l'acc\u00e8s \u00e0 vos informations et services de sant\u00e9.\",\"breadcrumb\":{\"@id\":\"https:\/\/www.transtoyou.com\/fr\/tty-securite\/#breadcrumb\"},\"inLanguage\":\"fr-FR\",\"potentialAction\":[{\"@type\":\"ReadAction\",\"target\":[\"https:\/\/www.transtoyou.com\/fr\/tty-securite\/\"]}]},{\"@type\":\"WebSite\",\"@id\":\"https:\/\/www.transtoyou.com\/fr\/#website\",\"url\":\"https:\/\/www.transtoyou.com\/fr\/\",\"name\":\"Transtoyou - FR\",\"description\":\"\",\"publisher\":{\"@id\":\"https:\/\/www.transtoyou.com\/fr\/#organization\"},\"potentialAction\":[{\"@type\":\"SearchAction\",\"target\":{\"@type\":\"EntryPoint\",\"urlTemplate\":\"https:\/\/www.transtoyou.com\/fr\/?s={search_term_string}\"},\"query-input\":{\"@type\":\"PropertyValueSpecification\",\"valueRequired\":true,\"valueName\":\"search_term_string\"}}],\"inLanguage\":\"fr-FR\"},{\"@type\":\"Organization\",\"@id\":\"https:\/\/www.transtoyou.com\/fr\/#organization\",\"name\":\"Transtoyou - FR\",\"url\":\"https:\/\/www.transtoyou.com\/fr\/\",\"logo\":{\"@type\":\"ImageObject\",\"inLanguage\":\"fr-FR\",\"@id\":\"https:\/\/www.transtoyou.com\/fr\/#\/schema\/logo\/image\/\",\"url\":\"https:\/\/www.transtoyou.com\/fr\/wp-content\/uploads\/sites\/5\/2026\/01\/logo-tty-menu-bar-300x87-1.webp\",\"contentUrl\":\"https:\/\/www.transtoyou.com\/fr\/wp-content\/uploads\/sites\/5\/2026\/01\/logo-tty-menu-bar-300x87-1.webp\",\"width\":300,\"height\":87,\"caption\":\"Transtoyou - FR\"},\"image\":{\"@id\":\"https:\/\/www.transtoyou.com\/fr\/#\/schema\/logo\/image\/\"}}]}<\/script>\n<!-- \/ Yoast SEO plugin. -->","yoast_head_json":{"title":"Param\u00e8tres de s\u00e9curit\u00e9 et guide de connexion 2FA - Transtoyou","description":"G\u00e9rez les param\u00e8tres de s\u00e9curit\u00e9, activez la connexion 2FA, prot\u00e9gez votre compte Transtoyou et s\u00e9curisez l'acc\u00e8s \u00e0 vos informations et services de sant\u00e9.","robots":{"index":"noindex","follow":"follow","max-snippet":"max-snippet:-1","max-image-preview":"max-image-preview:large","max-video-preview":"max-video-preview:-1"},"og_locale":"fr_FR","og_type":"article","og_title":"Param\u00e8tres de s\u00e9curit\u00e9 et guide de connexion 2FA - Transtoyou","og_description":"G\u00e9rez les param\u00e8tres de s\u00e9curit\u00e9, activez la connexion 2FA, prot\u00e9gez votre compte Transtoyou et s\u00e9curisez l'acc\u00e8s \u00e0 vos informations et services de sant\u00e9.","og_url":"https:\/\/www.transtoyou.com\/fr\/tty-securite\/","og_site_name":"Transtoyou - FR","twitter_card":"summary_large_image","schema":{"@context":"https:\/\/schema.org","@graph":[{"@type":"WebPage","@id":"https:\/\/www.transtoyou.com\/fr\/tty-securite\/","url":"https:\/\/www.transtoyou.com\/fr\/tty-securite\/","name":"Param\u00e8tres de s\u00e9curit\u00e9 et guide de connexion 2FA - Transtoyou","isPartOf":{"@id":"https:\/\/www.transtoyou.com\/fr\/#website"},"datePublished":"2026-01-26T07:35:00+00:00","description":"G\u00e9rez les param\u00e8tres de s\u00e9curit\u00e9, activez la connexion 2FA, prot\u00e9gez votre compte Transtoyou et s\u00e9curisez l'acc\u00e8s \u00e0 vos informations et services de sant\u00e9.","breadcrumb":{"@id":"https:\/\/www.transtoyou.com\/fr\/tty-securite\/#breadcrumb"},"inLanguage":"fr-FR","potentialAction":[{"@type":"ReadAction","target":["https:\/\/www.transtoyou.com\/fr\/tty-securite\/"]}]},{"@type":"WebSite","@id":"https:\/\/www.transtoyou.com\/fr\/#website","url":"https:\/\/www.transtoyou.com\/fr\/","name":"Transtoyou - FR","description":"","publisher":{"@id":"https:\/\/www.transtoyou.com\/fr\/#organization"},"potentialAction":[{"@type":"SearchAction","target":{"@type":"EntryPoint","urlTemplate":"https:\/\/www.transtoyou.com\/fr\/?s={search_term_string}"},"query-input":{"@type":"PropertyValueSpecification","valueRequired":true,"valueName":"search_term_string"}}],"inLanguage":"fr-FR"},{"@type":"Organization","@id":"https:\/\/www.transtoyou.com\/fr\/#organization","name":"Transtoyou - FR","url":"https:\/\/www.transtoyou.com\/fr\/","logo":{"@type":"ImageObject","inLanguage":"fr-FR","@id":"https:\/\/www.transtoyou.com\/fr\/#\/schema\/logo\/image\/","url":"https:\/\/www.transtoyou.com\/fr\/wp-content\/uploads\/sites\/5\/2026\/01\/logo-tty-menu-bar-300x87-1.webp","contentUrl":"https:\/\/www.transtoyou.com\/fr\/wp-content\/uploads\/sites\/5\/2026\/01\/logo-tty-menu-bar-300x87-1.webp","width":300,"height":87,"caption":"Transtoyou - FR"},"image":{"@id":"https:\/\/www.transtoyou.com\/fr\/#\/schema\/logo\/image\/"}}]}},"_links":{"self":[{"href":"https:\/\/www.transtoyou.com\/fr\/wp-json\/wp\/v2\/pages\/1310","targetHints":{"allow":["GET"]}}],"collection":[{"href":"https:\/\/www.transtoyou.com\/fr\/wp-json\/wp\/v2\/pages"}],"about":[{"href":"https:\/\/www.transtoyou.com\/fr\/wp-json\/wp\/v2\/types\/page"}],"author":[{"embeddable":true,"href":"https:\/\/www.transtoyou.com\/fr\/wp-json\/wp\/v2\/users\/13"}],"replies":[{"embeddable":true,"href":"https:\/\/www.transtoyou.com\/fr\/wp-json\/wp\/v2\/comments?post=1310"}],"version-history":[{"count":1,"href":"https:\/\/www.transtoyou.com\/fr\/wp-json\/wp\/v2\/pages\/1310\/revisions"}],"predecessor-version":[{"id":1311,"href":"https:\/\/www.transtoyou.com\/fr\/wp-json\/wp\/v2\/pages\/1310\/revisions\/1311"}],"wp:attachment":[{"href":"https:\/\/www.transtoyou.com\/fr\/wp-json\/wp\/v2\/media?parent=1310"}],"curies":[{"name":"wp","href":"https:\/\/api.w.org\/{rel}","templated":true}]}}