{"id":150,"date":"2026-01-19T14:51:25","date_gmt":"2026-01-19T12:51:25","guid":{"rendered":"https:\/\/www.transtoyou.com\/fr\/?page_id=150"},"modified":"2026-01-26T10:52:56","modified_gmt":"2026-01-26T08:52:56","slug":"presse","status":"publish","type":"page","link":"https:\/\/www.transtoyou.com\/fr\/presse\/","title":{"rendered":"Presse &#038; M\u00e9dias"},"content":{"rendered":"","protected":false},"excerpt":{"rendered":"","protected":false},"author":13,"featured_media":151,"parent":0,"menu_order":0,"comment_status":"closed","ping_status":"closed","template":"","meta":{"footnotes":""},"class_list":["post-150","page","type-page","status-publish","has-post-thumbnail","hentry"],"yoast_head":"<!-- This site is optimized with the Yoast SEO plugin v27.0 - https:\/\/yoast.com\/product\/yoast-seo-wordpress\/ -->\n<title>Demandes de presse et m\u00e9dias - Transtoyou<\/title>\n<meta name=\"description\" content=\"D\u00e9couvrez la page Presse &amp; M\u00e9dias de Transtoyou pour des mises \u00e0 jour, des actualit\u00e9s et des informations sur notre plateforme de sant\u00e9 num\u00e9rique reliant les patients aux professionnels de l&#039;UE et du Royaume-Uni.\" \/>\n<meta name=\"robots\" content=\"noindex, follow, max-snippet:-1, max-image-preview:large, max-video-preview:-1\" \/>\n<meta property=\"og:locale\" content=\"fr_FR\" \/>\n<meta property=\"og:type\" content=\"article\" \/>\n<meta property=\"og:title\" content=\"Press &amp; Media Inquiries - Transtoyou\" \/>\n<meta property=\"og:description\" content=\"D\u00e9couvrez la page Presse &amp; M\u00e9dias de Transtoyou pour des mises \u00e0 jour, des actualit\u00e9s et des informations sur notre plateforme de sant\u00e9 num\u00e9rique reliant les patients aux professionnels de l&#039;UE et du Royaume-Uni.\" \/>\n<meta property=\"og:url\" content=\"https:\/\/www.transtoyou.com\/fr\/presse\/\" \/>\n<meta property=\"og:site_name\" content=\"Transtoyou - FR\" \/>\n<meta property=\"article:modified_time\" content=\"2026-01-26T08:52:56+00:00\" \/>\n<meta property=\"og:image\" content=\"https:\/\/www.transtoyou.com\/fr\/wp-content\/uploads\/sites\/5\/2026\/01\/Logo-500x500-bg-9.png\" \/>\n\t<meta property=\"og:image:width\" content=\"500\" \/>\n\t<meta property=\"og:image:height\" content=\"500\" \/>\n\t<meta property=\"og:image:type\" content=\"image\/png\" \/>\n<meta name=\"twitter:card\" content=\"summary_large_image\" \/>\n<meta name=\"twitter:title\" content=\"Press &amp; Media Inquiries - Transtoyou\" \/>\n<meta name=\"twitter:label1\" content=\"Dur\u00e9e de lecture estim\u00e9e\" \/>\n\t<meta name=\"twitter:data1\" content=\"1 minute\" \/>\n<script type=\"application\/ld+json\" class=\"yoast-schema-graph\">{\"@context\":\"https:\/\/schema.org\",\"@graph\":[{\"@type\":\"WebPage\",\"@id\":\"https:\/\/www.transtoyou.com\/fr\/presse\/\",\"url\":\"https:\/\/www.transtoyou.com\/fr\/presse\/\",\"name\":\"Demandes de presse et m\u00e9dias - Transtoyou\",\"isPartOf\":{\"@id\":\"https:\/\/www.transtoyou.com\/fr\/#website\"},\"primaryImageOfPage\":{\"@id\":\"https:\/\/www.transtoyou.com\/fr\/presse\/#primaryimage\"},\"image\":{\"@id\":\"https:\/\/www.transtoyou.com\/fr\/presse\/#primaryimage\"},\"thumbnailUrl\":\"https:\/\/www.transtoyou.com\/fr\/wp-content\/uploads\/sites\/5\/2026\/01\/Logo-500x500-bg-9.png\",\"datePublished\":\"2026-01-19T12:51:25+00:00\",\"dateModified\":\"2026-01-26T08:52:56+00:00\",\"description\":\"D\u00e9couvrez la page Presse & M\u00e9dias de Transtoyou pour des mises \u00e0 jour, des actualit\u00e9s et des informations sur notre plateforme de sant\u00e9 num\u00e9rique reliant les patients aux professionnels de l'UE et du Royaume-Uni.\",\"breadcrumb\":{\"@id\":\"https:\/\/www.transtoyou.com\/fr\/presse\/#breadcrumb\"},\"inLanguage\":\"fr-FR\",\"potentialAction\":[{\"@type\":\"ReadAction\",\"target\":[\"https:\/\/www.transtoyou.com\/fr\/presse\/\"]}]},{\"@type\":\"ImageObject\",\"inLanguage\":\"fr-FR\",\"@id\":\"https:\/\/www.transtoyou.com\/fr\/presse\/#primaryimage\",\"url\":\"https:\/\/www.transtoyou.com\/fr\/wp-content\/uploads\/sites\/5\/2026\/01\/Logo-500x500-bg-9.png\",\"contentUrl\":\"https:\/\/www.transtoyou.com\/fr\/wp-content\/uploads\/sites\/5\/2026\/01\/Logo-500x500-bg-9.png\",\"width\":500,\"height\":500,\"caption\":\"Logo Transtoyou\"},{\"@type\":\"WebSite\",\"@id\":\"https:\/\/www.transtoyou.com\/fr\/#website\",\"url\":\"https:\/\/www.transtoyou.com\/fr\/\",\"name\":\"Transtoyou - FR\",\"description\":\"\",\"publisher\":{\"@id\":\"https:\/\/www.transtoyou.com\/fr\/#organization\"},\"potentialAction\":[{\"@type\":\"SearchAction\",\"target\":{\"@type\":\"EntryPoint\",\"urlTemplate\":\"https:\/\/www.transtoyou.com\/fr\/?s={search_term_string}\"},\"query-input\":{\"@type\":\"PropertyValueSpecification\",\"valueRequired\":true,\"valueName\":\"search_term_string\"}}],\"inLanguage\":\"fr-FR\"},{\"@type\":\"Organization\",\"@id\":\"https:\/\/www.transtoyou.com\/fr\/#organization\",\"name\":\"Transtoyou - FR\",\"url\":\"https:\/\/www.transtoyou.com\/fr\/\",\"logo\":{\"@type\":\"ImageObject\",\"inLanguage\":\"fr-FR\",\"@id\":\"https:\/\/www.transtoyou.com\/fr\/#\/schema\/logo\/image\/\",\"url\":\"https:\/\/www.transtoyou.com\/fr\/wp-content\/uploads\/sites\/5\/2026\/01\/logo-tty-menu-bar-300x87-1.webp\",\"contentUrl\":\"https:\/\/www.transtoyou.com\/fr\/wp-content\/uploads\/sites\/5\/2026\/01\/logo-tty-menu-bar-300x87-1.webp\",\"width\":300,\"height\":87,\"caption\":\"Transtoyou - FR\"},\"image\":{\"@id\":\"https:\/\/www.transtoyou.com\/fr\/#\/schema\/logo\/image\/\"}}]}<\/script>\n<!-- \/ Yoast SEO plugin. -->","yoast_head_json":{"title":"Demandes de presse et m\u00e9dias - Transtoyou","description":"D\u00e9couvrez la page Presse & M\u00e9dias de Transtoyou pour des mises \u00e0 jour, des actualit\u00e9s et des informations sur notre plateforme de sant\u00e9 num\u00e9rique reliant les patients aux professionnels de l'UE et du Royaume-Uni.","robots":{"index":"noindex","follow":"follow","max-snippet":"max-snippet:-1","max-image-preview":"max-image-preview:large","max-video-preview":"max-video-preview:-1"},"og_locale":"fr_FR","og_type":"article","og_title":"Press & Media Inquiries - Transtoyou","og_description":"D\u00e9couvrez la page Presse & M\u00e9dias de Transtoyou pour des mises \u00e0 jour, des actualit\u00e9s et des informations sur notre plateforme de sant\u00e9 num\u00e9rique reliant les patients aux professionnels de l'UE et du Royaume-Uni.","og_url":"https:\/\/www.transtoyou.com\/fr\/presse\/","og_site_name":"Transtoyou - FR","article_modified_time":"2026-01-26T08:52:56+00:00","og_image":[{"width":500,"height":500,"url":"https:\/\/www.transtoyou.com\/fr\/wp-content\/uploads\/sites\/5\/2026\/01\/Logo-500x500-bg-9.png","type":"image\/png"}],"twitter_card":"summary_large_image","twitter_title":"Press & Media Inquiries - Transtoyou","twitter_misc":{"Dur\u00e9e de lecture estim\u00e9e":"1 minute"},"schema":{"@context":"https:\/\/schema.org","@graph":[{"@type":"WebPage","@id":"https:\/\/www.transtoyou.com\/fr\/presse\/","url":"https:\/\/www.transtoyou.com\/fr\/presse\/","name":"Demandes de presse et m\u00e9dias - Transtoyou","isPartOf":{"@id":"https:\/\/www.transtoyou.com\/fr\/#website"},"primaryImageOfPage":{"@id":"https:\/\/www.transtoyou.com\/fr\/presse\/#primaryimage"},"image":{"@id":"https:\/\/www.transtoyou.com\/fr\/presse\/#primaryimage"},"thumbnailUrl":"https:\/\/www.transtoyou.com\/fr\/wp-content\/uploads\/sites\/5\/2026\/01\/Logo-500x500-bg-9.png","datePublished":"2026-01-19T12:51:25+00:00","dateModified":"2026-01-26T08:52:56+00:00","description":"D\u00e9couvrez la page Presse & M\u00e9dias de Transtoyou pour des mises \u00e0 jour, des actualit\u00e9s et des informations sur notre plateforme de sant\u00e9 num\u00e9rique reliant les patients aux professionnels de l'UE et du Royaume-Uni.","breadcrumb":{"@id":"https:\/\/www.transtoyou.com\/fr\/presse\/#breadcrumb"},"inLanguage":"fr-FR","potentialAction":[{"@type":"ReadAction","target":["https:\/\/www.transtoyou.com\/fr\/presse\/"]}]},{"@type":"ImageObject","inLanguage":"fr-FR","@id":"https:\/\/www.transtoyou.com\/fr\/presse\/#primaryimage","url":"https:\/\/www.transtoyou.com\/fr\/wp-content\/uploads\/sites\/5\/2026\/01\/Logo-500x500-bg-9.png","contentUrl":"https:\/\/www.transtoyou.com\/fr\/wp-content\/uploads\/sites\/5\/2026\/01\/Logo-500x500-bg-9.png","width":500,"height":500,"caption":"Logo Transtoyou"},{"@type":"WebSite","@id":"https:\/\/www.transtoyou.com\/fr\/#website","url":"https:\/\/www.transtoyou.com\/fr\/","name":"Transtoyou - FR","description":"","publisher":{"@id":"https:\/\/www.transtoyou.com\/fr\/#organization"},"potentialAction":[{"@type":"SearchAction","target":{"@type":"EntryPoint","urlTemplate":"https:\/\/www.transtoyou.com\/fr\/?s={search_term_string}"},"query-input":{"@type":"PropertyValueSpecification","valueRequired":true,"valueName":"search_term_string"}}],"inLanguage":"fr-FR"},{"@type":"Organization","@id":"https:\/\/www.transtoyou.com\/fr\/#organization","name":"Transtoyou - FR","url":"https:\/\/www.transtoyou.com\/fr\/","logo":{"@type":"ImageObject","inLanguage":"fr-FR","@id":"https:\/\/www.transtoyou.com\/fr\/#\/schema\/logo\/image\/","url":"https:\/\/www.transtoyou.com\/fr\/wp-content\/uploads\/sites\/5\/2026\/01\/logo-tty-menu-bar-300x87-1.webp","contentUrl":"https:\/\/www.transtoyou.com\/fr\/wp-content\/uploads\/sites\/5\/2026\/01\/logo-tty-menu-bar-300x87-1.webp","width":300,"height":87,"caption":"Transtoyou - FR"},"image":{"@id":"https:\/\/www.transtoyou.com\/fr\/#\/schema\/logo\/image\/"}}]}},"_links":{"self":[{"href":"https:\/\/www.transtoyou.com\/fr\/wp-json\/wp\/v2\/pages\/150","targetHints":{"allow":["GET"]}}],"collection":[{"href":"https:\/\/www.transtoyou.com\/fr\/wp-json\/wp\/v2\/pages"}],"about":[{"href":"https:\/\/www.transtoyou.com\/fr\/wp-json\/wp\/v2\/types\/page"}],"author":[{"embeddable":true,"href":"https:\/\/www.transtoyou.com\/fr\/wp-json\/wp\/v2\/users\/13"}],"replies":[{"embeddable":true,"href":"https:\/\/www.transtoyou.com\/fr\/wp-json\/wp\/v2\/comments?post=150"}],"version-history":[{"count":1,"href":"https:\/\/www.transtoyou.com\/fr\/wp-json\/wp\/v2\/pages\/150\/revisions"}],"predecessor-version":[{"id":152,"href":"https:\/\/www.transtoyou.com\/fr\/wp-json\/wp\/v2\/pages\/150\/revisions\/152"}],"wp:featuredmedia":[{"embeddable":true,"href":"https:\/\/www.transtoyou.com\/fr\/wp-json\/wp\/v2\/media\/151"}],"wp:attachment":[{"href":"https:\/\/www.transtoyou.com\/fr\/wp-json\/wp\/v2\/media?parent=150"}],"curies":[{"name":"wp","href":"https:\/\/api.w.org\/{rel}","templated":true}]}}