{"id":204,"date":"2026-01-19T14:53:37","date_gmt":"2026-01-19T12:53:37","guid":{"rendered":"https:\/\/www.transtoyou.com\/fr\/?page_id=204"},"modified":"2026-01-26T09:41:09","modified_gmt":"2026-01-26T07:41:09","slug":"demandes-gdpr","status":"publish","type":"page","link":"https:\/\/www.transtoyou.com\/fr\/demandes-gdpr\/","title":{"rendered":"Droits et Demandes RGPD"},"content":{"rendered":"","protected":false},"excerpt":{"rendered":"","protected":false},"author":13,"featured_media":0,"parent":0,"menu_order":0,"comment_status":"closed","ping_status":"closed","template":"","meta":{"footnotes":""},"class_list":["post-204","page","type-page","status-publish","hentry"],"yoast_head":"<!-- This site is optimized with the Yoast SEO plugin v27.0 - https:\/\/yoast.com\/product\/yoast-seo-wordpress\/ -->\n<title>Comprendre vos droits et avantages RGPD - Transtoyou<\/title>\n<meta name=\"description\" content=\"D\u00e9couvrez vos droits GDPR et comment g\u00e9rer les demandes de donn\u00e9es sur Transtoyou. Informez-vous sur la protection des donn\u00e9es et la conformit\u00e9 \u00e0 la vie priv\u00e9e au Royaume-Uni et dans l&#039;UE.\" \/>\n<meta name=\"robots\" content=\"noindex, follow, max-snippet:-1, max-image-preview:large, max-video-preview:-1\" \/>\n<meta property=\"og:locale\" content=\"fr_FR\" \/>\n<meta property=\"og:type\" content=\"article\" \/>\n<meta property=\"og:title\" content=\"Comprendre vos droits et avantages RGPD - Transtoyou\" \/>\n<meta property=\"og:description\" content=\"D\u00e9couvrez vos droits GDPR et comment g\u00e9rer les demandes de donn\u00e9es sur Transtoyou. Informez-vous sur la protection des donn\u00e9es et la conformit\u00e9 \u00e0 la vie priv\u00e9e au Royaume-Uni et dans l&#039;UE.\" \/>\n<meta property=\"og:url\" content=\"https:\/\/www.transtoyou.com\/fr\/demandes-gdpr\/\" \/>\n<meta property=\"og:site_name\" content=\"Transtoyou - FR\" \/>\n<meta property=\"article:modified_time\" content=\"2026-01-26T07:41:09+00:00\" \/>\n<meta name=\"twitter:card\" content=\"summary_large_image\" \/>\n<script type=\"application\/ld+json\" class=\"yoast-schema-graph\">{\"@context\":\"https:\/\/schema.org\",\"@graph\":[{\"@type\":\"WebPage\",\"@id\":\"https:\/\/www.transtoyou.com\/fr\/demandes-gdpr\/\",\"url\":\"https:\/\/www.transtoyou.com\/fr\/demandes-gdpr\/\",\"name\":\"Comprendre vos droits et avantages RGPD - Transtoyou\",\"isPartOf\":{\"@id\":\"https:\/\/www.transtoyou.com\/fr\/#website\"},\"datePublished\":\"2026-01-19T12:53:37+00:00\",\"dateModified\":\"2026-01-26T07:41:09+00:00\",\"description\":\"D\u00e9couvrez vos droits GDPR et comment g\u00e9rer les demandes de donn\u00e9es sur Transtoyou. Informez-vous sur la protection des donn\u00e9es et la conformit\u00e9 \u00e0 la vie priv\u00e9e au Royaume-Uni et dans l'UE.\",\"breadcrumb\":{\"@id\":\"https:\/\/www.transtoyou.com\/fr\/demandes-gdpr\/#breadcrumb\"},\"inLanguage\":\"fr-FR\",\"potentialAction\":[{\"@type\":\"ReadAction\",\"target\":[\"https:\/\/www.transtoyou.com\/fr\/demandes-gdpr\/\"]}]},{\"@type\":\"WebSite\",\"@id\":\"https:\/\/www.transtoyou.com\/fr\/#website\",\"url\":\"https:\/\/www.transtoyou.com\/fr\/\",\"name\":\"Transtoyou - FR\",\"description\":\"\",\"publisher\":{\"@id\":\"https:\/\/www.transtoyou.com\/fr\/#organization\"},\"potentialAction\":[{\"@type\":\"SearchAction\",\"target\":{\"@type\":\"EntryPoint\",\"urlTemplate\":\"https:\/\/www.transtoyou.com\/fr\/?s={search_term_string}\"},\"query-input\":{\"@type\":\"PropertyValueSpecification\",\"valueRequired\":true,\"valueName\":\"search_term_string\"}}],\"inLanguage\":\"fr-FR\"},{\"@type\":\"Organization\",\"@id\":\"https:\/\/www.transtoyou.com\/fr\/#organization\",\"name\":\"Transtoyou - FR\",\"url\":\"https:\/\/www.transtoyou.com\/fr\/\",\"logo\":{\"@type\":\"ImageObject\",\"inLanguage\":\"fr-FR\",\"@id\":\"https:\/\/www.transtoyou.com\/fr\/#\/schema\/logo\/image\/\",\"url\":\"https:\/\/www.transtoyou.com\/fr\/wp-content\/uploads\/sites\/5\/2026\/01\/logo-tty-menu-bar-300x87-1.webp\",\"contentUrl\":\"https:\/\/www.transtoyou.com\/fr\/wp-content\/uploads\/sites\/5\/2026\/01\/logo-tty-menu-bar-300x87-1.webp\",\"width\":300,\"height\":87,\"caption\":\"Transtoyou - FR\"},\"image\":{\"@id\":\"https:\/\/www.transtoyou.com\/fr\/#\/schema\/logo\/image\/\"}}]}<\/script>\n<!-- \/ Yoast SEO plugin. -->","yoast_head_json":{"title":"Comprendre vos droits et avantages RGPD - Transtoyou","description":"D\u00e9couvrez vos droits GDPR et comment g\u00e9rer les demandes de donn\u00e9es sur Transtoyou. Informez-vous sur la protection des donn\u00e9es et la conformit\u00e9 \u00e0 la vie priv\u00e9e au Royaume-Uni et dans l'UE.","robots":{"index":"noindex","follow":"follow","max-snippet":"max-snippet:-1","max-image-preview":"max-image-preview:large","max-video-preview":"max-video-preview:-1"},"og_locale":"fr_FR","og_type":"article","og_title":"Comprendre vos droits et avantages RGPD - Transtoyou","og_description":"D\u00e9couvrez vos droits GDPR et comment g\u00e9rer les demandes de donn\u00e9es sur Transtoyou. Informez-vous sur la protection des donn\u00e9es et la conformit\u00e9 \u00e0 la vie priv\u00e9e au Royaume-Uni et dans l'UE.","og_url":"https:\/\/www.transtoyou.com\/fr\/demandes-gdpr\/","og_site_name":"Transtoyou - FR","article_modified_time":"2026-01-26T07:41:09+00:00","twitter_card":"summary_large_image","schema":{"@context":"https:\/\/schema.org","@graph":[{"@type":"WebPage","@id":"https:\/\/www.transtoyou.com\/fr\/demandes-gdpr\/","url":"https:\/\/www.transtoyou.com\/fr\/demandes-gdpr\/","name":"Comprendre vos droits et avantages RGPD - Transtoyou","isPartOf":{"@id":"https:\/\/www.transtoyou.com\/fr\/#website"},"datePublished":"2026-01-19T12:53:37+00:00","dateModified":"2026-01-26T07:41:09+00:00","description":"D\u00e9couvrez vos droits GDPR et comment g\u00e9rer les demandes de donn\u00e9es sur Transtoyou. Informez-vous sur la protection des donn\u00e9es et la conformit\u00e9 \u00e0 la vie priv\u00e9e au Royaume-Uni et dans l'UE.","breadcrumb":{"@id":"https:\/\/www.transtoyou.com\/fr\/demandes-gdpr\/#breadcrumb"},"inLanguage":"fr-FR","potentialAction":[{"@type":"ReadAction","target":["https:\/\/www.transtoyou.com\/fr\/demandes-gdpr\/"]}]},{"@type":"WebSite","@id":"https:\/\/www.transtoyou.com\/fr\/#website","url":"https:\/\/www.transtoyou.com\/fr\/","name":"Transtoyou - FR","description":"","publisher":{"@id":"https:\/\/www.transtoyou.com\/fr\/#organization"},"potentialAction":[{"@type":"SearchAction","target":{"@type":"EntryPoint","urlTemplate":"https:\/\/www.transtoyou.com\/fr\/?s={search_term_string}"},"query-input":{"@type":"PropertyValueSpecification","valueRequired":true,"valueName":"search_term_string"}}],"inLanguage":"fr-FR"},{"@type":"Organization","@id":"https:\/\/www.transtoyou.com\/fr\/#organization","name":"Transtoyou - FR","url":"https:\/\/www.transtoyou.com\/fr\/","logo":{"@type":"ImageObject","inLanguage":"fr-FR","@id":"https:\/\/www.transtoyou.com\/fr\/#\/schema\/logo\/image\/","url":"https:\/\/www.transtoyou.com\/fr\/wp-content\/uploads\/sites\/5\/2026\/01\/logo-tty-menu-bar-300x87-1.webp","contentUrl":"https:\/\/www.transtoyou.com\/fr\/wp-content\/uploads\/sites\/5\/2026\/01\/logo-tty-menu-bar-300x87-1.webp","width":300,"height":87,"caption":"Transtoyou - FR"},"image":{"@id":"https:\/\/www.transtoyou.com\/fr\/#\/schema\/logo\/image\/"}}]}},"_links":{"self":[{"href":"https:\/\/www.transtoyou.com\/fr\/wp-json\/wp\/v2\/pages\/204","targetHints":{"allow":["GET"]}}],"collection":[{"href":"https:\/\/www.transtoyou.com\/fr\/wp-json\/wp\/v2\/pages"}],"about":[{"href":"https:\/\/www.transtoyou.com\/fr\/wp-json\/wp\/v2\/types\/page"}],"author":[{"embeddable":true,"href":"https:\/\/www.transtoyou.com\/fr\/wp-json\/wp\/v2\/users\/13"}],"replies":[{"embeddable":true,"href":"https:\/\/www.transtoyou.com\/fr\/wp-json\/wp\/v2\/comments?post=204"}],"version-history":[{"count":1,"href":"https:\/\/www.transtoyou.com\/fr\/wp-json\/wp\/v2\/pages\/204\/revisions"}],"predecessor-version":[{"id":205,"href":"https:\/\/www.transtoyou.com\/fr\/wp-json\/wp\/v2\/pages\/204\/revisions\/205"}],"wp:attachment":[{"href":"https:\/\/www.transtoyou.com\/fr\/wp-json\/wp\/v2\/media?parent=204"}],"curies":[{"name":"wp","href":"https:\/\/api.w.org\/{rel}","templated":true}]}}