{"id":1000,"date":"2026-01-24T09:04:28","date_gmt":"2026-01-24T07:04:28","guid":{"rendered":"https:\/\/www.transtoyou.com\/fr\/product\/tadalafil\/"},"modified":"2026-03-05T17:29:07","modified_gmt":"2026-03-05T15:29:07","slug":"tadalafil","status":"publish","type":"product","link":"https:\/\/www.transtoyou.com\/fr\/product\/tadalafil\/","title":{"rendered":"Tadalafil"},"content":{"rendered":"<p>Le Tadalafil est un m\u00e9dicament pour le traitement de la dysfonction \u00e9rectile, destin\u00e9 \u00e0 aider les hommes \u00e0 atteindre et \u00e0 maintenir une \u00e9rection suffisante pour une activit\u00e9 sexuelle. Il appartient \u00e0 la classe des m\u00e9dicaments appel\u00e9s inhibiteurs de la PDE5, qui am\u00e9liorent le flux sanguin vers le p\u00e9nis en relaxant les muscles lisses des parois des vaisseaux sanguins.<\/p>\n<p>Ce qui distingue le Tadalafil des autres traitements de la DE, c&rsquo;est sa longue dur\u00e9e d&rsquo;action. Apr\u00e8s avoir pris une dose unique, les effets peuvent durer jusqu&rsquo;\u00e0 36 heures, offrant une exp\u00e9rience plus flexible et naturelle autour de l&rsquo;intimit\u00e9. Cette fen\u00eatre prolong\u00e9e a valu au Tadalafil la r\u00e9putation de \u00ab\u00a0pilule du week-end\u00a0\u00bb, permettant aux hommes et \u00e0 leurs partenaires de s&rsquo;engager dans une activit\u00e9 sexuelle sans la pression d&rsquo;un timing pr\u00e9cis.<\/p>\n<p>Le Tadalafil peut \u00eatre pris de deux mani\u00e8res.<\/p>\n<ol>\n<li>La premi\u00e8re est \u00e0 la demande, g\u00e9n\u00e9ralement en dose de 10 mg ou 20 mg, prise environ 30 minutes avant l&rsquo;activit\u00e9 sexuelle pr\u00e9vue.<\/li>\n<li>La seconde est une fois par jour, \u00e0 une dose beaucoup plus faible (2,5 mg ou 5 mg), ce qui maintient un niveau constant du m\u00e9dicament dans le corps. Cette approche quotidienne est id\u00e9ale pour les hommes qui pr\u00e9f\u00e8rent \u00eatre pr\u00eats \u00e0 tout moment, sans avoir besoin de planifier \u00e0 l&rsquo;avance.<\/li>\n<\/ol>\n<p>Le m\u00e9dicament est pris par voie orale et peut \u00eatre utilis\u00e9 avec ou sans nourriture. Son d\u00e9lai d&rsquo;action est g\u00e9n\u00e9ralement de 30 \u00e0 60 minutes. La plupart des utilisateurs le tol\u00e8rent bien, bien que certains puissent \u00e9prouver des effets secondaires l\u00e9gers tels que des maux de t\u00eate, des douleurs musculaires, des troubles digestifs ou une congestion nasale. Le Tadalafil ne doit pas \u00eatre pris avec des nitrates ou certains m\u00e9dicaments pour la pression art\u00e9rielle en raison du risque de chutes graves de la pression art\u00e9rielle.<\/p>\n","protected":false},"excerpt":{"rendered":"<ul>\n<li>Traitement de la DE durable : jusqu&rsquo;\u00e0 36 heures d&rsquo;efficacit\u00e9<\/li>\n<li>Supporte \u00e9galement les sympt\u00f4mes urinaires li\u00e9s \u00e0 l&rsquo;HBP<\/li>\n<li>Option pour une posologie quotidienne ou \u00e0 la demande<\/li>\n<\/ul>\n","protected":false},"featured_media":1002,"comment_status":"open","ping_status":"closed","template":"","meta":[],"product_brand":[],"product_cat":[115],"product_tag":[],"expert":[16],"class_list":{"0":"post-1000","1":"product","2":"type-product","3":"status-publish","4":"has-post-thumbnail","6":"product_cat-traitements-de-la-dysfonction-erectile","7":"expert-dr-c-alexandru","9":"first","10":"instock","11":"shipping-taxable","12":"product-type-variable"},"yoast_head":"<!-- This site is optimized with the Yoast SEO plugin v27.0 - https:\/\/yoast.com\/product\/yoast-seo-wordpress\/ -->\n<title>Tadalafil | Solution durable contre la DE - Transtoyou<\/title>\n<meta name=\"description\" content=\"Le Tadalafil, un traitement efficace de la DE, am\u00e9liore la circulation sanguine jusqu&#039;\u00e0 36 heures. D\u00e9couvrez une intimit\u00e9 am\u00e9lior\u00e9e. En savoir plus !\" \/>\n<meta name=\"robots\" content=\"noindex, follow, max-snippet:-1, max-image-preview:large, max-video-preview:-1\" \/>\n<meta property=\"og:locale\" content=\"fr_FR\" \/>\n<meta property=\"og:type\" content=\"article\" \/>\n<meta property=\"og:title\" content=\"Tadalafil | Solution durable contre la DE - Transtoyou\" \/>\n<meta property=\"og:description\" content=\"Le Tadalafil, un traitement efficace de la DE, am\u00e9liore la circulation sanguine jusqu&#039;\u00e0 36 heures. D\u00e9couvrez une intimit\u00e9 am\u00e9lior\u00e9e. En savoir plus !\" \/>\n<meta property=\"og:url\" content=\"https:\/\/www.transtoyou.com\/fr\/product\/tadalafil\/\" \/>\n<meta property=\"og:site_name\" content=\"Transtoyou - FR\" \/>\n<meta property=\"article:modified_time\" content=\"2026-03-05T15:29:07+00:00\" \/>\n<meta name=\"twitter:card\" content=\"summary_large_image\" \/>\n<meta name=\"twitter:label1\" content=\"Dur\u00e9e de lecture estim\u00e9e\" \/>\n\t<meta name=\"twitter:data1\" content=\"2 minutes\" \/>\n<script type=\"application\/ld+json\" class=\"yoast-schema-graph\">{\"@context\":\"https:\/\/schema.org\",\"@graph\":[{\"@type\":\"WebPage\",\"@id\":\"https:\/\/www.transtoyou.com\/fr\/product\/tadalafil\/\",\"url\":\"https:\/\/www.transtoyou.com\/fr\/product\/tadalafil\/\",\"name\":\"Tadalafil | Solution durable contre la DE - Transtoyou\",\"isPartOf\":{\"@id\":\"https:\/\/www.transtoyou.com\/fr\/#website\"},\"primaryImageOfPage\":{\"@id\":\"https:\/\/www.transtoyou.com\/fr\/product\/tadalafil\/#primaryimage\"},\"image\":{\"@id\":\"https:\/\/www.transtoyou.com\/fr\/product\/tadalafil\/#primaryimage\"},\"thumbnailUrl\":\"https:\/\/www.transtoyou.com\/fr\/wp-content\/uploads\/sites\/5\/2026\/01\/tty-no-product-image-90.webp\",\"datePublished\":\"2026-01-24T07:04:28+00:00\",\"dateModified\":\"2026-03-05T15:29:07+00:00\",\"description\":\"Le Tadalafil, un traitement efficace de la DE, am\u00e9liore la circulation sanguine jusqu'\u00e0 36 heures. D\u00e9couvrez une intimit\u00e9 am\u00e9lior\u00e9e. En savoir plus !\",\"breadcrumb\":{\"@id\":\"https:\/\/www.transtoyou.com\/fr\/product\/tadalafil\/#breadcrumb\"},\"inLanguage\":\"fr-FR\",\"potentialAction\":[{\"@type\":\"ReadAction\",\"target\":[\"https:\/\/www.transtoyou.com\/fr\/product\/tadalafil\/\"]}]},{\"@type\":\"ImageObject\",\"inLanguage\":\"fr-FR\",\"@id\":\"https:\/\/www.transtoyou.com\/fr\/product\/tadalafil\/#primaryimage\",\"url\":\"https:\/\/www.transtoyou.com\/fr\/wp-content\/uploads\/sites\/5\/2026\/01\/tty-no-product-image-90.webp\",\"contentUrl\":\"https:\/\/www.transtoyou.com\/fr\/wp-content\/uploads\/sites\/5\/2026\/01\/tty-no-product-image-90.webp\",\"width\":1000,\"height\":1000,\"caption\":\"Image produit par d\u00e9faut\"},{\"@type\":\"WebSite\",\"@id\":\"https:\/\/www.transtoyou.com\/fr\/#website\",\"url\":\"https:\/\/www.transtoyou.com\/fr\/\",\"name\":\"Transtoyou - FR\",\"description\":\"\",\"publisher\":{\"@id\":\"https:\/\/www.transtoyou.com\/fr\/#organization\"},\"potentialAction\":[{\"@type\":\"SearchAction\",\"target\":{\"@type\":\"EntryPoint\",\"urlTemplate\":\"https:\/\/www.transtoyou.com\/fr\/?s={search_term_string}\"},\"query-input\":{\"@type\":\"PropertyValueSpecification\",\"valueRequired\":true,\"valueName\":\"search_term_string\"}}],\"inLanguage\":\"fr-FR\"},{\"@type\":\"Organization\",\"@id\":\"https:\/\/www.transtoyou.com\/fr\/#organization\",\"name\":\"Transtoyou - FR\",\"url\":\"https:\/\/www.transtoyou.com\/fr\/\",\"logo\":{\"@type\":\"ImageObject\",\"inLanguage\":\"fr-FR\",\"@id\":\"https:\/\/www.transtoyou.com\/fr\/#\/schema\/logo\/image\/\",\"url\":\"https:\/\/www.transtoyou.com\/fr\/wp-content\/uploads\/sites\/5\/2026\/01\/logo-tty-menu-bar-300x87-1.webp\",\"contentUrl\":\"https:\/\/www.transtoyou.com\/fr\/wp-content\/uploads\/sites\/5\/2026\/01\/logo-tty-menu-bar-300x87-1.webp\",\"width\":300,\"height\":87,\"caption\":\"Transtoyou - FR\"},\"image\":{\"@id\":\"https:\/\/www.transtoyou.com\/fr\/#\/schema\/logo\/image\/\"}}]}<\/script>\n<!-- \/ Yoast SEO plugin. -->","yoast_head_json":{"title":"Tadalafil | Solution durable contre la DE - Transtoyou","description":"Le Tadalafil, un traitement efficace de la DE, am\u00e9liore la circulation sanguine jusqu'\u00e0 36 heures. D\u00e9couvrez une intimit\u00e9 am\u00e9lior\u00e9e. En savoir plus !","robots":{"index":"noindex","follow":"follow","max-snippet":"max-snippet:-1","max-image-preview":"max-image-preview:large","max-video-preview":"max-video-preview:-1"},"og_locale":"fr_FR","og_type":"article","og_title":"Tadalafil | Solution durable contre la DE - Transtoyou","og_description":"Le Tadalafil, un traitement efficace de la DE, am\u00e9liore la circulation sanguine jusqu'\u00e0 36 heures. D\u00e9couvrez une intimit\u00e9 am\u00e9lior\u00e9e. En savoir plus !","og_url":"https:\/\/www.transtoyou.com\/fr\/product\/tadalafil\/","og_site_name":"Transtoyou - FR","article_modified_time":"2026-03-05T15:29:07+00:00","twitter_card":"summary_large_image","twitter_misc":{"Dur\u00e9e de lecture estim\u00e9e":"2 minutes"},"schema":{"@context":"https:\/\/schema.org","@graph":[{"@type":"WebPage","@id":"https:\/\/www.transtoyou.com\/fr\/product\/tadalafil\/","url":"https:\/\/www.transtoyou.com\/fr\/product\/tadalafil\/","name":"Tadalafil | Solution durable contre la DE - Transtoyou","isPartOf":{"@id":"https:\/\/www.transtoyou.com\/fr\/#website"},"primaryImageOfPage":{"@id":"https:\/\/www.transtoyou.com\/fr\/product\/tadalafil\/#primaryimage"},"image":{"@id":"https:\/\/www.transtoyou.com\/fr\/product\/tadalafil\/#primaryimage"},"thumbnailUrl":"https:\/\/www.transtoyou.com\/fr\/wp-content\/uploads\/sites\/5\/2026\/01\/tty-no-product-image-90.webp","datePublished":"2026-01-24T07:04:28+00:00","dateModified":"2026-03-05T15:29:07+00:00","description":"Le Tadalafil, un traitement efficace de la DE, am\u00e9liore la circulation sanguine jusqu'\u00e0 36 heures. D\u00e9couvrez une intimit\u00e9 am\u00e9lior\u00e9e. En savoir plus !","breadcrumb":{"@id":"https:\/\/www.transtoyou.com\/fr\/product\/tadalafil\/#breadcrumb"},"inLanguage":"fr-FR","potentialAction":[{"@type":"ReadAction","target":["https:\/\/www.transtoyou.com\/fr\/product\/tadalafil\/"]}]},{"@type":"ImageObject","inLanguage":"fr-FR","@id":"https:\/\/www.transtoyou.com\/fr\/product\/tadalafil\/#primaryimage","url":"https:\/\/www.transtoyou.com\/fr\/wp-content\/uploads\/sites\/5\/2026\/01\/tty-no-product-image-90.webp","contentUrl":"https:\/\/www.transtoyou.com\/fr\/wp-content\/uploads\/sites\/5\/2026\/01\/tty-no-product-image-90.webp","width":1000,"height":1000,"caption":"Image produit par d\u00e9faut"},{"@type":"WebSite","@id":"https:\/\/www.transtoyou.com\/fr\/#website","url":"https:\/\/www.transtoyou.com\/fr\/","name":"Transtoyou - FR","description":"","publisher":{"@id":"https:\/\/www.transtoyou.com\/fr\/#organization"},"potentialAction":[{"@type":"SearchAction","target":{"@type":"EntryPoint","urlTemplate":"https:\/\/www.transtoyou.com\/fr\/?s={search_term_string}"},"query-input":{"@type":"PropertyValueSpecification","valueRequired":true,"valueName":"search_term_string"}}],"inLanguage":"fr-FR"},{"@type":"Organization","@id":"https:\/\/www.transtoyou.com\/fr\/#organization","name":"Transtoyou - FR","url":"https:\/\/www.transtoyou.com\/fr\/","logo":{"@type":"ImageObject","inLanguage":"fr-FR","@id":"https:\/\/www.transtoyou.com\/fr\/#\/schema\/logo\/image\/","url":"https:\/\/www.transtoyou.com\/fr\/wp-content\/uploads\/sites\/5\/2026\/01\/logo-tty-menu-bar-300x87-1.webp","contentUrl":"https:\/\/www.transtoyou.com\/fr\/wp-content\/uploads\/sites\/5\/2026\/01\/logo-tty-menu-bar-300x87-1.webp","width":300,"height":87,"caption":"Transtoyou - FR"},"image":{"@id":"https:\/\/www.transtoyou.com\/fr\/#\/schema\/logo\/image\/"}}]}},"_links":{"self":[{"href":"https:\/\/www.transtoyou.com\/fr\/wp-json\/wp\/v2\/product\/1000","targetHints":{"allow":["GET"]}}],"collection":[{"href":"https:\/\/www.transtoyou.com\/fr\/wp-json\/wp\/v2\/product"}],"about":[{"href":"https:\/\/www.transtoyou.com\/fr\/wp-json\/wp\/v2\/types\/product"}],"replies":[{"embeddable":true,"href":"https:\/\/www.transtoyou.com\/fr\/wp-json\/wp\/v2\/comments?post=1000"}],"wp:featuredmedia":[{"embeddable":true,"href":"https:\/\/www.transtoyou.com\/fr\/wp-json\/wp\/v2\/media\/1002"}],"wp:attachment":[{"href":"https:\/\/www.transtoyou.com\/fr\/wp-json\/wp\/v2\/media?parent=1000"}],"wp:term":[{"taxonomy":"product_brand","embeddable":true,"href":"https:\/\/www.transtoyou.com\/fr\/wp-json\/wp\/v2\/product_brand?post=1000"},{"taxonomy":"product_cat","embeddable":true,"href":"https:\/\/www.transtoyou.com\/fr\/wp-json\/wp\/v2\/product_cat?post=1000"},{"taxonomy":"product_tag","embeddable":true,"href":"https:\/\/www.transtoyou.com\/fr\/wp-json\/wp\/v2\/product_tag?post=1000"},{"taxonomy":"expert","embeddable":true,"href":"https:\/\/www.transtoyou.com\/fr\/wp-json\/wp\/v2\/expert?post=1000"}],"curies":[{"name":"wp","href":"https:\/\/api.w.org\/{rel}","templated":true}]}}