{"id":1006,"date":"2026-01-24T09:36:19","date_gmt":"2026-01-24T07:36:19","guid":{"rendered":"https:\/\/www.transtoyou.com\/fr\/product\/viagra-connect\/"},"modified":"2026-03-07T16:30:15","modified_gmt":"2026-03-07T14:30:15","slug":"viagra-connect","status":"publish","type":"product","link":"https:\/\/www.transtoyou.com\/fr\/product\/viagra-connect\/","title":{"rendered":"Viagra Connect"},"content":{"rendered":"<p>Viagra Connect est un m\u00e9dicament en vente libre utilis\u00e9 pour le traitement de la dysfonction \u00e9rectile (DE) chez les hommes adultes. Il contient du citrate de sild\u00e9nafil 50 mg, qui appartient \u00e0 une classe de m\u00e9dicaments connus sous le nom d&rsquo;inhibiteurs de la phosphodiest\u00e9rase de type 5 (PDE5).<\/p>\n<p>Le m\u00e9dicament agit en am\u00e9liorant le flux sanguin vers le p\u00e9nis pendant l&rsquo;excitation sexuelle. Il le fait en inhibant l&rsquo;enzyme PDE5, qui d\u00e9compose le monophosphate de guanosine cyclique (cGMP). C&rsquo;est un produit chimique responsable de la relaxation des muscles lisses et permettant d&rsquo;augmenter le flux sanguin dans le tissu \u00e9rectile. Avec la stimulation sexuelle, ce processus aide \u00e0 obtenir et \u00e0 maintenir une \u00e9rection.<\/p>\n<p>Viagra Connect est indiqu\u00e9 pour le traitement de la dysfonction \u00e9rectile, une condition o\u00f9 un homme a des difficult\u00e9s \u00e0 obtenir ou \u00e0 maintenir une \u00e9rection adapt\u00e9e \u00e0 l&rsquo;activit\u00e9 sexuelle. Il n&rsquo;est pas destin\u00e9 \u00e0 \u00eatre utilis\u00e9 par des personnes sans DE ou comme un stimulant r\u00e9cr\u00e9atif.<\/p>\n<p>Les effets commencent g\u00e9n\u00e9ralement dans les 30 \u00e0 60 minutes suivant la prise du comprim\u00e9, et les b\u00e9n\u00e9fices peuvent durer jusqu&rsquo;\u00e0 4 heures, selon la r\u00e9ponse individuelle et des facteurs externes tels que l&rsquo;apport alimentaire.<\/p>\n<p>Les avantages de Viagra Connect incluent un d\u00e9but d&rsquo;action rapide, un acc\u00e8s facile sans prescription, et un profil de s\u00e9curit\u00e9 bien \u00e9tabli. Il offre une solution fiable et pratique pour les hommes souffrant de DE l\u00e9g\u00e8re \u00e0 mod\u00e9r\u00e9e, surtout lorsqu&rsquo;il est utilis\u00e9 sous une guidance m\u00e9dicale appropri\u00e9e.<\/p>\n<p>Veuillez noter que bien que le m\u00e9dicament ne provoque pas une \u00e9rection par lui-m\u00eame, il soutient les r\u00e9ponses physiologiques naturelles \u00e0 l&rsquo;excitation sexuelle.<\/p>\n","protected":false},"excerpt":{"rendered":"<ul>\n<li>Traitement de la dysfonction \u00e9rectile \u00e0 action rapide<\/li>\n<li>Efficace jusqu&rsquo;\u00e0 4 heures<\/li>\n<li>Disponible sans prescription<\/li>\n<\/ul>\n","protected":false},"featured_media":1008,"comment_status":"open","ping_status":"closed","template":"","meta":[],"product_brand":[],"product_cat":[115],"product_tag":[],"expert":[19],"class_list":{"0":"post-1006","1":"product","2":"type-product","3":"status-publish","4":"has-post-thumbnail","6":"product_cat-traitements-de-la-dysfonction-erectile","7":"expert-dr-j-vazquez","9":"first","10":"instock","11":"shipping-taxable","12":"product-type-variable"},"yoast_head":"<!-- This site is optimized with the Yoast SEO plugin v27.0 - https:\/\/yoast.com\/product\/yoast-seo-wordpress\/ -->\n<title>Viagra Connect | Am\u00e9liorez la Circulation Sanguine Naturellement - Transtoyou<\/title>\n<meta name=\"description\" content=\"Viagra Connect, disponible ici, traite la dysfonction \u00e9rectile en am\u00e9liorant la circulation sanguine. Commandez maintenant pour un soulagement rapide.\" \/>\n<meta name=\"robots\" content=\"noindex, follow, max-snippet:-1, max-image-preview:large, max-video-preview:-1\" \/>\n<meta property=\"og:locale\" content=\"fr_FR\" \/>\n<meta property=\"og:type\" content=\"article\" \/>\n<meta property=\"og:title\" content=\"Viagra Connect | Am\u00e9liorez la Circulation Sanguine Naturellement - Transtoyou\" \/>\n<meta property=\"og:description\" content=\"Viagra Connect, disponible ici, traite la dysfonction \u00e9rectile en am\u00e9liorant la circulation sanguine. Commandez maintenant pour un soulagement rapide.\" \/>\n<meta property=\"og:url\" content=\"https:\/\/www.transtoyou.com\/fr\/product\/viagra-connect\/\" \/>\n<meta property=\"og:site_name\" content=\"Transtoyou - FR\" \/>\n<meta property=\"article:modified_time\" content=\"2026-03-07T14:30:15+00:00\" \/>\n<meta name=\"twitter:card\" content=\"summary_large_image\" \/>\n<meta name=\"twitter:label1\" content=\"Dur\u00e9e de lecture estim\u00e9e\" \/>\n\t<meta name=\"twitter:data1\" content=\"1 minute\" \/>\n<script type=\"application\/ld+json\" class=\"yoast-schema-graph\">{\"@context\":\"https:\/\/schema.org\",\"@graph\":[{\"@type\":\"WebPage\",\"@id\":\"https:\/\/www.transtoyou.com\/fr\/product\/viagra-connect\/\",\"url\":\"https:\/\/www.transtoyou.com\/fr\/product\/viagra-connect\/\",\"name\":\"Viagra Connect | Am\u00e9liorez la Circulation Sanguine Naturellement - Transtoyou\",\"isPartOf\":{\"@id\":\"https:\/\/www.transtoyou.com\/fr\/#website\"},\"primaryImageOfPage\":{\"@id\":\"https:\/\/www.transtoyou.com\/fr\/product\/viagra-connect\/#primaryimage\"},\"image\":{\"@id\":\"https:\/\/www.transtoyou.com\/fr\/product\/viagra-connect\/#primaryimage\"},\"thumbnailUrl\":\"https:\/\/www.transtoyou.com\/fr\/wp-content\/uploads\/sites\/5\/2026\/01\/tty-no-product-image-92.webp\",\"datePublished\":\"2026-01-24T07:36:19+00:00\",\"dateModified\":\"2026-03-07T14:30:15+00:00\",\"description\":\"Viagra Connect, disponible ici, traite la dysfonction \u00e9rectile en am\u00e9liorant la circulation sanguine. Commandez maintenant pour un soulagement rapide.\",\"breadcrumb\":{\"@id\":\"https:\/\/www.transtoyou.com\/fr\/product\/viagra-connect\/#breadcrumb\"},\"inLanguage\":\"fr-FR\",\"potentialAction\":[{\"@type\":\"ReadAction\",\"target\":[\"https:\/\/www.transtoyou.com\/fr\/product\/viagra-connect\/\"]}]},{\"@type\":\"ImageObject\",\"inLanguage\":\"fr-FR\",\"@id\":\"https:\/\/www.transtoyou.com\/fr\/product\/viagra-connect\/#primaryimage\",\"url\":\"https:\/\/www.transtoyou.com\/fr\/wp-content\/uploads\/sites\/5\/2026\/01\/tty-no-product-image-92.webp\",\"contentUrl\":\"https:\/\/www.transtoyou.com\/fr\/wp-content\/uploads\/sites\/5\/2026\/01\/tty-no-product-image-92.webp\",\"width\":1000,\"height\":1000,\"caption\":\"Image produit par d\u00e9faut\"},{\"@type\":\"WebSite\",\"@id\":\"https:\/\/www.transtoyou.com\/fr\/#website\",\"url\":\"https:\/\/www.transtoyou.com\/fr\/\",\"name\":\"Transtoyou - FR\",\"description\":\"\",\"publisher\":{\"@id\":\"https:\/\/www.transtoyou.com\/fr\/#organization\"},\"potentialAction\":[{\"@type\":\"SearchAction\",\"target\":{\"@type\":\"EntryPoint\",\"urlTemplate\":\"https:\/\/www.transtoyou.com\/fr\/?s={search_term_string}\"},\"query-input\":{\"@type\":\"PropertyValueSpecification\",\"valueRequired\":true,\"valueName\":\"search_term_string\"}}],\"inLanguage\":\"fr-FR\"},{\"@type\":\"Organization\",\"@id\":\"https:\/\/www.transtoyou.com\/fr\/#organization\",\"name\":\"Transtoyou - FR\",\"url\":\"https:\/\/www.transtoyou.com\/fr\/\",\"logo\":{\"@type\":\"ImageObject\",\"inLanguage\":\"fr-FR\",\"@id\":\"https:\/\/www.transtoyou.com\/fr\/#\/schema\/logo\/image\/\",\"url\":\"https:\/\/www.transtoyou.com\/fr\/wp-content\/uploads\/sites\/5\/2026\/01\/logo-tty-menu-bar-300x87-1.webp\",\"contentUrl\":\"https:\/\/www.transtoyou.com\/fr\/wp-content\/uploads\/sites\/5\/2026\/01\/logo-tty-menu-bar-300x87-1.webp\",\"width\":300,\"height\":87,\"caption\":\"Transtoyou - FR\"},\"image\":{\"@id\":\"https:\/\/www.transtoyou.com\/fr\/#\/schema\/logo\/image\/\"}}]}<\/script>\n<!-- \/ Yoast SEO plugin. -->","yoast_head_json":{"title":"Viagra Connect | Am\u00e9liorez la Circulation Sanguine Naturellement - Transtoyou","description":"Viagra Connect, disponible ici, traite la dysfonction \u00e9rectile en am\u00e9liorant la circulation sanguine. Commandez maintenant pour un soulagement rapide.","robots":{"index":"noindex","follow":"follow","max-snippet":"max-snippet:-1","max-image-preview":"max-image-preview:large","max-video-preview":"max-video-preview:-1"},"og_locale":"fr_FR","og_type":"article","og_title":"Viagra Connect | Am\u00e9liorez la Circulation Sanguine Naturellement - Transtoyou","og_description":"Viagra Connect, disponible ici, traite la dysfonction \u00e9rectile en am\u00e9liorant la circulation sanguine. Commandez maintenant pour un soulagement rapide.","og_url":"https:\/\/www.transtoyou.com\/fr\/product\/viagra-connect\/","og_site_name":"Transtoyou - FR","article_modified_time":"2026-03-07T14:30:15+00:00","twitter_card":"summary_large_image","twitter_misc":{"Dur\u00e9e de lecture estim\u00e9e":"1 minute"},"schema":{"@context":"https:\/\/schema.org","@graph":[{"@type":"WebPage","@id":"https:\/\/www.transtoyou.com\/fr\/product\/viagra-connect\/","url":"https:\/\/www.transtoyou.com\/fr\/product\/viagra-connect\/","name":"Viagra Connect | Am\u00e9liorez la Circulation Sanguine Naturellement - Transtoyou","isPartOf":{"@id":"https:\/\/www.transtoyou.com\/fr\/#website"},"primaryImageOfPage":{"@id":"https:\/\/www.transtoyou.com\/fr\/product\/viagra-connect\/#primaryimage"},"image":{"@id":"https:\/\/www.transtoyou.com\/fr\/product\/viagra-connect\/#primaryimage"},"thumbnailUrl":"https:\/\/www.transtoyou.com\/fr\/wp-content\/uploads\/sites\/5\/2026\/01\/tty-no-product-image-92.webp","datePublished":"2026-01-24T07:36:19+00:00","dateModified":"2026-03-07T14:30:15+00:00","description":"Viagra Connect, disponible ici, traite la dysfonction \u00e9rectile en am\u00e9liorant la circulation sanguine. Commandez maintenant pour un soulagement rapide.","breadcrumb":{"@id":"https:\/\/www.transtoyou.com\/fr\/product\/viagra-connect\/#breadcrumb"},"inLanguage":"fr-FR","potentialAction":[{"@type":"ReadAction","target":["https:\/\/www.transtoyou.com\/fr\/product\/viagra-connect\/"]}]},{"@type":"ImageObject","inLanguage":"fr-FR","@id":"https:\/\/www.transtoyou.com\/fr\/product\/viagra-connect\/#primaryimage","url":"https:\/\/www.transtoyou.com\/fr\/wp-content\/uploads\/sites\/5\/2026\/01\/tty-no-product-image-92.webp","contentUrl":"https:\/\/www.transtoyou.com\/fr\/wp-content\/uploads\/sites\/5\/2026\/01\/tty-no-product-image-92.webp","width":1000,"height":1000,"caption":"Image produit par d\u00e9faut"},{"@type":"WebSite","@id":"https:\/\/www.transtoyou.com\/fr\/#website","url":"https:\/\/www.transtoyou.com\/fr\/","name":"Transtoyou - FR","description":"","publisher":{"@id":"https:\/\/www.transtoyou.com\/fr\/#organization"},"potentialAction":[{"@type":"SearchAction","target":{"@type":"EntryPoint","urlTemplate":"https:\/\/www.transtoyou.com\/fr\/?s={search_term_string}"},"query-input":{"@type":"PropertyValueSpecification","valueRequired":true,"valueName":"search_term_string"}}],"inLanguage":"fr-FR"},{"@type":"Organization","@id":"https:\/\/www.transtoyou.com\/fr\/#organization","name":"Transtoyou - FR","url":"https:\/\/www.transtoyou.com\/fr\/","logo":{"@type":"ImageObject","inLanguage":"fr-FR","@id":"https:\/\/www.transtoyou.com\/fr\/#\/schema\/logo\/image\/","url":"https:\/\/www.transtoyou.com\/fr\/wp-content\/uploads\/sites\/5\/2026\/01\/logo-tty-menu-bar-300x87-1.webp","contentUrl":"https:\/\/www.transtoyou.com\/fr\/wp-content\/uploads\/sites\/5\/2026\/01\/logo-tty-menu-bar-300x87-1.webp","width":300,"height":87,"caption":"Transtoyou - FR"},"image":{"@id":"https:\/\/www.transtoyou.com\/fr\/#\/schema\/logo\/image\/"}}]}},"_links":{"self":[{"href":"https:\/\/www.transtoyou.com\/fr\/wp-json\/wp\/v2\/product\/1006","targetHints":{"allow":["GET"]}}],"collection":[{"href":"https:\/\/www.transtoyou.com\/fr\/wp-json\/wp\/v2\/product"}],"about":[{"href":"https:\/\/www.transtoyou.com\/fr\/wp-json\/wp\/v2\/types\/product"}],"replies":[{"embeddable":true,"href":"https:\/\/www.transtoyou.com\/fr\/wp-json\/wp\/v2\/comments?post=1006"}],"wp:featuredmedia":[{"embeddable":true,"href":"https:\/\/www.transtoyou.com\/fr\/wp-json\/wp\/v2\/media\/1008"}],"wp:attachment":[{"href":"https:\/\/www.transtoyou.com\/fr\/wp-json\/wp\/v2\/media?parent=1006"}],"wp:term":[{"taxonomy":"product_brand","embeddable":true,"href":"https:\/\/www.transtoyou.com\/fr\/wp-json\/wp\/v2\/product_brand?post=1006"},{"taxonomy":"product_cat","embeddable":true,"href":"https:\/\/www.transtoyou.com\/fr\/wp-json\/wp\/v2\/product_cat?post=1006"},{"taxonomy":"product_tag","embeddable":true,"href":"https:\/\/www.transtoyou.com\/fr\/wp-json\/wp\/v2\/product_tag?post=1006"},{"taxonomy":"expert","embeddable":true,"href":"https:\/\/www.transtoyou.com\/fr\/wp-json\/wp\/v2\/expert?post=1006"}],"curies":[{"name":"wp","href":"https:\/\/api.w.org\/{rel}","templated":true}]}}