{"id":1014,"date":"2026-01-24T10:19:24","date_gmt":"2026-01-24T08:19:24","guid":{"rendered":"https:\/\/www.transtoyou.com\/fr\/product\/fluconazole\/"},"modified":"2026-01-24T10:20:32","modified_gmt":"2026-01-24T08:20:32","slug":"fluconazole","status":"publish","type":"product","link":"https:\/\/www.transtoyou.com\/fr\/product\/fluconazole\/","title":{"rendered":"Fluconazole"},"content":{"rendered":"<p>Le fluconazole est un m\u00e9dicament antifongique bien \u00e9tabli utilis\u00e9 pour traiter les infections \u00e0 levures, en particulier celles touchant la zone g\u00e9nitale comme le muguet vaginal ou la balanite, sous supervision m\u00e9dicale. Il appartient \u00e0 la classe des triazoles et agit en stoppant la croissance de Candida, le champignon le plus souvent responsable des infections \u00e0 levures g\u00e9nitales.<\/p>\n<p>Les infections \u00e0 levures peuvent provoquer des sympt\u00f4mes tels que des d\u00e9mangeaisons, des br\u00fblures, des irritations et des pertes anormales chez les femmes, ou des rougeurs, un gonflement et un inconfort chez les hommes. Le fluconazole traite l&rsquo;infection de l&rsquo;int\u00e9rieur, atteignant le site de l&rsquo;infection par le biais de la circulation sanguine et pouvant soulager les sympt\u00f4mes avec une seule dose orale dans certains cas.<\/p>\n<p>Son m\u00e9canisme d&rsquo;action implique le blocage de la production d&rsquo;ergost\u00e9rol, un composant essentiel de la membrane cellulaire fongique. Sans cela, la structure des cellules fongiques devient compromise, entra\u00eenant des dommages aux cellules fongiques et aidant \u00e0 r\u00e9soudre l&rsquo;infection.<\/p>\n<p>Le fluconazole peut \u00eatre pr\u00e9f\u00e9r\u00e9 par les personnes qui ne peuvent pas ou ne souhaitent pas utiliser de traitements topiques ou pour celles qui souffrent d&rsquo;infections r\u00e9currentes ou difficiles \u00e0 atteindre. Il est souvent pris sous forme d&rsquo;une seule capsule de 150 mg, bien que des infections plus s\u00e9v\u00e8res ou persistantes puissent n\u00e9cessiter un traitement plus long ou r\u00e9p\u00e9t\u00e9.<\/p>\n<p>L&rsquo;am\u00e9lioration des sympt\u00f4mes peut commencer dans les 24 \u00e0 48 heures, bien que le soulagement complet puisse prendre quelques jours. Le m\u00e9dicament est g\u00e9n\u00e9ralement bien tol\u00e9r\u00e9. Les effets secondaires sont g\u00e9n\u00e9ralement l\u00e9gers et peuvent inclure des naus\u00e9es, des maux de t\u00eate, un inconfort abdominal ou une \u00e9ruption cutan\u00e9e. Rarement, il peut affecter la fonction h\u00e9patique, en particulier chez les personnes ayant des probl\u00e8mes h\u00e9patiques existants.<\/p>\n","protected":false},"excerpt":{"rendered":"<ul>\n<li>Traitement antifongique oral<\/li>\n<li>Actif contre les infections \u00e0 Candida g\u00e9nitales<\/li>\n<li>Option de traitement \u00e0 dose unique<\/li>\n<\/ul>\n","protected":false},"featured_media":1016,"comment_status":"open","ping_status":"closed","template":"","meta":[],"product_brand":[],"product_cat":[89,174],"product_tag":[],"expert":[19],"class_list":{"0":"post-1014","1":"product","2":"type-product","3":"status-publish","4":"has-post-thumbnail","6":"product_cat-candida","7":"product_cat-infections-vaginales-antifongiques","8":"expert-dr-j-vazquez","10":"first","11":"instock","12":"shipping-taxable","13":"product-type-variable"},"yoast_head":"<!-- This site is optimized with the Yoast SEO plugin v27.0 - https:\/\/yoast.com\/product\/yoast-seo-wordpress\/ -->\n<title>Fluconazole | Soulagement Rapide des Sympt\u00f4mes - Transtoyou<\/title>\n<meta name=\"description\" content=\"Le fluconazole traite efficacement les infections \u00e0 levures en inhibant la croissance fongique. Achetez maintenant pour un soulagement pratique des sympt\u00f4mes comme les d\u00e9mangeaisons.\" \/>\n<meta name=\"robots\" content=\"noindex, follow, max-snippet:-1, max-image-preview:large, max-video-preview:-1\" \/>\n<meta property=\"og:locale\" content=\"fr_FR\" \/>\n<meta property=\"og:type\" content=\"article\" \/>\n<meta property=\"og:title\" content=\"Fluconazole | Soulagement Rapide des Sympt\u00f4mes - Transtoyou\" \/>\n<meta property=\"og:description\" content=\"Le fluconazole traite efficacement les infections \u00e0 levures en inhibant la croissance fongique. Achetez maintenant pour un soulagement pratique des sympt\u00f4mes comme les d\u00e9mangeaisons.\" \/>\n<meta property=\"og:url\" content=\"https:\/\/www.transtoyou.com\/fr\/product\/fluconazole\/\" \/>\n<meta property=\"og:site_name\" content=\"Transtoyou - FR\" \/>\n<meta property=\"article:modified_time\" content=\"2026-01-24T08:20:32+00:00\" \/>\n<meta name=\"twitter:card\" content=\"summary_large_image\" \/>\n<meta name=\"twitter:label1\" content=\"Dur\u00e9e de lecture estim\u00e9e\" \/>\n\t<meta name=\"twitter:data1\" content=\"2 minutes\" \/>\n<script type=\"application\/ld+json\" class=\"yoast-schema-graph\">{\"@context\":\"https:\/\/schema.org\",\"@graph\":[{\"@type\":\"WebPage\",\"@id\":\"https:\/\/www.transtoyou.com\/fr\/product\/fluconazole\/\",\"url\":\"https:\/\/www.transtoyou.com\/fr\/product\/fluconazole\/\",\"name\":\"Fluconazole | Soulagement Rapide des Sympt\u00f4mes - Transtoyou\",\"isPartOf\":{\"@id\":\"https:\/\/www.transtoyou.com\/fr\/#website\"},\"primaryImageOfPage\":{\"@id\":\"https:\/\/www.transtoyou.com\/fr\/product\/fluconazole\/#primaryimage\"},\"image\":{\"@id\":\"https:\/\/www.transtoyou.com\/fr\/product\/fluconazole\/#primaryimage\"},\"thumbnailUrl\":\"https:\/\/www.transtoyou.com\/fr\/wp-content\/uploads\/sites\/5\/2026\/01\/tty-no-product-image-95.webp\",\"datePublished\":\"2026-01-24T08:19:24+00:00\",\"dateModified\":\"2026-01-24T08:20:32+00:00\",\"description\":\"Le fluconazole traite efficacement les infections \u00e0 levures en inhibant la croissance fongique. Achetez maintenant pour un soulagement pratique des sympt\u00f4mes comme les d\u00e9mangeaisons.\",\"breadcrumb\":{\"@id\":\"https:\/\/www.transtoyou.com\/fr\/product\/fluconazole\/#breadcrumb\"},\"inLanguage\":\"fr-FR\",\"potentialAction\":[{\"@type\":\"ReadAction\",\"target\":[\"https:\/\/www.transtoyou.com\/fr\/product\/fluconazole\/\"]}]},{\"@type\":\"ImageObject\",\"inLanguage\":\"fr-FR\",\"@id\":\"https:\/\/www.transtoyou.com\/fr\/product\/fluconazole\/#primaryimage\",\"url\":\"https:\/\/www.transtoyou.com\/fr\/wp-content\/uploads\/sites\/5\/2026\/01\/tty-no-product-image-95.webp\",\"contentUrl\":\"https:\/\/www.transtoyou.com\/fr\/wp-content\/uploads\/sites\/5\/2026\/01\/tty-no-product-image-95.webp\",\"width\":1000,\"height\":1000,\"caption\":\"Image produit par d\u00e9faut\"},{\"@type\":\"WebSite\",\"@id\":\"https:\/\/www.transtoyou.com\/fr\/#website\",\"url\":\"https:\/\/www.transtoyou.com\/fr\/\",\"name\":\"Transtoyou - FR\",\"description\":\"\",\"publisher\":{\"@id\":\"https:\/\/www.transtoyou.com\/fr\/#organization\"},\"potentialAction\":[{\"@type\":\"SearchAction\",\"target\":{\"@type\":\"EntryPoint\",\"urlTemplate\":\"https:\/\/www.transtoyou.com\/fr\/?s={search_term_string}\"},\"query-input\":{\"@type\":\"PropertyValueSpecification\",\"valueRequired\":true,\"valueName\":\"search_term_string\"}}],\"inLanguage\":\"fr-FR\"},{\"@type\":\"Organization\",\"@id\":\"https:\/\/www.transtoyou.com\/fr\/#organization\",\"name\":\"Transtoyou - FR\",\"url\":\"https:\/\/www.transtoyou.com\/fr\/\",\"logo\":{\"@type\":\"ImageObject\",\"inLanguage\":\"fr-FR\",\"@id\":\"https:\/\/www.transtoyou.com\/fr\/#\/schema\/logo\/image\/\",\"url\":\"https:\/\/www.transtoyou.com\/fr\/wp-content\/uploads\/sites\/5\/2026\/01\/logo-tty-menu-bar-300x87-1.webp\",\"contentUrl\":\"https:\/\/www.transtoyou.com\/fr\/wp-content\/uploads\/sites\/5\/2026\/01\/logo-tty-menu-bar-300x87-1.webp\",\"width\":300,\"height\":87,\"caption\":\"Transtoyou - FR\"},\"image\":{\"@id\":\"https:\/\/www.transtoyou.com\/fr\/#\/schema\/logo\/image\/\"}}]}<\/script>\n<!-- \/ Yoast SEO plugin. -->","yoast_head_json":{"title":"Fluconazole | Soulagement Rapide des Sympt\u00f4mes - Transtoyou","description":"Le fluconazole traite efficacement les infections \u00e0 levures en inhibant la croissance fongique. Achetez maintenant pour un soulagement pratique des sympt\u00f4mes comme les d\u00e9mangeaisons.","robots":{"index":"noindex","follow":"follow","max-snippet":"max-snippet:-1","max-image-preview":"max-image-preview:large","max-video-preview":"max-video-preview:-1"},"og_locale":"fr_FR","og_type":"article","og_title":"Fluconazole | Soulagement Rapide des Sympt\u00f4mes - Transtoyou","og_description":"Le fluconazole traite efficacement les infections \u00e0 levures en inhibant la croissance fongique. Achetez maintenant pour un soulagement pratique des sympt\u00f4mes comme les d\u00e9mangeaisons.","og_url":"https:\/\/www.transtoyou.com\/fr\/product\/fluconazole\/","og_site_name":"Transtoyou - FR","article_modified_time":"2026-01-24T08:20:32+00:00","twitter_card":"summary_large_image","twitter_misc":{"Dur\u00e9e de lecture estim\u00e9e":"2 minutes"},"schema":{"@context":"https:\/\/schema.org","@graph":[{"@type":"WebPage","@id":"https:\/\/www.transtoyou.com\/fr\/product\/fluconazole\/","url":"https:\/\/www.transtoyou.com\/fr\/product\/fluconazole\/","name":"Fluconazole | Soulagement Rapide des Sympt\u00f4mes - Transtoyou","isPartOf":{"@id":"https:\/\/www.transtoyou.com\/fr\/#website"},"primaryImageOfPage":{"@id":"https:\/\/www.transtoyou.com\/fr\/product\/fluconazole\/#primaryimage"},"image":{"@id":"https:\/\/www.transtoyou.com\/fr\/product\/fluconazole\/#primaryimage"},"thumbnailUrl":"https:\/\/www.transtoyou.com\/fr\/wp-content\/uploads\/sites\/5\/2026\/01\/tty-no-product-image-95.webp","datePublished":"2026-01-24T08:19:24+00:00","dateModified":"2026-01-24T08:20:32+00:00","description":"Le fluconazole traite efficacement les infections \u00e0 levures en inhibant la croissance fongique. Achetez maintenant pour un soulagement pratique des sympt\u00f4mes comme les d\u00e9mangeaisons.","breadcrumb":{"@id":"https:\/\/www.transtoyou.com\/fr\/product\/fluconazole\/#breadcrumb"},"inLanguage":"fr-FR","potentialAction":[{"@type":"ReadAction","target":["https:\/\/www.transtoyou.com\/fr\/product\/fluconazole\/"]}]},{"@type":"ImageObject","inLanguage":"fr-FR","@id":"https:\/\/www.transtoyou.com\/fr\/product\/fluconazole\/#primaryimage","url":"https:\/\/www.transtoyou.com\/fr\/wp-content\/uploads\/sites\/5\/2026\/01\/tty-no-product-image-95.webp","contentUrl":"https:\/\/www.transtoyou.com\/fr\/wp-content\/uploads\/sites\/5\/2026\/01\/tty-no-product-image-95.webp","width":1000,"height":1000,"caption":"Image produit par d\u00e9faut"},{"@type":"WebSite","@id":"https:\/\/www.transtoyou.com\/fr\/#website","url":"https:\/\/www.transtoyou.com\/fr\/","name":"Transtoyou - FR","description":"","publisher":{"@id":"https:\/\/www.transtoyou.com\/fr\/#organization"},"potentialAction":[{"@type":"SearchAction","target":{"@type":"EntryPoint","urlTemplate":"https:\/\/www.transtoyou.com\/fr\/?s={search_term_string}"},"query-input":{"@type":"PropertyValueSpecification","valueRequired":true,"valueName":"search_term_string"}}],"inLanguage":"fr-FR"},{"@type":"Organization","@id":"https:\/\/www.transtoyou.com\/fr\/#organization","name":"Transtoyou - FR","url":"https:\/\/www.transtoyou.com\/fr\/","logo":{"@type":"ImageObject","inLanguage":"fr-FR","@id":"https:\/\/www.transtoyou.com\/fr\/#\/schema\/logo\/image\/","url":"https:\/\/www.transtoyou.com\/fr\/wp-content\/uploads\/sites\/5\/2026\/01\/logo-tty-menu-bar-300x87-1.webp","contentUrl":"https:\/\/www.transtoyou.com\/fr\/wp-content\/uploads\/sites\/5\/2026\/01\/logo-tty-menu-bar-300x87-1.webp","width":300,"height":87,"caption":"Transtoyou - FR"},"image":{"@id":"https:\/\/www.transtoyou.com\/fr\/#\/schema\/logo\/image\/"}}]}},"_links":{"self":[{"href":"https:\/\/www.transtoyou.com\/fr\/wp-json\/wp\/v2\/product\/1014","targetHints":{"allow":["GET"]}}],"collection":[{"href":"https:\/\/www.transtoyou.com\/fr\/wp-json\/wp\/v2\/product"}],"about":[{"href":"https:\/\/www.transtoyou.com\/fr\/wp-json\/wp\/v2\/types\/product"}],"replies":[{"embeddable":true,"href":"https:\/\/www.transtoyou.com\/fr\/wp-json\/wp\/v2\/comments?post=1014"}],"wp:featuredmedia":[{"embeddable":true,"href":"https:\/\/www.transtoyou.com\/fr\/wp-json\/wp\/v2\/media\/1016"}],"wp:attachment":[{"href":"https:\/\/www.transtoyou.com\/fr\/wp-json\/wp\/v2\/media?parent=1014"}],"wp:term":[{"taxonomy":"product_brand","embeddable":true,"href":"https:\/\/www.transtoyou.com\/fr\/wp-json\/wp\/v2\/product_brand?post=1014"},{"taxonomy":"product_cat","embeddable":true,"href":"https:\/\/www.transtoyou.com\/fr\/wp-json\/wp\/v2\/product_cat?post=1014"},{"taxonomy":"product_tag","embeddable":true,"href":"https:\/\/www.transtoyou.com\/fr\/wp-json\/wp\/v2\/product_tag?post=1014"},{"taxonomy":"expert","embeddable":true,"href":"https:\/\/www.transtoyou.com\/fr\/wp-json\/wp\/v2\/expert?post=1014"}],"curies":[{"name":"wp","href":"https:\/\/api.w.org\/{rel}","templated":true}]}}