{"id":1022,"date":"2026-01-24T11:04:58","date_gmt":"2026-01-24T09:04:58","guid":{"rendered":"https:\/\/www.transtoyou.com\/fr\/product\/cialis\/"},"modified":"2026-02-10T16:21:28","modified_gmt":"2026-02-10T14:21:28","slug":"cialis","status":"publish","type":"product","link":"https:\/\/www.transtoyou.com\/fr\/product\/cialis\/","title":{"rendered":"Cialis"},"content":{"rendered":"<p>Cialis est un m\u00e9dicament pour le traitement de la dysfonction \u00e9rectile (DE). Son ingr\u00e9dient actif, le tadalafil, agit en am\u00e9liorant le flux sanguin vers le p\u00e9nis, aidant les hommes \u00e0 obtenir et \u00e0 maintenir une \u00e9rection lorsqu&rsquo;ils sont sexuellement stimul\u00e9s. Ce qui distingue Cialis des autres traitements de la DE, c&rsquo;est sa flexibilit\u00e9 ; il peut \u00eatre pris soit au besoin avant l&rsquo;activit\u00e9 sexuelle, soit sous forme de comprim\u00e9 quotidien \u00e0 faible dose, selon le mode de vie et les pr\u00e9f\u00e9rences de l&rsquo;utilisateur.<\/p>\n<p>Pour les hommes qui pr\u00e9f\u00e8rent la spontan\u00e9it\u00e9, Cialis est disponible en force standard, 10 &#8211; 20 mg, qui peut \u00eatre pris \u00e0 la demande, environ 30 minutes avant l&rsquo;intimit\u00e9. Ses effets peuvent durer jusqu&rsquo;\u00e0 36 heures, ce qui offre une large fen\u00eatre de temps pour une activit\u00e9 sexuelle naturelle et sans pression.<\/p>\n<p>Cette dur\u00e9e prolong\u00e9e est souvent appr\u00e9ci\u00e9e par les couples qui valorisent l&rsquo;intimit\u00e9 sans un emploi du temps strict. Alternativement, Cialis est \u00e9galement prescrit sous forme de comprim\u00e9 \u00e0 prendre une fois par jour, \u00e0 une dose plus faible (2,5 &#8211; 5 mg) chaque jour, peu importe quand l&rsquo;activit\u00e9 sexuelle est pr\u00e9vue. Cette option offre un soutien continu et \u00e9limine le besoin de synchroniser la m\u00e9dication.<\/p>\n<p>C&rsquo;est particuli\u00e8rement utile pour les hommes qui ont une activit\u00e9 sexuelle r\u00e9guli\u00e8re ou qui pr\u00e9f\u00e8rent \u00eatre pr\u00eats \u00e0 tout moment sans planification pr\u00e9alable. Cialis se prend par voie orale et peut \u00eatre utilis\u00e9 avec ou sans nourriture. Il commence \u00e0 agir dans les 30 \u00e0 60 minutes pour la plupart des utilisateurs.<\/p>\n<p>Les effets secondaires possibles incluent des maux de t\u00eate, des indigestions, des douleurs musculaires ou des rougeurs faciales, bien que la plupart soient l\u00e9gers et temporaires. Cialis ne doit pas \u00eatre associ\u00e9 \u00e0 des nitrates ou \u00e0 certains m\u00e9dicaments pour la pression art\u00e9rielle.<\/p>\n","protected":false},"excerpt":{"rendered":"<ul>\n<li>Effets durables jusqu&rsquo;\u00e0 36 heures<\/li>\n<li>Traite la dysfonction \u00e9rectile et l&rsquo;HBP<\/li>\n<li>Action rapide, fonctionne en 30 minutes<\/li>\n<\/ul>\n","protected":false},"featured_media":1024,"comment_status":"open","ping_status":"closed","template":"","meta":[],"product_brand":[],"product_cat":[115],"product_tag":[],"expert":[18],"class_list":{"0":"post-1022","1":"product","2":"type-product","3":"status-publish","4":"has-post-thumbnail","6":"product_cat-traitements-de-la-dysfonction-erectile","7":"expert-dr-g-varbanov","9":"first","10":"instock","11":"shipping-taxable","12":"product-type-variable"},"yoast_head":"<!-- This site is optimized with the Yoast SEO plugin v27.0 - https:\/\/yoast.com\/product\/yoast-seo-wordpress\/ -->\n<title>Cialis - Transtoyou - FR<\/title>\n<meta name=\"robots\" content=\"noindex, follow, max-snippet:-1, max-image-preview:large, max-video-preview:-1\" \/>\n<meta property=\"og:locale\" content=\"fr_FR\" \/>\n<meta property=\"og:type\" content=\"article\" \/>\n<meta property=\"og:title\" content=\"Cialis - Transtoyou - FR\" \/>\n<meta property=\"og:description\" content=\"Effets durables jusqu&#039;\u00e0 36 heures  Traite la dysfonction \u00e9rectile et l&#039;HBP  Action rapide, fonctionne en 30 minutes\" \/>\n<meta property=\"og:url\" content=\"https:\/\/www.transtoyou.com\/fr\/product\/cialis\/\" \/>\n<meta property=\"og:site_name\" content=\"Transtoyou - FR\" \/>\n<meta property=\"article:modified_time\" content=\"2026-02-10T14:21:28+00:00\" \/>\n<meta property=\"og:image\" content=\"https:\/\/www.transtoyou.com\/fr\/wp-content\/uploads\/sites\/5\/2026\/01\/tty-no-product-image-98.webp\" \/>\n\t<meta property=\"og:image:width\" content=\"1000\" \/>\n\t<meta property=\"og:image:height\" content=\"1000\" \/>\n\t<meta property=\"og:image:type\" content=\"image\/webp\" \/>\n<meta name=\"twitter:card\" content=\"summary_large_image\" \/>\n<meta name=\"twitter:label1\" content=\"Dur\u00e9e de lecture estim\u00e9e\" \/>\n\t<meta name=\"twitter:data1\" content=\"2 minutes\" \/>\n<script type=\"application\/ld+json\" class=\"yoast-schema-graph\">{\"@context\":\"https:\/\/schema.org\",\"@graph\":[{\"@type\":\"WebPage\",\"@id\":\"https:\/\/www.transtoyou.com\/fr\/product\/cialis\/\",\"url\":\"https:\/\/www.transtoyou.com\/fr\/product\/cialis\/\",\"name\":\"Cialis - Transtoyou - FR\",\"isPartOf\":{\"@id\":\"https:\/\/www.transtoyou.com\/fr\/#website\"},\"primaryImageOfPage\":{\"@id\":\"https:\/\/www.transtoyou.com\/fr\/product\/cialis\/#primaryimage\"},\"image\":{\"@id\":\"https:\/\/www.transtoyou.com\/fr\/product\/cialis\/#primaryimage\"},\"thumbnailUrl\":\"https:\/\/www.transtoyou.com\/fr\/wp-content\/uploads\/sites\/5\/2026\/01\/tty-no-product-image-98.webp\",\"datePublished\":\"2026-01-24T09:04:58+00:00\",\"dateModified\":\"2026-02-10T14:21:28+00:00\",\"breadcrumb\":{\"@id\":\"https:\/\/www.transtoyou.com\/fr\/product\/cialis\/#breadcrumb\"},\"inLanguage\":\"fr-FR\",\"potentialAction\":[{\"@type\":\"ReadAction\",\"target\":[\"https:\/\/www.transtoyou.com\/fr\/product\/cialis\/\"]}]},{\"@type\":\"ImageObject\",\"inLanguage\":\"fr-FR\",\"@id\":\"https:\/\/www.transtoyou.com\/fr\/product\/cialis\/#primaryimage\",\"url\":\"https:\/\/www.transtoyou.com\/fr\/wp-content\/uploads\/sites\/5\/2026\/01\/tty-no-product-image-98.webp\",\"contentUrl\":\"https:\/\/www.transtoyou.com\/fr\/wp-content\/uploads\/sites\/5\/2026\/01\/tty-no-product-image-98.webp\",\"width\":1000,\"height\":1000,\"caption\":\"Image produit par d\u00e9faut\"},{\"@type\":\"WebSite\",\"@id\":\"https:\/\/www.transtoyou.com\/fr\/#website\",\"url\":\"https:\/\/www.transtoyou.com\/fr\/\",\"name\":\"Transtoyou - FR\",\"description\":\"\",\"publisher\":{\"@id\":\"https:\/\/www.transtoyou.com\/fr\/#organization\"},\"potentialAction\":[{\"@type\":\"SearchAction\",\"target\":{\"@type\":\"EntryPoint\",\"urlTemplate\":\"https:\/\/www.transtoyou.com\/fr\/?s={search_term_string}\"},\"query-input\":{\"@type\":\"PropertyValueSpecification\",\"valueRequired\":true,\"valueName\":\"search_term_string\"}}],\"inLanguage\":\"fr-FR\"},{\"@type\":\"Organization\",\"@id\":\"https:\/\/www.transtoyou.com\/fr\/#organization\",\"name\":\"Transtoyou - FR\",\"url\":\"https:\/\/www.transtoyou.com\/fr\/\",\"logo\":{\"@type\":\"ImageObject\",\"inLanguage\":\"fr-FR\",\"@id\":\"https:\/\/www.transtoyou.com\/fr\/#\/schema\/logo\/image\/\",\"url\":\"https:\/\/www.transtoyou.com\/fr\/wp-content\/uploads\/sites\/5\/2026\/01\/logo-tty-menu-bar-300x87-1.webp\",\"contentUrl\":\"https:\/\/www.transtoyou.com\/fr\/wp-content\/uploads\/sites\/5\/2026\/01\/logo-tty-menu-bar-300x87-1.webp\",\"width\":300,\"height\":87,\"caption\":\"Transtoyou - FR\"},\"image\":{\"@id\":\"https:\/\/www.transtoyou.com\/fr\/#\/schema\/logo\/image\/\"}}]}<\/script>\n<!-- \/ Yoast SEO plugin. -->","yoast_head_json":{"title":"Cialis - Transtoyou - FR","robots":{"index":"noindex","follow":"follow","max-snippet":"max-snippet:-1","max-image-preview":"max-image-preview:large","max-video-preview":"max-video-preview:-1"},"og_locale":"fr_FR","og_type":"article","og_title":"Cialis - Transtoyou - FR","og_description":"Effets durables jusqu'\u00e0 36 heures  Traite la dysfonction \u00e9rectile et l'HBP  Action rapide, fonctionne en 30 minutes","og_url":"https:\/\/www.transtoyou.com\/fr\/product\/cialis\/","og_site_name":"Transtoyou - FR","article_modified_time":"2026-02-10T14:21:28+00:00","og_image":[{"width":1000,"height":1000,"url":"https:\/\/www.transtoyou.com\/fr\/wp-content\/uploads\/sites\/5\/2026\/01\/tty-no-product-image-98.webp","type":"image\/webp"}],"twitter_card":"summary_large_image","twitter_misc":{"Dur\u00e9e de lecture estim\u00e9e":"2 minutes"},"schema":{"@context":"https:\/\/schema.org","@graph":[{"@type":"WebPage","@id":"https:\/\/www.transtoyou.com\/fr\/product\/cialis\/","url":"https:\/\/www.transtoyou.com\/fr\/product\/cialis\/","name":"Cialis - Transtoyou - FR","isPartOf":{"@id":"https:\/\/www.transtoyou.com\/fr\/#website"},"primaryImageOfPage":{"@id":"https:\/\/www.transtoyou.com\/fr\/product\/cialis\/#primaryimage"},"image":{"@id":"https:\/\/www.transtoyou.com\/fr\/product\/cialis\/#primaryimage"},"thumbnailUrl":"https:\/\/www.transtoyou.com\/fr\/wp-content\/uploads\/sites\/5\/2026\/01\/tty-no-product-image-98.webp","datePublished":"2026-01-24T09:04:58+00:00","dateModified":"2026-02-10T14:21:28+00:00","breadcrumb":{"@id":"https:\/\/www.transtoyou.com\/fr\/product\/cialis\/#breadcrumb"},"inLanguage":"fr-FR","potentialAction":[{"@type":"ReadAction","target":["https:\/\/www.transtoyou.com\/fr\/product\/cialis\/"]}]},{"@type":"ImageObject","inLanguage":"fr-FR","@id":"https:\/\/www.transtoyou.com\/fr\/product\/cialis\/#primaryimage","url":"https:\/\/www.transtoyou.com\/fr\/wp-content\/uploads\/sites\/5\/2026\/01\/tty-no-product-image-98.webp","contentUrl":"https:\/\/www.transtoyou.com\/fr\/wp-content\/uploads\/sites\/5\/2026\/01\/tty-no-product-image-98.webp","width":1000,"height":1000,"caption":"Image produit par d\u00e9faut"},{"@type":"WebSite","@id":"https:\/\/www.transtoyou.com\/fr\/#website","url":"https:\/\/www.transtoyou.com\/fr\/","name":"Transtoyou - FR","description":"","publisher":{"@id":"https:\/\/www.transtoyou.com\/fr\/#organization"},"potentialAction":[{"@type":"SearchAction","target":{"@type":"EntryPoint","urlTemplate":"https:\/\/www.transtoyou.com\/fr\/?s={search_term_string}"},"query-input":{"@type":"PropertyValueSpecification","valueRequired":true,"valueName":"search_term_string"}}],"inLanguage":"fr-FR"},{"@type":"Organization","@id":"https:\/\/www.transtoyou.com\/fr\/#organization","name":"Transtoyou - FR","url":"https:\/\/www.transtoyou.com\/fr\/","logo":{"@type":"ImageObject","inLanguage":"fr-FR","@id":"https:\/\/www.transtoyou.com\/fr\/#\/schema\/logo\/image\/","url":"https:\/\/www.transtoyou.com\/fr\/wp-content\/uploads\/sites\/5\/2026\/01\/logo-tty-menu-bar-300x87-1.webp","contentUrl":"https:\/\/www.transtoyou.com\/fr\/wp-content\/uploads\/sites\/5\/2026\/01\/logo-tty-menu-bar-300x87-1.webp","width":300,"height":87,"caption":"Transtoyou - FR"},"image":{"@id":"https:\/\/www.transtoyou.com\/fr\/#\/schema\/logo\/image\/"}}]}},"_links":{"self":[{"href":"https:\/\/www.transtoyou.com\/fr\/wp-json\/wp\/v2\/product\/1022","targetHints":{"allow":["GET"]}}],"collection":[{"href":"https:\/\/www.transtoyou.com\/fr\/wp-json\/wp\/v2\/product"}],"about":[{"href":"https:\/\/www.transtoyou.com\/fr\/wp-json\/wp\/v2\/types\/product"}],"replies":[{"embeddable":true,"href":"https:\/\/www.transtoyou.com\/fr\/wp-json\/wp\/v2\/comments?post=1022"}],"wp:featuredmedia":[{"embeddable":true,"href":"https:\/\/www.transtoyou.com\/fr\/wp-json\/wp\/v2\/media\/1024"}],"wp:attachment":[{"href":"https:\/\/www.transtoyou.com\/fr\/wp-json\/wp\/v2\/media?parent=1022"}],"wp:term":[{"taxonomy":"product_brand","embeddable":true,"href":"https:\/\/www.transtoyou.com\/fr\/wp-json\/wp\/v2\/product_brand?post=1022"},{"taxonomy":"product_cat","embeddable":true,"href":"https:\/\/www.transtoyou.com\/fr\/wp-json\/wp\/v2\/product_cat?post=1022"},{"taxonomy":"product_tag","embeddable":true,"href":"https:\/\/www.transtoyou.com\/fr\/wp-json\/wp\/v2\/product_tag?post=1022"},{"taxonomy":"expert","embeddable":true,"href":"https:\/\/www.transtoyou.com\/fr\/wp-json\/wp\/v2\/expert?post=1022"}],"curies":[{"name":"wp","href":"https:\/\/api.w.org\/{rel}","templated":true}]}}