{"id":1025,"date":"2026-01-24T11:20:39","date_gmt":"2026-01-24T09:20:39","guid":{"rendered":"https:\/\/www.transtoyou.com\/fr\/product\/caverject-alprostadil\/"},"modified":"2026-02-09T18:20:01","modified_gmt":"2026-02-09T16:20:01","slug":"caverject-alprostadil","status":"publish","type":"product","link":"https:\/\/www.transtoyou.com\/fr\/product\/caverject-alprostadil\/","title":{"rendered":"Caverject (Alprostadil)"},"content":{"rendered":"<p>Caverject est un m\u00e9dicament sur ordonnance utilis\u00e9 pour traiter la dysfonction \u00e9rectile (DE) chez les hommes adultes. Il contient de l&rsquo;alprostadil, une substance naturellement pr\u00e9sente qui aide \u00e0 augmenter le flux sanguin vers le p\u00e9nis.<\/p>\n<p>Lorsqu&rsquo;il est inject\u00e9 directement dans le tissu \u00e9rectile, il agit en relaxant les vaisseaux sanguins et les muscles du p\u00e9nis, permettant au sang de circuler et de produire une \u00e9rection suffisamment ferme pour une activit\u00e9 sexuelle.<\/p>\n<p>Contrairement aux m\u00e9dicaments oraux contre la DE, Caverject agit localement et ne d\u00e9pend pas de la stimulation sexuelle pour commencer \u00e0 agir. Ses effets se font g\u00e9n\u00e9ralement sentir dans les 5 \u00e0 20 minutes suivant l&rsquo;injection et peuvent durer environ 30 \u00e0 60 minutes, bien que la dur\u00e9e exacte varie selon les individus. Cela en fait une option fiable pour les hommes qui n&rsquo;ont pas bien r\u00e9agi aux traitements oraux ou qui ne peuvent pas les prendre en raison d&rsquo;autres probl\u00e8mes de sant\u00e9 ou m\u00e9dicaments.<\/p>\n<p>Caverject est fourni sous forme de poudre et de diluant qui sont m\u00e9lang\u00e9s avant utilisation, et il est accompagn\u00e9 d&rsquo;une tr\u00e8s fine aiguille pour l&rsquo;auto-injection sur le c\u00f4t\u00e9 du p\u00e9nis. Il est important de suivre attentivement les instructions pour \u00e9viter les complications et de faire pivoter les sites d&rsquo;injection pour pr\u00e9venir les dommages aux tissus.<\/p>\n<p>Les effets secondaires courants peuvent inclure une douleur l\u00e9g\u00e8re au site d&rsquo;injection, une sensation de pl\u00e9nitude dans le p\u00e9nis ou des ecchymoses l\u00e9g\u00e8res. Des effets secondaires rares mais graves incluent une \u00e9rection prolong\u00e9e (priapisme) ou une fibrose p\u00e9nienne (cicatrisation). Caverject ne doit pas \u00eatre utilis\u00e9 plus d&rsquo;une fois dans une p\u00e9riode de 24 heures, et pas plus de trois fois par semaine.<\/p>\n","protected":false},"excerpt":{"rendered":"<ul>\n<li>Soutien \u00e0 l&rsquo;\u00e9rection rapide et fiable<\/li>\n<li>Fonctionne lorsque les m\u00e9dicaments oraux \u00e9chouent<\/li>\n<li>Action locale, effets secondaires minimes<\/li>\n<\/ul>\n","protected":false},"featured_media":1027,"comment_status":"open","ping_status":"closed","template":"","meta":[],"product_brand":[],"product_cat":[115],"product_tag":[],"expert":[18],"class_list":{"0":"post-1025","1":"product","2":"type-product","3":"status-publish","4":"has-post-thumbnail","6":"product_cat-traitements-de-la-dysfonction-erectile","7":"expert-dr-g-varbanov","9":"first","10":"instock","11":"shipping-taxable","12":"product-type-variable"},"yoast_head":"<!-- This site is optimized with the Yoast SEO plugin v27.0 - https:\/\/yoast.com\/product\/yoast-seo-wordpress\/ -->\n<title>Caverject (Alprostadil) | Solution ERE \u00e0 Action Rapide - Transtoyou<\/title>\n<meta name=\"description\" content=\"Caverject (Alprostadil) traite efficacement la DE en am\u00e9liorant le flux sanguin. Disponible sur Transtoyou, il convient \u00e0 ceux qui ne r\u00e9agissent pas aux m\u00e9dicaments oraux.\" \/>\n<meta name=\"robots\" content=\"noindex, follow, max-snippet:-1, max-image-preview:large, max-video-preview:-1\" \/>\n<meta property=\"og:locale\" content=\"fr_FR\" \/>\n<meta property=\"og:type\" content=\"article\" \/>\n<meta property=\"og:title\" content=\"Caverject (Alprostadil) | Solution ERE \u00e0 Action Rapide - Transtoyou\" \/>\n<meta property=\"og:description\" content=\"Caverject (Alprostadil) traite efficacement la DE en am\u00e9liorant le flux sanguin. Disponible sur Transtoyou, il convient \u00e0 ceux qui ne r\u00e9agissent pas aux m\u00e9dicaments oraux.\" \/>\n<meta property=\"og:url\" content=\"https:\/\/www.transtoyou.com\/fr\/product\/caverject-alprostadil\/\" \/>\n<meta property=\"og:site_name\" content=\"Transtoyou - FR\" \/>\n<meta property=\"article:modified_time\" content=\"2026-02-09T16:20:01+00:00\" \/>\n<meta name=\"twitter:card\" content=\"summary_large_image\" \/>\n<meta name=\"twitter:label1\" content=\"Dur\u00e9e de lecture estim\u00e9e\" \/>\n\t<meta name=\"twitter:data1\" content=\"1 minute\" \/>\n<script type=\"application\/ld+json\" class=\"yoast-schema-graph\">{\"@context\":\"https:\/\/schema.org\",\"@graph\":[{\"@type\":\"WebPage\",\"@id\":\"https:\/\/www.transtoyou.com\/fr\/product\/caverject-alprostadil\/\",\"url\":\"https:\/\/www.transtoyou.com\/fr\/product\/caverject-alprostadil\/\",\"name\":\"Caverject (Alprostadil) | Solution ERE \u00e0 Action Rapide - Transtoyou\",\"isPartOf\":{\"@id\":\"https:\/\/www.transtoyou.com\/fr\/#website\"},\"primaryImageOfPage\":{\"@id\":\"https:\/\/www.transtoyou.com\/fr\/product\/caverject-alprostadil\/#primaryimage\"},\"image\":{\"@id\":\"https:\/\/www.transtoyou.com\/fr\/product\/caverject-alprostadil\/#primaryimage\"},\"thumbnailUrl\":\"https:\/\/www.transtoyou.com\/fr\/wp-content\/uploads\/sites\/5\/2026\/01\/tty-no-product-image-99.webp\",\"datePublished\":\"2026-01-24T09:20:39+00:00\",\"dateModified\":\"2026-02-09T16:20:01+00:00\",\"description\":\"Caverject (Alprostadil) traite efficacement la DE en am\u00e9liorant le flux sanguin. Disponible sur Transtoyou, il convient \u00e0 ceux qui ne r\u00e9agissent pas aux m\u00e9dicaments oraux.\",\"breadcrumb\":{\"@id\":\"https:\/\/www.transtoyou.com\/fr\/product\/caverject-alprostadil\/#breadcrumb\"},\"inLanguage\":\"fr-FR\",\"potentialAction\":[{\"@type\":\"ReadAction\",\"target\":[\"https:\/\/www.transtoyou.com\/fr\/product\/caverject-alprostadil\/\"]}]},{\"@type\":\"ImageObject\",\"inLanguage\":\"fr-FR\",\"@id\":\"https:\/\/www.transtoyou.com\/fr\/product\/caverject-alprostadil\/#primaryimage\",\"url\":\"https:\/\/www.transtoyou.com\/fr\/wp-content\/uploads\/sites\/5\/2026\/01\/tty-no-product-image-99.webp\",\"contentUrl\":\"https:\/\/www.transtoyou.com\/fr\/wp-content\/uploads\/sites\/5\/2026\/01\/tty-no-product-image-99.webp\",\"width\":1000,\"height\":1000,\"caption\":\"Image produit par d\u00e9faut\"},{\"@type\":\"WebSite\",\"@id\":\"https:\/\/www.transtoyou.com\/fr\/#website\",\"url\":\"https:\/\/www.transtoyou.com\/fr\/\",\"name\":\"Transtoyou - FR\",\"description\":\"\",\"publisher\":{\"@id\":\"https:\/\/www.transtoyou.com\/fr\/#organization\"},\"potentialAction\":[{\"@type\":\"SearchAction\",\"target\":{\"@type\":\"EntryPoint\",\"urlTemplate\":\"https:\/\/www.transtoyou.com\/fr\/?s={search_term_string}\"},\"query-input\":{\"@type\":\"PropertyValueSpecification\",\"valueRequired\":true,\"valueName\":\"search_term_string\"}}],\"inLanguage\":\"fr-FR\"},{\"@type\":\"Organization\",\"@id\":\"https:\/\/www.transtoyou.com\/fr\/#organization\",\"name\":\"Transtoyou - FR\",\"url\":\"https:\/\/www.transtoyou.com\/fr\/\",\"logo\":{\"@type\":\"ImageObject\",\"inLanguage\":\"fr-FR\",\"@id\":\"https:\/\/www.transtoyou.com\/fr\/#\/schema\/logo\/image\/\",\"url\":\"https:\/\/www.transtoyou.com\/fr\/wp-content\/uploads\/sites\/5\/2026\/01\/logo-tty-menu-bar-300x87-1.webp\",\"contentUrl\":\"https:\/\/www.transtoyou.com\/fr\/wp-content\/uploads\/sites\/5\/2026\/01\/logo-tty-menu-bar-300x87-1.webp\",\"width\":300,\"height\":87,\"caption\":\"Transtoyou - FR\"},\"image\":{\"@id\":\"https:\/\/www.transtoyou.com\/fr\/#\/schema\/logo\/image\/\"}}]}<\/script>\n<!-- \/ Yoast SEO plugin. -->","yoast_head_json":{"title":"Caverject (Alprostadil) | Solution ERE \u00e0 Action Rapide - Transtoyou","description":"Caverject (Alprostadil) traite efficacement la DE en am\u00e9liorant le flux sanguin. Disponible sur Transtoyou, il convient \u00e0 ceux qui ne r\u00e9agissent pas aux m\u00e9dicaments oraux.","robots":{"index":"noindex","follow":"follow","max-snippet":"max-snippet:-1","max-image-preview":"max-image-preview:large","max-video-preview":"max-video-preview:-1"},"og_locale":"fr_FR","og_type":"article","og_title":"Caverject (Alprostadil) | Solution ERE \u00e0 Action Rapide - Transtoyou","og_description":"Caverject (Alprostadil) traite efficacement la DE en am\u00e9liorant le flux sanguin. Disponible sur Transtoyou, il convient \u00e0 ceux qui ne r\u00e9agissent pas aux m\u00e9dicaments oraux.","og_url":"https:\/\/www.transtoyou.com\/fr\/product\/caverject-alprostadil\/","og_site_name":"Transtoyou - FR","article_modified_time":"2026-02-09T16:20:01+00:00","twitter_card":"summary_large_image","twitter_misc":{"Dur\u00e9e de lecture estim\u00e9e":"1 minute"},"schema":{"@context":"https:\/\/schema.org","@graph":[{"@type":"WebPage","@id":"https:\/\/www.transtoyou.com\/fr\/product\/caverject-alprostadil\/","url":"https:\/\/www.transtoyou.com\/fr\/product\/caverject-alprostadil\/","name":"Caverject (Alprostadil) | Solution ERE \u00e0 Action Rapide - Transtoyou","isPartOf":{"@id":"https:\/\/www.transtoyou.com\/fr\/#website"},"primaryImageOfPage":{"@id":"https:\/\/www.transtoyou.com\/fr\/product\/caverject-alprostadil\/#primaryimage"},"image":{"@id":"https:\/\/www.transtoyou.com\/fr\/product\/caverject-alprostadil\/#primaryimage"},"thumbnailUrl":"https:\/\/www.transtoyou.com\/fr\/wp-content\/uploads\/sites\/5\/2026\/01\/tty-no-product-image-99.webp","datePublished":"2026-01-24T09:20:39+00:00","dateModified":"2026-02-09T16:20:01+00:00","description":"Caverject (Alprostadil) traite efficacement la DE en am\u00e9liorant le flux sanguin. Disponible sur Transtoyou, il convient \u00e0 ceux qui ne r\u00e9agissent pas aux m\u00e9dicaments oraux.","breadcrumb":{"@id":"https:\/\/www.transtoyou.com\/fr\/product\/caverject-alprostadil\/#breadcrumb"},"inLanguage":"fr-FR","potentialAction":[{"@type":"ReadAction","target":["https:\/\/www.transtoyou.com\/fr\/product\/caverject-alprostadil\/"]}]},{"@type":"ImageObject","inLanguage":"fr-FR","@id":"https:\/\/www.transtoyou.com\/fr\/product\/caverject-alprostadil\/#primaryimage","url":"https:\/\/www.transtoyou.com\/fr\/wp-content\/uploads\/sites\/5\/2026\/01\/tty-no-product-image-99.webp","contentUrl":"https:\/\/www.transtoyou.com\/fr\/wp-content\/uploads\/sites\/5\/2026\/01\/tty-no-product-image-99.webp","width":1000,"height":1000,"caption":"Image produit par d\u00e9faut"},{"@type":"WebSite","@id":"https:\/\/www.transtoyou.com\/fr\/#website","url":"https:\/\/www.transtoyou.com\/fr\/","name":"Transtoyou - FR","description":"","publisher":{"@id":"https:\/\/www.transtoyou.com\/fr\/#organization"},"potentialAction":[{"@type":"SearchAction","target":{"@type":"EntryPoint","urlTemplate":"https:\/\/www.transtoyou.com\/fr\/?s={search_term_string}"},"query-input":{"@type":"PropertyValueSpecification","valueRequired":true,"valueName":"search_term_string"}}],"inLanguage":"fr-FR"},{"@type":"Organization","@id":"https:\/\/www.transtoyou.com\/fr\/#organization","name":"Transtoyou - FR","url":"https:\/\/www.transtoyou.com\/fr\/","logo":{"@type":"ImageObject","inLanguage":"fr-FR","@id":"https:\/\/www.transtoyou.com\/fr\/#\/schema\/logo\/image\/","url":"https:\/\/www.transtoyou.com\/fr\/wp-content\/uploads\/sites\/5\/2026\/01\/logo-tty-menu-bar-300x87-1.webp","contentUrl":"https:\/\/www.transtoyou.com\/fr\/wp-content\/uploads\/sites\/5\/2026\/01\/logo-tty-menu-bar-300x87-1.webp","width":300,"height":87,"caption":"Transtoyou - FR"},"image":{"@id":"https:\/\/www.transtoyou.com\/fr\/#\/schema\/logo\/image\/"}}]}},"_links":{"self":[{"href":"https:\/\/www.transtoyou.com\/fr\/wp-json\/wp\/v2\/product\/1025","targetHints":{"allow":["GET"]}}],"collection":[{"href":"https:\/\/www.transtoyou.com\/fr\/wp-json\/wp\/v2\/product"}],"about":[{"href":"https:\/\/www.transtoyou.com\/fr\/wp-json\/wp\/v2\/types\/product"}],"replies":[{"embeddable":true,"href":"https:\/\/www.transtoyou.com\/fr\/wp-json\/wp\/v2\/comments?post=1025"}],"wp:featuredmedia":[{"embeddable":true,"href":"https:\/\/www.transtoyou.com\/fr\/wp-json\/wp\/v2\/media\/1027"}],"wp:attachment":[{"href":"https:\/\/www.transtoyou.com\/fr\/wp-json\/wp\/v2\/media?parent=1025"}],"wp:term":[{"taxonomy":"product_brand","embeddable":true,"href":"https:\/\/www.transtoyou.com\/fr\/wp-json\/wp\/v2\/product_brand?post=1025"},{"taxonomy":"product_cat","embeddable":true,"href":"https:\/\/www.transtoyou.com\/fr\/wp-json\/wp\/v2\/product_cat?post=1025"},{"taxonomy":"product_tag","embeddable":true,"href":"https:\/\/www.transtoyou.com\/fr\/wp-json\/wp\/v2\/product_tag?post=1025"},{"taxonomy":"expert","embeddable":true,"href":"https:\/\/www.transtoyou.com\/fr\/wp-json\/wp\/v2\/expert?post=1025"}],"curies":[{"name":"wp","href":"https:\/\/api.w.org\/{rel}","templated":true}]}}