{"id":1033,"date":"2026-01-24T12:11:39","date_gmt":"2026-01-24T10:11:39","guid":{"rendered":"https:\/\/www.transtoyou.com\/fr\/product\/primolut-n\/"},"modified":"2026-03-01T14:09:44","modified_gmt":"2026-03-01T12:09:44","slug":"primolut-n","status":"publish","type":"product","link":"https:\/\/www.transtoyou.com\/fr\/product\/primolut-n\/","title":{"rendered":"Primolut N"},"content":{"rendered":"<p>Primolut N est un comprim\u00e9 contenant de la nor\u00e9thist\u00e9rone, un progestatif synth\u00e9tique utilis\u00e9 pour g\u00e9rer et manipuler le cycle menstruel. Il est couramment prescrit pour retarder les menstruations pour des raisons \u00e0 court terme telles que les voyages, le sport ou des \u00e9v\u00e9nements sp\u00e9ciaux, et est \u00e9galement utilis\u00e9 pour la suppression du cycle en cas de r\u00e8gles irr\u00e9guli\u00e8res, abondantes ou douloureuses.<\/p>\n<p>Primolut N agit en maintenant des niveaux \u00e9lev\u00e9s de progestatif dans le corps, ce qui emp\u00eache la chute hormonale qui d\u00e9clenche normalement les menstruations. Lorsque les comprim\u00e9s sont arr\u00eat\u00e9s, les niveaux hormonaux chutent et un saignement de sevrage se produit, similaire \u00e0 une p\u00e9riode naturelle. Ce m\u00e9canisme permet aux utilisateurs de contr\u00f4ler le moment o\u00f9 leurs r\u00e8gles commencent.<\/p>\n<p>Primolut N convient aux personnes qui pr\u00e9f\u00e8rent une m\u00e9thode \u00e0 court terme et sans \u0153strog\u00e8ne pour g\u00e9rer leur cycle. Il est g\u00e9n\u00e9ralement commenc\u00e9 quelques jours avant la p\u00e9riode attendue et pris aussi longtemps que le retard est souhait\u00e9. \u00c0 des fins m\u00e9dicales, il peut \u00e9galement \u00eatre utilis\u00e9 dans des r\u00e9gimes de traitement plus longs sous surveillance m\u00e9dicale.<\/p>\n<p>Le comprim\u00e9 est facile \u00e0 utiliser et bien tol\u00e9r\u00e9 par la plupart des gens. Il ne fournit pas de contraception, donc une protection suppl\u00e9mentaire est n\u00e9cessaire si \u00e9viter une grossesse est \u00e9galement une pr\u00e9occupation. Une fois interrompu, le cycle naturel reprend g\u00e9n\u00e9ralement rapidement.<\/p>\n","protected":false},"excerpt":{"rendered":"<ul>\n<li>Retarde les r\u00e8gles<\/li>\n<li>Comprim\u00e9 \u00e0 base de progest\u00e9rone uniquement<\/li>\n<li>Convient pour une utilisation \u00e0 court terme<\/li>\n<\/ul>\n","protected":false},"featured_media":1035,"comment_status":"open","ping_status":"closed","template":"","meta":[],"product_brand":[],"product_cat":[149,148],"product_tag":[],"expert":[21],"class_list":{"0":"post-1033","1":"product","2":"type-product","3":"status-publish","4":"has-post-thumbnail","6":"product_cat-retard-de-menstruation","7":"product_cat-suppression-menstruelle","8":"expert-dr-m-sharoyko","10":"first","11":"instock","12":"shipping-taxable","13":"product-type-variable"},"yoast_head":"<!-- This site is optimized with the Yoast SEO plugin v27.0 - https:\/\/yoast.com\/product\/yoast-seo-wordpress\/ -->\n<title>Primolut N | Soutien \u00e0 l&#039;\u00e9quilibre hormonal - Transtoyou<\/title>\n<meta name=\"description\" content=\"D\u00e9couvrez Primolut N sur Transtoyou, disponible d\u00e8s maintenant. G\u00e9rez votre cycle menstruel avec cette solution fiable. Achetez en toute confiance aujourd&#039;hui.\" \/>\n<meta name=\"robots\" content=\"noindex, follow, max-snippet:-1, max-image-preview:large, max-video-preview:-1\" \/>\n<meta property=\"og:locale\" content=\"fr_FR\" \/>\n<meta property=\"og:type\" content=\"article\" \/>\n<meta property=\"og:title\" content=\"Primolut N | Soutien \u00e0 l&#039;\u00e9quilibre hormonal - Transtoyou\" \/>\n<meta property=\"og:description\" content=\"D\u00e9couvrez Primolut N sur Transtoyou, disponible d\u00e8s maintenant. G\u00e9rez votre cycle menstruel avec cette solution fiable. Achetez en toute confiance aujourd&#039;hui.\" \/>\n<meta property=\"og:url\" content=\"https:\/\/www.transtoyou.com\/fr\/product\/primolut-n\/\" \/>\n<meta property=\"og:site_name\" content=\"Transtoyou - FR\" \/>\n<meta property=\"article:modified_time\" content=\"2026-03-01T12:09:44+00:00\" \/>\n<meta name=\"twitter:card\" content=\"summary_large_image\" \/>\n<meta name=\"twitter:label1\" content=\"Dur\u00e9e de lecture estim\u00e9e\" \/>\n\t<meta name=\"twitter:data1\" content=\"1 minute\" \/>\n<script type=\"application\/ld+json\" class=\"yoast-schema-graph\">{\"@context\":\"https:\/\/schema.org\",\"@graph\":[{\"@type\":\"WebPage\",\"@id\":\"https:\/\/www.transtoyou.com\/fr\/product\/primolut-n\/\",\"url\":\"https:\/\/www.transtoyou.com\/fr\/product\/primolut-n\/\",\"name\":\"Primolut N | Soutien \u00e0 l'\u00e9quilibre hormonal - Transtoyou\",\"isPartOf\":{\"@id\":\"https:\/\/www.transtoyou.com\/fr\/#website\"},\"primaryImageOfPage\":{\"@id\":\"https:\/\/www.transtoyou.com\/fr\/product\/primolut-n\/#primaryimage\"},\"image\":{\"@id\":\"https:\/\/www.transtoyou.com\/fr\/product\/primolut-n\/#primaryimage\"},\"thumbnailUrl\":\"https:\/\/www.transtoyou.com\/fr\/wp-content\/uploads\/sites\/5\/2026\/01\/tty-no-product-image-102.webp\",\"datePublished\":\"2026-01-24T10:11:39+00:00\",\"dateModified\":\"2026-03-01T12:09:44+00:00\",\"description\":\"D\u00e9couvrez Primolut N sur Transtoyou, disponible d\u00e8s maintenant. G\u00e9rez votre cycle menstruel avec cette solution fiable. Achetez en toute confiance aujourd'hui.\",\"breadcrumb\":{\"@id\":\"https:\/\/www.transtoyou.com\/fr\/product\/primolut-n\/#breadcrumb\"},\"inLanguage\":\"fr-FR\",\"potentialAction\":[{\"@type\":\"ReadAction\",\"target\":[\"https:\/\/www.transtoyou.com\/fr\/product\/primolut-n\/\"]}]},{\"@type\":\"ImageObject\",\"inLanguage\":\"fr-FR\",\"@id\":\"https:\/\/www.transtoyou.com\/fr\/product\/primolut-n\/#primaryimage\",\"url\":\"https:\/\/www.transtoyou.com\/fr\/wp-content\/uploads\/sites\/5\/2026\/01\/tty-no-product-image-102.webp\",\"contentUrl\":\"https:\/\/www.transtoyou.com\/fr\/wp-content\/uploads\/sites\/5\/2026\/01\/tty-no-product-image-102.webp\",\"width\":1000,\"height\":1000,\"caption\":\"Image produit par d\u00e9faut\"},{\"@type\":\"WebSite\",\"@id\":\"https:\/\/www.transtoyou.com\/fr\/#website\",\"url\":\"https:\/\/www.transtoyou.com\/fr\/\",\"name\":\"Transtoyou - FR\",\"description\":\"\",\"publisher\":{\"@id\":\"https:\/\/www.transtoyou.com\/fr\/#organization\"},\"potentialAction\":[{\"@type\":\"SearchAction\",\"target\":{\"@type\":\"EntryPoint\",\"urlTemplate\":\"https:\/\/www.transtoyou.com\/fr\/?s={search_term_string}\"},\"query-input\":{\"@type\":\"PropertyValueSpecification\",\"valueRequired\":true,\"valueName\":\"search_term_string\"}}],\"inLanguage\":\"fr-FR\"},{\"@type\":\"Organization\",\"@id\":\"https:\/\/www.transtoyou.com\/fr\/#organization\",\"name\":\"Transtoyou - FR\",\"url\":\"https:\/\/www.transtoyou.com\/fr\/\",\"logo\":{\"@type\":\"ImageObject\",\"inLanguage\":\"fr-FR\",\"@id\":\"https:\/\/www.transtoyou.com\/fr\/#\/schema\/logo\/image\/\",\"url\":\"https:\/\/www.transtoyou.com\/fr\/wp-content\/uploads\/sites\/5\/2026\/01\/logo-tty-menu-bar-300x87-1.webp\",\"contentUrl\":\"https:\/\/www.transtoyou.com\/fr\/wp-content\/uploads\/sites\/5\/2026\/01\/logo-tty-menu-bar-300x87-1.webp\",\"width\":300,\"height\":87,\"caption\":\"Transtoyou - FR\"},\"image\":{\"@id\":\"https:\/\/www.transtoyou.com\/fr\/#\/schema\/logo\/image\/\"}}]}<\/script>\n<!-- \/ Yoast SEO plugin. -->","yoast_head_json":{"title":"Primolut N | Soutien \u00e0 l'\u00e9quilibre hormonal - Transtoyou","description":"D\u00e9couvrez Primolut N sur Transtoyou, disponible d\u00e8s maintenant. G\u00e9rez votre cycle menstruel avec cette solution fiable. Achetez en toute confiance aujourd'hui.","robots":{"index":"noindex","follow":"follow","max-snippet":"max-snippet:-1","max-image-preview":"max-image-preview:large","max-video-preview":"max-video-preview:-1"},"og_locale":"fr_FR","og_type":"article","og_title":"Primolut N | Soutien \u00e0 l'\u00e9quilibre hormonal - Transtoyou","og_description":"D\u00e9couvrez Primolut N sur Transtoyou, disponible d\u00e8s maintenant. G\u00e9rez votre cycle menstruel avec cette solution fiable. Achetez en toute confiance aujourd'hui.","og_url":"https:\/\/www.transtoyou.com\/fr\/product\/primolut-n\/","og_site_name":"Transtoyou - FR","article_modified_time":"2026-03-01T12:09:44+00:00","twitter_card":"summary_large_image","twitter_misc":{"Dur\u00e9e de lecture estim\u00e9e":"1 minute"},"schema":{"@context":"https:\/\/schema.org","@graph":[{"@type":"WebPage","@id":"https:\/\/www.transtoyou.com\/fr\/product\/primolut-n\/","url":"https:\/\/www.transtoyou.com\/fr\/product\/primolut-n\/","name":"Primolut N | Soutien \u00e0 l'\u00e9quilibre hormonal - Transtoyou","isPartOf":{"@id":"https:\/\/www.transtoyou.com\/fr\/#website"},"primaryImageOfPage":{"@id":"https:\/\/www.transtoyou.com\/fr\/product\/primolut-n\/#primaryimage"},"image":{"@id":"https:\/\/www.transtoyou.com\/fr\/product\/primolut-n\/#primaryimage"},"thumbnailUrl":"https:\/\/www.transtoyou.com\/fr\/wp-content\/uploads\/sites\/5\/2026\/01\/tty-no-product-image-102.webp","datePublished":"2026-01-24T10:11:39+00:00","dateModified":"2026-03-01T12:09:44+00:00","description":"D\u00e9couvrez Primolut N sur Transtoyou, disponible d\u00e8s maintenant. G\u00e9rez votre cycle menstruel avec cette solution fiable. Achetez en toute confiance aujourd'hui.","breadcrumb":{"@id":"https:\/\/www.transtoyou.com\/fr\/product\/primolut-n\/#breadcrumb"},"inLanguage":"fr-FR","potentialAction":[{"@type":"ReadAction","target":["https:\/\/www.transtoyou.com\/fr\/product\/primolut-n\/"]}]},{"@type":"ImageObject","inLanguage":"fr-FR","@id":"https:\/\/www.transtoyou.com\/fr\/product\/primolut-n\/#primaryimage","url":"https:\/\/www.transtoyou.com\/fr\/wp-content\/uploads\/sites\/5\/2026\/01\/tty-no-product-image-102.webp","contentUrl":"https:\/\/www.transtoyou.com\/fr\/wp-content\/uploads\/sites\/5\/2026\/01\/tty-no-product-image-102.webp","width":1000,"height":1000,"caption":"Image produit par d\u00e9faut"},{"@type":"WebSite","@id":"https:\/\/www.transtoyou.com\/fr\/#website","url":"https:\/\/www.transtoyou.com\/fr\/","name":"Transtoyou - FR","description":"","publisher":{"@id":"https:\/\/www.transtoyou.com\/fr\/#organization"},"potentialAction":[{"@type":"SearchAction","target":{"@type":"EntryPoint","urlTemplate":"https:\/\/www.transtoyou.com\/fr\/?s={search_term_string}"},"query-input":{"@type":"PropertyValueSpecification","valueRequired":true,"valueName":"search_term_string"}}],"inLanguage":"fr-FR"},{"@type":"Organization","@id":"https:\/\/www.transtoyou.com\/fr\/#organization","name":"Transtoyou - FR","url":"https:\/\/www.transtoyou.com\/fr\/","logo":{"@type":"ImageObject","inLanguage":"fr-FR","@id":"https:\/\/www.transtoyou.com\/fr\/#\/schema\/logo\/image\/","url":"https:\/\/www.transtoyou.com\/fr\/wp-content\/uploads\/sites\/5\/2026\/01\/logo-tty-menu-bar-300x87-1.webp","contentUrl":"https:\/\/www.transtoyou.com\/fr\/wp-content\/uploads\/sites\/5\/2026\/01\/logo-tty-menu-bar-300x87-1.webp","width":300,"height":87,"caption":"Transtoyou - FR"},"image":{"@id":"https:\/\/www.transtoyou.com\/fr\/#\/schema\/logo\/image\/"}}]}},"_links":{"self":[{"href":"https:\/\/www.transtoyou.com\/fr\/wp-json\/wp\/v2\/product\/1033","targetHints":{"allow":["GET"]}}],"collection":[{"href":"https:\/\/www.transtoyou.com\/fr\/wp-json\/wp\/v2\/product"}],"about":[{"href":"https:\/\/www.transtoyou.com\/fr\/wp-json\/wp\/v2\/types\/product"}],"replies":[{"embeddable":true,"href":"https:\/\/www.transtoyou.com\/fr\/wp-json\/wp\/v2\/comments?post=1033"}],"wp:featuredmedia":[{"embeddable":true,"href":"https:\/\/www.transtoyou.com\/fr\/wp-json\/wp\/v2\/media\/1035"}],"wp:attachment":[{"href":"https:\/\/www.transtoyou.com\/fr\/wp-json\/wp\/v2\/media?parent=1033"}],"wp:term":[{"taxonomy":"product_brand","embeddable":true,"href":"https:\/\/www.transtoyou.com\/fr\/wp-json\/wp\/v2\/product_brand?post=1033"},{"taxonomy":"product_cat","embeddable":true,"href":"https:\/\/www.transtoyou.com\/fr\/wp-json\/wp\/v2\/product_cat?post=1033"},{"taxonomy":"product_tag","embeddable":true,"href":"https:\/\/www.transtoyou.com\/fr\/wp-json\/wp\/v2\/product_tag?post=1033"},{"taxonomy":"expert","embeddable":true,"href":"https:\/\/www.transtoyou.com\/fr\/wp-json\/wp\/v2\/expert?post=1033"}],"curies":[{"name":"wp","href":"https:\/\/api.w.org\/{rel}","templated":true}]}}