{"id":1045,"date":"2026-01-24T19:45:48","date_gmt":"2026-01-24T17:45:48","guid":{"rendered":"https:\/\/www.transtoyou.com\/fr\/product\/proscar\/"},"modified":"2026-03-02T13:24:32","modified_gmt":"2026-03-02T11:24:32","slug":"proscar","status":"publish","type":"product","link":"https:\/\/www.transtoyou.com\/fr\/product\/proscar\/","title":{"rendered":"Proscar"},"content":{"rendered":"<p>Proscar est un m\u00e9dicament sur ordonnance utilis\u00e9 pour traiter l&rsquo;hyperplasie b\u00e9nigne de la prostate, commun\u00e9ment appel\u00e9e prostate \u00e9largie. Il contient du finast\u00e9ride, un inhibiteur de la 5-alpha-r\u00e9ductase qui agit en abaissant les niveaux de dihydrotestost\u00e9rone, une hormone qui provoque la croissance de la prostate. En r\u00e9duisant les niveaux hormonaux, Proscar aide \u00e0 r\u00e9duire la taille de la prostate, \u00e0 am\u00e9liorer le flux urinaire et \u00e0 soulager les sympt\u00f4mes associ\u00e9s.<\/p>\n<p>Une prostate \u00e9largie peut entra\u00eener des mictions fr\u00e9quentes, un jet faible, des difficult\u00e9s \u00e0 commencer ou \u00e0 arr\u00eater la miction, et un sommeil interrompu en raison des mictions nocturnes. Proscar s&rsquo;attaque \u00e0 ces probl\u00e8mes en r\u00e9duisant progressivement la taille de la prostate et en soulageant la pression sur l&rsquo;ur\u00e8tre. Ce processus prend souvent plusieurs mois, mais peut am\u00e9liorer consid\u00e9rablement le confort et la qualit\u00e9 de vie au fil du temps.<\/p>\n<p>Proscar se prend sous forme de comprim\u00e9 une fois par jour et est g\u00e9n\u00e9ralement prescrit pour un usage \u00e0 long terme. Il peut \u00eatre utilis\u00e9 seul ou en combinaison avec d&rsquo;autres m\u00e9dicaments, tels que des alpha-bloquants pour les hommes ayant des sympt\u00f4mes plus s\u00e9v\u00e8res. Bien que certains utilisateurs \u00e9prouvent des effets secondaires l\u00e9gers comme une libido r\u00e9duite ou des changements dans l&rsquo;\u00e9jaculation, ces effets sont souvent temporaires et diminuent avec une utilisation continue.<\/p>\n<p>Il est important de noter que Proscar abaisse les niveaux de l&rsquo;antig\u00e8ne sp\u00e9cifique de la prostate (PSA), qui sont mesur\u00e9s lors du d\u00e9pistage du cancer de la prostate. Les professionnels de sant\u00e9 en tiendront compte lors de l&rsquo;interpr\u00e9tation des r\u00e9sultats.<\/p>\n","protected":false},"excerpt":{"rendered":"<ul>\n<li>Traite l&rsquo;hypertrophie b\u00e9nigne de la prostate<\/li>\n<li>Am\u00e9liore le flux urinaire<\/li>\n<li>Comprim\u00e9 oral quotidien<\/li>\n<\/ul>\n","protected":false},"featured_media":1047,"comment_status":"open","ping_status":"closed","template":"","meta":[],"product_brand":[],"product_cat":[158],"product_tag":[],"expert":[18],"class_list":{"0":"post-1045","1":"product","2":"type-product","3":"status-publish","4":"has-post-thumbnail","6":"product_cat-sante-de-la-prostate","7":"expert-dr-g-varbanov","9":"first","10":"instock","11":"shipping-taxable","12":"product-type-variable"},"yoast_head":"<!-- This site is optimized with the Yoast SEO plugin v27.0 - https:\/\/yoast.com\/product\/yoast-seo-wordpress\/ -->\n<title>Proscar | Soulagement Efficace de la Prostate - Transtoyou<\/title>\n<meta name=\"description\" content=\"Proscar r\u00e9duit l&#039;hypertrophie b\u00e9nigne de la prostate et soulage les sympt\u00f4mes. Am\u00e9liore ta qualit\u00e9 de vie, disponible maintenant sur Transtoyou.\" \/>\n<meta name=\"robots\" content=\"noindex, follow, max-snippet:-1, max-image-preview:large, max-video-preview:-1\" \/>\n<meta property=\"og:locale\" content=\"fr_FR\" \/>\n<meta property=\"og:type\" content=\"article\" \/>\n<meta property=\"og:title\" content=\"Proscar | Soulagement Efficace de la Prostate - Transtoyou\" \/>\n<meta property=\"og:description\" content=\"Proscar r\u00e9duit l&#039;hypertrophie b\u00e9nigne de la prostate et soulage les sympt\u00f4mes. Am\u00e9liore ta qualit\u00e9 de vie, disponible maintenant sur Transtoyou.\" \/>\n<meta property=\"og:url\" content=\"https:\/\/www.transtoyou.com\/fr\/product\/proscar\/\" \/>\n<meta property=\"og:site_name\" content=\"Transtoyou - FR\" \/>\n<meta property=\"article:modified_time\" content=\"2026-03-02T11:24:32+00:00\" \/>\n<meta name=\"twitter:card\" content=\"summary_large_image\" \/>\n<meta name=\"twitter:label1\" content=\"Dur\u00e9e de lecture estim\u00e9e\" \/>\n\t<meta name=\"twitter:data1\" content=\"1 minute\" \/>\n<script type=\"application\/ld+json\" class=\"yoast-schema-graph\">{\"@context\":\"https:\/\/schema.org\",\"@graph\":[{\"@type\":\"WebPage\",\"@id\":\"https:\/\/www.transtoyou.com\/fr\/product\/proscar\/\",\"url\":\"https:\/\/www.transtoyou.com\/fr\/product\/proscar\/\",\"name\":\"Proscar | Soulagement Efficace de la Prostate - Transtoyou\",\"isPartOf\":{\"@id\":\"https:\/\/www.transtoyou.com\/fr\/#website\"},\"primaryImageOfPage\":{\"@id\":\"https:\/\/www.transtoyou.com\/fr\/product\/proscar\/#primaryimage\"},\"image\":{\"@id\":\"https:\/\/www.transtoyou.com\/fr\/product\/proscar\/#primaryimage\"},\"thumbnailUrl\":\"https:\/\/www.transtoyou.com\/fr\/wp-content\/uploads\/sites\/5\/2026\/01\/tty-no-product-image-106.webp\",\"datePublished\":\"2026-01-24T17:45:48+00:00\",\"dateModified\":\"2026-03-02T11:24:32+00:00\",\"description\":\"Proscar r\u00e9duit l'hypertrophie b\u00e9nigne de la prostate et soulage les sympt\u00f4mes. Am\u00e9liore ta qualit\u00e9 de vie, disponible maintenant sur Transtoyou.\",\"breadcrumb\":{\"@id\":\"https:\/\/www.transtoyou.com\/fr\/product\/proscar\/#breadcrumb\"},\"inLanguage\":\"fr-FR\",\"potentialAction\":[{\"@type\":\"ReadAction\",\"target\":[\"https:\/\/www.transtoyou.com\/fr\/product\/proscar\/\"]}]},{\"@type\":\"ImageObject\",\"inLanguage\":\"fr-FR\",\"@id\":\"https:\/\/www.transtoyou.com\/fr\/product\/proscar\/#primaryimage\",\"url\":\"https:\/\/www.transtoyou.com\/fr\/wp-content\/uploads\/sites\/5\/2026\/01\/tty-no-product-image-106.webp\",\"contentUrl\":\"https:\/\/www.transtoyou.com\/fr\/wp-content\/uploads\/sites\/5\/2026\/01\/tty-no-product-image-106.webp\",\"width\":1000,\"height\":1000,\"caption\":\"Image produit par d\u00e9faut\"},{\"@type\":\"WebSite\",\"@id\":\"https:\/\/www.transtoyou.com\/fr\/#website\",\"url\":\"https:\/\/www.transtoyou.com\/fr\/\",\"name\":\"Transtoyou - FR\",\"description\":\"\",\"publisher\":{\"@id\":\"https:\/\/www.transtoyou.com\/fr\/#organization\"},\"potentialAction\":[{\"@type\":\"SearchAction\",\"target\":{\"@type\":\"EntryPoint\",\"urlTemplate\":\"https:\/\/www.transtoyou.com\/fr\/?s={search_term_string}\"},\"query-input\":{\"@type\":\"PropertyValueSpecification\",\"valueRequired\":true,\"valueName\":\"search_term_string\"}}],\"inLanguage\":\"fr-FR\"},{\"@type\":\"Organization\",\"@id\":\"https:\/\/www.transtoyou.com\/fr\/#organization\",\"name\":\"Transtoyou - FR\",\"url\":\"https:\/\/www.transtoyou.com\/fr\/\",\"logo\":{\"@type\":\"ImageObject\",\"inLanguage\":\"fr-FR\",\"@id\":\"https:\/\/www.transtoyou.com\/fr\/#\/schema\/logo\/image\/\",\"url\":\"https:\/\/www.transtoyou.com\/fr\/wp-content\/uploads\/sites\/5\/2026\/01\/logo-tty-menu-bar-300x87-1.webp\",\"contentUrl\":\"https:\/\/www.transtoyou.com\/fr\/wp-content\/uploads\/sites\/5\/2026\/01\/logo-tty-menu-bar-300x87-1.webp\",\"width\":300,\"height\":87,\"caption\":\"Transtoyou - FR\"},\"image\":{\"@id\":\"https:\/\/www.transtoyou.com\/fr\/#\/schema\/logo\/image\/\"}}]}<\/script>\n<!-- \/ Yoast SEO plugin. -->","yoast_head_json":{"title":"Proscar | Soulagement Efficace de la Prostate - Transtoyou","description":"Proscar r\u00e9duit l'hypertrophie b\u00e9nigne de la prostate et soulage les sympt\u00f4mes. Am\u00e9liore ta qualit\u00e9 de vie, disponible maintenant sur Transtoyou.","robots":{"index":"noindex","follow":"follow","max-snippet":"max-snippet:-1","max-image-preview":"max-image-preview:large","max-video-preview":"max-video-preview:-1"},"og_locale":"fr_FR","og_type":"article","og_title":"Proscar | Soulagement Efficace de la Prostate - Transtoyou","og_description":"Proscar r\u00e9duit l'hypertrophie b\u00e9nigne de la prostate et soulage les sympt\u00f4mes. Am\u00e9liore ta qualit\u00e9 de vie, disponible maintenant sur Transtoyou.","og_url":"https:\/\/www.transtoyou.com\/fr\/product\/proscar\/","og_site_name":"Transtoyou - FR","article_modified_time":"2026-03-02T11:24:32+00:00","twitter_card":"summary_large_image","twitter_misc":{"Dur\u00e9e de lecture estim\u00e9e":"1 minute"},"schema":{"@context":"https:\/\/schema.org","@graph":[{"@type":"WebPage","@id":"https:\/\/www.transtoyou.com\/fr\/product\/proscar\/","url":"https:\/\/www.transtoyou.com\/fr\/product\/proscar\/","name":"Proscar | Soulagement Efficace de la Prostate - Transtoyou","isPartOf":{"@id":"https:\/\/www.transtoyou.com\/fr\/#website"},"primaryImageOfPage":{"@id":"https:\/\/www.transtoyou.com\/fr\/product\/proscar\/#primaryimage"},"image":{"@id":"https:\/\/www.transtoyou.com\/fr\/product\/proscar\/#primaryimage"},"thumbnailUrl":"https:\/\/www.transtoyou.com\/fr\/wp-content\/uploads\/sites\/5\/2026\/01\/tty-no-product-image-106.webp","datePublished":"2026-01-24T17:45:48+00:00","dateModified":"2026-03-02T11:24:32+00:00","description":"Proscar r\u00e9duit l'hypertrophie b\u00e9nigne de la prostate et soulage les sympt\u00f4mes. Am\u00e9liore ta qualit\u00e9 de vie, disponible maintenant sur Transtoyou.","breadcrumb":{"@id":"https:\/\/www.transtoyou.com\/fr\/product\/proscar\/#breadcrumb"},"inLanguage":"fr-FR","potentialAction":[{"@type":"ReadAction","target":["https:\/\/www.transtoyou.com\/fr\/product\/proscar\/"]}]},{"@type":"ImageObject","inLanguage":"fr-FR","@id":"https:\/\/www.transtoyou.com\/fr\/product\/proscar\/#primaryimage","url":"https:\/\/www.transtoyou.com\/fr\/wp-content\/uploads\/sites\/5\/2026\/01\/tty-no-product-image-106.webp","contentUrl":"https:\/\/www.transtoyou.com\/fr\/wp-content\/uploads\/sites\/5\/2026\/01\/tty-no-product-image-106.webp","width":1000,"height":1000,"caption":"Image produit par d\u00e9faut"},{"@type":"WebSite","@id":"https:\/\/www.transtoyou.com\/fr\/#website","url":"https:\/\/www.transtoyou.com\/fr\/","name":"Transtoyou - FR","description":"","publisher":{"@id":"https:\/\/www.transtoyou.com\/fr\/#organization"},"potentialAction":[{"@type":"SearchAction","target":{"@type":"EntryPoint","urlTemplate":"https:\/\/www.transtoyou.com\/fr\/?s={search_term_string}"},"query-input":{"@type":"PropertyValueSpecification","valueRequired":true,"valueName":"search_term_string"}}],"inLanguage":"fr-FR"},{"@type":"Organization","@id":"https:\/\/www.transtoyou.com\/fr\/#organization","name":"Transtoyou - FR","url":"https:\/\/www.transtoyou.com\/fr\/","logo":{"@type":"ImageObject","inLanguage":"fr-FR","@id":"https:\/\/www.transtoyou.com\/fr\/#\/schema\/logo\/image\/","url":"https:\/\/www.transtoyou.com\/fr\/wp-content\/uploads\/sites\/5\/2026\/01\/logo-tty-menu-bar-300x87-1.webp","contentUrl":"https:\/\/www.transtoyou.com\/fr\/wp-content\/uploads\/sites\/5\/2026\/01\/logo-tty-menu-bar-300x87-1.webp","width":300,"height":87,"caption":"Transtoyou - FR"},"image":{"@id":"https:\/\/www.transtoyou.com\/fr\/#\/schema\/logo\/image\/"}}]}},"_links":{"self":[{"href":"https:\/\/www.transtoyou.com\/fr\/wp-json\/wp\/v2\/product\/1045","targetHints":{"allow":["GET"]}}],"collection":[{"href":"https:\/\/www.transtoyou.com\/fr\/wp-json\/wp\/v2\/product"}],"about":[{"href":"https:\/\/www.transtoyou.com\/fr\/wp-json\/wp\/v2\/types\/product"}],"replies":[{"embeddable":true,"href":"https:\/\/www.transtoyou.com\/fr\/wp-json\/wp\/v2\/comments?post=1045"}],"wp:featuredmedia":[{"embeddable":true,"href":"https:\/\/www.transtoyou.com\/fr\/wp-json\/wp\/v2\/media\/1047"}],"wp:attachment":[{"href":"https:\/\/www.transtoyou.com\/fr\/wp-json\/wp\/v2\/media?parent=1045"}],"wp:term":[{"taxonomy":"product_brand","embeddable":true,"href":"https:\/\/www.transtoyou.com\/fr\/wp-json\/wp\/v2\/product_brand?post=1045"},{"taxonomy":"product_cat","embeddable":true,"href":"https:\/\/www.transtoyou.com\/fr\/wp-json\/wp\/v2\/product_cat?post=1045"},{"taxonomy":"product_tag","embeddable":true,"href":"https:\/\/www.transtoyou.com\/fr\/wp-json\/wp\/v2\/product_tag?post=1045"},{"taxonomy":"expert","embeddable":true,"href":"https:\/\/www.transtoyou.com\/fr\/wp-json\/wp\/v2\/expert?post=1045"}],"curies":[{"name":"wp","href":"https:\/\/api.w.org\/{rel}","templated":true}]}}