{"id":1063,"date":"2026-01-24T21:27:41","date_gmt":"2026-01-24T19:27:41","guid":{"rendered":"https:\/\/www.transtoyou.com\/fr\/product\/zopiclone\/"},"modified":"2026-03-08T13:41:26","modified_gmt":"2026-03-08T11:41:26","slug":"zopiclone","status":"publish","type":"product","link":"https:\/\/www.transtoyou.com\/fr\/product\/zopiclone\/","title":{"rendered":"Zopiclone"},"content":{"rendered":"<p>La zopiclone est un m\u00e9dicament sur ordonnance utilis\u00e9 pour le traitement \u00e0 court terme de l&rsquo;insomnie. Elle fait partie d&rsquo;une classe de m\u00e9dicaments connus sous le nom d&rsquo;hypnotiques non-benzodiaz\u00e9pines, qui aident \u00e0 initier et \u00e0 maintenir le sommeil. La zopiclone est couramment prescrite aux personnes qui ont du mal \u00e0 s&rsquo;endormir, qui se r\u00e9veillent fr\u00e9quemment pendant la nuit ou qui se r\u00e9veillent trop t\u00f4t le matin.<\/p>\n<p>Le m\u00e9dicament agit en renfor\u00e7ant l&rsquo;activit\u00e9 de l&rsquo;acide gamma-aminobutyrique (GABA), un neurotransmetteur calmant dans le cerveau. Cela entra\u00eene un effet s\u00e9datif qui favorise la relaxation et le sommeil. La zopiclone est connue pour son action rapide, prenant g\u00e9n\u00e9ralement effet dans les 30 minutes. Elle est g\u00e9n\u00e9ralement prescrite pour un usage \u00e0 court terme en raison du risque de tol\u00e9rance et de d\u00e9pendance lorsqu&rsquo;elle est prise sur de longues p\u00e9riodes.<\/p>\n<p>La zopiclone est prise juste avant le coucher, garantissant que l&rsquo;utilisateur puisse dormir pendant au moins sept \u00e0 huit heures. Il est important de ne pas s&rsquo;engager dans des activit\u00e9s n\u00e9cessitant une pleine vigilance, comme conduire, apr\u00e8s avoir pris le m\u00e9dicament. Les effets secondaires peuvent inclure un go\u00fbt m\u00e9tallique, une bouche s\u00e8che, des vertiges ou de la somnolence le lendemain, en particulier si elle est prise trop tard ou sans un temps de sommeil ad\u00e9quat.<\/p>\n<p>Ce m\u00e9dicament n&rsquo;est pas adapt\u00e9 \u00e0 tout le monde et ne doit pas \u00eatre utilis\u00e9 pendant la grossesse, l&rsquo;allaitement ou chez les personnes ayant des ant\u00e9c\u00e9dents de toxicomanie. L&rsquo;alcool doit \u00eatre \u00e9vit\u00e9, car il peut augmenter les effets s\u00e9datifs et le risque de comportements inhabituels pendant le sommeil.<\/p>\n","protected":false},"excerpt":{"rendered":"<ul>\n<li>Traitement du sommeil \u00e0 court terme<\/li>\n<li>Comprim\u00e9 s\u00e9datif \u00e0 action rapide<\/li>\n<li>Am\u00e9liore l&rsquo;endormissement et la dur\u00e9e du sommeil<\/li>\n<\/ul>\n","protected":false},"featured_media":1065,"comment_status":"open","ping_status":"closed","template":"","meta":[],"product_brand":[],"product_cat":[164],"product_tag":[],"expert":[16],"class_list":{"0":"post-1063","1":"product","2":"type-product","3":"status-publish","4":"has-post-thumbnail","6":"product_cat-troubles-du-sommeil","7":"expert-dr-c-alexandru","9":"first","10":"instock","11":"shipping-taxable","12":"product-type-variable"},"yoast_head":"<!-- This site is optimized with the Yoast SEO plugin v27.0 - https:\/\/yoast.com\/product\/yoast-seo-wordpress\/ -->\n<title>Zopiclone | Aide au sommeil pour traiter l&#039;insomnie - Transtoyou<\/title>\n<meta name=\"description\" content=\"Zopiclone, disponible ici pour soulager l&#039;insomnie. Aide \u00e0 s&#039;endormir rapidement. Prescription requise. Acc\u00e8s s\u00e9curis\u00e9 avec Transtoyou.\" \/>\n<meta name=\"robots\" content=\"noindex, follow, max-snippet:-1, max-image-preview:large, max-video-preview:-1\" \/>\n<meta property=\"og:locale\" content=\"fr_FR\" \/>\n<meta property=\"og:type\" content=\"article\" \/>\n<meta property=\"og:title\" content=\"Zopiclone | Aide au sommeil pour traiter l&#039;insomnie - Transtoyou\" \/>\n<meta property=\"og:description\" content=\"Zopiclone, disponible ici pour soulager l&#039;insomnie. Aide \u00e0 s&#039;endormir rapidement. Prescription requise. Acc\u00e8s s\u00e9curis\u00e9 avec Transtoyou.\" \/>\n<meta property=\"og:url\" content=\"https:\/\/www.transtoyou.com\/fr\/product\/zopiclone\/\" \/>\n<meta property=\"og:site_name\" content=\"Transtoyou - FR\" \/>\n<meta property=\"article:modified_time\" content=\"2026-03-08T11:41:26+00:00\" \/>\n<meta name=\"twitter:card\" content=\"summary_large_image\" \/>\n<meta name=\"twitter:label1\" content=\"Dur\u00e9e de lecture estim\u00e9e\" \/>\n\t<meta name=\"twitter:data1\" content=\"1 minute\" \/>\n<script type=\"application\/ld+json\" class=\"yoast-schema-graph\">{\"@context\":\"https:\/\/schema.org\",\"@graph\":[{\"@type\":\"WebPage\",\"@id\":\"https:\/\/www.transtoyou.com\/fr\/product\/zopiclone\/\",\"url\":\"https:\/\/www.transtoyou.com\/fr\/product\/zopiclone\/\",\"name\":\"Zopiclone | Aide au sommeil pour traiter l'insomnie - Transtoyou\",\"isPartOf\":{\"@id\":\"https:\/\/www.transtoyou.com\/fr\/#website\"},\"primaryImageOfPage\":{\"@id\":\"https:\/\/www.transtoyou.com\/fr\/product\/zopiclone\/#primaryimage\"},\"image\":{\"@id\":\"https:\/\/www.transtoyou.com\/fr\/product\/zopiclone\/#primaryimage\"},\"thumbnailUrl\":\"https:\/\/www.transtoyou.com\/fr\/wp-content\/uploads\/sites\/5\/2026\/01\/tty-no-product-image-112.webp\",\"datePublished\":\"2026-01-24T19:27:41+00:00\",\"dateModified\":\"2026-03-08T11:41:26+00:00\",\"description\":\"Zopiclone, disponible ici pour soulager l'insomnie. Aide \u00e0 s'endormir rapidement. Prescription requise. Acc\u00e8s s\u00e9curis\u00e9 avec Transtoyou.\",\"breadcrumb\":{\"@id\":\"https:\/\/www.transtoyou.com\/fr\/product\/zopiclone\/#breadcrumb\"},\"inLanguage\":\"fr-FR\",\"potentialAction\":[{\"@type\":\"ReadAction\",\"target\":[\"https:\/\/www.transtoyou.com\/fr\/product\/zopiclone\/\"]}]},{\"@type\":\"ImageObject\",\"inLanguage\":\"fr-FR\",\"@id\":\"https:\/\/www.transtoyou.com\/fr\/product\/zopiclone\/#primaryimage\",\"url\":\"https:\/\/www.transtoyou.com\/fr\/wp-content\/uploads\/sites\/5\/2026\/01\/tty-no-product-image-112.webp\",\"contentUrl\":\"https:\/\/www.transtoyou.com\/fr\/wp-content\/uploads\/sites\/5\/2026\/01\/tty-no-product-image-112.webp\",\"width\":1000,\"height\":1000,\"caption\":\"Image produit par d\u00e9faut\"},{\"@type\":\"WebSite\",\"@id\":\"https:\/\/www.transtoyou.com\/fr\/#website\",\"url\":\"https:\/\/www.transtoyou.com\/fr\/\",\"name\":\"Transtoyou - FR\",\"description\":\"\",\"publisher\":{\"@id\":\"https:\/\/www.transtoyou.com\/fr\/#organization\"},\"potentialAction\":[{\"@type\":\"SearchAction\",\"target\":{\"@type\":\"EntryPoint\",\"urlTemplate\":\"https:\/\/www.transtoyou.com\/fr\/?s={search_term_string}\"},\"query-input\":{\"@type\":\"PropertyValueSpecification\",\"valueRequired\":true,\"valueName\":\"search_term_string\"}}],\"inLanguage\":\"fr-FR\"},{\"@type\":\"Organization\",\"@id\":\"https:\/\/www.transtoyou.com\/fr\/#organization\",\"name\":\"Transtoyou - FR\",\"url\":\"https:\/\/www.transtoyou.com\/fr\/\",\"logo\":{\"@type\":\"ImageObject\",\"inLanguage\":\"fr-FR\",\"@id\":\"https:\/\/www.transtoyou.com\/fr\/#\/schema\/logo\/image\/\",\"url\":\"https:\/\/www.transtoyou.com\/fr\/wp-content\/uploads\/sites\/5\/2026\/01\/logo-tty-menu-bar-300x87-1.webp\",\"contentUrl\":\"https:\/\/www.transtoyou.com\/fr\/wp-content\/uploads\/sites\/5\/2026\/01\/logo-tty-menu-bar-300x87-1.webp\",\"width\":300,\"height\":87,\"caption\":\"Transtoyou - FR\"},\"image\":{\"@id\":\"https:\/\/www.transtoyou.com\/fr\/#\/schema\/logo\/image\/\"}}]}<\/script>\n<!-- \/ Yoast SEO plugin. -->","yoast_head_json":{"title":"Zopiclone | Aide au sommeil pour traiter l'insomnie - Transtoyou","description":"Zopiclone, disponible ici pour soulager l'insomnie. Aide \u00e0 s'endormir rapidement. Prescription requise. Acc\u00e8s s\u00e9curis\u00e9 avec Transtoyou.","robots":{"index":"noindex","follow":"follow","max-snippet":"max-snippet:-1","max-image-preview":"max-image-preview:large","max-video-preview":"max-video-preview:-1"},"og_locale":"fr_FR","og_type":"article","og_title":"Zopiclone | Aide au sommeil pour traiter l'insomnie - Transtoyou","og_description":"Zopiclone, disponible ici pour soulager l'insomnie. Aide \u00e0 s'endormir rapidement. Prescription requise. Acc\u00e8s s\u00e9curis\u00e9 avec Transtoyou.","og_url":"https:\/\/www.transtoyou.com\/fr\/product\/zopiclone\/","og_site_name":"Transtoyou - FR","article_modified_time":"2026-03-08T11:41:26+00:00","twitter_card":"summary_large_image","twitter_misc":{"Dur\u00e9e de lecture estim\u00e9e":"1 minute"},"schema":{"@context":"https:\/\/schema.org","@graph":[{"@type":"WebPage","@id":"https:\/\/www.transtoyou.com\/fr\/product\/zopiclone\/","url":"https:\/\/www.transtoyou.com\/fr\/product\/zopiclone\/","name":"Zopiclone | Aide au sommeil pour traiter l'insomnie - Transtoyou","isPartOf":{"@id":"https:\/\/www.transtoyou.com\/fr\/#website"},"primaryImageOfPage":{"@id":"https:\/\/www.transtoyou.com\/fr\/product\/zopiclone\/#primaryimage"},"image":{"@id":"https:\/\/www.transtoyou.com\/fr\/product\/zopiclone\/#primaryimage"},"thumbnailUrl":"https:\/\/www.transtoyou.com\/fr\/wp-content\/uploads\/sites\/5\/2026\/01\/tty-no-product-image-112.webp","datePublished":"2026-01-24T19:27:41+00:00","dateModified":"2026-03-08T11:41:26+00:00","description":"Zopiclone, disponible ici pour soulager l'insomnie. Aide \u00e0 s'endormir rapidement. Prescription requise. Acc\u00e8s s\u00e9curis\u00e9 avec Transtoyou.","breadcrumb":{"@id":"https:\/\/www.transtoyou.com\/fr\/product\/zopiclone\/#breadcrumb"},"inLanguage":"fr-FR","potentialAction":[{"@type":"ReadAction","target":["https:\/\/www.transtoyou.com\/fr\/product\/zopiclone\/"]}]},{"@type":"ImageObject","inLanguage":"fr-FR","@id":"https:\/\/www.transtoyou.com\/fr\/product\/zopiclone\/#primaryimage","url":"https:\/\/www.transtoyou.com\/fr\/wp-content\/uploads\/sites\/5\/2026\/01\/tty-no-product-image-112.webp","contentUrl":"https:\/\/www.transtoyou.com\/fr\/wp-content\/uploads\/sites\/5\/2026\/01\/tty-no-product-image-112.webp","width":1000,"height":1000,"caption":"Image produit par d\u00e9faut"},{"@type":"WebSite","@id":"https:\/\/www.transtoyou.com\/fr\/#website","url":"https:\/\/www.transtoyou.com\/fr\/","name":"Transtoyou - FR","description":"","publisher":{"@id":"https:\/\/www.transtoyou.com\/fr\/#organization"},"potentialAction":[{"@type":"SearchAction","target":{"@type":"EntryPoint","urlTemplate":"https:\/\/www.transtoyou.com\/fr\/?s={search_term_string}"},"query-input":{"@type":"PropertyValueSpecification","valueRequired":true,"valueName":"search_term_string"}}],"inLanguage":"fr-FR"},{"@type":"Organization","@id":"https:\/\/www.transtoyou.com\/fr\/#organization","name":"Transtoyou - FR","url":"https:\/\/www.transtoyou.com\/fr\/","logo":{"@type":"ImageObject","inLanguage":"fr-FR","@id":"https:\/\/www.transtoyou.com\/fr\/#\/schema\/logo\/image\/","url":"https:\/\/www.transtoyou.com\/fr\/wp-content\/uploads\/sites\/5\/2026\/01\/logo-tty-menu-bar-300x87-1.webp","contentUrl":"https:\/\/www.transtoyou.com\/fr\/wp-content\/uploads\/sites\/5\/2026\/01\/logo-tty-menu-bar-300x87-1.webp","width":300,"height":87,"caption":"Transtoyou - FR"},"image":{"@id":"https:\/\/www.transtoyou.com\/fr\/#\/schema\/logo\/image\/"}}]}},"_links":{"self":[{"href":"https:\/\/www.transtoyou.com\/fr\/wp-json\/wp\/v2\/product\/1063","targetHints":{"allow":["GET"]}}],"collection":[{"href":"https:\/\/www.transtoyou.com\/fr\/wp-json\/wp\/v2\/product"}],"about":[{"href":"https:\/\/www.transtoyou.com\/fr\/wp-json\/wp\/v2\/types\/product"}],"replies":[{"embeddable":true,"href":"https:\/\/www.transtoyou.com\/fr\/wp-json\/wp\/v2\/comments?post=1063"}],"wp:featuredmedia":[{"embeddable":true,"href":"https:\/\/www.transtoyou.com\/fr\/wp-json\/wp\/v2\/media\/1065"}],"wp:attachment":[{"href":"https:\/\/www.transtoyou.com\/fr\/wp-json\/wp\/v2\/media?parent=1063"}],"wp:term":[{"taxonomy":"product_brand","embeddable":true,"href":"https:\/\/www.transtoyou.com\/fr\/wp-json\/wp\/v2\/product_brand?post=1063"},{"taxonomy":"product_cat","embeddable":true,"href":"https:\/\/www.transtoyou.com\/fr\/wp-json\/wp\/v2\/product_cat?post=1063"},{"taxonomy":"product_tag","embeddable":true,"href":"https:\/\/www.transtoyou.com\/fr\/wp-json\/wp\/v2\/product_tag?post=1063"},{"taxonomy":"expert","embeddable":true,"href":"https:\/\/www.transtoyou.com\/fr\/wp-json\/wp\/v2\/expert?post=1063"}],"curies":[{"name":"wp","href":"https:\/\/api.w.org\/{rel}","templated":true}]}}